{"id":167,"date":"2024-06-15T13:14:42","date_gmt":"2024-06-15T13:14:42","guid":{"rendered":"https:\/\/rfid-laundry-tag.com\/?post_type=product&#038;p=167"},"modified":"2024-09-26T03:38:23","modified_gmt":"2024-09-26T03:38:23","slug":"textile-uhf-rfid-linen-tags","status":"publish","type":"product","link":"https:\/\/rfid-laundry-tag.com\/tr\/textile-uhf-rfid-linen-tags\/","title":{"rendered":"Tekstil UHF RFID Keten Etiketleri"},"content":{"rendered":"<div>\n<div class=\"auto-hide-last-sibling-br paragraph_1252f paragraph-element\">\n<table width=\"637\">\n<tbody>\n<tr>\n<td width=\"328\">\u00dcr\u00fcn Ad\u0131:<\/td>\n<td width=\"309\"><strong>Tekstil UHF RFID Keten Etiketleri<\/strong><\/td>\n<\/tr>\n<tr>\n<td width=\"328\">RFID Standard\u0131:<\/td>\n<td width=\"309\">ISO\/IEC 18000-6 TipC (EPC Gen2)<\/td>\n<\/tr>\n<tr>\n<td width=\"328\">Boyut ve A\u011f\u0131rl\u0131k:<\/td>\n<td width=\"309\">70\u00d715 mm, 0,6 gr<\/td>\n<\/tr>\n<tr>\n<td width=\"328\">\u00c7ip T\u00fcr\u00fc:<\/td>\n<td width=\"309\">Impinj Monza 4QT,NXP U KODU 9<\/td>\n<\/tr>\n<tr>\n<td width=\"328\">EPC Belle\u011fi:<\/td>\n<td width=\"309\">128 bit<\/td>\n<\/tr>\n<tr>\n<td width=\"328\">Kullan\u0131c\u0131 Belle\u011fi:<\/td>\n<td width=\"309\">512 bit<\/td>\n<\/tr>\n<tr>\n<td width=\"328\">Okuma Aral\u0131\u011f\u0131(2W ERP FCC):<\/td>\n<td width=\"309\">8m<\/td>\n<\/tr>\n<tr>\n<td width=\"328\">Okuma Aral\u0131\u011f\u0131(2W ERP ETSI):<\/td>\n<td width=\"309\">8m<\/td>\n<\/tr>\n<tr>\n<td width=\"328\">Etiketleme:<\/td>\n<td width=\"309\">Diki\u015f, S\u0131cak damgalama yap\u0131\u015ft\u0131r\u0131c\u0131s\u0131<\/td>\n<\/tr>\n<tr>\n<td width=\"328\">Tahmini \u00d6m\u00fcr:<\/td>\n<td width=\"309\">200 y\u0131kama d\u00f6ng\u00fcs\u00fc veya 3 y\u0131l, hangisi \u00f6nce ger\u00e7ekle\u015firse<\/td>\n<\/tr>\n<tr>\n<td width=\"328\">Y\u0131kama Y\u00f6ntemi:<\/td>\n<td width=\"309\">\u00c7ama\u015f\u0131rhane, Kuru temizleme<\/td>\n<\/tr>\n<tr>\n<td width=\"328\">Su \u00c7\u0131karma Bas\u0131nc\u0131:<\/td>\n<td width=\"309\">60 bar<\/td>\n<\/tr>\n<tr>\n<td width=\"328\">Suya Dayan\u0131kl\u0131l\u0131k:<\/td>\n<td width=\"309\">Su ge\u00e7irmez<\/td>\n<\/tr>\n<tr>\n<td width=\"328\">Kimyasal Diren\u00e7:<\/td>\n<td width=\"309\">Deterjan, Yumu\u015fat\u0131c\u0131, \u00c7ama\u015f\u0131r Suyu (Oksijen\/ Klor), Alkali<\/td>\n<\/tr>\n<tr>\n<td width=\"328\">Tumbler&#039;da \u00d6n Kurutma:<\/td>\n<td width=\"309\">125 \u00baC&#039;de 15-20 dakika<\/td>\n<\/tr>\n<tr>\n<td width=\"328\">Sterilizasyon S\u0131cakl\u0131\u011f\u0131:<\/td>\n<td width=\"309\">135\u00b0C&#039;de 15-20 dakika<\/td>\n<\/tr>\n<tr>\n<td width=\"328\">Y\u0131kama S\u0131cakl\u0131\u011f\u0131:<\/td>\n<td width=\"309\">90\u00b0C ,15dk&#039;ya kadar.<\/td>\n<\/tr>\n<tr>\n<td width=\"328\">Nem\/S\u0131cakl\u0131k-\u00c7al\u0131\u015fma:<\/td>\n<td width=\"309\">-20 ila 110\u00b0C, 8 ila 95%RH<\/td>\n<\/tr>\n<tr>\n<td width=\"328\">Nem\/S\u0131cakl\u0131k-Depolama:<\/td>\n<td width=\"309\">-40 ila 110\u00b0C, 8 ila 95%RH<\/td>\n<\/tr>\n<\/tbody>\n<\/table>\n<\/div>\n<\/div>\n<div class=\"auto-hide-last-sibling-br paragraph_1252f paragraph-element\"><\/div>\n<div>\n<div class=\"auto-hide-last-sibling-br paragraph_1252f paragraph-element\">\n<h3>UHF RFID Keten Etiketlerin Ba\u015fl\u0131ca \u00d6zellikleri<\/h3>\n<ul>\n<li><strong>Dayan\u0131kl\u0131l\u0131k<\/strong>: Etiketler end\u00fcstriyel \u00e7ama\u015f\u0131r y\u0131kama s\u00fcre\u00e7lerine dayanacak \u015fekilde tasarlanm\u0131\u015ft\u0131r. A\u015f\u0131r\u0131 s\u0131cakl\u0131klara, deterjanlara ve kurutma ko\u015fullar\u0131na dayanma kapasitesiyle a\u011f\u0131r hizmet tipi kullan\u0131m i\u00e7in tasarlanm\u0131\u015ft\u0131r.<\/li>\n<li><strong>Y\u0131kanabilir Do\u011fa<\/strong>: Bunlar\u00a0<strong>y\u0131kanabilir RFID etiketleri<\/strong>\u00a0tekrarlanan y\u0131kamalardan sonra bile b\u00fct\u00fcnl\u00fcklerini koruyarak, her t\u00fcrl\u00fc tekstil y\u00f6netim sistemi i\u00e7in idealdirler.\u00a0<strong>200 y\u0131kama \u00e7evrimi<\/strong>\u00a0i\u015flevselli\u011fini kaybetmeden.<\/li>\n<li><strong>Y\u00fcksek Performansl\u0131 RFID<\/strong>: Son teknolojiyi kullanarak\u00a0<strong>UHF teknolojisi<\/strong>Bu etiketler, tekstil \u00fcr\u00fcnlerinin etkin bir \u015fekilde izlenmesini ve y\u00f6netilmesini kolayla\u015ft\u0131ran sa\u011flam bir okuma mesafesi sa\u011flar.<\/li>\n<\/ul>\n<\/div>\n<h3>RFID Keten Etiketlerin Temel Faydalar\u0131<\/h3>\n<p>Tekstilin \u00f6ne \u00e7\u0131kan faydalar\u0131ndan biri\u00a0<strong>RFID keten etiketleri<\/strong>\u00a0envanter y\u00f6netiminin do\u011frulu\u011funu iyile\u015ftirme yetenekleridir. \u0130\u015fletmeler, izleme s\u00fcrecini otomatikle\u015ftirerek, kaybolan veya yanl\u0131\u015f yere konulan \u00fcr\u00fcn riskini \u00f6nemli \u00f6l\u00e7\u00fcde azaltabilir. Dahas\u0131, bu etiketler varl\u0131k g\u00f6r\u00fcn\u00fcrl\u00fc\u011f\u00fcn\u00fc art\u0131rarak \u00e7ama\u015f\u0131rhane tesislerinin operasyonlar\u0131nda \u015feffafl\u0131\u011f\u0131 korumas\u0131n\u0131 sa\u011flar.<\/p>\n<p>Bir di\u011fer kritik fayda ise maliyet tasarrufu potansiyelidir. Otomatik takip ile manuel envanter kontrolleriyle ili\u015fkili i\u015f\u00e7ilik maliyetleri \u00f6nemli \u00f6l\u00e7\u00fcde azal\u0131r. Bu etiketlerin uzun vadeli g\u00fcvenilirli\u011fi de de\u011fer katar, \u00e7\u00fcnk\u00fc birden fazla \u00e7ama\u015f\u0131r d\u00f6ng\u00fcs\u00fcnde yeniden kullan\u0131labilirler ve i\u015fletmelerin yat\u0131r\u0131mlar\u0131n\u0131 en \u00fcst d\u00fczeye \u00e7\u0131karmalar\u0131n\u0131 sa\u011flarlar.<\/p>\n<\/div>\n<div class=\"auto-hide-last-sibling-br paragraph_1252f paragraph-element\">\n<div data-spm-anchor-id=\"a2700.details.0.i57.23b419c7xXORP0\">Bu etkileyici dayan\u0131kl\u0131l\u0131k, keten, giysi ve di\u011fer tekstil \u00fcr\u00fcnlerinin \u00f6mr\u00fc boyunca dikkat \u00e7ekici takip ve envanter \u00f6zelliklerinin korunmas\u0131 garantisiyle birlikte gelir. Bu nedenle, \u00e7e\u015fitli kuma\u015f \u00fcr\u00fcnlerinin \u00e7e\u015fitli ortamlarda sorunsuz takibini, zaman\u0131nda bak\u0131m\u0131n\u0131 ve verimli envanter y\u00f6netimini sa\u011flamak, ya\u015fam d\u00f6ng\u00fclerini en \u00fcst d\u00fczeye \u00e7\u0131karmak ve sorunsuz i\u015flemleri kolayla\u015ft\u0131rmak i\u00e7in etkili ve g\u00fcvenilir bir ara\u00e7 g\u00f6revi g\u00f6r\u00fcrler.<\/div>\n<\/div>\n<div data-spm-anchor-id=\"a2700.details.0.i57.23b419c7xXORP0\">\n<h3>RFID Etiketlerin Dayan\u0131kl\u0131l\u0131\u011f\u0131 ve Y\u0131kanabilirli\u011fi<\/h3>\n<p>Konuya gelince\u00a0<strong>dayan\u0131kl\u0131l\u0131k<\/strong>, RFID etiketleri, ticari y\u0131kaman\u0131n getirdi\u011fi zorluklara dayanabilen sa\u011flam bir tasar\u0131ma sahiptir. Y\u00fcksek s\u0131cakl\u0131klara ve a\u011fart\u0131c\u0131 ve yumu\u015fat\u0131c\u0131lar gibi agresif kimyasal maruziyetlere dayanma yetene\u011fiyle, hem y\u0131kama hem de kurutma i\u015flemleri i\u00e7in optimize edilmi\u015ftir.<\/p>\n<p>The\u00a0<strong>y\u0131kanabilir do\u011fa<\/strong>\u00a0Bu etiketlerin, mevcut \u00e7ama\u015f\u0131r \u00fcr\u00fcnlerinize sorunsuz bir \u015fekilde entegre edilebilece\u011fi anlam\u0131na gelir. Bu uyarlanabilirlik, diki\u015f veya yap\u0131\u015ft\u0131r\u0131c\u0131 uygulamas\u0131 yoluyla giysilere ve \u00e7ar\u015faflara kolayca tak\u0131lmas\u0131n\u0131 sa\u011flar ve b\u00f6ylece tekstil \u00fcr\u00fcnlerinizin i\u015flevselli\u011finde veya g\u00f6r\u00fcn\u00fcm\u00fcnde herhangi bir kesinti ya\u015fanmaz.<\/p>\n<\/div>\n<div data-spm-anchor-id=\"a2700.details.0.i57.23b419c7xXORP0\"><\/div>\n<h3 class=\"wp-block-heading\">Kurulum<\/h3>\n<p><strong>Diki\u015f Etiketleme<\/strong>: Bir tekstilin ete\u011fine dikilecek. \u00c7ama\u015f\u0131r etiketini katlama \u00e7izgilerinden uza\u011fa dikin.<br \/>\n<strong>Is\u0131 S\u0131zd\u0131rmazl\u0131\u011f\u0131<\/strong>: +200\u00b0C (392\u00b0F) s\u0131cakl\u0131kta, 12~14 saniye boyunca do\u011frudan tekstil \u00fczerine \u0131s\u0131yla yap\u0131\u015ft\u0131r\u0131lmal\u0131d\u0131r.<br \/>\n<strong>Kese i\u00e7inde<\/strong>: Standart bak\u0131m etiketi gibi dikilmelidir. \u00c7ama\u015f\u0131r etiketini katlama \u00e7izgilerinden uza\u011fa dikin.<\/p>\n<div class=\"auto-hide-last-sibling-br paragraph_1252f paragraph-element\">\n<h2 class=\"auto-hide-last-sibling-br paragraph_1252f paragraph-element\"><strong>Kuma\u015f Tekstil Y\u0131kanabilir UHF RFID \u00c7ama\u015f\u0131r Etiketi Kullan\u0131mlar\u0131<\/strong><\/h2>\n<ol class=\"auto-hide-last-sibling-br\">\n<li>End\u00fcstriyel \u00c7ama\u015f\u0131rhane: \u00dcniforma \u00e7ama\u015f\u0131rlar\u0131n\u0131n temizlik s\u00fcre\u00e7lerini ve da\u011f\u0131t\u0131m lojisti\u011fini kolayla\u015ft\u0131r\u0131r.<\/li>\n<li>Misafirperverlik Sekt\u00f6r\u00fc: Otel mobilyalar\u0131 ve havlular\u0131 i\u00e7in \u00e7ama\u015f\u0131rhane sistemlerinin y\u00f6netimini geli\u015ftirir.<\/li>\n<li>Sa\u011fl\u0131k Sekt\u00f6r\u00fc: Hastane ve sa\u011fl\u0131k sekt\u00f6r\u00fcndeki k\u0131yafetlerin organizasyonu ve bak\u0131m\u0131nda yard\u0131mc\u0131 olur.<\/li>\n<\/ol>\n<h3>\u00c7evresel Hususlar<\/h3>\n<p>Kullanarak\u00a0<strong>RFID keten etiketleri<\/strong>\u00a0\u00e7evresel s\u00fcrd\u00fcr\u00fclebilirli\u011fe de katk\u0131da bulunur. \u00c7ar\u015faflar\u0131 yeniden kullanma ve takip etme yetene\u011fi, at\u0131klar\u0131n azalt\u0131lmas\u0131na yard\u0131mc\u0131 olur ve \u00fcr\u00fcnlerin ya\u015fam d\u00f6ng\u00fcleri boyunca verimli bir \u015fekilde kullan\u0131lmas\u0131n\u0131 sa\u011flar. Dahas\u0131, bu etiketlerin dayan\u0131kl\u0131l\u0131\u011f\u0131 daha az de\u011fi\u015ftirme anlam\u0131na gelir ve s\u00fcrekli \u00fcretim ve bertarafla ili\u015fkili \u00e7evresel ayak izini en aza indirir.<\/p>\n<h3>RFID Keten Etiketleri hakk\u0131nda SSS<\/h3>\n<p><strong>S: Etiketler ka\u00e7 y\u0131kamaya dayan\u0131kl\u0131d\u0131r?<\/strong><br \/>\nA: Bizim\u00a0<strong>RFID keten etiketleri<\/strong>\u00a0i\u015flevselli\u011fini koruyacak \u015fekilde tasarlanm\u0131\u015ft\u0131r\u00a0<strong>200 y\u0131kama \u00e7evrimi<\/strong>Uzun s\u00fcreli kullan\u0131mlarda olduk\u00e7a dayan\u0131kl\u0131 olmalar\u0131n\u0131 sa\u011flar.<\/p>\n<p><strong>S: Etiketler her t\u00fcrl\u00fc kuma\u015fa dikilebilir mi?<\/strong><br \/>\nC: Evet, etiketler \u00e7e\u015fitli tekstil malzemeleriyle sorunsuz bir \u015fekilde entegre edilebilir ve b\u00f6ylece birden fazla y\u0131kama i\u015flemi boyunca ba\u011fl\u0131 kalmalar\u0131 sa\u011flanabilir.<\/p>\n<p><strong>S: RFID teknolojisi \u00e7ar\u015faf takibinde g\u00fcvenilir midir?<\/strong><br \/>\nC: Kesinlikle! RFID etiketleri benzersiz bir izleme do\u011frulu\u011fu sunarak kay\u0131plar\u0131 en aza indirir ve verimli envanter y\u00f6netimine yard\u0131mc\u0131 olur.<\/p>\n<h3>\u00c7\u00f6z\u00fcm<\/h3>\n<p>Sonu\u00e7 olarak,\u00a0<strong>Tekstil UHF RFID Keten Etiketleri<\/strong>\u00a0\u00c7ama\u015f\u0131rhane y\u00f6netiminin gelece\u011fini temsil eder. \u0130zleme verimlili\u011fini, dayan\u0131kl\u0131l\u0131\u011f\u0131 ve maliyet etkinli\u011fini art\u0131rarak, \u00e7ar\u015faf ve giysilere ba\u011f\u0131ml\u0131 her i\u015fletme i\u00e7in hayati ara\u00e7lar olarak hizmet ederler. Geli\u015fmi\u015f teknoloji ve sa\u011flam performansla, bu RFID etiketleri modern \u00e7ama\u015f\u0131rhane operasyonlar\u0131n\u0131n taleplerini kar\u015f\u0131lamak \u00fczere tasarlanm\u0131\u015ft\u0131r.<\/p>\n<\/div>","protected":false},"excerpt":{"rendered":"<p>Tekstil UHF RFID Keten Etiketleri, sterilizasyon, \u0131s\u0131ya maruz kalma, temizleme, kurutma ve \u00fct\u00fcleme gibi zorlu \u00e7ama\u015f\u0131r i\u015fleme ko\u015fullar\u0131 alt\u0131nda tutarl\u0131 bir \u015fekilde performans g\u00f6sterecek \u015fekilde titizlikle tasarlanm\u0131\u015f RAIN RFID Tekstil \u00c7ama\u015f\u0131r Etiketleri olarak da adland\u0131r\u0131labilir. Bu etiketler yaln\u0131zca y\u00fczlerce y\u0131kama d\u00f6ng\u00fcs\u00fcne dayanmakla kalmaz, ayn\u0131 zamanda say\u0131s\u0131z y\u0131kama turundan sonra bile m\u00fckemmel ve tutarl\u0131 RFID performans\u0131n\u0131 korur.<\/p>","protected":false},"featured_media":168,"template":"","meta":{"_kad_post_transparent":"default","_kad_post_title":"","_kad_post_layout":"default","_kad_post_sidebar_id":"","_kad_post_content_style":"default","_kad_post_vertical_padding":"default","_kad_post_feature":"","_kad_post_feature_position":"","_kad_post_header":false,"_kad_post_footer":false,"_kad_post_classname":""},"product_brand":[],"product_cat":[19],"product_tag":[31,312,65,30],"class_list":{"0":"post-167","1":"product","2":"type-product","3":"status-publish","4":"has-post-thumbnail","6":"product_cat-textile-rfid-laundry-tag","7":"product_tag-rfid-tag-for-linen-laundry","8":"product_tag-rfid-tags","9":"product_tag-textile-rfid-laundry-tags","10":"product_tag-uhf-rfid-laundry-tag","12":"first","13":"instock","14":"featured","15":"shipping-taxable","16":"product-type-simple","17":"entry","18":"content-bg","19":"loop-entry"},"_links":{"self":[{"href":"https:\/\/rfid-laundry-tag.com\/tr\/wp-json\/wp\/v2\/product\/167","targetHints":{"allow":["GET"]}}],"collection":[{"href":"https:\/\/rfid-laundry-tag.com\/tr\/wp-json\/wp\/v2\/product"}],"about":[{"href":"https:\/\/rfid-laundry-tag.com\/tr\/wp-json\/wp\/v2\/types\/product"}],"version-history":[{"count":3,"href":"https:\/\/rfid-laundry-tag.com\/tr\/wp-json\/wp\/v2\/product\/167\/revisions"}],"predecessor-version":[{"id":2680,"href":"https:\/\/rfid-laundry-tag.com\/tr\/wp-json\/wp\/v2\/product\/167\/revisions\/2680"}],"wp:featuredmedia":[{"embeddable":true,"href":"https:\/\/rfid-laundry-tag.com\/tr\/wp-json\/wp\/v2\/media\/168"}],"wp:attachment":[{"href":"https:\/\/rfid-laundry-tag.com\/tr\/wp-json\/wp\/v2\/media?parent=167"}],"wp:term":[{"taxonomy":"product_brand","embeddable":true,"href":"https:\/\/rfid-laundry-tag.com\/tr\/wp-json\/wp\/v2\/product_brand?post=167"},{"taxonomy":"product_cat","embeddable":true,"href":"https:\/\/rfid-laundry-tag.com\/tr\/wp-json\/wp\/v2\/product_cat?post=167"},{"taxonomy":"product_tag","embeddable":true,"href":"https:\/\/rfid-laundry-tag.com\/tr\/wp-json\/wp\/v2\/product_tag?post=167"}],"curies":[{"name":"wp","href":"https:\/\/api.w.org\/{rel}","templated":true}]}}