{"id":1669,"date":"2024-08-31T09:24:58","date_gmt":"2024-08-31T09:24:58","guid":{"rendered":"https:\/\/rfid-laundry-tag.com\/?post_type=product&#038;p=1669"},"modified":"2024-09-16T05:07:30","modified_gmt":"2024-09-16T05:07:30","slug":"uhf-rfid-laundry-button-heat-resistant-pps-tag","status":"publish","type":"product","link":"https:\/\/rfid-laundry-tag.com\/tr\/uhf-rfid-laundry-button-heat-resistant-pps-tag\/","title":{"rendered":"UHF RFID \u00c7ama\u015f\u0131r D\u00fc\u011fmesi Is\u0131ya Dayan\u0131kl\u0131 PPS Etiketi"},"content":{"rendered":"<div class=\"J_module\">\n<div class=\"ife-detail-decorate-table\">\n<table class=\"has-title all magic-6\">\n<tbody>\n<tr>\n<td colspan=\"1\" rowspan=\"1\">\n<div class=\"magic-7\" data-spm-anchor-id=\"a2700.details.0.i45.77607d98vZbcDU\"><span class=\"magic-8\" style=\"color: #363535;\">\u00d6\u011fe ad\u0131<\/span><\/div>\n<\/td>\n<td colspan=\"1\" rowspan=\"1\">\n<div class=\"magic-9\"><span class=\"magic-8\">UHF RFID \u00c7ama\u015f\u0131r D\u00fc\u011fmesi Is\u0131ya Dayan\u0131kl\u0131 PPS Etiketi<\/span><\/div>\n<\/td>\n<\/tr>\n<tr>\n<td colspan=\"1\" rowspan=\"1\">\n<div class=\"magic-7\"><span class=\"magic-10\" data-spm-anchor-id=\"a2700.pc-decorate.0.i10.28d333330XLbTD\"><span class=\"magic-8\">Malzeme<\/span><\/span><\/div>\n<\/td>\n<td colspan=\"1\" rowspan=\"1\">\n<div class=\"magic-9\"><span class=\"magic-8\">BES<\/span><\/div>\n<\/td>\n<\/tr>\n<tr>\n<td colspan=\"1\" rowspan=\"1\">\n<div class=\"magic-7\"><span class=\"magic-8\">Renk<\/span><\/div>\n<\/td>\n<td colspan=\"1\" rowspan=\"1\">\n<div class=\"magic-9\"><span class=\"magic-8\">Siyah<\/span><\/div>\n<\/td>\n<\/tr>\n<tr>\n<td colspan=\"1\" rowspan=\"1\">Adedi<\/td>\n<td colspan=\"1\" rowspan=\"1\">500 adet<\/td>\n<\/tr>\n<tr>\n<td colspan=\"1\" rowspan=\"1\">\n<div class=\"magic-7\"><span class=\"magic-8\">\u00dcretici\/\u00c7ip<\/span><\/div>\n<\/td>\n<td colspan=\"1\" rowspan=\"1\">\n<div class=\"magic-9\"><span class=\"magic-8\">NXP UCODE 8, UCODE 9, Alien H3 ,Higgs 9 vb.<\/span><\/div>\n<\/td>\n<\/tr>\n<tr>\n<td colspan=\"1\" rowspan=\"1\">\n<div class=\"magic-7\"><span class=\"magic-8\">S\u0131kl\u0131k<\/span><\/div>\n<\/td>\n<td colspan=\"1\" rowspan=\"1\">\n<div class=\"magic-9\"><span class=\"magic-8\">860-960MHz\/<\/span><\/div>\n<\/td>\n<\/tr>\n<tr>\n<td colspan=\"1\" rowspan=\"1\">\n<div class=\"magic-7\"><span class=\"magic-8\">Haf\u0131za<\/span><\/div>\n<\/td>\n<td colspan=\"1\" rowspan=\"1\">\n<div class=\"magic-9\"><span class=\"magic-8\">96 Bit\/128 Bit<\/span><\/div>\n<\/td>\n<\/tr>\n<tr>\n<td colspan=\"1\" rowspan=\"1\">\n<div class=\"magic-7\"><span class=\"magic-8\">Okuma Mesafesi<\/span><\/div>\n<\/td>\n<td colspan=\"1\" rowspan=\"1\">\n<div class=\"magic-9\"><span class=\"magic-8\">1-6m<\/span><\/div>\n<\/td>\n<\/tr>\n<tr>\n<td colspan=\"1\" rowspan=\"1\">\n<div class=\"magic-7\"><span class=\"magic-8\">\u00c7al\u0131\u015fma modu<\/span><\/div>\n<\/td>\n<td colspan=\"1\" rowspan=\"1\">\n<div class=\"magic-9\"><span class=\"magic-8\">pasif<\/span><\/div>\n<\/td>\n<\/tr>\n<tr>\n<td colspan=\"1\" rowspan=\"1\">\n<div class=\"magic-7\"><span class=\"magic-8\">\u00c7al\u0131\u015fma s\u0131cakl\u0131\u011f\u0131<\/span><\/div>\n<\/td>\n<td colspan=\"1\" rowspan=\"1\">\n<div class=\"magic-9\"><span class=\"magic-8\">-25\u2103~+110\u2103<\/span><\/div>\n<\/td>\n<\/tr>\n<tr>\n<td colspan=\"1\" rowspan=\"1\">\n<div class=\"magic-7\"><span class=\"magic-8\">Depolama s\u0131cakl\u0131\u011f\u0131<\/span><\/div>\n<\/td>\n<td colspan=\"1\" rowspan=\"1\">\n<div class=\"magic-9\"><span class=\"magic-8\">-40\u2103~+85\u2103<\/span><\/div>\n<\/td>\n<\/tr>\n<tr>\n<td colspan=\"1\" rowspan=\"1\">\n<div class=\"magic-7\">\n<div><span class=\"magic-8\">\u00a0<\/span><\/div>\n<p><span class=\"magic-8\">K\u0131sa S\u00fcreli S\u0131cakl\u0131k Direnci<\/span><\/p>\n<\/div>\n<\/td>\n<td colspan=\"1\" rowspan=\"1\">\n<div class=\"magic-9\"><span class=\"magic-8\">y\u0131kama: 90\u2103, 15 dakika; d\u00f6n\u00fc\u015ft\u00fcr\u00fcc\u00fc \u00f6n kurutma: 180\u2103, 30 dakika, 200 kez; \u00fct\u00fcleme: 180\u2103, 10 saniye, 200 kez; y\u00fcksek<br \/>\ns\u0131cakl\u0131k sterilizasyonu: 135\u2103, 20 dakika<\/span><\/div>\n<\/td>\n<\/tr>\n<tr>\n<td colspan=\"1\" rowspan=\"1\">\n<div class=\"magic-7\"><span class=\"magic-8\">\u00d6zellikler<\/span><\/div>\n<\/td>\n<td colspan=\"1\" rowspan=\"1\">\n<div class=\"magic-9\"><span class=\"magic-8\">su ge\u00e7irmez, y\u0131kanabilir, y\u00fcksek s\u0131cakl\u0131k dayan\u0131m\u0131<\/span><\/div>\n<\/td>\n<\/tr>\n<tr>\n<td colspan=\"1\" rowspan=\"1\">\n<div class=\"magic-7\"><span class=\"magic-8\">Hayat<\/span><\/div>\n<\/td>\n<td colspan=\"1\" rowspan=\"1\">\n<div class=\"magic-9\"><span class=\"magic-8\">200 kez y\u0131kama veya 3 y\u0131l<\/span><\/div>\n<\/td>\n<\/tr>\n<tr>\n<td colspan=\"1\" rowspan=\"1\">\n<div class=\"magic-7\"><span class=\"magic-8\">Uygulamalar<\/span><\/div>\n<\/td>\n<td colspan=\"1\" rowspan=\"1\">\n<div class=\"magic-9\"><span class=\"magic-8\">\u00e7ama\u015f\u0131rhane y\u00f6netimi ve takibi<\/span><\/div>\n<\/td>\n<\/tr>\n<\/tbody>\n<\/table>\n<\/div>\n<\/div>\n<div class=\"J_module\">\n<div class=\"detail-decorate-json-renderer-container\">\n<div class=\"magic-1\">\n<div class=\"magic-2\">\n<div class=\"magic-3\">\n<div><\/div>\n<div class=\"magic-4\">\n<div><strong>RFID d\u00fc\u011fme etiketi<\/strong><\/div>\n<div><\/div>\n<\/div>\n<\/div>\n<div>\n<div class=\"auto-hide-last-sibling-br paragraph_1252f paragraph-element\">PPS Y\u00fcksek S\u0131cakl\u0131\u011fa Dayan\u0131kl\u0131 \u00c7ama\u015f\u0131r Etiketleri, s\u00fcrekli olarak b\u00fcy\u00fck miktarda sofra tak\u0131m\u0131n\u0131n elle\u00e7lendi\u011fi kantinler ve restoranlar gibi ticari ortamlar i\u00e7in m\u00fckemmel bir takip \u00e7\u00f6z\u00fcm\u00fc g\u00f6revi g\u00f6r\u00fcr.<\/div>\n<\/div>\n<\/div>\n<div id=\"featuresXsp\" class=\"features-list toggle-opacity in\">\n<div class=\"features-xsp\">\n<div class=\"collapse-mobile ste-list\">\n<div class=\"collapse-mobile ste-list\"><\/div>\n<\/div>\n<\/div>\n<\/div>\n<div class=\"magic-2\">\n<div>\n<div class=\"auto-hide-last-sibling-br paragraph_1252f paragraph-element\">\n<h4>\u00dcr\u00fcn Detaylar\u0131<\/h4>\n<ul>\n<li><strong>\u0130sim:<\/strong>\u00a0UHF RFID \u00c7ama\u015f\u0131r D\u00fc\u011fmesi Is\u0131ya Dayan\u0131kl\u0131 PPS Etiketi<\/li>\n<li><strong>Malzeme:<\/strong>\u00a0PPS (Polifenilen S\u00fclf\u00fcr)<\/li>\n<li><strong>Renk:<\/strong>\u00a0Siyah<\/li>\n<li><strong>Minimum Sipari\u015f Miktar\u0131 (MOQ):<\/strong>\u00a0500 adet<\/li>\n<\/ul>\n<h4>\u00d6zellikler<\/h4>\n<ul>\n<li><strong>\u00dcretici\/\u00c7ip Se\u00e7enekleri:<\/strong>\n<ul>\n<li>NXP UCODE 8, UCODE 8m<\/li>\n<li>NXP UCODE9<\/li>\n<li>Uzayl\u0131 Higgs\u2122 9<\/li>\n<\/ul>\n<\/li>\n<li><strong>S\u0131kl\u0131k:<\/strong>\u00a0860-960 MHz<\/li>\n<li><strong>Bellek Se\u00e7enekleri:<\/strong>\n<ul>\n<li>96 Bit<\/li>\n<li>128 Bit<\/li>\n<\/ul>\n<\/li>\n<li><strong>Okuma Mesafesi:<\/strong>\u00a01-6 metre<\/li>\n<li><strong>\u00c7al\u0131\u015fma Modu:<\/strong>\u00a0Pasif<\/li>\n<li><strong>\u00c7al\u0131\u015fma S\u0131cakl\u0131\u011f\u0131:<\/strong>\u00a0-25\u00b0C ile +110\u00b0C aras\u0131<\/li>\n<li><strong>Depolama S\u0131cakl\u0131\u011f\u0131:<\/strong>\u00a0-40\u00b0C ile +85\u00b0C aras\u0131<\/li>\n<\/ul>\n<h4>K\u0131sa S\u00fcreli S\u0131cakl\u0131k Direnci<\/h4>\n<ul>\n<li><strong>Y\u0131kama:<\/strong>\u00a090\u00b0C&#039;de 15 dakika<\/li>\n<li><strong>D\u00f6n\u00fc\u015ft\u00fcr\u00fcc\u00fc \u00d6n Kurutma:<\/strong>\u00a0180\u00b0C&#039;de 30 dakika (200 \u00e7evrim)<\/li>\n<li><strong>\u00dct\u00fcleme:<\/strong>\u00a0180\u00b0C 10 saniye (200 \u00e7evrim)<\/li>\n<li><strong>Y\u00fcksek S\u0131cakl\u0131kta Sterilizasyon:<\/strong>\u00a0135\u00b0C&#039;de 20 dakika<\/li>\n<\/ul>\n<h4>Temel \u00d6zellikler<\/h4>\n<ul>\n<li>Su ge\u00e7irmez ve y\u0131kanabilir<\/li>\n<li>Y\u00fcksek s\u0131cakl\u0131\u011fa dayan\u0131kl\u0131l\u0131k<\/li>\n<li>End\u00fcstriyel \u00e7ama\u015f\u0131rhane ko\u015fullar\u0131na uygundur<\/li>\n<li>Uzun \u00f6m\u00fcrl\u00fc olmas\u0131 i\u00e7in tasarland\u0131: 200 y\u0131kama d\u00f6ng\u00fcs\u00fc veya 3 y\u0131l<\/li>\n<\/ul>\n<h4>Uygulamalar<\/h4>\n<ul>\n<li><strong>Birincil Kullan\u0131mlar:<\/strong>\u00a0Ticari ortamlarda (\u00f6rne\u011fin, kantinler, restoranlar) \u00e7ama\u015f\u0131rhane y\u00f6netimi ve takibi<\/li>\n<li><strong>\u00c7ok Y\u00f6nl\u00fc Etiketleme:<\/strong>\u00a0\u00c7orap, g\u00f6mlek, havlu gibi \u00e7e\u015fitli tekstil \u00fcr\u00fcnlerine yap\u0131\u015ft\u0131r\u0131larak kayb\u0131 en aza indirilebilir.<\/li>\n<\/ul>\n<h4>\u00c7ip \u00d6zellikleri<\/h4>\n<ul>\n<li><strong>NXP UCODE 8\/8m:<\/strong>\n<ul>\n<li>Okuma hassasiyeti: -23 dBm<\/li>\n<li>Yazma hassasiyeti: -18 dBm<\/li>\n<li>Stok y\u00f6netimi i\u00e7in yenilik\u00e7i i\u015flevler<\/li>\n<\/ul>\n<\/li>\n<li><strong>NXP UCODE&#039;u 9:<\/strong>\n<ul>\n<li>Okuma hassasiyeti: -24 dBm<\/li>\n<li>Yazma hassasiyeti: -22 dBm<\/li>\n<li>100k yazma d\u00f6ng\u00fcs\u00fc dayan\u0131kl\u0131l\u0131\u011f\u0131<\/li>\n<\/ul>\n<\/li>\n<li><strong>Uzayl\u0131 Higgs\u2122 9:<\/strong>\n<ul>\n<li>1024 Bit NVM\/RAM Bellek<\/li>\n<li>GS1 S\u0131n\u0131f 1 Gen 2 ve ISO\/IEC 18000-6C ile uyumludur<\/li>\n<\/ul>\n<\/li>\n<\/ul>\n<p>Bu etiketler, \u00e7ama\u015f\u0131rhane uygulamalar\u0131nda \u00e7ama\u015f\u0131rlar\u0131n takibi i\u00e7in sa\u011flam bir \u00e7\u00f6z\u00fcm sunarak, zorlu ortamlarda y\u00fcksek performans ve dayan\u0131kl\u0131l\u0131k sa\u011flar.<\/p>\n<\/div>\n<div class=\"auto-hide-last-sibling-br paragraph_1252f paragraph-element\"><\/div>\n<\/div>\n<\/div>\n<\/div>\n<\/div>\n<\/div>","protected":false},"excerpt":{"rendered":"<p>Verimli izleme i\u00e7in UHF RFID \u00c7ama\u015f\u0131r D\u00fc\u011fmesi Is\u0131ya Dayan\u0131kl\u0131 PPS Etiketi, y\u00fcksek s\u0131cakl\u0131klara dayan\u0131kl\u0131d\u0131r, su ge\u00e7irmezdir ve ticari \u00e7ama\u015f\u0131rhane y\u00f6netimi i\u00e7in idealdir<\/p>","protected":false},"featured_media":1670,"template":"","meta":{"_kad_post_transparent":"default","_kad_post_title":"","_kad_post_layout":"default","_kad_post_sidebar_id":"","_kad_post_content_style":"default","_kad_post_vertical_padding":"default","_kad_post_feature":"","_kad_post_feature_position":"","_kad_post_header":false,"_kad_post_footer":false,"_kad_post_classname":""},"product_brand":[],"product_cat":[21,16],"product_tag":[226,35,225,30],"class_list":{"0":"post-1669","1":"product","2":"type-product","3":"status-publish","4":"has-post-thumbnail","6":"product_cat-pps-rfid-laundry-tag","7":"product_cat-uhf-rfid-laundry-tags","8":"product_tag-heat-resistant-pps-rfid-tag","9":"product_tag-rfid-button","10":"product_tag-uhf-rfid-laundry-button","11":"product_tag-uhf-rfid-laundry-tag","13":"first","14":"instock","15":"shipping-taxable","16":"product-type-simple","17":"entry","18":"content-bg","19":"loop-entry"},"_links":{"self":[{"href":"https:\/\/rfid-laundry-tag.com\/tr\/wp-json\/wp\/v2\/product\/1669","targetHints":{"allow":["GET"]}}],"collection":[{"href":"https:\/\/rfid-laundry-tag.com\/tr\/wp-json\/wp\/v2\/product"}],"about":[{"href":"https:\/\/rfid-laundry-tag.com\/tr\/wp-json\/wp\/v2\/types\/product"}],"version-history":[{"count":2,"href":"https:\/\/rfid-laundry-tag.com\/tr\/wp-json\/wp\/v2\/product\/1669\/revisions"}],"predecessor-version":[{"id":1672,"href":"https:\/\/rfid-laundry-tag.com\/tr\/wp-json\/wp\/v2\/product\/1669\/revisions\/1672"}],"wp:featuredmedia":[{"embeddable":true,"href":"https:\/\/rfid-laundry-tag.com\/tr\/wp-json\/wp\/v2\/media\/1670"}],"wp:attachment":[{"href":"https:\/\/rfid-laundry-tag.com\/tr\/wp-json\/wp\/v2\/media?parent=1669"}],"wp:term":[{"taxonomy":"product_brand","embeddable":true,"href":"https:\/\/rfid-laundry-tag.com\/tr\/wp-json\/wp\/v2\/product_brand?post=1669"},{"taxonomy":"product_cat","embeddable":true,"href":"https:\/\/rfid-laundry-tag.com\/tr\/wp-json\/wp\/v2\/product_cat?post=1669"},{"taxonomy":"product_tag","embeddable":true,"href":"https:\/\/rfid-laundry-tag.com\/tr\/wp-json\/wp\/v2\/product_tag?post=1669"}],"curies":[{"name":"wp","href":"https:\/\/api.w.org\/{rel}","templated":true}]}}