{"id":163,"date":"2024-06-15T11:55:44","date_gmt":"2024-06-15T11:55:44","guid":{"rendered":"https:\/\/rfid-laundry-tag.com\/?post_type=product&#038;p=163"},"modified":"2024-06-15T12:33:50","modified_gmt":"2024-06-15T12:33:50","slug":"laundry-tag-rfid-silicon","status":"publish","type":"product","link":"https:\/\/rfid-laundry-tag.com\/tr\/laundry-tag-rfid-silicon\/","title":{"rendered":"\u00c7ama\u015f\u0131r Etiketi RFID Silikon"},"content":{"rendered":"<table style=\"font-family: var(--global-body-font-family);\" width=\"537\">\n<tbody>\n<tr>\n<td width=\"228\">\u0130sim<\/td>\n<td width=\"309\">\u00c7ama\u015f\u0131r Etiketi RFID Silikon<\/td>\n<\/tr>\n<tr>\n<td width=\"228\">Mod<\/td>\n<td width=\"309\">SL-01<\/td>\n<\/tr>\n<tr>\n<td width=\"228\">Malzeme<\/td>\n<td width=\"309\">Silikon<\/td>\n<\/tr>\n<tr>\n<td width=\"228\">Renk<\/td>\n<td width=\"309\">Beyaz (Veya \u00f6zelle\u015ftirilmi\u015f)<\/td>\n<\/tr>\n<tr>\n<td width=\"228\">Boyut<\/td>\n<td width=\"309\">55mm*12mm, 2,5mm kal\u0131nl\u0131k<\/td>\n<\/tr>\n<tr>\n<td width=\"228\">\u00c7ip<\/td>\n<td width=\"309\">915Mhz NXP U kodu 9, Alien H3 ,H9 vb.<\/td>\n<\/tr>\n<tr>\n<td width=\"228\">\u00c7al\u0131\u015fma s\u0131cakl\u0131\u011f\u0131<\/td>\n<td width=\"309\">\u2013 25\u00baC ila +75\u00baC<\/td>\n<\/tr>\n<tr>\n<td width=\"228\">Y\u0131kama \u00e7evrimi<\/td>\n<td width=\"309\">200 kez<\/td>\n<\/tr>\n<tr>\n<td width=\"228\">Su ge\u00e7irmez<\/td>\n<td width=\"309\">Evet<\/td>\n<\/tr>\n<tr>\n<td width=\"228\">Kimyasal Diren\u00e7<\/td>\n<td width=\"309\">Evet<\/td>\n<\/tr>\n<\/tbody>\n<\/table>\n<p data-spm-anchor-id=\"a2700.details.0.i116.60201a70jOXdOd\">\n<p data-spm-anchor-id=\"a2700.details.0.i116.60201a70jOXdOd\"><strong>Ba\u015fvuru :<\/strong><\/p>\n<ol class=\"auto-hide-last-sibling-br\">\n<li>\n<div class=\"auto-hide-last-sibling-br paragraph_1252f paragraph-element\">Y\u0131kanabilir ve Tekrar Kullan\u0131labilir: Bu etiketler, birden fazla y\u0131kama d\u00f6ng\u00fcs\u00fcne dayanacak \u015fekilde \u00fcretilmi\u015ftir, bu sayede uzun s\u00fcreli kullan\u0131m i\u00e7in uygun maliyetli bir \u00e7\u00f6z\u00fcmd\u00fcr.<\/div>\n<\/li>\n<li>\n<div class=\"auto-hide-last-sibling-br paragraph_1252f paragraph-element\">Zorlu \u00c7ama\u015f\u0131r Ko\u015fullar\u0131na Uygun \u00dcretilmi\u015ftir: \u00c7ama\u015f\u0131rhane i\u015flemlerinin ger\u00e7ekle\u015fti\u011fi zorlu ko\u015fullara dayanacak \u015fekilde \u00f6zel olarak tasarlanm\u0131\u015ft\u0131r.<\/div>\n<\/li>\n<li>\n<div class=\"auto-hide-last-sibling-br paragraph_1252f paragraph-element\">Dayan\u0131kl\u0131 \u00d6zellikler: Bu etiketler neme dayan\u0131kl\u0131d\u0131r, y\u00fcksek s\u0131cakl\u0131klara dayanabilir ve \u00e7e\u015fitli kimyasallara kar\u015f\u0131 dayan\u0131kl\u0131d\u0131r, b\u00f6ylece farkl\u0131 ko\u015fullarda kesintisiz bir \u015fekilde \u00e7al\u0131\u015fmas\u0131n\u0131 sa\u011flar.<\/div>\n<\/li>\n<li>\n<div class=\"auto-hide-last-sibling-br paragraph_1252f paragraph-element\">\u00c7evre Dostu Silikon Malzeme: \u00c7evre dostu silikondan \u00fcretilen bu etiketler, hem insan v\u00fccuduna hem de \u00e7evreye zarars\u0131zd\u0131r, bilin\u00e7li t\u00fcketim ve s\u00fcrd\u00fcr\u00fclebilir uygulamalarla uyumludur.<\/div>\n<\/li>\n<li>\n<div class=\"auto-hide-last-sibling-br paragraph_1252f paragraph-element\">Geni\u015f Uygulamalar: Bu etiketler, giysileri y\u00f6netmek, g\u00fcvenlik kontrollerini geli\u015ftirmek ve \u00e7ama\u015f\u0131rhanelerdeki (end\u00fcstriyel s\u0131n\u0131f \u00e7ama\u015f\u0131rhaneler dahil) operasyonlar\u0131 optimize etmek i\u00e7in rahatl\u0131kla kullan\u0131labilir ve \u00fcst\u00fcn verimlilik ve kontrol sa\u011flar.<\/div>\n<\/li>\n<\/ol>\n<div class=\"auto-hide-last-sibling-br paragraph_1252f paragraph-element\">860~960MHz frekans aral\u0131\u011f\u0131nda \u00e7al\u0131\u015fan Silikon RFID \u00e7ama\u015f\u0131r etiketi, temizlik s\u00fcre\u00e7lerinde tipik olan y\u00fcksek s\u0131cakl\u0131klara ve yo\u011fun bas\u0131n\u00e7lara dayanacak \u015fekilde \u00f6zel olarak tasarlanm\u0131\u015ft\u0131r. Geni\u015f kapsaml\u0131 kullan\u0131m\u0131, y\u00fcksek \u0131s\u0131 seviyelerine, korozyona ve a\u015f\u0131nma ve y\u0131pranmaya kar\u015f\u0131 diren\u00e7 gerektiren zorlu ortamlarda, \u00f6zellikle \u00e7ama\u015f\u0131r y\u0131kama tesislerinde, end\u00fcstriyel temizlik i\u015flemlerinde ve di\u011ferlerinde bulunabilir.<\/div>\n<p>&nbsp;<\/p>\n<div class=\"auto-hide-last-sibling-br paragraph_1252f paragraph-element\">Bu RFID \u00e7ama\u015f\u0131r etiketleri, g\u00f6mlekler, i\u015f \u00fcniformalar\u0131, yatak \u00e7ar\u015faflar\u0131 ve di\u011fer kuma\u015f bazl\u0131 \u00fcr\u00fcnler dahil olmak \u00fczere \u00e7e\u015fitli tekstil \u00fcr\u00fcnlerine sorunsuz bir \u015fekilde entegre olma konusunda benzersiz bir yetene\u011fe sahiptir. Bu nedenle, \u00e7e\u015fitli end\u00fcstrilerde \u00e7ok \u00e7e\u015fitli tekstil \u00fcr\u00fcnlerini izlemek ve y\u00f6netmek i\u00e7in g\u00fc\u00e7l\u00fc ve etkili bir \u00e7\u00f6z\u00fcm sunarlar.<\/div>\n<p>&nbsp;<\/p>","protected":false},"excerpt":{"rendered":"<p>RFID Silikon \u00c7ama\u015f\u0131r Etiketleri genellikle end\u00fcstriyel \u00e7ama\u015f\u0131r y\u0131kama s\u00fcre\u00e7leri, otel \u00e7ar\u015faf y\u00f6netimi ve t\u0131bbi \u00fcniforma takibi gibi y\u00fcksek yo\u011funluklu i\u015flemlerde kullan\u0131l\u0131r. Bu etiketler esneklikleri ve y\u00fcksek s\u0131cakl\u0131k dayan\u0131kl\u0131l\u0131klar\u0131yla bilinir, 200&#039;den fazla y\u0131kama d\u00f6ng\u00fcs\u00fcne dayanacak \u015fekilde tasarlanm\u0131\u015ft\u0131r ve en zorlu ko\u015fullar alt\u0131nda bile g\u00fcvenilir performans sa\u011flar.<\/p>","protected":false},"featured_media":164,"template":"","meta":{"_kad_post_transparent":"default","_kad_post_title":"","_kad_post_layout":"default","_kad_post_sidebar_id":"","_kad_post_content_style":"default","_kad_post_vertical_padding":"default","_kad_post_feature":"","_kad_post_feature_position":"","_kad_post_header":false,"_kad_post_footer":false,"_kad_post_classname":""},"product_brand":[],"product_cat":[20,16],"product_tag":[76,62,61],"class_list":{"0":"post-163","1":"product","2":"type-product","3":"status-publish","4":"has-post-thumbnail","6":"product_cat-silicone-rfid-laundry-tag","7":"product_cat-uhf-rfid-laundry-tags","8":"product_tag-laundry-tag-rfid-silicon","9":"product_tag-silicone-rfid-laundry-tag","10":"product_tag-silicone-washable-rfid-laundry-tag","12":"first","13":"instock","14":"shipping-taxable","15":"product-type-simple","16":"entry","17":"content-bg","18":"loop-entry"},"_links":{"self":[{"href":"https:\/\/rfid-laundry-tag.com\/tr\/wp-json\/wp\/v2\/product\/163","targetHints":{"allow":["GET"]}}],"collection":[{"href":"https:\/\/rfid-laundry-tag.com\/tr\/wp-json\/wp\/v2\/product"}],"about":[{"href":"https:\/\/rfid-laundry-tag.com\/tr\/wp-json\/wp\/v2\/types\/product"}],"version-history":[{"count":0,"href":"https:\/\/rfid-laundry-tag.com\/tr\/wp-json\/wp\/v2\/product\/163\/revisions"}],"wp:featuredmedia":[{"embeddable":true,"href":"https:\/\/rfid-laundry-tag.com\/tr\/wp-json\/wp\/v2\/media\/164"}],"wp:attachment":[{"href":"https:\/\/rfid-laundry-tag.com\/tr\/wp-json\/wp\/v2\/media?parent=163"}],"wp:term":[{"taxonomy":"product_brand","embeddable":true,"href":"https:\/\/rfid-laundry-tag.com\/tr\/wp-json\/wp\/v2\/product_brand?post=163"},{"taxonomy":"product_cat","embeddable":true,"href":"https:\/\/rfid-laundry-tag.com\/tr\/wp-json\/wp\/v2\/product_cat?post=163"},{"taxonomy":"product_tag","embeddable":true,"href":"https:\/\/rfid-laundry-tag.com\/tr\/wp-json\/wp\/v2\/product_tag?post=163"}],"curies":[{"name":"wp","href":"https:\/\/api.w.org\/{rel}","templated":true}]}}