{"id":159,"date":"2024-06-15T08:13:31","date_gmt":"2024-06-15T08:13:31","guid":{"rendered":"https:\/\/rfid-laundry-tag.com\/?post_type=product&#038;p=159"},"modified":"2024-08-14T16:18:47","modified_gmt":"2024-08-14T16:18:47","slug":"nfc-laundry-token-ntag216","status":"publish","type":"product","link":"https:\/\/rfid-laundry-tag.com\/tr\/nfc-laundry-token-ntag216\/","title":{"rendered":"NFC \u00c7ama\u015f\u0131rhane Jetonu-NTAG216"},"content":{"rendered":"<div class=\"J_module\">\n<div class=\"ife-detail-decorate-table\">\n<table class=\"has-title all magic-6\">\n<tbody>\n<tr>\n<td colspan=\"1\" rowspan=\"1\">\n<div class=\"magic-7\" data-spm-anchor-id=\"a2700.details.0.i45.77607d98vZbcDU\"><span class=\"magic-8\" style=\"color: #363535;\">\u00d6\u011fe ad\u0131<\/span><\/div>\n<\/td>\n<td colspan=\"1\" rowspan=\"1\">\n<div class=\"magic-9\">NFC \u00c7ama\u015f\u0131rhane Jetonu \u2013 NTAG216<\/div>\n<\/td>\n<\/tr>\n<tr>\n<td colspan=\"1\" rowspan=\"1\">\n<div class=\"magic-7\"><span class=\"magic-10\" data-spm-anchor-id=\"a2700.pc-decorate.0.i10.28d333330XLbTD\"><span class=\"magic-8\">Malzeme<\/span><\/span><\/div>\n<\/td>\n<td colspan=\"1\" rowspan=\"1\">\n<div class=\"magic-9\"><span class=\"magic-8\">BES<\/span><\/div>\n<\/td>\n<\/tr>\n<tr>\n<td colspan=\"1\" rowspan=\"1\">\n<div class=\"magic-7\"><span class=\"magic-8\">Renk<\/span><\/div>\n<\/td>\n<td colspan=\"1\" rowspan=\"1\">\n<div class=\"magic-9\"><span class=\"magic-8\">Siyah, Sar\u0131 vb.<\/span><\/div>\n<\/td>\n<\/tr>\n<tr>\n<td colspan=\"1\" rowspan=\"1\">Adedi<\/td>\n<td colspan=\"1\" rowspan=\"1\">500 adet<\/td>\n<\/tr>\n<tr>\n<td colspan=\"1\" rowspan=\"1\">\n<div class=\"magic-7\"><span class=\"magic-8\">\u00dcretici\/\u00c7ip<\/span><\/div>\n<\/td>\n<td colspan=\"1\" rowspan=\"1\">\n<div class=\"magic-9\"><span class=\"magic-8\">NXP Ntag213, Ntag215, Ntag216, Mifare Ultralight ev1 vb.<\/span><\/div>\n<\/td>\n<\/tr>\n<tr>\n<td colspan=\"1\" rowspan=\"1\">\n<div class=\"magic-7\"><span class=\"magic-8\">S\u0131kl\u0131k<\/span><\/div>\n<\/td>\n<td colspan=\"1\" rowspan=\"1\">\n<div class=\"magic-9\"><span class=\"magic-8\">13.56MHz<\/span><\/div>\n<\/td>\n<\/tr>\n<tr>\n<td colspan=\"1\" rowspan=\"1\">\n<div class=\"magic-7\"><span class=\"magic-8\">Haf\u0131za<\/span><\/div>\n<\/td>\n<td colspan=\"1\" rowspan=\"1\">\n<div class=\"magic-9\"><span class=\"magic-8\">144 Bayt, 504 Bayt, 888 Bayt, 64 Bayt vb.<\/span><\/div>\n<\/td>\n<\/tr>\n<tr>\n<td colspan=\"1\" rowspan=\"1\">\n<div class=\"magic-7\"><span class=\"magic-8\">Okuma Mesafesi<\/span><\/div>\n<\/td>\n<td colspan=\"1\" rowspan=\"1\">\n<div class=\"magic-9\"><span class=\"magic-8\">1~5cm<\/span><\/div>\n<\/td>\n<\/tr>\n<tr>\n<td colspan=\"1\" rowspan=\"1\">\n<div class=\"magic-7\"><span class=\"magic-8\">\u00c7al\u0131\u015fma modu<\/span><\/div>\n<\/td>\n<td colspan=\"1\" rowspan=\"1\">\n<div class=\"magic-9\"><span class=\"magic-8\">pasif<\/span><\/div>\n<\/td>\n<\/tr>\n<tr>\n<td colspan=\"1\" rowspan=\"1\">\n<div class=\"magic-7\"><span class=\"magic-8\">\u00c7al\u0131\u015fma s\u0131cakl\u0131\u011f\u0131<\/span><\/div>\n<\/td>\n<td colspan=\"1\" rowspan=\"1\">\n<div class=\"magic-9\"><span class=\"magic-8\">-25\u2103~+110\u2103<\/span><\/div>\n<\/td>\n<\/tr>\n<tr>\n<td colspan=\"1\" rowspan=\"1\">\n<div class=\"magic-7\"><span class=\"magic-8\">Depolama s\u0131cakl\u0131\u011f\u0131<\/span><\/div>\n<\/td>\n<td colspan=\"1\" rowspan=\"1\">\n<div class=\"magic-9\"><span class=\"magic-8\">-40\u2103~+85\u2103<\/span><\/div>\n<\/td>\n<\/tr>\n<tr>\n<td colspan=\"1\" rowspan=\"1\">\n<div class=\"magic-7\">\n<div><span class=\"magic-8\">\u00a0<\/span><\/div>\n<p><span class=\"magic-8\">K\u0131sa S\u00fcreli S\u0131cakl\u0131k Direnci<\/span><\/p>\n<\/div>\n<\/td>\n<td colspan=\"1\" rowspan=\"1\">\n<div class=\"magic-9\"><span class=\"magic-8\">y\u0131kama: 90\u2103, 15 dakika; d\u00f6n\u00fc\u015ft\u00fcr\u00fcc\u00fc \u00f6n kurutma: 180\u2103, 30 dakika, 200 kez; \u00fct\u00fcleme: 180\u2103, 10 saniye, 200 kez; y\u00fcksek<br \/>\ns\u0131cakl\u0131k sterilizasyonu: 135\u2103, 20 dakika<\/span><\/div>\n<\/td>\n<\/tr>\n<tr>\n<td colspan=\"1\" rowspan=\"1\">\n<div class=\"magic-7\"><span class=\"magic-8\">\u00d6zellikler<\/span><\/div>\n<\/td>\n<td colspan=\"1\" rowspan=\"1\">\n<div class=\"magic-9\"><span class=\"magic-8\">su ge\u00e7irmez, y\u0131kanabilir, y\u00fcksek s\u0131cakl\u0131k dayan\u0131m\u0131<\/span><\/div>\n<\/td>\n<\/tr>\n<tr>\n<td colspan=\"1\" rowspan=\"1\">\n<div class=\"magic-7\"><span class=\"magic-8\">Hayat<\/span><\/div>\n<\/td>\n<td colspan=\"1\" rowspan=\"1\">\n<div class=\"magic-9\"><span class=\"magic-8\">200 kez y\u0131kama veya 3 y\u0131l<\/span><\/div>\n<\/td>\n<\/tr>\n<tr>\n<td colspan=\"1\" rowspan=\"1\">\n<div class=\"magic-7\"><span class=\"magic-8\">Uygulamalar<\/span><\/div>\n<\/td>\n<td colspan=\"1\" rowspan=\"1\">\n<div class=\"magic-9\"><span class=\"magic-8\">\u00e7ama\u015f\u0131rhane y\u00f6netimi ve takibi<\/span><\/div>\n<\/td>\n<\/tr>\n<\/tbody>\n<\/table>\n<\/div>\n<\/div>\n<div class=\"J_module\">\n<div class=\"detail-decorate-json-renderer-container\">\n<div class=\"magic-1\">\n<div>\n<div><\/div>\n<\/div>\n<div class=\"magic-2\">\n<div class=\"auto-hide-last-sibling-br paragraph_1252f paragraph-element\">\n<div class=\"auto-hide-last-sibling-br paragraph_1252f paragraph-element\">\n<p>NTAG 213, NTAG 215 ve NTAG 216 NXP taraf\u0131ndan geli\u015ftirilmi\u015ftir<sup>\u00ae<\/sup>\u00a0Perakende, oyun ve t\u00fcketici elektroni\u011fi gibi kitle pazar\u0131 uygulamalar\u0131nda NFC cihazlar\u0131 veya NFC uyumlu Yak\u0131nl\u0131k Ba\u011flant\u0131 Cihazlar\u0131 ile birlikte kullan\u0131lmak \u00fczere standart NFC etiket IC&#039;leri olarak yar\u0131 iletkenler. NTAG 213, NTAG 215 ve NTAG 216 (bundan sonra genel olarak NTAG 21x olarak adland\u0131r\u0131lacakt\u0131r) NFC Forum Tip 2 Etiketi ve ISO\/IEC14443 Tip A spesifikasyonlar\u0131na tam olarak uyacak \u015fekilde tasarlanm\u0131\u015ft\u0131r.<\/p>\n<p>Hedef uygulamalar aras\u0131nda D\u0131\u015f Mekan ve bas\u0131l\u0131 medya ak\u0131ll\u0131 reklamc\u0131l\u0131\u011f\u0131, SoLoMo uygulamalar\u0131, \u00fcr\u00fcn kimlik do\u011frulamas\u0131, NFC raf etiketleri ve mobil tamamlay\u0131c\u0131 etiketler yer al\u0131yor.<\/p>\n<p>Hedef kullan\u0131m durumlar\u0131 aras\u0131nda Ev D\u0131\u015f\u0131 ak\u0131ll\u0131 reklamc\u0131l\u0131k, \u00fcr\u00fcn kimlik do\u011frulamas\u0131, mobil e\u015flik etiketleri ve Bluetooth yer almaktad\u0131r<sup>\u00ae<\/sup>\u00a0veya Wi-Fi e\u015fle\u015ftirme, elektronik raf etiketleri ve kartvizitler. NTAG 21x bellek ayn\u0131 anda birden fazla uygulamay\u0131 uygulamak i\u00e7in de b\u00f6l\u00fcmlere ayr\u0131labilir.<\/p>\n<p>Y\u00fcksek giri\u015f kapasitans\u0131 sayesinde, NTAG 21x etiket IC&#039;leri, performanstan \u00f6d\u00fcn vermeden k\u00fc\u00e7\u00fck ayak izleri gerektiren uygulamalar i\u00e7in \u00f6zel olarak tasarlanm\u0131\u015ft\u0131r. K\u00fc\u00e7\u00fck NFC etiketleri, \u00f6rne\u011fin \u00fcr\u00fcn etiketlerine veya elektronik cihazlara daha kolay yerle\u015ftirilebilir.<\/p>\n<p>NTAG 21x&#039;in mekanik ve elektriksel \u00f6zellikleri, etiket ve etiket \u00fcreticilerinin gereksinimlerini kar\u015f\u0131layacak \u015fekilde tasarlanm\u0131\u015ft\u0131r.<\/p>\n<h3>Temass\u0131z enerji ve veri transferi<\/h3>\n<p>NTAG 21x ile ileti\u015fim, yaln\u0131zca IC bir antene ba\u011fl\u0131 oldu\u011funda kurulabilir.<\/p>\n<p>NTAG 21x RF sahas\u0131na yerle\u015ftirildi\u011finde, y\u00fcksek h\u0131zl\u0131 RF haberle\u015fme aray\u00fcz\u00fc 106 kbit\/s baud h\u0131z\u0131yla veri iletimine olanak sa\u011flar.<\/p>\n<h3>Basit da\u011f\u0131t\u0131m ve kullan\u0131c\u0131 kolayl\u0131\u011f\u0131<\/h3>\n<p>NTAG 21x, entegrasyonu ve kullan\u0131c\u0131 kolayl\u0131\u011f\u0131n\u0131 art\u0131rmak i\u00e7in tasarlanm\u0131\u015f \u00f6zel \u00f6zellikler sunar:<\/p>\n<ul>\n<li>H\u0131zl\u0131 okuma yetene\u011fi, NDEF mesaj\u0131n\u0131n tamam\u0131n\u0131n yaln\u0131zca bir FAST_READ komutuyla taranmas\u0131na olanak tan\u0131r ve b\u00f6ylece y\u00fcksek verimli \u00fcretim ortamlar\u0131ndaki genel giderleri azalt\u0131r<\/li>\n<li>Geli\u015ftirilmi\u015f RF performans\u0131, \u015fekil, boyut ve malzeme se\u00e7iminde daha fazla esnekli\u011fe olanak tan\u0131r<\/li>\n<li>75 \u03bcm IC kal\u0131nl\u0131\u011f\u0131 se\u00e7ene\u011fi, \u00f6rne\u011fin dergilere veya oyun kartlar\u0131na daha rahat bir \u015fekilde entegre edilebilmesi i\u00e7in ultra ince etiketlerin \u00fcretilmesini sa\u011flar<\/li>\n<\/ul>\n<h3>G\u00fcvenlik<\/h3>\n<ul>\n<li>\u00dcretici her cihaz i\u00e7in 7 baytl\u0131k UID programlad\u0131<\/li>\n<li>Tek seferlik programlanabilir bitlere sahip \u00f6nceden programlanm\u0131\u015f yetenek konteyneri<\/li>\n<li>Sahada programlanabilir salt okunur kilitleme fonksiyonu<\/li>\n<li>ECC tabanl\u0131 \u00f6zg\u00fcnl\u00fck imzas\u0131<\/li>\n<li>Yetkisiz bellek i\u015flemlerini \u00f6nlemek i\u00e7in 32 bit parola korumas\u0131<\/li>\n<\/ul>\n<h3>NFC Forum Etiket 2 Tip uyumlulu\u011fu<\/h3>\n<p>NTAG 21x IC, NFC Forum Tag 2 Tipi teknik spesifikasyonlar\u0131na tam uyumluluk sa\u011flar ve NDEF veri yap\u0131s\u0131 yap\u0131land\u0131rmalar\u0131na olanak tan\u0131r.<\/p>\n<h3>\u00c7arp\u0131\u015fma \u00f6nleyici<\/h3>\n<p>Ak\u0131ll\u0131 bir \u00e7arp\u0131\u015fma \u00f6nleme i\u015flevi, sahada birden fazla etiketin ayn\u0131 anda \u00e7al\u0131\u015ft\u0131r\u0131lmas\u0131na olanak tan\u0131r. \u00c7arp\u0131\u015fma \u00f6nleme algoritmas\u0131 her etiketi ayr\u0131 ayr\u0131 se\u00e7er ve se\u00e7ilen bir etiketle yap\u0131lan bir i\u015flemin sahadaki ba\u015fka bir etiketin m\u00fcdahalesi olmadan do\u011fru \u015fekilde ger\u00e7ekle\u015ftirilmesini sa\u011flar.<\/p>\n<h3>\u00d6zellikler<\/h3>\n<div id=\"featuresXsp\" class=\"features-list toggle-opacity in\">\n<div class=\"features-xsp\">\n<div class=\"collapse-mobile ste-list-ul\">\n<ul class=\"boxes\">\n<li>Temass\u0131z veri iletimi ve enerji temini<\/li>\n<li>13.56 MHz \u00e7al\u0131\u015fma frekans\u0131<\/li>\n<li>106 kbit\/s veri transferi<\/li>\n<li>16 bitlik CRC, parite, bit kodlama, bit say\u0131m\u0131 veri b\u00fct\u00fcnl\u00fc\u011f\u00fc<\/li>\n<li>100 mm&#039;ye kadar \u00e7al\u0131\u015fma mesafesi (\u00f6rne\u011fin alan \u015fiddeti ve anten geometrisi gibi \u00e7e\u015fitli parametrelere ba\u011fl\u0131 olarak)<\/li>\n<li>7 bayt seri numaras\u0131 (ISO\/IEC 14443-3&#039;e g\u00f6re kademeli d\u00fczey 2)<\/li>\n<li>NDEF mesajlar\u0131n\u0131n otomatik serile\u015ftirilmesi i\u00e7in UID ASCII yans\u0131mas\u0131<\/li>\n<li>Okuma komutuyla tetiklenen otomatik NFC sayac\u0131<\/li>\n<li>NFC sayac\u0131 ASCII aynas\u0131, NFC sayac\u0131 de\u011ferinin NDEF mesaj\u0131na otomatik olarak eklenmesi i\u00e7in<\/li>\n<li>ECC tabanl\u0131 \u00f6zg\u00fcnl\u00fck imzas\u0131<\/li>\n<li>H\u0131zl\u0131 okuma komutu<\/li>\n<li>Ger\u00e7ek \u00e7arp\u0131\u015fma \u00f6nleme<\/li>\n<li>50 pF giri\u015f kapasitans\u0131<\/li>\n<\/ul>\n<\/div>\n<div class=\"collapse-mobile ste-list-ul\">\n<ul class=\"boxes\">\n<li>Sayfa ba\u015f\u0131na 4 bayt olacak \u015fekilde 45, 135 veya 231 sayfaya d\u00fczenlenmi\u015f 180, 540 veya 924 bayt<\/li>\n<li>144, 504 veya 888 bayt serbest\u00e7e kullan\u0131labilir kullan\u0131c\u0131 Okuma\/Yazma alan\u0131 (36, 126 veya 222 sayfa)<\/li>\n<li>Tek seferlik programlanabilir eri\u015fim bitlerine sahip 4 baytl\u0131k ba\u015flat\u0131lm\u0131\u015f yetenek kab\u0131<\/li>\n<li>\u0130lk 16 sayfa i\u00e7in sayfa ba\u015f\u0131na programlanabilir salt okunur kilitleme i\u015flevi<\/li>\n<li>NTAG 213 i\u00e7in \u00e7ift sayfa ba\u015f\u0131na ilk 16 sayfan\u0131n \u00fczerinde veya NTAG 215 ve NTAG 216 i\u00e7in 16 sayfan\u0131n \u00fczerinde alan programlanabilir salt okunur kilitleme i\u015flevi<\/li>\n<li>Ba\u015far\u0131s\u0131z giri\u015fimlerin iste\u011fe ba\u011fl\u0131 bir s\u0131n\u0131r\u0131yla yap\u0131land\u0131r\u0131labilir parola korumas\u0131<\/li>\n<li>Kapasite kab\u0131 (CC) ve kilit u\u00e7lar\u0131 i\u00e7in y\u0131rt\u0131lmaya kar\u015f\u0131 koruma deste\u011fi<\/li>\n<li>ECC destekli \u00f6zg\u00fcnl\u00fck kontrol\u00fc<\/li>\n<li>10 y\u0131ll\u0131k veri saklama s\u00fcresi<\/li>\n<li>Dayan\u0131kl\u0131l\u0131k 100.000 \u00e7evrimi yaz\u0131n<\/li>\n<\/ul>\n<\/div>\n<\/div>\n<\/div>\n<\/div>\n<p>&nbsp;<\/p>\n<div class=\"auto-hide-last-sibling-br paragraph_1252f paragraph-element\"><\/div>\n<div class=\"auto-hide-last-sibling-br paragraph_1252f paragraph-element\"><\/div>\n<\/div>\n<\/div>\n<\/div>\n<\/div>\n<\/div>","protected":false},"excerpt":{"rendered":"<p>PPS y\u0131kanabilir NFC etiketleri olarak da bilinen NFC \u00c7ama\u015f\u0131rhane Jetonu-NTAG216, zorlu \u00e7al\u0131\u015fma ortamlar\u0131n\u0131n \u00fcstesinden gelebilecek sa\u011flam bir etiket gerektiren durumlar i\u00e7in tasarlanm\u0131\u015ft\u0131r.<\/p>","protected":false},"featured_media":160,"template":"","meta":{"_kad_post_transparent":"default","_kad_post_title":"","_kad_post_layout":"default","_kad_post_sidebar_id":"","_kad_post_content_style":"default","_kad_post_vertical_padding":"default","_kad_post_feature":"","_kad_post_feature_position":"","_kad_post_header":false,"_kad_post_footer":false,"_kad_post_classname":""},"product_brand":[],"product_cat":[21,17],"product_tag":[37,74,42,45],"class_list":{"0":"post-159","1":"product","2":"type-product","3":"status-publish","4":"has-post-thumbnail","6":"product_cat-pps-rfid-laundry-tag","7":"product_cat-nfc-rfid-laundry-tag","8":"product_tag-nfc-button","9":"product_tag-nfc-laundry-token-ntag216","10":"product_tag-pps-nfc-laundry-tag","11":"product_tag-pps-washable-nfc-tags","13":"first","14":"instock","15":"shipping-taxable","16":"product-type-simple","17":"entry","18":"content-bg","19":"loop-entry"},"_links":{"self":[{"href":"https:\/\/rfid-laundry-tag.com\/tr\/wp-json\/wp\/v2\/product\/159","targetHints":{"allow":["GET"]}}],"collection":[{"href":"https:\/\/rfid-laundry-tag.com\/tr\/wp-json\/wp\/v2\/product"}],"about":[{"href":"https:\/\/rfid-laundry-tag.com\/tr\/wp-json\/wp\/v2\/types\/product"}],"version-history":[{"count":1,"href":"https:\/\/rfid-laundry-tag.com\/tr\/wp-json\/wp\/v2\/product\/159\/revisions"}],"predecessor-version":[{"id":1317,"href":"https:\/\/rfid-laundry-tag.com\/tr\/wp-json\/wp\/v2\/product\/159\/revisions\/1317"}],"wp:featuredmedia":[{"embeddable":true,"href":"https:\/\/rfid-laundry-tag.com\/tr\/wp-json\/wp\/v2\/media\/160"}],"wp:attachment":[{"href":"https:\/\/rfid-laundry-tag.com\/tr\/wp-json\/wp\/v2\/media?parent=159"}],"wp:term":[{"taxonomy":"product_brand","embeddable":true,"href":"https:\/\/rfid-laundry-tag.com\/tr\/wp-json\/wp\/v2\/product_brand?post=159"},{"taxonomy":"product_cat","embeddable":true,"href":"https:\/\/rfid-laundry-tag.com\/tr\/wp-json\/wp\/v2\/product_cat?post=159"},{"taxonomy":"product_tag","embeddable":true,"href":"https:\/\/rfid-laundry-tag.com\/tr\/wp-json\/wp\/v2\/product_tag?post=159"}],"curies":[{"name":"wp","href":"https:\/\/api.w.org\/{rel}","templated":true}]}}