{"id":151,"date":"2024-06-14T13:40:01","date_gmt":"2024-06-14T13:40:01","guid":{"rendered":"https:\/\/rfid-laundry-tag.com\/?post_type=product&#038;p=151"},"modified":"2024-06-14T15:08:09","modified_gmt":"2024-06-14T15:08:09","slug":"waterproof-washing-rfid-button-tag","status":"publish","type":"product","link":"https:\/\/rfid-laundry-tag.com\/tr\/waterproof-washing-rfid-button-tag\/","title":{"rendered":"Su Ge\u00e7irmez Y\u0131kama RFID D\u00fc\u011fme Etiketi"},"content":{"rendered":"<div class=\"J_module\">\n<div class=\"ife-detail-decorate-table\">\n<table class=\"has-title all magic-6\">\n<tbody>\n<tr>\n<td colspan=\"1\" rowspan=\"1\">\n<div class=\"magic-7\" data-spm-anchor-id=\"a2700.details.0.i45.77607d98vZbcDU\"><span class=\"magic-8\" style=\"color: #363535;\">\u00d6\u011fe ad\u0131<\/span><\/div>\n<\/td>\n<td colspan=\"1\" rowspan=\"1\">\n<div class=\"magic-9\"><span class=\"magic-8\">Su Ge\u00e7irmez Y\u0131kama RFID D\u00fc\u011fme Etiketi<\/span><\/div>\n<\/td>\n<\/tr>\n<tr>\n<td colspan=\"1\" rowspan=\"1\">\n<div class=\"magic-7\"><span class=\"magic-10\" data-spm-anchor-id=\"a2700.pc-decorate.0.i10.28d333330XLbTD\"><span class=\"magic-8\">Malzeme<\/span><\/span><\/div>\n<\/td>\n<td colspan=\"1\" rowspan=\"1\">\n<div class=\"magic-9\"><span class=\"magic-8\">BES<\/span><\/div>\n<\/td>\n<\/tr>\n<tr>\n<td colspan=\"1\" rowspan=\"1\">\n<div class=\"magic-7\"><span class=\"magic-8\">Renk<\/span><\/div>\n<\/td>\n<td colspan=\"1\" rowspan=\"1\">\n<div class=\"magic-9\"><span class=\"magic-8\">Siyah<\/span><\/div>\n<\/td>\n<\/tr>\n<tr>\n<td colspan=\"1\" rowspan=\"1\">Adedi<\/td>\n<td colspan=\"1\" rowspan=\"1\">500 adet<\/td>\n<\/tr>\n<tr>\n<td colspan=\"1\" rowspan=\"1\">\n<div class=\"magic-7\"><span class=\"magic-8\">\u00dcretici\/\u00c7ip<\/span><\/div>\n<\/td>\n<td colspan=\"1\" rowspan=\"1\">\n<div class=\"magic-9\"><span class=\"magic-8\">NXP UCODE 8, UCODE 9\/NTAG213, Mifare 1k\/EM4200,EM4305,T5577.TK4100 vb.<\/span><\/div>\n<\/td>\n<\/tr>\n<tr>\n<td colspan=\"1\" rowspan=\"1\">\n<div class=\"magic-7\"><span class=\"magic-8\">S\u0131kl\u0131k<\/span><\/div>\n<\/td>\n<td colspan=\"1\" rowspan=\"1\">\n<div class=\"magic-9\"><span class=\"magic-8\">860-960MHz\/13.56MHz\/125Khz<\/span><\/div>\n<\/td>\n<\/tr>\n<tr>\n<td colspan=\"1\" rowspan=\"1\">\n<div class=\"magic-7\"><span class=\"magic-8\">Haf\u0131za<\/span><\/div>\n<\/td>\n<td colspan=\"1\" rowspan=\"1\">\n<div class=\"magic-9\"><span class=\"magic-8\">96 Bit\/128 Bit\/144 Bayt<\/span><\/div>\n<\/td>\n<\/tr>\n<tr>\n<td colspan=\"1\" rowspan=\"1\">\n<div class=\"magic-7\"><span class=\"magic-8\">Okuma Mesafesi<\/span><\/div>\n<\/td>\n<td colspan=\"1\" rowspan=\"1\">\n<div class=\"magic-9\"><span class=\"magic-8\">1-6m\/1~5cm\/1~2cm<\/span><\/div>\n<\/td>\n<\/tr>\n<tr>\n<td colspan=\"1\" rowspan=\"1\">\n<div class=\"magic-7\"><span class=\"magic-8\">\u00c7al\u0131\u015fma modu<\/span><\/div>\n<\/td>\n<td colspan=\"1\" rowspan=\"1\">\n<div class=\"magic-9\"><span class=\"magic-8\">pasif<\/span><\/div>\n<\/td>\n<\/tr>\n<tr>\n<td colspan=\"1\" rowspan=\"1\">\n<div class=\"magic-7\"><span class=\"magic-8\">\u00c7al\u0131\u015fma s\u0131cakl\u0131\u011f\u0131<\/span><\/div>\n<\/td>\n<td colspan=\"1\" rowspan=\"1\">\n<div class=\"magic-9\"><span class=\"magic-8\">-25\u2103~+110\u2103<\/span><\/div>\n<\/td>\n<\/tr>\n<tr>\n<td colspan=\"1\" rowspan=\"1\">\n<div class=\"magic-7\"><span class=\"magic-8\">Depolama s\u0131cakl\u0131\u011f\u0131<\/span><\/div>\n<\/td>\n<td colspan=\"1\" rowspan=\"1\">\n<div class=\"magic-9\"><span class=\"magic-8\">-40\u2103~+85\u2103<\/span><\/div>\n<\/td>\n<\/tr>\n<tr>\n<td colspan=\"1\" rowspan=\"1\">\n<div class=\"magic-7\">\n<div><span class=\"magic-8\">\u00a0<\/span><\/div>\n<p><span class=\"magic-8\">K\u0131sa S\u00fcreli S\u0131cakl\u0131k Direnci<\/span><\/p>\n<\/div>\n<\/td>\n<td colspan=\"1\" rowspan=\"1\">\n<div class=\"magic-9\"><span class=\"magic-8\">y\u0131kama: 90\u2103, 15 dakika; d\u00f6n\u00fc\u015ft\u00fcr\u00fcc\u00fc \u00f6n kurutma: 180\u2103, 30 dakika, 200 kez; \u00fct\u00fcleme: 180\u2103, 10 saniye, 200 kez; y\u00fcksek<br \/>\ns\u0131cakl\u0131k sterilizasyonu: 135\u2103, 20 dakika<\/span><\/div>\n<\/td>\n<\/tr>\n<tr>\n<td colspan=\"1\" rowspan=\"1\">\n<div class=\"magic-7\"><span class=\"magic-8\">\u00d6zellikler<\/span><\/div>\n<\/td>\n<td colspan=\"1\" rowspan=\"1\">\n<div class=\"magic-9\"><span class=\"magic-8\">su ge\u00e7irmez, y\u0131kanabilir, y\u00fcksek s\u0131cakl\u0131k dayan\u0131m\u0131<\/span><\/div>\n<\/td>\n<\/tr>\n<tr>\n<td colspan=\"1\" rowspan=\"1\">\n<div class=\"magic-7\"><span class=\"magic-8\">Hayat<\/span><\/div>\n<\/td>\n<td colspan=\"1\" rowspan=\"1\">\n<div class=\"magic-9\"><span class=\"magic-8\">200 kez y\u0131kama veya 3 y\u0131l<\/span><\/div>\n<\/td>\n<\/tr>\n<tr>\n<td colspan=\"1\" rowspan=\"1\">\n<div class=\"magic-7\"><span class=\"magic-8\">Uygulamalar<\/span><\/div>\n<\/td>\n<td colspan=\"1\" rowspan=\"1\">\n<div class=\"magic-9\"><span class=\"magic-8\">\u00e7ama\u015f\u0131rhane y\u00f6netimi ve takibi<\/span><\/div>\n<\/td>\n<\/tr>\n<\/tbody>\n<\/table>\n<\/div>\n<\/div>\n<div class=\"J_module\">\n<div class=\"detail-decorate-json-renderer-container\">\n<div class=\"magic-1\">\n<div class=\"magic-2\">\n<div><\/div>\n<div><strong>UHF RFID PPS D\u00fc\u011fme \u00c7ama\u015f\u0131r Etiketleri<\/strong> keten takibi i\u00e7in \u00f6zel olarak tasarlanm\u0131\u015f minyat\u00fcr, t\u00fcy kadar hafif RFID g\u00f6stergeleridir. Bu etiketlerin tasar\u0131m\u0131, bunlar\u0131 giysilere ve \u00e7e\u015fitli tekstillere sabitlemek i\u00e7in uygun hale getirir. UHF RFID taray\u0131c\u0131lar\u0131 taraf\u0131ndan birka\u00e7 metre \u00f6teden tespit edilebilirler. Tipik olarak, bu tan\u0131mlay\u0131c\u0131lar \u00e7orap, g\u00f6mlek ve havlu gibi giysilere yap\u0131\u015ft\u0131r\u0131l\u0131r. Bu \u00f6\u011felerin bir \u00e7ama\u015f\u0131rhane kurulumunda hareketini izlemek i\u00e7in uygun maliyetli ve verimli bir y\u00f6ntem g\u00f6revi g\u00f6r\u00fcrler, b\u00f6ylece kaybolan veya yanl\u0131\u015f yerle\u015ftirilmi\u015f par\u00e7a miktar\u0131n\u0131 en aza indirirler. Bu etiketlerin benzersiz d\u00fc\u011fme stili, bunlar\u0131n giysi \u00f6\u011felerine zahmetsizce sabitlenmesini sa\u011flar. B\u00f6yle bir sistem, geleneksel \u00e7ama\u015f\u0131r takibinde devrim yaratarak, kurumsal ortamlarda b\u00fcy\u00fck miktarda \u00e7ama\u015f\u0131r ve tekstili y\u00f6netmede, verimlili\u011fi art\u0131rmada ve kay\u0131plar\u0131 azaltmada bir varl\u0131k haline getirir.<\/div>\n<div><\/div>\n<\/div>\n<p><strong>\u00c7ip Se\u00e7enekleri:<\/strong><\/p>\n<ul>\n<li><strong>NXP UCODE 8\/9:<\/strong>\u00a0Temel izleme ve tan\u0131mlama i\u00e7in ideal, 10 metreye kadar okuma menzili sunan, uygun maliyetli \u00e7ipler.<\/li>\n<li><strong>NTAG213:<\/strong>\u00a0Ak\u0131ll\u0131 telefonlar ve di\u011fer NFC cihazlar\u0131yla ileti\u015fime olanak tan\u0131yan, temass\u0131z \u00f6deme veya \u00fcr\u00fcn bilgilerine eri\u015fim gibi uygulamalar i\u00e7in m\u00fckemmel olan NFC \u00f6zellikli \u00e7ip.<\/li>\n<li><strong>Mifare 1k:<\/strong>\u00a0Eri\u015fim kontrol\u00fc ve g\u00fcvenli veri depolama i\u00e7in uygun, g\u00fc\u00e7l\u00fc \u015fifreleme ve kimlik do\u011frulama \u00f6zelliklerine sahip g\u00fcvenli \u00e7ip.<\/li>\n<li><strong>EM4305:<\/strong>\u00a01 metreye kadar okuma menziline sahip, temel eri\u015fim kontrol uygulamalar\u0131 i\u00e7in d\u00fc\u015f\u00fck maliyetli \u00e7ip.<\/li>\n<li><strong>T5577:<\/strong>\u00a0Eri\u015fim kontrol ve bilet sistemleri i\u00e7in 1 metreye kadar okuma menzili sunan d\u00fc\u015f\u00fck maliyetli bir \u00e7ip daha.<\/li>\n<\/ul>\n<div class=\"magic-2\">\n<div class=\"auto-hide-last-sibling-br paragraph_1252f paragraph-element\">\n<div class=\"auto-hide-last-sibling-br paragraph_1252f paragraph-element\"><strong>Uygulamalar:<\/strong><\/div>\n<ol class=\"auto-hide-last-sibling-br\">\n<li>\n<div class=\"auto-hide-last-sibling-br paragraph_1252f paragraph-element\">End\u00fcstriyel \u00c7ama\u015f\u0131rhaneler: End\u00fcstriyel bir ortamda, b\u00fcy\u00fck miktarlardaki \u00e7ama\u015f\u0131rlar\u0131n takibi RFID \u00c7ama\u015f\u0131r Etiketi Butonlar\u0131m\u0131zla \u00e7ok kolay hale geliyor.<\/div>\n<\/li>\n<li>\n<div class=\"auto-hide-last-sibling-br paragraph_1252f paragraph-element\">Sa\u011fl\u0131k Tesisleri ve Oteller: Bu t\u00fcr kurumlar, etiketlerimizin s\u00fcrekli olarak verimlili\u011fi art\u0131rd\u0131\u011f\u0131 ve envanter y\u00f6netimini kolayla\u015ft\u0131rd\u0131\u011f\u0131 y\u00fcksek hacimli \u00e7ama\u015f\u0131rhane operasyonlar\u0131n\u0131 s\u0131kl\u0131kla ger\u00e7ekle\u015ftirir.<\/div>\n<\/li>\n<li>\n<div class=\"auto-hide-last-sibling-br paragraph_1252f paragraph-element\">Keten Kiralama: Keten kiralama hizmeti sekt\u00f6r\u00fcndeki i\u015fletmeler, envanter y\u00f6netimini basitle\u015ftirmek ve kalite kontrol\u00fcn\u00fc sa\u011flamak i\u00e7in bu etiketlerden yararlan\u0131r.<\/div>\n<\/li>\n<\/ol>\n<div class=\"auto-hide-last-sibling-br paragraph_1252f paragraph-element\">\n<p>&nbsp;<\/p>\n<\/div>\n<\/div>\n<div class=\"auto-hide-last-sibling-br paragraph_1252f paragraph-element\"><\/div>\n<\/div>\n<\/div>\n<\/div>\n<\/div>","protected":false},"excerpt":{"rendered":"<p>Su Ge\u00e7irmez Y\u0131kama RFID D\u00fc\u011fme Etiketi, yayg\u0131n olarak PPS RFID y\u0131kanabilir \u00e7ama\u015f\u0131r etiketleri olarak an\u0131l\u0131r, zorlu ko\u015fullara dayan\u0131kl\u0131 etiketler gerektiren uygulamalar i\u00e7in \u00f6zel olarak tasarlanm\u0131\u015f, \u00f6zel olarak \u00fcretilmi\u015f, sa\u011flam bir cihazd\u0131r. UHF \u00e7ama\u015f\u0131r transponderleri g\u00fcn\u00fcm\u00fcz pazar\u0131nda yayg\u0131n olarak tercih edilse de, belirli senaryolar mobil uygulama dostu RFID d\u00fc\u011fme etiketleri gerektirir. D\u00fc\u011fme tarz\u0131 RFID \u00e7ama\u015f\u0131r transponderleri bu gereksinimleri verimli bir \u015fekilde kar\u015f\u0131lar. Uyarlanabilirlikleri ve birinci s\u0131n\u0131f performanslar\u0131, bir\u00e7ok sekt\u00f6rde end\u00fcstriyel \u00e7ama\u015f\u0131r ve tekstil \u00fcr\u00fcnlerinin izlenmesi ve tan\u0131mlanmas\u0131nda \u00f6nemli avantajlar sunar.<\/p>","protected":false},"featured_media":154,"template":"","meta":{"_kad_post_transparent":"default","_kad_post_title":"","_kad_post_layout":"default","_kad_post_sidebar_id":"","_kad_post_content_style":"default","_kad_post_vertical_padding":"default","_kad_post_feature":"","_kad_post_feature_position":"","_kad_post_header":false,"_kad_post_footer":false,"_kad_post_classname":""},"product_brand":[],"product_cat":[21,18,17,16],"product_tag":[43,35,50,44],"class_list":{"0":"post-151","1":"product","2":"type-product","3":"status-publish","4":"has-post-thumbnail","6":"product_cat-pps-rfid-laundry-tag","7":"product_cat-125khz-rfid-laundry-tag","8":"product_cat-nfc-rfid-laundry-tag","9":"product_cat-uhf-rfid-laundry-tags","10":"product_tag-pps-rfid-washable-laundry-tags","11":"product_tag-rfid-button","12":"product_tag-rfid-laundry-tag-pps","13":"product_tag-rfid-washable-laundry-tags","15":"first","16":"instock","17":"shipping-taxable","18":"product-type-simple","19":"entry","20":"content-bg","21":"loop-entry"},"_links":{"self":[{"href":"https:\/\/rfid-laundry-tag.com\/tr\/wp-json\/wp\/v2\/product\/151","targetHints":{"allow":["GET"]}}],"collection":[{"href":"https:\/\/rfid-laundry-tag.com\/tr\/wp-json\/wp\/v2\/product"}],"about":[{"href":"https:\/\/rfid-laundry-tag.com\/tr\/wp-json\/wp\/v2\/types\/product"}],"version-history":[{"count":0,"href":"https:\/\/rfid-laundry-tag.com\/tr\/wp-json\/wp\/v2\/product\/151\/revisions"}],"wp:featuredmedia":[{"embeddable":true,"href":"https:\/\/rfid-laundry-tag.com\/tr\/wp-json\/wp\/v2\/media\/154"}],"wp:attachment":[{"href":"https:\/\/rfid-laundry-tag.com\/tr\/wp-json\/wp\/v2\/media?parent=151"}],"wp:term":[{"taxonomy":"product_brand","embeddable":true,"href":"https:\/\/rfid-laundry-tag.com\/tr\/wp-json\/wp\/v2\/product_brand?post=151"},{"taxonomy":"product_cat","embeddable":true,"href":"https:\/\/rfid-laundry-tag.com\/tr\/wp-json\/wp\/v2\/product_cat?post=151"},{"taxonomy":"product_tag","embeddable":true,"href":"https:\/\/rfid-laundry-tag.com\/tr\/wp-json\/wp\/v2\/product_tag?post=151"}],"curies":[{"name":"wp","href":"https:\/\/api.w.org\/{rel}","templated":true}]}}