{"id":148,"date":"2024-06-14T13:17:06","date_gmt":"2024-06-14T13:17:06","guid":{"rendered":"https:\/\/rfid-laundry-tag.com\/?post_type=product&#038;p=148"},"modified":"2024-06-14T13:36:44","modified_gmt":"2024-06-14T13:36:44","slug":"uhf-rfid-laundry-tag-button","status":"publish","type":"product","link":"https:\/\/rfid-laundry-tag.com\/tr\/uhf-rfid-laundry-tag-button\/","title":{"rendered":"UHF RFID \u00c7ama\u015f\u0131r Etiketi D\u00fc\u011fmesi"},"content":{"rendered":"<div class=\"J_module\">\n<div class=\"ife-detail-decorate-table\">\n<table class=\"has-title all magic-6\">\n<tbody>\n<tr>\n<td colspan=\"1\" rowspan=\"1\">\n<div class=\"magic-7\" data-spm-anchor-id=\"a2700.details.0.i45.77607d98vZbcDU\"><span class=\"magic-8\" style=\"color: #363535;\">\u00d6\u011fe ad\u0131<\/span><\/div>\n<\/td>\n<td colspan=\"1\" rowspan=\"1\">\n<div class=\"magic-9\"><strong><span class=\"magic-8\">UHF RFID \u00c7ama\u015f\u0131r Etiketi D\u00fc\u011fmesi<\/span><\/strong><\/div>\n<\/td>\n<\/tr>\n<tr>\n<td colspan=\"1\" rowspan=\"1\">\n<div class=\"magic-7\"><span class=\"magic-10\" data-spm-anchor-id=\"a2700.pc-decorate.0.i10.28d333330XLbTD\"><span class=\"magic-8\">Malzeme<\/span><\/span><\/div>\n<\/td>\n<td colspan=\"1\" rowspan=\"1\">\n<div class=\"magic-9\"><span class=\"magic-8\">BES<\/span><\/div>\n<\/td>\n<\/tr>\n<tr>\n<td colspan=\"1\" rowspan=\"1\">\n<div class=\"magic-7\"><span class=\"magic-8\">Renk<\/span><\/div>\n<\/td>\n<td colspan=\"1\" rowspan=\"1\">\n<div class=\"magic-9\"><span class=\"magic-8\">Siyah<\/span><\/div>\n<\/td>\n<\/tr>\n<tr>\n<td colspan=\"1\" rowspan=\"1\">Adedi<\/td>\n<td colspan=\"1\" rowspan=\"1\">500 adet<\/td>\n<\/tr>\n<tr>\n<td colspan=\"1\" rowspan=\"1\">\n<div class=\"magic-7\"><span class=\"magic-8\">\u00dcretici\/\u00c7ip<\/span><\/div>\n<\/td>\n<td colspan=\"1\" rowspan=\"1\">\n<div class=\"magic-9\"><span class=\"magic-8\">NXP UCODE 8, UCODE 9, Uzayl\u0131 Higgs 9<\/span><\/div>\n<\/td>\n<\/tr>\n<tr>\n<td colspan=\"1\" rowspan=\"1\">\n<div class=\"magic-7\"><span class=\"magic-8\">S\u0131kl\u0131k<\/span><\/div>\n<\/td>\n<td colspan=\"1\" rowspan=\"1\">\n<div class=\"magic-9\"><span class=\"magic-8\">860-960MHz\/<\/span><\/div>\n<\/td>\n<\/tr>\n<tr>\n<td colspan=\"1\" rowspan=\"1\">\n<div class=\"magic-7\"><span class=\"magic-8\">Haf\u0131za<\/span><\/div>\n<\/td>\n<td colspan=\"1\" rowspan=\"1\">\n<div class=\"magic-9\"><span class=\"magic-8\">96 Bit\/128 Bit<\/span><\/div>\n<\/td>\n<\/tr>\n<tr>\n<td colspan=\"1\" rowspan=\"1\">\n<div class=\"magic-7\"><span class=\"magic-8\">Okuma Mesafesi<\/span><\/div>\n<\/td>\n<td colspan=\"1\" rowspan=\"1\">\n<div class=\"magic-9\"><span class=\"magic-8\">1-6m<\/span><\/div>\n<\/td>\n<\/tr>\n<tr>\n<td colspan=\"1\" rowspan=\"1\">\n<div class=\"magic-7\"><span class=\"magic-8\">\u00c7al\u0131\u015fma modu<\/span><\/div>\n<\/td>\n<td colspan=\"1\" rowspan=\"1\">\n<div class=\"magic-9\"><span class=\"magic-8\">pasif<\/span><\/div>\n<\/td>\n<\/tr>\n<tr>\n<td colspan=\"1\" rowspan=\"1\">\n<div class=\"magic-7\"><span class=\"magic-8\">\u00c7al\u0131\u015fma s\u0131cakl\u0131\u011f\u0131<\/span><\/div>\n<\/td>\n<td colspan=\"1\" rowspan=\"1\">\n<div class=\"magic-9\"><span class=\"magic-8\">-25\u2103~+110\u2103<\/span><\/div>\n<\/td>\n<\/tr>\n<tr>\n<td colspan=\"1\" rowspan=\"1\">\n<div class=\"magic-7\"><span class=\"magic-8\">Depolama s\u0131cakl\u0131\u011f\u0131<\/span><\/div>\n<\/td>\n<td colspan=\"1\" rowspan=\"1\">\n<div class=\"magic-9\"><span class=\"magic-8\">-40\u2103~+85\u2103<\/span><\/div>\n<\/td>\n<\/tr>\n<tr>\n<td colspan=\"1\" rowspan=\"1\">\n<div class=\"magic-7\">\n<div><span class=\"magic-8\">\u00a0<\/span><\/div>\n<p><span class=\"magic-8\">K\u0131sa S\u00fcreli S\u0131cakl\u0131k Direnci<\/span><\/p>\n<\/div>\n<\/td>\n<td colspan=\"1\" rowspan=\"1\">\n<div class=\"magic-9\"><span class=\"magic-8\">y\u0131kama: 90\u2103, 15 dakika; d\u00f6n\u00fc\u015ft\u00fcr\u00fcc\u00fc \u00f6n kurutma: 180\u2103, 30 dakika, 200 kez; \u00fct\u00fcleme: 180\u2103, 10 saniye, 200 kez; y\u00fcksek<br \/>\ns\u0131cakl\u0131k sterilizasyonu: 135\u2103, 20 dakika<\/span><\/div>\n<\/td>\n<\/tr>\n<tr>\n<td colspan=\"1\" rowspan=\"1\">\n<div class=\"magic-7\"><span class=\"magic-8\">\u00d6zellikler<\/span><\/div>\n<\/td>\n<td colspan=\"1\" rowspan=\"1\">\n<div class=\"magic-9\"><span class=\"magic-8\">su ge\u00e7irmez, y\u0131kanabilir, y\u00fcksek s\u0131cakl\u0131k dayan\u0131m\u0131<\/span><\/div>\n<\/td>\n<\/tr>\n<tr>\n<td colspan=\"1\" rowspan=\"1\">\n<div class=\"magic-7\"><span class=\"magic-8\">Hayat<\/span><\/div>\n<\/td>\n<td colspan=\"1\" rowspan=\"1\">\n<div class=\"magic-9\"><span class=\"magic-8\">200 kez y\u0131kama veya 3 y\u0131l<\/span><\/div>\n<\/td>\n<\/tr>\n<tr>\n<td colspan=\"1\" rowspan=\"1\">\n<div class=\"magic-7\"><span class=\"magic-8\">Uygulamalar<\/span><\/div>\n<\/td>\n<td colspan=\"1\" rowspan=\"1\">\n<div class=\"magic-9\"><span class=\"magic-8\">\u00e7ama\u015f\u0131rhane y\u00f6netimi ve takibi<\/span><\/div>\n<\/td>\n<\/tr>\n<\/tbody>\n<\/table>\n<\/div>\n<\/div>\n<div class=\"J_module\">\n<div class=\"detail-decorate-json-renderer-container\">\n<div class=\"magic-1\">\n<div class=\"magic-2\">\n<div class=\"magic-3\">\n<div><\/div>\n<div class=\"magic-4\">\n<div><strong>RFID d\u00fc\u011fme etiketi<\/strong><\/div>\n<div><\/div>\n<\/div>\n<\/div>\n<div>\n<div class=\"auto-hide-last-sibling-br paragraph_1252f paragraph-element\">PPS Y\u00fcksek S\u0131cakl\u0131\u011fa Dayan\u0131kl\u0131 \u00c7ama\u015f\u0131r Etiketleri, s\u00fcrekli olarak b\u00fcy\u00fck miktarda sofra tak\u0131m\u0131n\u0131n elle\u00e7lendi\u011fi kantinler ve restoranlar gibi ticari ortamlar i\u00e7in m\u00fckemmel bir takip \u00e7\u00f6z\u00fcm\u00fc g\u00f6revi g\u00f6r\u00fcr.<\/div>\n<\/div>\n<div>\n<div><\/div>\n<\/div>\n<\/div>\n<p><strong>\u00c7ip Se\u00e7enekleri:<\/strong><\/p>\n<p><strong>NXP&#039;nin UCODE 8&#039;i<\/strong> ve UCODE 8m IC&#039;leri UCODE ailesinin \u00fcr\u00fcnleridir. UCODE 8\/8m, en zorlu RFID etiketleme uygulamalar\u0131nda kullan\u0131m i\u00e7in y\u00fcksek performans ve \u00f6zellikler sunar.<\/p>\n<p>\u00d6zellikle Perakende ve Moda gibi envanter y\u00f6netimi uygulamalar\u0131 i\u00e7in \u00e7ok uygun olan UCODE 8\/8m, herhangi bir form fakt\u00f6r\u00fc i\u00e7in kan\u0131tlanm\u0131\u015f RF performans\u0131yla, uzun okuma mesafesi ve yo\u011fun RFID etiket pop\u00fclasyonunun h\u0131zl\u0131 envanterini sa\u011flar. Geni\u015f bant tasar\u0131m\u0131yla, d\u00fcnya \u00e7ap\u0131ndaki d\u00fczenlemeler \u00fczerinde y\u00fcksek performansla ger\u00e7ek k\u00fcresel RFID etiketi \u00fcretme olana\u011f\u0131 sunar.<\/p>\n<p>Cihaz ayr\u0131ca, Kendini Ayarlama \u00d6zelli\u011fi, Elektronik \u00dcr\u00fcn G\u00f6zetimi (EAS) uygulamas\u0131 i\u00e7in \u00dcr\u00fcn Durum Bayra\u011f\u0131, \u00f6nceden serile\u015ftirilmi\u015f 96 bit EPC, Marka Tan\u0131mlay\u0131c\u0131 ve EPC Gen2v2 uyumlulu\u011fu i\u00e7in \u0130zlenemez komutunu da sa\u011flar.<\/p>\n<div id=\"featuresXsp\" class=\"features-list toggle-opacity in\">\n<div class=\"features-xsp\">\n<div class=\"collapse-mobile ste-list\">\n<h3>Temel \u00d6zellikler<\/h3>\n<ul class=\"boxes\">\n<li>Okuma hassasiyeti -23dBm<\/li>\n<li>Yazma hassasiyeti -18dBm<\/li>\n<li>Yenilik\u00e7i i\u015flevsellik\n<ul>\n<li>Kendini Ayarlama<\/li>\n<li>Haf\u0131za Korumas\u0131<\/li>\n<li>\u0130zlenemez<\/li>\n<li>96-bit EPC i\u00e7in \u00f6n serile\u015ftirme<\/li>\n<li>Entegre \u00dcr\u00fcn Durum Bayra\u011f\u0131 (PSF)<\/li>\n<\/ul>\n<\/li>\n<li>Tek yar\u0131kl\u0131 antenle uyumludur<\/li>\n<li>128 bit EPC&#039;ye kadar<\/li>\n<li>48 bitlik benzersiz seri numaras\u0131 dahil olmak \u00fczere 96 bitlik Benzersiz Etiket Tan\u0131mlama (TID) fabrikada kilitlendi<\/li>\n<li>EPC Gen2v2<\/li>\n<\/ul>\n<\/div>\n<div class=\"collapse-mobile ste-list\">\n<h3>Haf\u0131za<\/h3>\n<ul class=\"boxes\">\n<li>128-bit\/96-bit (UCODE 8\/UCODE 8m) EPC belle\u011fi<\/li>\n<li>96 bit EPC i\u00e7in \u00f6n serile\u015ftirmeyi destekler<\/li>\n<li>96-bit Etiket Tan\u0131mlay\u0131c\u0131 (TID) fabrikada kilitlendi<\/li>\n<li>48 bitlik benzersiz seri numaras\u0131 fabrikada TID&#039;ye kodlanm\u0131\u015ft\u0131r<\/li>\n<li>0-bit\/32-bit (UCODE 8\/UCODE 8m) Kullan\u0131c\u0131 Belle\u011fi<\/li>\n<li>Etiketi kal\u0131c\u0131 olarak devre d\u0131\u015f\u0131 b\u0131rakmak i\u00e7in 32 bitlik kill parolas\u0131<\/li>\n<li>32-bit eri\u015fim \u015fifresi<\/li>\n<li>Geni\u015f \u00e7al\u0131\u015fma s\u0131cakl\u0131\u011f\u0131 aral\u0131\u011f\u0131: -40\u00a0<sup>\u00b0<\/sup>C +85&#039;e kadar\u00a0<sup>\u00b0<\/sup>C<\/li>\n<li>EPC Gen2v2<\/li>\n<\/ul>\n<p><strong>NXP&#039;nin UCODE 9&#039;u<\/strong><\/p>\n<p>UCODE 9 ile zorlu RAIN RFID etiketleme uygulamalar\u0131 destekleniyor, b\u00f6ylece perakendeciler ve ak\u0131ll\u0131 lojistik \u015firketleri IoT benimsemelerini h\u0131zland\u0131rabiliyor.<\/p>\n<p>UCODE 9, art\u0131r\u0131lm\u0131\u015f performans\u0131yla daha verimli envanter say\u0131mlar\u0131na olanak tan\u0131r. Ayr\u0131ca, UCODE 9 mevcut UCODE 8 yerle\u015ftirme anten tasar\u0131mlar\u0131n\u0131n yeniden kullan\u0131lmas\u0131na olanak tan\u0131r ve bu da UCODE 8&#039;den UCODE 9&#039;a kolay bir ge\u00e7i\u015f yolu sunar.<\/p>\n<p>Daha y\u00fcksek \u00e7ip performans\u0131, daha k\u00fc\u00e7\u00fck i\u00e7 tasar\u0131mlara olanak vererek plastik ve al\u00fcminyum kullan\u0131m\u0131n\u0131n azalt\u0131lmas\u0131na yard\u0131mc\u0131 olur ve b\u00f6ylece \u00e7evresel s\u00fcrd\u00fcr\u00fclebilirli\u011fi destekler.<\/p>\n<div class=\"collapse-mobile ste-list\">\n<h3>Temel \u00d6zellikler<\/h3>\n<ul class=\"boxes\">\n<li>Okuma hassasiyeti: -24 dBm<\/li>\n<li>Yazma hassasiyeti: -22 dBm<\/li>\n<li>Kodlama h\u0131z\u0131: 0,96 ms&#039;de 32 bit<\/li>\n<li>UCODE 8 i\u00e7in drop-in anten de\u011fi\u015fimi<\/li>\n<li>Kendini ayarla<\/li>\n<li>Bellek korumas\u0131<\/li>\n<li>96-bit EPC&#039;nin \u00f6n serile\u015ftirilmesi<\/li>\n<\/ul>\n<\/div>\n<div class=\"collapse-mobile ste-list\">\n<h3>Haf\u0131za<\/h3>\n<ul class=\"boxes\">\n<li>96 bitlik EPC belle\u011fi<\/li>\n<li>96-bit EPC&#039;nin \u00f6n serile\u015ftirilmesini destekler<\/li>\n<li>96-bit Etiket Tan\u0131mlay\u0131c\u0131 (TID) fabrikada kilitlendi<\/li>\n<li>48 bitlik benzersiz seri numaras\u0131 fabrikada TID&#039;ye kodlanm\u0131\u015ft\u0131r<\/li>\n<li>Etiketi kal\u0131c\u0131 olarak devre d\u0131\u015f\u0131 b\u0131rakmak i\u00e7in 32 bitlik kill parolas\u0131<\/li>\n<li>Geni\u015f \u00e7al\u0131\u015fma s\u0131cakl\u0131\u011f\u0131 aral\u0131\u011f\u0131: -40 \u00b0C ila +85 \u00b0C<\/li>\n<li>100k yazma d\u00f6ng\u00fcs\u00fc dayan\u0131kl\u0131l\u0131\u011f\u0131<\/li>\n<li>20 y\u0131l veri saklama<\/li>\n<\/ul>\n<\/div>\n<\/div>\n<\/div>\n<\/div>\n<div class=\"magic-2\">\n<div>\n<div class=\"auto-hide-last-sibling-br paragraph_1252f paragraph-element\">\n<h2>Uzayl\u0131 Higgs<span class=\"sup\">\u2122<\/span>\u00a09<\/h2>\n<p>Y\u00fcksek Kapasiteli GS1 S\u0131n\u0131f 1 Gen 2 RFID Etiket IC<\/p>\n<h4 class=\"alternative\">\u00d6nemli Noktalar<\/h4>\n<ul>\n<li>GS1 S\u0131n\u0131f 1 Gen 2 ve ISO\/IEC 18000-6C&#039;ye uygundur<\/li>\n<li>RFID UHF bantlar\u0131nda (840-960 MHz) d\u00fcnya \u00e7ap\u0131nda operasyon<\/li>\n<li>1024-Bit NVM\/RAM Bellek<\/li>\n<li>496-EPC Bit&#039;e kadar (nominal olarak 96 bit)<\/li>\n<li>688 Kullan\u0131c\u0131 Bitine Kadar<\/li>\n<li>48 Bit Benzersiz TID<\/li>\n<li>32 Bit Eri\u015fim ve 32 bit Kill Pass-<br \/>\nkelimeler<\/li>\n<li>Benzersiz, de\u011fi\u015ftirilemez bir \u015fekilde \u00f6nceden programlanm\u0131\u015ft\u0131r<br \/>\n48 bit seri numaras\u0131 m\u00fcmk\u00fcn<\/li>\n<li>Kullan\u0131c\u0131 Belle\u011fi Kal\u0131c\u0131 Olarak Engellenebilir<br \/>\nKilitli ve \u015fifreli pro-<br \/>\n256 bitlik bloklarda \u00fcretildi<\/li>\n<li>Hem okuma hem de yazma i\u00e7in d\u00fc\u015f\u00fck g\u00fc\u00e7 t\u00fcketimi<br \/>\nprogram<\/li>\n<li>QuickWrite\u2122 \/ BlastWrite\u2122 \u2013 Y\u00fcksek h\u0131zl\u0131<br \/>\n\u00e7ip ve kitle programlama<\/li>\n<li>Dynamic AuthenticationTM klonlama \u00f6nleme \/<br \/>\nSahtecili\u011fe kar\u015f\u0131 teknoloji<\/li>\n<li>Ola\u011fan\u00fcst\u00fc \u00e7al\u0131\u015fma aral\u0131\u011f\u0131, 13 m&#039;ye kadar<br \/>\nuygun anten ile.<\/li>\n<\/ul>\n<\/div>\n<div class=\"auto-hide-last-sibling-br paragraph_1252f paragraph-element\">UHF RFID PPS D\u00fc\u011fme \u00c7ama\u015f\u0131r Etiketleri, keten takibi ama\u00e7lar\u0131 i\u00e7in tasarlanm\u0131\u015f kompakt, t\u00fcy kadar hafif tan\u0131mlay\u0131c\u0131lard\u0131r. \u00c7orap, g\u00f6mlek ve havlu gibi \u00e7e\u015fitli tekstil nesnelerine tak\u0131labilir ve UHF RFID taray\u0131c\u0131lar\u0131 taraf\u0131ndan birka\u00e7 metre \u00f6teden tespit edilebilir. Bu etiketler yaln\u0131zca verimli takibi sa\u011flamakla ve bir \u00e7ama\u015f\u0131rhane hizmeti i\u00e7indeki \u00fcr\u00fcn kayb\u0131n\u0131 en aza indirmekle kalmaz, ayn\u0131 zamanda benzersiz d\u00fc\u011fme stilleri onlar\u0131 giysilere sabitlemeyi kolayla\u015ft\u0131r\u0131r.<\/div>\n<div class=\"auto-hide-last-sibling-br paragraph_1252f paragraph-element\"><\/div>\n<\/div>\n<\/div>\n<\/div>\n<\/div>\n<\/div>","protected":false},"excerpt":{"rendered":"<p>865-867 MHz&#039;de \u00e7al\u0131\u015fan UHF RFID \u00c7ama\u015f\u0131r Etiketi D\u00fc\u011fmesi. Bu etiketler k\u00fc\u00e7\u00fck, hafiftir ve \u00f6zellikle \u00e7ama\u015f\u0131r \u00fcr\u00fcnlerinin takibi i\u00e7in tasarlanm\u0131\u015ft\u0131r, bu da onlar\u0131 giysi y\u00f6netimi i\u00e7in uygun hale getirir. Etiketlerin belirtildi\u011fi gibi 3 m&#039;ye kadar bir okuma aral\u0131\u011f\u0131 vard\u0131r.<\/p>","protected":false},"featured_media":149,"template":"","meta":{"_kad_post_transparent":"default","_kad_post_title":"","_kad_post_layout":"default","_kad_post_sidebar_id":"","_kad_post_content_style":"default","_kad_post_vertical_padding":"default","_kad_post_feature":"","_kad_post_feature_position":"","_kad_post_header":false,"_kad_post_footer":false,"_kad_post_classname":""},"product_brand":[],"product_cat":[21,16],"product_tag":[41,35,33,30],"class_list":{"0":"post-148","1":"product","2":"type-product","3":"status-publish","4":"has-post-thumbnail","6":"product_cat-pps-rfid-laundry-tag","7":"product_cat-uhf-rfid-laundry-tags","8":"product_tag-pps-uhf-rfid-laundry-tag","9":"product_tag-rfid-button","10":"product_tag-rfid-laundry-tag-button","11":"product_tag-uhf-rfid-laundry-tag","13":"first","14":"instock","15":"shipping-taxable","16":"product-type-simple","17":"entry","18":"content-bg","19":"loop-entry"},"_links":{"self":[{"href":"https:\/\/rfid-laundry-tag.com\/tr\/wp-json\/wp\/v2\/product\/148","targetHints":{"allow":["GET"]}}],"collection":[{"href":"https:\/\/rfid-laundry-tag.com\/tr\/wp-json\/wp\/v2\/product"}],"about":[{"href":"https:\/\/rfid-laundry-tag.com\/tr\/wp-json\/wp\/v2\/types\/product"}],"version-history":[{"count":0,"href":"https:\/\/rfid-laundry-tag.com\/tr\/wp-json\/wp\/v2\/product\/148\/revisions"}],"wp:featuredmedia":[{"embeddable":true,"href":"https:\/\/rfid-laundry-tag.com\/tr\/wp-json\/wp\/v2\/media\/149"}],"wp:attachment":[{"href":"https:\/\/rfid-laundry-tag.com\/tr\/wp-json\/wp\/v2\/media?parent=148"}],"wp:term":[{"taxonomy":"product_brand","embeddable":true,"href":"https:\/\/rfid-laundry-tag.com\/tr\/wp-json\/wp\/v2\/product_brand?post=148"},{"taxonomy":"product_cat","embeddable":true,"href":"https:\/\/rfid-laundry-tag.com\/tr\/wp-json\/wp\/v2\/product_cat?post=148"},{"taxonomy":"product_tag","embeddable":true,"href":"https:\/\/rfid-laundry-tag.com\/tr\/wp-json\/wp\/v2\/product_tag?post=148"}],"curies":[{"name":"wp","href":"https:\/\/api.w.org\/{rel}","templated":true}]}}