{"id":143,"date":"2024-06-14T09:55:34","date_gmt":"2024-06-14T09:55:34","guid":{"rendered":"https:\/\/rfid-laundry-tag.com\/?post_type=product&#038;p=143"},"modified":"2024-09-26T04:10:00","modified_gmt":"2024-09-26T04:10:00","slug":"textile-rfid-tags-for-laundry","status":"publish","type":"product","link":"https:\/\/rfid-laundry-tag.com\/tr\/textile-rfid-tags-for-laundry\/","title":{"rendered":"\u00c7ama\u015f\u0131rhane \u0130\u00e7in Tekstil RFID Etiketleri"},"content":{"rendered":"<div>\n<div class=\"auto-hide-last-sibling-br paragraph_1252f paragraph-element\">\n<h1>\u00c7ama\u015f\u0131rhane \u0130\u00e7in Tekstil RFID Etiketleri<\/h1>\n<table width=\"593\">\n<tbody>\n<tr>\n<td width=\"233\">RF Hava Protokol\u00fc<\/td>\n<td colspan=\"4\" width=\"360\">EPC K\u00fcresel S\u0131n\u0131f 1 Gen2 ISO18000-6C<\/td>\n<\/tr>\n<tr>\n<td width=\"233\">\u00c7al\u0131\u015fma Frekans\u0131<\/td>\n<td colspan=\"4\" width=\"360\">UHF 866-868 MHz (ETSI) \/UHF 902-928 MHz (FCC)<\/td>\n<\/tr>\n<tr>\n<td width=\"233\">\u00c7evre Uyumlulu\u011fu<\/td>\n<td colspan=\"4\" width=\"360\">Havada Optimize Edildi<\/td>\n<\/tr>\n<tr>\n<td width=\"233\">Veri Saklama S\u00fcresi<\/td>\n<td colspan=\"4\" width=\"360\">50 Y\u0131l<\/td>\n<\/tr>\n<tr>\n<td width=\"233\">Okuma Aral\u0131\u011f\u0131<\/td>\n<td colspan=\"4\" width=\"360\">5,5 m&#039;ye kadar (metalden uzakta)<\/td>\n<\/tr>\n<tr>\n<td width=\"233\">Polarizasyon<\/td>\n<td colspan=\"4\" width=\"360\">Do\u011frusal<\/td>\n<\/tr>\n<tr>\n<td width=\"233\">IC Tipi<\/td>\n<td colspan=\"4\" width=\"360\">NXP U KODU 8,U KODU 9 vb.<\/td>\n<\/tr>\n<tr>\n<td width=\"233\">Bellek Yap\u0131land\u0131rmas\u0131<\/td>\n<td colspan=\"4\" width=\"360\">EPC 128bit TID 96bit Kullan\u0131c\u0131 32bit<\/td>\n<\/tr>\n<tr>\n<td colspan=\"5\" width=\"593\">Mekanik \u00d6zellikler<\/td>\n<\/tr>\n<tr>\n<td width=\"233\">Y\u00fczey Malzemeleri<\/td>\n<td colspan=\"4\" width=\"360\">Tekstil<\/td>\n<\/tr>\n<tr>\n<td width=\"233\">Boyutlar (mm)<\/td>\n<td colspan=\"4\" width=\"360\">15*70*1,5 mm<\/td>\n<\/tr>\n<tr>\n<td width=\"233\">A\u011f\u0131rl\u0131k (g)<\/td>\n<td colspan=\"4\" width=\"360\">0,7 gr<\/td>\n<\/tr>\n<tr>\n<td rowspan=\"2\" width=\"233\">EK<\/td>\n<td colspan=\"4\" width=\"360\">Etek ucunu veya dokuma etiketi dikin<\/td>\n<\/tr>\n<tr>\n<td colspan=\"4\" width=\"360\">215\u2103@15 sn ve 4 bar&#039;da \u0131s\u0131yla kapatma<\/td>\n<\/tr>\n<tr>\n<td width=\"233\">Renk<\/td>\n<td colspan=\"4\" width=\"360\">Beyaz<\/td>\n<\/tr>\n<tr>\n<td colspan=\"5\" width=\"593\">\u00c7evresel Ay\u0131rmalar<\/td>\n<\/tr>\n<tr>\n<td width=\"233\">\u00c7al\u0131\u015fma S\u0131cakl\u0131\u011f\u0131<\/td>\n<td colspan=\"4\" width=\"360\">-30\u00b0C ile +85\u00b0C aras\u0131<\/td>\n<\/tr>\n<tr>\n<td width=\"233\">Ortam S\u0131cakl\u0131\u011f\u0131<\/td>\n<td colspan=\"4\" width=\"360\">-30\u00b0C ile +100\u00b0C aras\u0131<\/td>\n<\/tr>\n<tr>\n<td width=\"233\">Mekanik Diren\u00e7<\/td>\n<td colspan=\"4\" width=\"360\">60 bar<\/td>\n<\/tr>\n<tr>\n<td width=\"233\">Kimyasal Diren\u00e7<\/td>\n<td colspan=\"4\" width=\"360\">Y\u0131kama i\u015flemlerinde normal yayg\u0131n kimyasallar<\/td>\n<\/tr>\n<tr>\n<td rowspan=\"4\" width=\"233\">Is\u0131 Direnci<\/td>\n<td colspan=\"4\" width=\"360\">Y\u0131kama: 90\u2103, 15 dakika, 200 \u00e7evrim<\/td>\n<\/tr>\n<tr>\n<td colspan=\"4\" width=\"360\">\u00d6n kurutma: 180\u2103, 30 dk<\/td>\n<\/tr>\n<tr>\n<td colspan=\"4\" width=\"360\">\u00dct\u00fcleme: 180\u2103, 10 sn, 200 d\u00f6ng\u00fc<\/td>\n<\/tr>\n<tr>\n<td colspan=\"4\" width=\"360\">Sterilizasyon: 135\u2103, 20 dakika<\/td>\n<\/tr>\n<tr>\n<td width=\"233\">IP S\u0131n\u0131fland\u0131rmas\u0131<\/td>\n<td colspan=\"4\" width=\"360\">IP68<\/td>\n<\/tr>\n<tr>\n<td width=\"233\">Garanti<\/td>\n<td colspan=\"4\" width=\"360\">2 y\u0131l veya 200 kez y\u0131kama<\/td>\n<\/tr>\n<\/tbody>\n<\/table>\n<\/div>\n<\/div>\n<div>\n<div>\n<h2>UHF RFID \u00c7ama\u015f\u0131r Etiketleri Avantajlar\u0131<\/h2>\n<p>Yat\u0131r\u0131m yapmak\u00a0<strong>UHF RFID \u00e7ama\u015f\u0131r etiketleri<\/strong>\u00a0\u00fcretkenli\u011fi ve do\u011frulu\u011fu art\u0131rmak isteyen herhangi bir \u00e7ama\u015f\u0131rhane i\u015fletmesi i\u00e7in ak\u0131ll\u0131ca bir karard\u0131r. \u0130\u015fte baz\u0131 ikna edici avantajlar:<\/p>\n<ul>\n<li><strong>Geli\u015fmi\u015f \u0130zleme<\/strong>: RFID teknolojisiyle, y\u0131kamadan teslimata kadar her bir \u00e7ama\u015f\u0131r par\u00e7as\u0131n\u0131 yolculu\u011fu boyunca takip edebilirsiniz. Bu, s\u00fcre\u00e7te hi\u00e7bir \u00f6\u011fenin kaybolmamas\u0131n\u0131 sa\u011flar.<\/li>\n<li><strong>Dayan\u0131kl\u0131l\u0131k<\/strong>:Etiketlerimiz y\u00fcksek s\u0131cakl\u0131klara, defalarca y\u0131kamaya ve hatta end\u00fcstriyel \u00e7ama\u015f\u0131rhanelerin zorluklar\u0131na dayanacak \u015fekilde tasarlanm\u0131\u015ft\u0131r, bu da onlar\u0131 uzun s\u00fcreli kullan\u0131m i\u00e7in ideal hale getirir.<\/li>\n<li><strong>Maliyet Etkin<\/strong>: RFID \u00e7ama\u015f\u0131r etiketleri kay\u0131plar\u0131 azaltarak ve envanter y\u00f6netimini iyile\u015ftirerek \u00f6nemli maliyet tasarruflar\u0131 sa\u011flar.<\/li>\n<\/ul>\n<h2>UHF RFID \u00c7ama\u015f\u0131r Etiketleri&#039;nin Temel \u00d6zellikleri<\/h2>\n<h3>1.\u00a0<strong>Uzun \u00d6m\u00fcrl\u00fcl\u00fck \u0130\u00e7in Y\u0131kanabilir Tasar\u0131m<\/strong><\/h3>\n<p>Bizim\u00a0<strong>RFID kuma\u015f \u00e7ama\u015f\u0131r etiketleri<\/strong>\u00a0200&#039;den fazla y\u0131kama d\u00f6ng\u00fcs\u00fcne dayanacak \u015fekilde tasarlanm\u0131\u015ft\u0131r, g\u00fcvenilirlik ve dayan\u0131kl\u0131l\u0131k sa\u011flar. Bu etiketler, performanslar\u0131nda d\u00fc\u015f\u00fc\u015f olmadan a\u015f\u0131r\u0131 y\u0131kama ko\u015fullar\u0131na dayanacak \u015fekilde \u00f6zel olarak tasarlanm\u0131\u015ft\u0131r. \u0130zleme yeteneklerini kaybetmeden y\u00fcksek s\u0131cakl\u0131klara bile dayanabilirler, bu da onlar\u0131 her t\u00fcrl\u00fc ticari \u00e7ama\u015f\u0131r y\u0131kama ortam\u0131 i\u00e7in m\u00fckemmel hale getirir.<\/p>\n<h3>2.\u00a0<strong>Uygulamada \u00c7ok Y\u00f6nl\u00fcl\u00fck<\/strong><\/h3>\n<p>Bunlar\u00a0<strong>tekstil RFID etiketleri<\/strong>\u00a0\u00e7ok y\u00f6nl\u00fcd\u00fcr ve otellerde giysileri takip etmekten sa\u011fl\u0131k tesislerinde \u00e7ar\u015faflar\u0131 y\u00f6netmeye kadar \u00e7e\u015fitli uygulamalar i\u00e7in kullan\u0131labilir. Sa\u011flam tasar\u0131mlar\u0131, tutarl\u0131 performans sa\u011flarken \u00e7e\u015fitli \u00e7ama\u015f\u0131r ortamlar\u0131n\u0131 idare etmelerini sa\u011flar.<\/p>\n<h3>3.\u00a0<strong>Entegrasyon Kolayl\u0131\u011f\u0131<\/strong><\/h3>\n<p>Entegre etmek\u00a0<strong>UHF RFID \u00e7ama\u015f\u0131r etiketleri<\/strong>\u00a0Mevcut takip sistemlerinize eklemek basittir. Etiketler RFID okuyucularla sorunsuz bir \u015fekilde \u00e7al\u0131\u015fabilir ve \u00e7ama\u015f\u0131r envanterinize ger\u00e7ek zamanl\u0131 g\u00f6r\u00fcn\u00fcrl\u00fck sunar. Bu, b\u00fcy\u00fck hacimli tekstil \u00fcr\u00fcnlerini y\u00f6netmek i\u00e7in ideal olan, kolayla\u015ft\u0131r\u0131lm\u0131\u015f s\u00fcre\u00e7ler, iyile\u015ftirilmi\u015f do\u011fruluk ve daha iyi varl\u0131k y\u00f6netimi anlam\u0131na gelir.<\/p>\n<h3>4.\u00a0<strong>Suya ve S\u0131cakl\u0131\u011fa Dayan\u0131kl\u0131<\/strong><\/h3>\n<p>End\u00fcstriyel \u00e7ama\u015f\u0131rhane operasyonlar\u0131n\u0131n zorluklar\u0131na dayanacak \u015fekilde tasarlanan bu etiketler hem su ge\u00e7irmez hem de y\u00fcksek s\u0131cakl\u0131klara dayan\u0131kl\u0131d\u0131r. Bu dayan\u0131kl\u0131l\u0131k, uzun \u00f6m\u00fcrl\u00fc olmalar\u0131n\u0131 sa\u011flayarak ticari \u00e7ama\u015f\u0131rhanelerde yayg\u0131n olan \u00e7ok say\u0131da agresif y\u0131kama ve kurutma d\u00f6ng\u00fcs\u00fc boyunca i\u015flevselli\u011fini korumalar\u0131na olanak tan\u0131r.<\/p>\n<h3>5.\u00a0<strong>Do\u011fru Envanter Y\u00f6netimi<\/strong><\/h3>\n<p>\u0130le\u00a0<strong>RFID \u00e7ama\u015f\u0131r takibi<\/strong>, envanterinizi y\u00f6netmek \u00e7ocuk oyunca\u011f\u0131 haline gelir. Her etiket, her bir \u00e7ama\u015f\u0131r par\u00e7as\u0131n\u0131n otomatik olarak izlenmesine olanak tan\u0131yan benzersiz bir tan\u0131mlay\u0131c\u0131 i\u00e7erir ve manuel giri\u015f\/\u00e7\u0131k\u0131\u015f s\u00fcrecini ortadan kald\u0131r\u0131r. Bu \u00f6zellik verimlili\u011fi art\u0131r\u0131r ve varl\u0131klar\u0131n\u0131z\u0131n her zaman nerede oldu\u011funu bilmenizi sa\u011flar.<\/p>\n<h3>6.\u00a0<strong>\u00c7evresel Etki<\/strong><\/h3>\n<p>S\u00fcrd\u00fcr\u00fclebilir bir yakla\u015f\u0131m\u0131 te\u015fvik ederek,\u00a0<strong>y\u0131kanabilir RFID etiketleri<\/strong>\u00a0\u00e7evre dostu olarak tasarlanm\u0131\u015ft\u0131r. Tekrar kullan\u0131labilirler ve tek kullan\u0131ml\u0131k etiketlere k\u0131yasla at\u0131\u011f\u0131 azaltan malzemelerden yap\u0131l\u0131rlar. Bu s\u00fcrd\u00fcr\u00fclebilirlik y\u00f6n\u00fc, kurulu\u015flar\u0131n giderek daha fazla \u00e7evresel sorumlulu\u011fa \u00f6ncelik vermesiyle birlikte hayati \u00f6nem ta\u015f\u0131r.<\/p>\n<\/div>\n<div><\/div>\n<div>\n<h2>Kullan\u0131m Talimatlar\u0131<\/h2>\n<ol>\n<li><strong>Haz\u0131rl\u0131k<\/strong>:Etiketleri tekstil \u00fcr\u00fcnlerinize uygulamadan \u00f6nce y\u00fczeyin temiz ve kuru oldu\u011fundan emin olun.<\/li>\n<li><strong>Ba\u015fvuru<\/strong>: Etiketler iste\u011finize g\u00f6re giysiye dikilebilir veya keten \u00fczerine yap\u0131\u015ft\u0131r\u0131labilir.<\/li>\n<li><strong>Ba\u015flatma<\/strong>:Her bir etiketi, her bir \u00e7ama\u015f\u0131r par\u00e7as\u0131na benzersiz bir tan\u0131mlay\u0131c\u0131 atayacak \u015fekilde bir RFID okuyucu kullanarak programlay\u0131n.<\/li>\n<li><strong>Takip<\/strong>: \u00c7ama\u015f\u0131rlar\u0131n\u0131z\u0131 y\u0131kama ve teslimat d\u00f6ng\u00fcleri boyunca sorunsuz bir \u015fekilde izlemek ve takip etmek i\u00e7in bir RFID okuyucu kullan\u0131n.<\/li>\n<\/ol>\n<\/div>\n<div><\/div>\n<div class=\"auto-hide-last-sibling-br paragraph_1252f paragraph-element\"><strong>\u00c7ama\u015f\u0131rhane i\u00e7in Tekstil RFID Etiketleri<\/strong> Temiz \u00e7ar\u015faf, i\u015f \u00fcniformas\u0131, t\u0131bbi k\u0131yafet veya temizlik malzemelerine s\u00fcrekli ihtiya\u00e7 duyan kurulu\u015flar i\u00e7in yararl\u0131 bir ara\u00e7 g\u00f6revi g\u00f6rerek, otomatik sistemlerin y\u00fcksek miktardaki tek tek \u00fcr\u00fcnleri h\u0131zl\u0131 ve hassas bir \u015fekilde i\u015flemesini sa\u011flar.<\/div>\n<p>&nbsp;<\/p>\n<\/div>\n<div>\n<div class=\"auto-hide-last-sibling-br paragraph_1252f paragraph-element\"><strong>RFID tekstil etiketleri<\/strong> uzmanla\u015fm\u0131\u015f bir s\u00fcre\u00e7 kullanarak i\u015flev g\u00f6r\u00fcr. Her etiket, \u00fcr\u00fcn\u00fcn \u00fcretim \u00f6zellikleri, benzersiz tan\u0131mlay\u0131c\u0131s\u0131, kayna\u011f\u0131, malzeme bile\u015fimi vb. gibi \u00fcr\u00fcn hakk\u0131nda \u00f6nemli ayr\u0131nt\u0131lar i\u00e7eren bir RFID \u00e7ipiyle donat\u0131lm\u0131\u015ft\u0131r.<\/div>\n<div class=\"auto-hide-last-sibling-br paragraph_1252f paragraph-element\">Bu g\u00f6m\u00fcl\u00fc bilgiyi \u00e7\u0131karma mekanizmas\u0131, RFID vericisi veya daha yayg\u0131n olarak okuyucu olarak bilinen bir arac\u0131 i\u00e7erir. Bu cihaz, etiketin i\u00e7inde bulunan RFID \u00e7ipiyle ba\u011flant\u0131 kuran radyo frekans dalgalar\u0131 iletir. Bu etkile\u015fim, okuyucunun \u00e7ipte g\u00fcvence alt\u0131na al\u0131nan verilere eri\u015fmesini kolayla\u015ft\u0131r\u0131r.<\/div>\n<\/div>\n<div><\/div>\n<div><\/div>\n<div>\n<div class=\"auto-hide-last-sibling-br paragraph_1252f paragraph-element\"><span style=\"font-family: inherit; font-size: 24px; font-weight: bold;\">Kurulum<\/span><\/div>\n<\/div>\n<p><strong>Diki\u015f Etiketleme<\/strong>: Bir tekstilin ete\u011fine dikilecek. \u00c7ama\u015f\u0131r etiketini katlama \u00e7izgilerinden uza\u011fa dikin.<br \/>\n<strong>Is\u0131 S\u0131zd\u0131rmazl\u0131\u011f\u0131<\/strong>: +200\u00b0C (392\u00b0F) s\u0131cakl\u0131kta, 12~14 saniye boyunca do\u011frudan tekstil \u00fczerine \u0131s\u0131yla yap\u0131\u015ft\u0131r\u0131lmal\u0131d\u0131r.<br \/>\n<strong>Kese i\u00e7inde<\/strong>: Standart bak\u0131m etiketi gibi dikilmelidir. \u00c7ama\u015f\u0131r etiketini katlama \u00e7izgilerinden uza\u011fa dikin.<\/p>\n<div class=\"auto-hide-last-sibling-br paragraph_1252f paragraph-element\">\n<div class=\"auto-hide-last-sibling-br paragraph_1252f paragraph-element\"><\/div>\n<p style=\"font-weight: 400;\"><span style=\"font-style: inherit; font-weight: inherit;\" data-spm-anchor-id=\"a2700.details.0.i52.7e74253fSAfL7T\">Nas\u0131l <\/span><b><strong style=\"font-style: inherit;\">G\u00dc\u00c7L\u00dc<\/strong><\/b><span style=\"font-style: inherit; font-weight: inherit;\"> bunlar ?<\/span><\/p>\n<p><b><strong>\u2460<\/strong><\/b>RFID \u00e7ipleri y\u00fcksek s\u0131cakl\u0131klarda zarar g\u00f6r\u00fcr m\u00fc?<span style=\"font-style: inherit; font-weight: inherit;\"> \u2013<\/span><b><strong>\u2714 RFID tekstil \u00e7ama\u015f\u0131r etiketlerimiz 200 \u00b0C&#039;de kullan\u0131lmak \u00fczere tasarlanm\u0131\u015ft\u0131r<\/strong><\/b><span style=\"font-style: inherit; font-weight: inherit;\">.<\/span><\/p>\n<p style=\"font-weight: 400;\"><b><strong>\u2461<\/strong><\/b>\u00dcniforma tekstil \u00fcr\u00fcnlerine yap\u0131\u015ft\u0131r\u0131lan etiketleri ka\u00e7 kez y\u0131kayabiliriz? <b><strong>\u2013\u2714RFID tekstil \u00e7ama\u015f\u0131r etiketlerimiz g\u00f6nderildikten sonra 2 y\u0131l boyunca 200&#039;den fazla kez y\u0131kanabilir ve garantilidir.<\/strong><\/b><\/p>\n<p style=\"font-weight: 400;\"><b><strong>\u2462<\/strong><\/b>Prestijli \u00fcniforma tekstil \u00fcr\u00fcnlerini harcayacak m\u0131y\u0131z, tala\u015f s\u0131k\u0131\u015fmas\u0131 durumunda \u00e7al\u0131\u015fmaya devam m\u0131 edece\u011fiz? <b><strong>\u2013\u2714Tekstil \u00fcr\u00fcnlerinizin preslenmesi esnas\u0131nda 60 bar bas\u0131nca dayan\u0131kl\u0131 tekstil \u00e7ama\u015f\u0131r etiketlerimizi tasarlad\u0131k.<\/strong><\/b><\/p>\n<p style=\"font-weight: 400;\"><b><strong>\u2463<\/strong><\/b>\u00dcniforma tekstil \u00fcr\u00fcnlerinde RFID tekstil \u00e7ama\u015f\u0131r etiketleri nereye yerle\u015ftirilir? <b><strong>\u2013 \u2714\u00dcniformalar\u0131n durumuna g\u00f6re RFID tekstil \u00e7ama\u015f\u0131r etiketi tak\u0131lmaktad\u0131r.<\/strong><\/b><\/p>\n<h2>S\u0131k\u00e7a Sorulan Sorular (SSS)<\/h2>\n<h3>1.\u00a0<strong>RFID \u00e7ama\u015f\u0131r etiketleri ger\u00e7ekten y\u0131kanabilir mi?<\/strong><\/h3>\n<p>Evet, RFID \u00e7ama\u015f\u0131r etiketlerimiz performanslar\u0131n\u0131 koruyarak 200&#039;den fazla y\u0131kama d\u00f6ng\u00fcs\u00fcne dayanacak \u015fekilde tasarlanm\u0131\u015ft\u0131r.<\/p>\n<h3>2.\u00a0<strong>Bu etiketler y\u00fcksek s\u0131cakl\u0131k ortamlar\u0131nda kullan\u0131labilir mi?<\/strong><\/h3>\n<p>Kesinlikle! Etiketlerimiz \u0131s\u0131ya dayan\u0131kl\u0131d\u0131r ve i\u015flevselli\u011fini kaybetmeden 85\u00b0C&#039;ye kadar s\u0131cakl\u0131klara dayanabilir.<\/p>\n<h3>3.\u00a0<strong>Bu etiketleri mevcut sistemlere entegre etmek ne kadar kolayd\u0131r?<\/strong><\/h3>\n<p>Bu etiketler piyasadaki \u00e7o\u011fu RFID okuyucusuyla uyumlu oldu\u011fundan entegrasyonu kolayd\u0131r ve sorunsuz bir uygulama sa\u011flar.<\/p>\n<h3>4.\u00a0<strong>Bu etiketlerde hangi malzemeler kullan\u0131l\u0131yor?<\/strong><\/h3>\n<p>Etiketler, hem sa\u011flaml\u0131k hem de esneklik sa\u011flayan dayan\u0131kl\u0131 tekstil kuma\u015f\u0131ndan \u00fcretilmi\u015ftir.<\/p>\n<h2>\u00c7\u00f6z\u00fcm<\/h2>\n<p>Yat\u0131r\u0131m yapmak\u00a0<strong>UHF RFID \u00e7ama\u015f\u0131r etiketleri<\/strong>\u00a0sadece operasyonel verimlili\u011fi art\u0131rmakla ilgili de\u011fil; takip, envanter y\u00f6netimi ve s\u00fcrd\u00fcr\u00fclebilirlikteki zorluklara kar\u015f\u0131 \u00e7ama\u015f\u0131r y\u0131kama s\u00fcre\u00e7lerinizi gelece\u011fe haz\u0131rlamakla ilgilidir. End\u00fcstriyel y\u0131kamaya dayan\u0131kl\u0131 yenilik\u00e7i tasar\u0131mlar ve basit\u00e7e e\u015fle\u015ftirilemeyen bir kullan\u0131m kolayl\u0131\u011f\u0131 ile bu etiketler, \u00e7ama\u015f\u0131r y\u0131kama hizmetleriyle u\u011fra\u015fan her kurulu\u015f i\u00e7in olmazsa olmazd\u0131r. Tekstil y\u00f6netim sistemlerinizde devrim yaratmaya haz\u0131rsan\u0131z,\u00a0<strong>Bug\u00fcn RFID \u00e7ama\u015f\u0131r etiketlerini sat\u0131n al\u0131n ve fiyatland\u0131rma ve \u00f6rnekler hakk\u0131nda daha fazla bilgi i\u00e7in sorgulama formumuzu doldurun!<\/strong><\/p>\n<\/div>","protected":false},"excerpt":{"rendered":"<p>Dayan\u0131kl\u0131 Tekstil RFID Etiketleri ile \u00e7ama\u015f\u0131rlar\u0131n\u0131z\u0131 zahmetsizce takip edin! Y\u0131kanabilir ve end\u00fcstriyel kullan\u0131ma uygun olarak tasarlanm\u0131\u015f, \u00e7ama\u015f\u0131r y\u00f6netiminizi bug\u00fcnden optimize edin!<\/p>","protected":false},"featured_media":144,"template":"","meta":{"_kad_post_transparent":"default","_kad_post_title":"","_kad_post_layout":"default","_kad_post_sidebar_id":"","_kad_post_content_style":"default","_kad_post_vertical_padding":"default","_kad_post_feature":"","_kad_post_feature_position":"","_kad_post_header":false,"_kad_post_footer":false,"_kad_post_classname":""},"product_brand":[],"product_cat":[19],"product_tag":[67,31,312,65],"class_list":{"0":"post-143","1":"product","2":"type-product","3":"status-publish","4":"has-post-thumbnail","6":"product_cat-textile-rfid-laundry-tag","7":"product_tag-heating-seal-uhf-rfid-laundry-tags","8":"product_tag-rfid-tag-for-linen-laundry","9":"product_tag-rfid-tags","10":"product_tag-textile-rfid-laundry-tags","12":"first","13":"instock","14":"shipping-taxable","15":"product-type-simple","16":"entry","17":"content-bg","18":"loop-entry"},"_links":{"self":[{"href":"https:\/\/rfid-laundry-tag.com\/tr\/wp-json\/wp\/v2\/product\/143","targetHints":{"allow":["GET"]}}],"collection":[{"href":"https:\/\/rfid-laundry-tag.com\/tr\/wp-json\/wp\/v2\/product"}],"about":[{"href":"https:\/\/rfid-laundry-tag.com\/tr\/wp-json\/wp\/v2\/types\/product"}],"version-history":[{"count":3,"href":"https:\/\/rfid-laundry-tag.com\/tr\/wp-json\/wp\/v2\/product\/143\/revisions"}],"predecessor-version":[{"id":2682,"href":"https:\/\/rfid-laundry-tag.com\/tr\/wp-json\/wp\/v2\/product\/143\/revisions\/2682"}],"wp:featuredmedia":[{"embeddable":true,"href":"https:\/\/rfid-laundry-tag.com\/tr\/wp-json\/wp\/v2\/media\/144"}],"wp:attachment":[{"href":"https:\/\/rfid-laundry-tag.com\/tr\/wp-json\/wp\/v2\/media?parent=143"}],"wp:term":[{"taxonomy":"product_brand","embeddable":true,"href":"https:\/\/rfid-laundry-tag.com\/tr\/wp-json\/wp\/v2\/product_brand?post=143"},{"taxonomy":"product_cat","embeddable":true,"href":"https:\/\/rfid-laundry-tag.com\/tr\/wp-json\/wp\/v2\/product_cat?post=143"},{"taxonomy":"product_tag","embeddable":true,"href":"https:\/\/rfid-laundry-tag.com\/tr\/wp-json\/wp\/v2\/product_tag?post=143"}],"curies":[{"name":"wp","href":"https:\/\/api.w.org\/{rel}","templated":true}]}}