{"id":136,"date":"2024-06-14T07:33:05","date_gmt":"2024-06-14T07:33:05","guid":{"rendered":"https:\/\/rfid-laundry-tag.com\/?post_type=product&#038;p=136"},"modified":"2024-09-08T04:31:40","modified_gmt":"2024-09-08T04:31:40","slug":"heating-seal-uhf-rfid-laundry-tags","status":"publish","type":"product","link":"https:\/\/rfid-laundry-tag.com\/tr\/heating-seal-uhf-rfid-laundry-tags\/","title":{"rendered":"Is\u0131tma M\u00fch\u00fcr UHF RFID \u00e7ama\u015f\u0131r etiketleri"},"content":{"rendered":"<div>\n<div class=\"auto-hide-last-sibling-br paragraph_1252f paragraph-element\">\n<h1>Is\u0131tma M\u00fch\u00fcr UHF RFID \u00e7ama\u015f\u0131r etiketleri<\/h1>\n<table width=\"593\">\n<tbody>\n<tr>\n<td width=\"233\">RF Hava Protokol\u00fc<\/td>\n<td colspan=\"4\" width=\"360\">EPC K\u00fcresel S\u0131n\u0131f 1 Gen2 ISO18000-6C<\/td>\n<\/tr>\n<tr>\n<td width=\"233\">\u00c7al\u0131\u015fma Frekans\u0131<\/td>\n<td colspan=\"4\" width=\"360\">UHF 866-868 MHz (ETSI) \/UHF 902-928 MHz (FCC)<\/td>\n<\/tr>\n<tr>\n<td width=\"233\">\u00c7evre Uyumlulu\u011fu<\/td>\n<td colspan=\"4\" width=\"360\">Havada Optimize Edildi<\/td>\n<\/tr>\n<tr>\n<td width=\"233\">Veri Saklama S\u00fcresi<\/td>\n<td colspan=\"4\" width=\"360\">50 Y\u0131l<\/td>\n<\/tr>\n<tr>\n<td width=\"233\">Okuma Aral\u0131\u011f\u0131<\/td>\n<td colspan=\"4\" width=\"360\">5,5 m&#039;ye kadar (metalden uzakta)<\/td>\n<\/tr>\n<tr>\n<td width=\"233\">Polarizasyon<\/td>\n<td colspan=\"4\" width=\"360\">Do\u011frusal<\/td>\n<\/tr>\n<tr>\n<td width=\"233\">IC Tipi<\/td>\n<td colspan=\"4\" width=\"360\">NXP U KODU 8,U KODU 9 vb.<\/td>\n<\/tr>\n<tr>\n<td width=\"233\">Bellek Yap\u0131land\u0131rmas\u0131<\/td>\n<td colspan=\"4\" width=\"360\">EPC 128bit TID 96bit Kullan\u0131c\u0131 32bit<\/td>\n<\/tr>\n<tr>\n<td colspan=\"5\" width=\"593\">Mekanik \u00d6zellikler<\/td>\n<\/tr>\n<tr>\n<td width=\"233\">Y\u00fczey Malzemeleri<\/td>\n<td colspan=\"4\" width=\"360\">Tekstil<\/td>\n<\/tr>\n<tr>\n<td width=\"233\">Boyutlar (mm)<\/td>\n<td colspan=\"4\" width=\"360\">15*70*1,5 mm<\/td>\n<\/tr>\n<tr>\n<td width=\"233\">A\u011f\u0131rl\u0131k (g)<\/td>\n<td colspan=\"4\" width=\"360\">0,7 gr<\/td>\n<\/tr>\n<tr>\n<td rowspan=\"2\" width=\"233\">EK<\/td>\n<td colspan=\"4\" width=\"360\">Etek ucunu veya dokuma etiketi dikin<\/td>\n<\/tr>\n<tr>\n<td colspan=\"4\" width=\"360\">215\u2103@15 sn ve 4 bar&#039;da \u0131s\u0131yla kapatma<\/td>\n<\/tr>\n<tr>\n<td width=\"233\">Renk<\/td>\n<td colspan=\"4\" width=\"360\">Beyaz<\/td>\n<\/tr>\n<tr>\n<td colspan=\"5\" width=\"593\">\u00c7evresel Ay\u0131rmalar<\/td>\n<\/tr>\n<tr>\n<td width=\"233\">\u00c7al\u0131\u015fma S\u0131cakl\u0131\u011f\u0131<\/td>\n<td colspan=\"4\" width=\"360\">-30\u00b0C ile +85\u00b0C aras\u0131<\/td>\n<\/tr>\n<tr>\n<td width=\"233\">Ortam S\u0131cakl\u0131\u011f\u0131<\/td>\n<td colspan=\"4\" width=\"360\">-30\u00b0C ile +100\u00b0C aras\u0131<\/td>\n<\/tr>\n<tr>\n<td width=\"233\">Mekanik Diren\u00e7<\/td>\n<td colspan=\"4\" width=\"360\">60 bar<\/td>\n<\/tr>\n<tr>\n<td width=\"233\">Kimyasal Diren\u00e7<\/td>\n<td colspan=\"4\" width=\"360\">Y\u0131kama i\u015flemlerinde normal yayg\u0131n kimyasallar<\/td>\n<\/tr>\n<tr>\n<td rowspan=\"4\" width=\"233\">Is\u0131 Direnci<\/td>\n<td colspan=\"4\" width=\"360\">Y\u0131kama: 90\u2103, 15 dakika, 200 \u00e7evrim<\/td>\n<\/tr>\n<tr>\n<td colspan=\"4\" width=\"360\">\u00d6n kurutma: 180\u2103, 30 dk<\/td>\n<\/tr>\n<tr>\n<td colspan=\"4\" width=\"360\">\u00dct\u00fcleme: 180\u2103, 10 sn, 200 d\u00f6ng\u00fc<\/td>\n<\/tr>\n<tr>\n<td colspan=\"4\" width=\"360\">Sterilizasyon: 135\u2103, 20 dakika<\/td>\n<\/tr>\n<tr>\n<td width=\"233\">IP S\u0131n\u0131fland\u0131rmas\u0131<\/td>\n<td colspan=\"4\" width=\"360\">IP68<\/td>\n<\/tr>\n<tr>\n<td width=\"233\">Garanti<\/td>\n<td colspan=\"4\" width=\"360\">2 y\u0131l veya 200 kez y\u0131kama<\/td>\n<\/tr>\n<\/tbody>\n<\/table>\n<\/div>\n<\/div>\n<div><\/div>\n<div>\n<div class=\"auto-hide-last-sibling-br paragraph_1252f paragraph-element\">RFID \u00e7ama\u015f\u0131r etiketleri, s\u00fcrekli olarak temiz \u00e7ar\u015faf, i\u015f \u00fcniformas\u0131, t\u0131bbi k\u0131yafet veya temizlik malzemesi tedarikine ihtiya\u00e7 duyan kurulu\u015flar i\u00e7in faydal\u0131 bir ara\u00e7t\u0131r ve otomatik sistemlerin y\u00fcksek miktardaki tek tek \u00fcr\u00fcnleri h\u0131zl\u0131 ve hassas bir \u015fekilde i\u015flemesini sa\u011flar.<\/div>\n<p>&nbsp;<\/p>\n<div class=\"auto-hide-last-sibling-br paragraph_1252f paragraph-element\">\u00dcniforma tedarik\u00e7ileri, misafirperverlik kurulu\u015flar\u0131, ticari temizlik hizmetleri ve sa\u011fl\u0131k kurulu\u015flar\u0131 taraf\u0131ndan b\u00fcy\u00fck \u00f6l\u00e7\u00fcde benimsenen bu kuma\u015f UHF RFID \u00e7ama\u015f\u0131r etiketleri, giyim, \u00e7ar\u015faf veya pa\u00e7avra gibi \u00e7e\u015fitli varl\u0131klar\u0131n izlenmesi prosed\u00fcr\u00fcn\u00fc basitle\u015ftirir. Bu, verimli envanter denetimi ve do\u011fru hesap y\u00f6netimi uygulamas\u0131na katk\u0131da bulunarak genel operasyonel verimlili\u011fi art\u0131r\u0131r. Hatas\u0131z veriler sa\u011flayarak ve izleme s\u00fcrecini otomatikle\u015ftirerek, bu sistem \u00fcr\u00fcn yerle\u015ftirme ve h\u0131rs\u0131zl\u0131\u011f\u0131 kontrol eder ve b\u00f6ylece kay\u0131plar\u0131 azalt\u0131r. Bu etiketlerin dayan\u0131kl\u0131 yap\u0131s\u0131, end\u00fcstriyel y\u0131kama s\u00fcre\u00e7lerine dayanmalar\u0131n\u0131 sa\u011flar. Envanterleri sistematik ve d\u00fczenli bir \u015fekilde y\u00f6netmek i\u00e7in ideal bir \u00e7\u00f6z\u00fcmd\u00fcr.<\/div>\n<\/div>\n<div><\/div>\n<div><\/div>\n<div><\/div>\n<div>\n<div class=\"auto-hide-last-sibling-br paragraph_1252f paragraph-element\"><span style=\"font-family: inherit; font-size: 24px; font-weight: bold;\">Kurulum<\/span><\/div>\n<\/div>\n<p><strong>Diki\u015f Etiketleme<\/strong>: Bir tekstilin ete\u011fine dikilecek. \u00c7ama\u015f\u0131r etiketini katlama \u00e7izgilerinden uza\u011fa dikin.<br \/>\n<strong>Is\u0131 S\u0131zd\u0131rmazl\u0131\u011f\u0131<\/strong>: +200\u00b0C (392\u00b0F) s\u0131cakl\u0131kta, 12~14 saniye boyunca do\u011frudan tekstil \u00fczerine \u0131s\u0131yla yap\u0131\u015ft\u0131r\u0131lmal\u0131d\u0131r.<br \/>\n<strong>Kese i\u00e7inde<\/strong>: Standart bak\u0131m etiketi gibi dikilmelidir. \u00c7ama\u015f\u0131r etiketini katlama \u00e7izgilerinden uza\u011fa dikin.<\/p>\n<p>&nbsp;<\/p>\n<div class=\"auto-hide-last-sibling-br paragraph_1252f paragraph-element\">\n<div class=\"auto-hide-last-sibling-br paragraph_1252f paragraph-element\">\u00c7ama\u015f\u0131r y\u0131kama i\u00e7in \u0131s\u0131tmal\u0131 yap\u0131\u015fkanl\u0131 UHF RFID \u00e7ama\u015f\u0131r etiketleri, \u00e7ok say\u0131da end\u00fcstride vazge\u00e7ilmezdir ve verimli varl\u0131k takibini, envanter y\u00f6netimini ve genel operasyonel verimlili\u011fi art\u0131rmay\u0131 \u00f6nemli \u00f6l\u00e7\u00fcde sa\u011flar. \u0130\u015fte \u00e7e\u015fitli sekt\u00f6rlerdeki uygulamalar\u0131na bir bak\u0131\u015f:<\/div>\n<div class=\"auto-hide-last-sibling-br paragraph_1252f paragraph-element\"><\/div>\n<p style=\"font-weight: 400;\"><span style=\"font-style: inherit; font-weight: inherit;\" data-spm-anchor-id=\"a2700.details.0.i52.7e74253fSAfL7T\">Nas\u0131l <\/span><b><strong style=\"font-style: inherit;\">G\u00dc\u00c7L\u00dc<\/strong><\/b><span style=\"font-style: inherit; font-weight: inherit;\"> bunlar ?<\/span><\/p>\n<p><b><strong>\u2460<\/strong><\/b>RFID \u00e7ipleri y\u00fcksek s\u0131cakl\u0131klarda zarar g\u00f6r\u00fcr m\u00fc?<span style=\"font-style: inherit; font-weight: inherit;\"> \u2013<\/span><b><strong>\u2714 RFID tekstil \u00e7ama\u015f\u0131r etiketlerimiz 200 \u00b0C&#039;de kullan\u0131lmak \u00fczere tasarlanm\u0131\u015ft\u0131r<\/strong><\/b><span style=\"font-style: inherit; font-weight: inherit;\">.<\/span><\/p>\n<p style=\"font-weight: 400;\"><b><strong>\u2461<\/strong><\/b>\u00dcniforma tekstil \u00fcr\u00fcnlerine yap\u0131\u015ft\u0131r\u0131lan etiketleri ka\u00e7 kez y\u0131kayabiliriz? <b><strong>\u2013\u2714RFID tekstil \u00e7ama\u015f\u0131r etiketlerimiz g\u00f6nderildikten sonra 2 y\u0131l boyunca 200&#039;den fazla kez y\u0131kanabilir ve garantilidir.<\/strong><\/b><\/p>\n<p style=\"font-weight: 400;\"><b><strong>\u2462<\/strong><\/b>Prestijli \u00fcniforma tekstil \u00fcr\u00fcnlerini harcayacak m\u0131y\u0131z, tala\u015f s\u0131k\u0131\u015fmas\u0131 durumunda \u00e7al\u0131\u015fmaya devam m\u0131 edece\u011fiz? <b><strong>\u2013\u2714Tekstil \u00fcr\u00fcnlerinizin preslenmesi esnas\u0131nda 60 bar bas\u0131nca dayan\u0131kl\u0131 tekstil \u00e7ama\u015f\u0131r etiketlerimizi tasarlad\u0131k.<\/strong><\/b><\/p>\n<p style=\"font-weight: 400;\"><b><strong>\u2463<\/strong><\/b>\u00dcniforma tekstil \u00fcr\u00fcnlerinde RFID tekstil \u00e7ama\u015f\u0131r etiketleri nereye yerle\u015ftirilir? <b><strong>\u2013 \u2714\u00dcniformalar\u0131n durumuna g\u00f6re RFID tekstil \u00e7ama\u015f\u0131r etiketi tak\u0131lmaktad\u0131r.<\/strong><\/b><\/p>\n<\/div>","protected":false},"excerpt":{"rendered":"<p>Is\u0131tmal\u0131 M\u00fch\u00fcr UHF RFID \u00e7ama\u015f\u0131r etiketleri ticari ve end\u00fcstriyel tekstil uygulamalar\u0131 i\u00e7in tasarlanm\u0131\u015ft\u0131r. Bu etiket son derece esnektir, geni\u015f bir aral\u0131ktan okunabilir ve yine de en do\u011fru verileri sa\u011flar. M\u00fc\u015fteriler, maliyetlerini d\u00fc\u015f\u00fck tutarak b\u00fcy\u00fck miktarda tekstil varl\u0131\u011f\u0131n\u0131 izlemek i\u00e7in kullanabilir ve y\u00f6netim verimlili\u011fini art\u0131rabilir.<\/p>","protected":false},"featured_media":137,"template":"","meta":{"_kad_post_transparent":"default","_kad_post_title":"","_kad_post_layout":"default","_kad_post_sidebar_id":"","_kad_post_content_style":"default","_kad_post_vertical_padding":"default","_kad_post_feature":"","_kad_post_feature_position":"","_kad_post_header":false,"_kad_post_footer":false,"_kad_post_classname":""},"product_brand":[],"product_cat":[19,16],"product_tag":[67,31,65],"class_list":{"0":"post-136","1":"product","2":"type-product","3":"status-publish","4":"has-post-thumbnail","6":"product_cat-textile-rfid-laundry-tag","7":"product_cat-uhf-rfid-laundry-tags","8":"product_tag-heating-seal-uhf-rfid-laundry-tags","9":"product_tag-rfid-tag-for-linen-laundry","10":"product_tag-textile-rfid-laundry-tags","12":"first","13":"instock","14":"shipping-taxable","15":"product-type-simple","16":"entry","17":"content-bg","18":"loop-entry"},"_links":{"self":[{"href":"https:\/\/rfid-laundry-tag.com\/tr\/wp-json\/wp\/v2\/product\/136","targetHints":{"allow":["GET"]}}],"collection":[{"href":"https:\/\/rfid-laundry-tag.com\/tr\/wp-json\/wp\/v2\/product"}],"about":[{"href":"https:\/\/rfid-laundry-tag.com\/tr\/wp-json\/wp\/v2\/types\/product"}],"version-history":[{"count":1,"href":"https:\/\/rfid-laundry-tag.com\/tr\/wp-json\/wp\/v2\/product\/136\/revisions"}],"predecessor-version":[{"id":1938,"href":"https:\/\/rfid-laundry-tag.com\/tr\/wp-json\/wp\/v2\/product\/136\/revisions\/1938"}],"wp:featuredmedia":[{"embeddable":true,"href":"https:\/\/rfid-laundry-tag.com\/tr\/wp-json\/wp\/v2\/media\/137"}],"wp:attachment":[{"href":"https:\/\/rfid-laundry-tag.com\/tr\/wp-json\/wp\/v2\/media?parent=136"}],"wp:term":[{"taxonomy":"product_brand","embeddable":true,"href":"https:\/\/rfid-laundry-tag.com\/tr\/wp-json\/wp\/v2\/product_brand?post=136"},{"taxonomy":"product_cat","embeddable":true,"href":"https:\/\/rfid-laundry-tag.com\/tr\/wp-json\/wp\/v2\/product_cat?post=136"},{"taxonomy":"product_tag","embeddable":true,"href":"https:\/\/rfid-laundry-tag.com\/tr\/wp-json\/wp\/v2\/product_tag?post=136"}],"curies":[{"name":"wp","href":"https:\/\/api.w.org\/{rel}","templated":true}]}}