{"id":134,"date":"2024-06-12T06:46:42","date_gmt":"2024-06-12T06:46:42","guid":{"rendered":"https:\/\/rfid-laundry-tag.com\/?post_type=product&#038;p=134"},"modified":"2024-09-08T05:24:19","modified_gmt":"2024-09-08T05:24:19","slug":"heating-adhesive-uhf-rfid-laundry-tags-for-uniform","status":"publish","type":"product","link":"https:\/\/rfid-laundry-tag.com\/tr\/heating-adhesive-uhf-rfid-laundry-tags-for-uniform\/","title":{"rendered":"\u00dcniforma i\u00e7in \u0131s\u0131tma yap\u0131\u015ft\u0131r\u0131c\u0131s\u0131 UHF RFID \u00e7ama\u015f\u0131r etiketleri"},"content":{"rendered":"<div>\n<div class=\"auto-hide-last-sibling-br paragraph_1252f paragraph-element\">\n<table width=\"637\">\n<tbody>\n<tr>\n<td width=\"328\">\u00dcr\u00fcn Ad\u0131:<\/td>\n<td width=\"309\">\u00dcniforma i\u00e7in \u0131s\u0131tma yap\u0131\u015ft\u0131r\u0131c\u0131s\u0131 UHF RFID \u00e7ama\u015f\u0131r etiketleri<\/td>\n<\/tr>\n<tr>\n<td width=\"328\">RFID Standard\u0131:<\/td>\n<td width=\"309\">ISO\/IEC 18000-6 TipC (EPC Gen2)<\/td>\n<\/tr>\n<tr>\n<td width=\"328\">Boyut ve A\u011f\u0131rl\u0131k:<\/td>\n<td width=\"309\">70\u00d715 mm, 0,6 gr<\/td>\n<\/tr>\n<tr>\n<td width=\"328\">\u00c7ip T\u00fcr\u00fc:<\/td>\n<td width=\"309\">Impinj Monza 4QT, NXP U KODU 9, U kodu 8 vb.<\/td>\n<\/tr>\n<tr>\n<td width=\"328\">EPC Belle\u011fi:<\/td>\n<td width=\"309\">128 bit<\/td>\n<\/tr>\n<tr>\n<td width=\"328\">Kullan\u0131c\u0131 Belle\u011fi:<\/td>\n<td width=\"309\">512 bit<\/td>\n<\/tr>\n<tr>\n<td width=\"328\">Okuma Aral\u0131\u011f\u0131(2W ERP FCC):<\/td>\n<td width=\"309\">8m<\/td>\n<\/tr>\n<tr>\n<td width=\"328\">Okuma Aral\u0131\u011f\u0131(2W ERP ETSI):<\/td>\n<td width=\"309\">8m<\/td>\n<\/tr>\n<tr>\n<td width=\"328\">Etiketleme:<\/td>\n<td width=\"309\">Diki\u015f, S\u0131cak damgalama yap\u0131\u015ft\u0131r\u0131c\u0131s\u0131<\/td>\n<\/tr>\n<tr>\n<td width=\"328\">Tahmini \u00d6m\u00fcr:<\/td>\n<td width=\"309\">200 y\u0131kama d\u00f6ng\u00fcs\u00fc veya 3 y\u0131l, hangisi \u00f6nce ger\u00e7ekle\u015firse<\/td>\n<\/tr>\n<tr>\n<td width=\"328\">Y\u0131kama Y\u00f6ntemi:<\/td>\n<td width=\"309\">\u00c7ama\u015f\u0131rhane, Kuru temizleme<\/td>\n<\/tr>\n<tr>\n<td width=\"328\">Su \u00c7\u0131karma Bas\u0131nc\u0131:<\/td>\n<td width=\"309\">60 bar<\/td>\n<\/tr>\n<tr>\n<td width=\"328\">Suya Dayan\u0131kl\u0131l\u0131k:<\/td>\n<td width=\"309\">Su ge\u00e7irmez<\/td>\n<\/tr>\n<tr>\n<td width=\"328\">Kimyasal Diren\u00e7:<\/td>\n<td width=\"309\">Deterjan, Yumu\u015fat\u0131c\u0131, \u00c7ama\u015f\u0131r Suyu (Oksijen\/ Klor), Alkali<\/td>\n<\/tr>\n<tr>\n<td width=\"328\">Tumbler&#039;da \u00d6n Kurutma:<\/td>\n<td width=\"309\">125 \u00baC&#039;de 15-20 dakika<\/td>\n<\/tr>\n<tr>\n<td width=\"328\">Sterilizasyon S\u0131cakl\u0131\u011f\u0131:<\/td>\n<td width=\"309\">135\u00b0C&#039;de 15-20 dakika<\/td>\n<\/tr>\n<tr>\n<td width=\"328\">Y\u0131kama S\u0131cakl\u0131\u011f\u0131:<\/td>\n<td width=\"309\">90\u00b0C ,15dk&#039;ya kadar.<\/td>\n<\/tr>\n<tr>\n<td width=\"328\">Nem\/S\u0131cakl\u0131k-\u00c7al\u0131\u015fma:<\/td>\n<td width=\"309\">-20 ila 110\u00b0C, 8 ila 95%RH<\/td>\n<\/tr>\n<tr>\n<td width=\"328\">Nem\/S\u0131cakl\u0131k-Depolama:<\/td>\n<td width=\"309\">-40 ila 110\u00b0C, 8 ila 95%RH<\/td>\n<\/tr>\n<\/tbody>\n<\/table>\n<\/div>\n<div class=\"auto-hide-last-sibling-br paragraph_1252f paragraph-element\"><\/div>\n<\/div>\n<div><\/div>\n<div class=\"auto-hide-last-sibling-br paragraph_1252f paragraph-element\">\n<div data-spm-anchor-id=\"a2700.details.0.i57.23b419c7xXORP0\"><span data-spm-anchor-id=\"a2700.details.0.i75.23b419c7xXORP0\"><b>\u00d6zellik:<\/b><br \/>\n1) Ayn\u0131 anda y\u00fczlerce etiketi okuyabilen UHF teknolojisi.<br \/>\n2) 8 feet&#039;ten fazla okuma mesafesi.<br \/>\n3) D\u00fcz \u00e7ama\u015f\u0131rlarda performans\u0131n art\u0131r\u0131lmas\u0131 i\u00e7in yeni mekanik tasar\u0131m.<br \/>\n4) 60 bara kadar y\u00fcksek bas\u0131n\u00e7l\u0131 aspirat\u00f6rlere uygundur.<br \/>\n5) Otoklav sterilizasyonuna uygundur.<br \/>\n6) Tekstil, \u00e7ar\u015faf, giysi ve aksesuarlar i\u00e7in ideal, k\u00fc\u00e7\u00fck, yumu\u015fak, esnek malzeme.<\/span><\/div>\n<\/div>\n<div data-spm-anchor-id=\"a2700.details.0.i57.23b419c7xXORP0\"><\/div>\n<div data-spm-anchor-id=\"a2700.details.0.i57.23b419c7xXORP0\">\n<p><img fetchpriority=\"high\" decoding=\"async\" class=\"wp-image-55\" src=\"https:\/\/rfid-laundry-tag.com\/wp-content\/uploads\/2024\/06\/4-300x275.png\" alt=\"\u00c7ama\u015f\u0131r y\u0131kama i\u00e7in RFID Etiketi\" width=\"605\" height=\"555\" srcset=\"https:\/\/rfid-laundry-tag.com\/wp-content\/uploads\/2024\/06\/4-300x275.png 300w, https:\/\/rfid-laundry-tag.com\/wp-content\/uploads\/2024\/06\/4-600x550.png 600w, https:\/\/rfid-laundry-tag.com\/wp-content\/uploads\/2024\/06\/4-13x12.png 13w, https:\/\/rfid-laundry-tag.com\/wp-content\/uploads\/2024\/06\/4.png 750w\" sizes=\"(max-width: 605px) 100vw, 605px\" \/><\/p>\n<\/div>\n<h3 class=\"wp-block-heading\">Kurulum<\/h3>\n<p><strong>Diki\u015f Etiketleme<\/strong>: Bir tekstilin ete\u011fine dikilecek. \u00c7ama\u015f\u0131r etiketini katlama \u00e7izgilerinden uza\u011fa dikin.<br \/>\n<strong>Is\u0131 S\u0131zd\u0131rmazl\u0131\u011f\u0131<\/strong>: +200\u00b0C (392\u00b0F) s\u0131cakl\u0131kta, 12~14 saniye boyunca do\u011frudan tekstil \u00fczerine \u0131s\u0131yla yap\u0131\u015ft\u0131r\u0131lmal\u0131d\u0131r.<br \/>\n<strong>Kese i\u00e7inde<\/strong>: Standart bak\u0131m etiketi gibi dikilmelidir. \u00c7ama\u015f\u0131r etiketini katlama \u00e7izgilerinden uza\u011fa dikin.<\/p>\n<div class=\"auto-hide-last-sibling-br paragraph_1252f paragraph-element\">\n<div class=\"auto-hide-last-sibling-br paragraph_1252f paragraph-element\">\u00c7ama\u015f\u0131r y\u0131kama i\u00e7in \u0131s\u0131tmal\u0131 yap\u0131\u015fkanl\u0131 UHF RFID \u00e7ama\u015f\u0131r etiketleri, \u00e7ok say\u0131da end\u00fcstride vazge\u00e7ilmezdir ve verimli varl\u0131k takibini, envanter y\u00f6netimini ve genel operasyonel verimlili\u011fi art\u0131rmay\u0131 \u00f6nemli \u00f6l\u00e7\u00fcde sa\u011flar. \u0130\u015fte \u00e7e\u015fitli sekt\u00f6rlerdeki uygulamalar\u0131na bir bak\u0131\u015f:<\/div>\n<div class=\"auto-hide-last-sibling-br paragraph_1252f paragraph-element\"><\/div>\n<p style=\"font-weight: 400;\"><span style=\"font-style: inherit; font-weight: inherit;\" data-spm-anchor-id=\"a2700.details.0.i52.7e74253fSAfL7T\">Nas\u0131l <\/span><b><strong style=\"font-style: inherit;\">G\u00dc\u00c7L\u00dc<\/strong><\/b><span style=\"font-style: inherit; font-weight: inherit;\"> bunlar ?<\/span><\/p>\n<p><b><strong>\u2460<\/strong><\/b>RFID \u00e7ipleri y\u00fcksek s\u0131cakl\u0131klarda zarar g\u00f6r\u00fcr m\u00fc?<span style=\"font-style: inherit; font-weight: inherit;\"> \u2013<\/span><b><strong>\u2714 RFID tekstil \u00e7ama\u015f\u0131r etiketlerimiz 200 \u00b0C&#039;de kullan\u0131lmak \u00fczere tasarlanm\u0131\u015ft\u0131r<\/strong><\/b><span style=\"font-style: inherit; font-weight: inherit;\">.<\/span><\/p>\n<p style=\"font-weight: 400;\"><b><strong>\u2461<\/strong><\/b>\u00dcniforma tekstil \u00fcr\u00fcnlerine yap\u0131\u015ft\u0131r\u0131lan etiketleri ka\u00e7 kez y\u0131kayabiliriz? <b><strong>\u2013\u2714RFID tekstil \u00e7ama\u015f\u0131r etiketlerimiz g\u00f6nderildikten sonra 2 y\u0131l boyunca 200&#039;den fazla kez y\u0131kanabilir ve garantilidir.<\/strong><\/b><\/p>\n<p style=\"font-weight: 400;\"><b><strong>\u2462<\/strong><\/b>Prestijli \u00fcniforma tekstil \u00fcr\u00fcnlerini harcayacak m\u0131y\u0131z, tala\u015f s\u0131k\u0131\u015fmas\u0131 durumunda \u00e7al\u0131\u015fmaya devam m\u0131 edece\u011fiz? <b><strong>\u2013\u2714Tekstil \u00fcr\u00fcnlerinizin preslenmesi esnas\u0131nda 60 bar bas\u0131nca dayan\u0131kl\u0131 tekstil \u00e7ama\u015f\u0131r etiketlerimizi tasarlad\u0131k.<\/strong><\/b><\/p>\n<p style=\"font-weight: 400;\"><b><strong>\u2463<\/strong><\/b>\u00dcniforma tekstil \u00fcr\u00fcnlerinde RFID tekstil \u00e7ama\u015f\u0131r etiketleri nereye yerle\u015ftirilir? <b><strong>\u2013 \u2714\u00dcniformalar\u0131n durumuna g\u00f6re RFID tekstil \u00e7ama\u015f\u0131r etiketi tak\u0131lmaktad\u0131r.<\/strong><\/b><\/p>\n<\/div>","protected":false},"excerpt":{"rendered":"<p>Temiz \u00e7ar\u015faflara, i\u015f k\u0131yafetlerine, t\u0131bbi k\u0131yafetlere veya temizlik malzemelerine y\u00f6nelik s\u00fcrekli bir talep vard\u0131r; RFID \u00e7ama\u015f\u0131r etiketleri, \u00e7ok say\u0131da benzersiz \u00f6\u011fenin h\u0131zl\u0131 ve hassas bir \u015fekilde izlenmesinde otomatik sistemleri kolayla\u015ft\u0131r\u0131r. Bu tekstil bazl\u0131 UHF RFID \u00e7ama\u015f\u0131r etiketleri, \u00fcniforma sa\u011flay\u0131c\u0131lar\u0131na, konaklama i\u015fletmelerine, ticari temizlik hizmetlerine ve sa\u011fl\u0131k tesislerine giysileri, yatak tak\u0131mlar\u0131n\u0131, bezleri ve di\u011fer varl\u0131klar\u0131 ba\u011f\u0131ms\u0131z olarak izleme olana\u011f\u0131 sa\u011flar. Bu, envanter ve muhasebe s\u00fcre\u00e7lerinin hassas ve verimli y\u00f6netimini sa\u011flar.<\/p>","protected":false},"featured_media":135,"template":"","meta":{"_kad_post_transparent":"default","_kad_post_title":"","_kad_post_layout":"default","_kad_post_sidebar_id":"","_kad_post_content_style":"default","_kad_post_vertical_padding":"default","_kad_post_feature":"","_kad_post_feature_position":"","_kad_post_header":false,"_kad_post_footer":false,"_kad_post_classname":""},"product_brand":[],"product_cat":[19,16],"product_tag":[66,31,65],"class_list":{"0":"post-134","1":"product","2":"type-product","3":"status-publish","4":"has-post-thumbnail","6":"product_cat-textile-rfid-laundry-tag","7":"product_cat-uhf-rfid-laundry-tags","8":"product_tag-heating-adhesive-uhf-rfid-laundry-tags","9":"product_tag-rfid-tag-for-linen-laundry","10":"product_tag-textile-rfid-laundry-tags","12":"first","13":"instock","14":"shipping-taxable","15":"product-type-simple","16":"entry","17":"content-bg","18":"loop-entry"},"_links":{"self":[{"href":"https:\/\/rfid-laundry-tag.com\/tr\/wp-json\/wp\/v2\/product\/134","targetHints":{"allow":["GET"]}}],"collection":[{"href":"https:\/\/rfid-laundry-tag.com\/tr\/wp-json\/wp\/v2\/product"}],"about":[{"href":"https:\/\/rfid-laundry-tag.com\/tr\/wp-json\/wp\/v2\/types\/product"}],"version-history":[{"count":1,"href":"https:\/\/rfid-laundry-tag.com\/tr\/wp-json\/wp\/v2\/product\/134\/revisions"}],"predecessor-version":[{"id":1942,"href":"https:\/\/rfid-laundry-tag.com\/tr\/wp-json\/wp\/v2\/product\/134\/revisions\/1942"}],"wp:featuredmedia":[{"embeddable":true,"href":"https:\/\/rfid-laundry-tag.com\/tr\/wp-json\/wp\/v2\/media\/135"}],"wp:attachment":[{"href":"https:\/\/rfid-laundry-tag.com\/tr\/wp-json\/wp\/v2\/media?parent=134"}],"wp:term":[{"taxonomy":"product_brand","embeddable":true,"href":"https:\/\/rfid-laundry-tag.com\/tr\/wp-json\/wp\/v2\/product_brand?post=134"},{"taxonomy":"product_cat","embeddable":true,"href":"https:\/\/rfid-laundry-tag.com\/tr\/wp-json\/wp\/v2\/product_cat?post=134"},{"taxonomy":"product_tag","embeddable":true,"href":"https:\/\/rfid-laundry-tag.com\/tr\/wp-json\/wp\/v2\/product_tag?post=134"}],"curies":[{"name":"wp","href":"https:\/\/api.w.org\/{rel}","templated":true}]}}