{"id":127,"date":"2024-06-12T06:15:43","date_gmt":"2024-06-12T06:15:43","guid":{"rendered":"https:\/\/rfid-laundry-tag.com\/?post_type=product&#038;p=127"},"modified":"2024-06-12T06:21:05","modified_gmt":"2024-06-12T06:21:05","slug":"silicone-rubber-uhf-rfid-laundry-tag","status":"publish","type":"product","link":"https:\/\/rfid-laundry-tag.com\/tr\/silicone-rubber-uhf-rfid-laundry-tag\/","title":{"rendered":"Silikon Kau\u00e7uk UHF RFID \u00c7ama\u015f\u0131r Etiketi"},"content":{"rendered":"<table style=\"border-collapse: collapse; width: 711px; height: 751px;\" border=\"0\" width=\"537\" cellspacing=\"0\" cellpadding=\"0\">\n<tbody>\n<tr style=\"height: 14.40pt;\">\n<td class=\"et2\" style=\"height: 14.40pt; width: 136.80pt;\" width=\"228\" height=\"24\">Malzeme<\/td>\n<td class=\"et2\" style=\"width: 185.40pt;\" width=\"309\">Silikon<\/td>\n<\/tr>\n<tr style=\"height: 14.40pt;\">\n<td class=\"et3\" style=\"height: 14.40pt; width: 136.80pt;\" width=\"228\" height=\"24\">Boyut<\/td>\n<td class=\"et3\" style=\"width: 185.40pt;\" width=\"309\">55x12mm, 56x20mm, 85x27mm<\/td>\n<\/tr>\n<tr style=\"height: 14.40pt;\">\n<td class=\"et3\" style=\"height: 14.40pt; width: 136.80pt;\" width=\"228\" height=\"24\">S\u0131kl\u0131k<\/td>\n<td class=\"et3\" style=\"width: 185.40pt;\" width=\"309\">860-960mhz<\/td>\n<\/tr>\n<tr style=\"height: 27.60pt;\">\n<td class=\"et3\" style=\"height: 27.60pt; width: 136.80pt;\" width=\"228\" height=\"46\">IC Tipi (\u00e7ip)<\/td>\n<td class=\"et3\" style=\"width: 185.40pt;\" width=\"309\">U7\/U8 (Alien H3 ve Impinj Monza R6 mevcuttur)<\/td>\n<\/tr>\n<tr style=\"height: 27.60pt;\">\n<td class=\"et3\" style=\"height: 27.60pt; width: 136.80pt;\" width=\"228\" height=\"46\">Protokol<\/td>\n<td class=\"et3\" style=\"width: 185.40pt;\" width=\"309\">EPC Global S\u0131n\u0131f 1 Gen2 ve ISO18000-6C<\/td>\n<\/tr>\n<tr style=\"height: 14.40pt;\">\n<td class=\"et3\" style=\"height: 14.40pt; width: 136.80pt;\" width=\"228\" height=\"24\">Haf\u0131za<\/td>\n<td class=\"et3\" style=\"width: 185.40pt;\" width=\"309\">128 bit<\/td>\n<\/tr>\n<tr style=\"height: 14.40pt;\">\n<td class=\"et3\" style=\"height: 14.40pt; width: 136.80pt;\" width=\"228\" height=\"24\">Etiket Form Fakt\u00f6r\u00fc<\/td>\n<td class=\"et3\" style=\"width: 185.40pt;\" width=\"309\">Esnek<\/td>\n<\/tr>\n<tr style=\"height: 14.40pt;\">\n<td class=\"et3\" style=\"height: 14.40pt; width: 136.80pt;\" width=\"228\" height=\"24\">\u00c7arp\u0131\u015fma \u00d6nleyici<\/td>\n<td class=\"et3\" style=\"width: 185.40pt;\" width=\"309\">Evet<\/td>\n<\/tr>\n<tr style=\"height: 14.40pt;\">\n<td class=\"et3\" style=\"height: 14.40pt; width: 136.80pt;\" width=\"228\" height=\"24\">\u00c7al\u0131\u015fma S\u0131cakl\u0131\u011f\u0131<\/td>\n<td class=\"et3\" style=\"width: 185.40pt;\" width=\"309\">-25 \u00b0C \/ +200 \u00b0C<\/td>\n<\/tr>\n<tr style=\"height: 14.40pt;\">\n<td class=\"et3\" style=\"height: 14.40pt; width: 136.80pt;\" width=\"228\" height=\"24\">Okuma Mesafesi<\/td>\n<td class=\"et3\" style=\"width: 185.40pt;\" width=\"309\">1-7m<\/td>\n<\/tr>\n<tr style=\"height: 14.40pt;\">\n<td class=\"et3\" style=\"height: 14.40pt; width: 136.80pt;\" width=\"228\" height=\"24\">Ekler<\/td>\n<td class=\"et3\" style=\"width: 185.40pt;\" width=\"309\">Ketenler ve giysiler<\/td>\n<\/tr>\n<tr style=\"height: 14.40pt;\">\n<td class=\"et3\" style=\"height: 14.40pt; width: 136.80pt;\" width=\"228\" height=\"24\">IP Derecelendirmesi<\/td>\n<td class=\"et3\" style=\"width: 185.40pt;\" width=\"309\">IP68<\/td>\n<\/tr>\n<tr style=\"height: 14.40pt;\">\n<td class=\"et3\" style=\"height: 14.40pt; width: 136.80pt;\" width=\"228\" height=\"24\">Renk<\/td>\n<td class=\"et3\" style=\"width: 185.40pt;\" width=\"309\">Beyaz\/Mavi veya \u00f6zelle\u015ftirilmi\u015f<\/td>\n<\/tr>\n<tr style=\"height: 17.40pt;\">\n<td class=\"et4\" style=\"height: 17.40pt; width: 322.20pt;\" colspan=\"2\" width=\"537\" height=\"29\">Y\u0131kama<\/td>\n<\/tr>\n<tr style=\"height: 27.60pt;\">\n<td class=\"et3\" style=\"height: 27.60pt; width: 136.80pt;\" width=\"228\" height=\"46\">Maruz Kalmaya Dayan\u0131kl\u0131<\/td>\n<td class=\"et3\" style=\"width: 185.40pt;\" width=\"309\">su ve ticari \u00e7ama\u015f\u0131rhane ve kuru temizlemede yayg\u0131n olan t\u00fcm kimyasallar<\/td>\n<\/tr>\n<tr style=\"height: 14.40pt;\">\n<td class=\"et3\" style=\"height: 14.40pt; width: 136.80pt;\" width=\"228\" height=\"24\">Y\u0131kama D\u00f6ng\u00fcleri<\/td>\n<td class=\"et3\" style=\"width: 185.40pt;\" width=\"309\">200&#039;e kadar ticari y\u0131kama d\u00f6ng\u00fcs\u00fc<\/td>\n<\/tr>\n<tr style=\"height: 27.60pt;\">\n<td class=\"et3\" style=\"height: 27.60pt; width: 136.80pt;\" width=\"228\" height=\"46\">Y\u0131kama<\/td>\n<td class=\"et3\" style=\"width: 185.40pt;\" width=\"309\">150 \u00baC 15-20 dakika \u2013 150 d\u00f6ng\u00fc<\/td>\n<\/tr>\n<tr style=\"height: 27.60pt;\">\n<td class=\"et3\" style=\"height: 27.60pt; width: 136.80pt;\" width=\"228\" height=\"46\">Kurutma<\/td>\n<td class=\"et3\" style=\"width: 185.40pt;\" width=\"309\">95\u00b0C (60dk&#039;ya kadar), 130\u00b0C (30dk&#039;ya kadar)<\/td>\n<\/tr>\n<tr style=\"height: 14.40pt;\">\n<td class=\"et3\" style=\"height: 14.40pt; width: 136.80pt;\" width=\"228\" height=\"24\">T\u00fcnel Bitirici<\/td>\n<td class=\"et3\" style=\"width: 185.40pt;\" width=\"309\">200\u00b0C&#039;de 30 dakika<\/td>\n<\/tr>\n<tr style=\"height: 14.40pt;\">\n<td class=\"et3\" style=\"height: 14.40pt; width: 136.80pt;\" width=\"228\" height=\"24\">\u00dct\u00fcleme<\/td>\n<td class=\"et3\" style=\"width: 185.40pt;\" width=\"309\">250\u00b0C (60 saniyeye kadar)<\/td>\n<\/tr>\n<\/tbody>\n<\/table>\n<p data-spm-anchor-id=\"a2700.details.0.i116.60201a70jOXdOd\">\n<p data-spm-anchor-id=\"a2700.details.0.i116.60201a70jOXdOd\"><strong>Silikon Kau\u00e7uk UHF RFID \u00c7ama\u015f\u0131r Etiketi<\/strong>\u00a0\u00c7ama\u015f\u0131rhane hizmetlerinde otomatik izleme ve stok y\u00f6netimi i\u00e7in en son yenili\u011fi temsil eder. Kimyasal s\u0131v\u0131lara ve \u0131s\u0131ya dayan\u0131kl\u0131 bu ince, esnek, nazik ve \u015f\u0131k etiketler, 200 tambur y\u0131kama ve \u0131s\u0131 kurutma d\u00f6ng\u00fcs\u00fcne, temizleme ve \u00fct\u00fclemeye kadar dayanabilen g\u00fc\u00e7l\u00fc bir RFID transponder ile donat\u0131lm\u0131\u015ft\u0131r. Genellikle end\u00fcstriyel \u00e7ama\u015f\u0131r sekt\u00f6r\u00fcnde izleme i\u00e7in kullan\u0131lan 5512 Silikon RFID \u00c7ama\u015f\u0131rhane Etiketleri, yatak \u00e7ar\u015faflar\u0131, bluzlar, havlular, t\u0131bbi \u00fcniformalar ve daha fazlas\u0131 dahil olmak \u00fczere \u00e7e\u015fitli tekstil malzemelerine sorunsuz bir \u015fekilde uyum sa\u011flayabilir.<\/p>\n<p data-spm-anchor-id=\"a2700.details.0.i116.60201a70jOXdOd\"><strong>Ba\u015fvuru :<\/strong><\/p>\n<ul>\n<li>Otel yatak \u00f6rt\u00fcleri Takip y\u00f6netimi<\/li>\n<li>Fabrika\/depo\/otel\/hastane\/e\u011flence park\u0131<\/li>\n<li data-spm-anchor-id=\"a2700.details.0.i115.60201a70jOXdOd\"><span data-spm-anchor-id=\"a2700.details.0.i120.60201a70jOXdOd\">Hastane \u00fcniformalar\u0131<\/span><\/li>\n<li data-spm-anchor-id=\"a2700.details.0.i118.60201a70jOXdOd\">Ketenler\/ Paletler\/ Bez \u00e7antalar<\/li>\n<li>Kuru temizlemeciler<\/li>\n<li>Otel \u00e7ar\u015faf\u0131nda kullan\u0131l\u0131r.\/ Tekstile tutturulur.\/ \u0130\u015f elbiselerinde kullan\u0131l\u0131r.<\/li>\n<li>Giyim fabrikas\u0131, Kuma\u015f fabrikas\u0131.<\/li>\n<\/ul>\n<p>&nbsp;<\/p>","protected":false},"excerpt":{"rendered":"<p>Silikon Kau\u00e7uk UHF RFID \u00c7ama\u015f\u0131r Etiketi hem esnek hem de sa\u011flamd\u0131r, s\u00fcrekli y\u00fcksek bas\u0131n\u00e7l\u0131 kurutma ve k\u0131sa s\u00fcreli \u00fct\u00fcleme gibi zorlu \u00e7ama\u015f\u0131r y\u0131kama ko\u015fullar\u0131na dayanacak \u015fekilde tasarlanm\u0131\u015ft\u0131r. UHF teknolojisini kullanan bu silikon \u00e7ama\u015f\u0131r etiketleri ileti\u015fim yeteneklerini \u00f6nemli \u00f6l\u00e7\u00fcde art\u0131r\u0131r. Y\u00fczlerce etiketi ayn\u0131 anda okuyabilme yetenekleri, yaln\u0131zca barkod veya HF (y\u00fcksek frekansl\u0131) RFID etiket y\u00f6netimiyle ili\u015fkili i\u015f\u00e7ilik maliyetlerini azaltmakla kalmaz, ayn\u0131 zamanda uygun maliyetli bir izleme \u00e7\u00f6z\u00fcm\u00fc de sunar.<\/p>","protected":false},"featured_media":128,"template":"","meta":{"_kad_post_transparent":"default","_kad_post_title":"","_kad_post_layout":"default","_kad_post_sidebar_id":"","_kad_post_content_style":"default","_kad_post_vertical_padding":"default","_kad_post_feature":"","_kad_post_feature_position":"","_kad_post_header":false,"_kad_post_footer":false,"_kad_post_classname":""},"product_brand":[],"product_cat":[20,16],"product_tag":[63,62,64,61],"class_list":{"0":"post-127","1":"product","2":"type-product","3":"status-publish","4":"has-post-thumbnail","6":"product_cat-silicone-rfid-laundry-tag","7":"product_cat-uhf-rfid-laundry-tags","8":"product_tag-rfid-washing-tag","9":"product_tag-silicone-rfid-laundry-tag","10":"product_tag-silicone-rubber-uhf-rfid-laundry-tag","11":"product_tag-silicone-washable-rfid-laundry-tag","13":"first","14":"instock","15":"shipping-taxable","16":"product-type-simple","17":"entry","18":"content-bg","19":"loop-entry"},"_links":{"self":[{"href":"https:\/\/rfid-laundry-tag.com\/tr\/wp-json\/wp\/v2\/product\/127","targetHints":{"allow":["GET"]}}],"collection":[{"href":"https:\/\/rfid-laundry-tag.com\/tr\/wp-json\/wp\/v2\/product"}],"about":[{"href":"https:\/\/rfid-laundry-tag.com\/tr\/wp-json\/wp\/v2\/types\/product"}],"version-history":[{"count":0,"href":"https:\/\/rfid-laundry-tag.com\/tr\/wp-json\/wp\/v2\/product\/127\/revisions"}],"wp:featuredmedia":[{"embeddable":true,"href":"https:\/\/rfid-laundry-tag.com\/tr\/wp-json\/wp\/v2\/media\/128"}],"wp:attachment":[{"href":"https:\/\/rfid-laundry-tag.com\/tr\/wp-json\/wp\/v2\/media?parent=127"}],"wp:term":[{"taxonomy":"product_brand","embeddable":true,"href":"https:\/\/rfid-laundry-tag.com\/tr\/wp-json\/wp\/v2\/product_brand?post=127"},{"taxonomy":"product_cat","embeddable":true,"href":"https:\/\/rfid-laundry-tag.com\/tr\/wp-json\/wp\/v2\/product_cat?post=127"},{"taxonomy":"product_tag","embeddable":true,"href":"https:\/\/rfid-laundry-tag.com\/tr\/wp-json\/wp\/v2\/product_tag?post=127"}],"curies":[{"name":"wp","href":"https:\/\/api.w.org\/{rel}","templated":true}]}}