{"id":124,"date":"2024-06-12T06:05:28","date_gmt":"2024-06-12T06:05:28","guid":{"rendered":"https:\/\/rfid-laundry-tag.com\/?post_type=product&#038;p=124"},"modified":"2024-06-12T06:13:37","modified_gmt":"2024-06-12T06:13:37","slug":"rfid-silicone-washing-tag","status":"publish","type":"product","link":"https:\/\/rfid-laundry-tag.com\/tr\/rfid-silicone-washing-tag\/","title":{"rendered":"RFID Silikon Y\u0131kama Etiketi"},"content":{"rendered":"<table style=\"border-collapse: collapse; width: 711px; height: 751px;\" border=\"0\" width=\"537\" cellspacing=\"0\" cellpadding=\"0\">\n<tbody>\n<tr style=\"height: 14.40pt;\">\n<td class=\"et2\" style=\"height: 14.40pt; width: 136.80pt;\" width=\"228\" height=\"24\">Malzeme<\/td>\n<td class=\"et2\" style=\"width: 185.40pt;\" width=\"309\">Silikon<\/td>\n<\/tr>\n<tr style=\"height: 14.40pt;\">\n<td class=\"et3\" style=\"height: 14.40pt; width: 136.80pt;\" width=\"228\" height=\"24\">Boyut<\/td>\n<td class=\"et3\" style=\"width: 185.40pt;\" width=\"309\">55x12mm, 56x20mm, 85x27mm<\/td>\n<\/tr>\n<tr style=\"height: 14.40pt;\">\n<td class=\"et3\" style=\"height: 14.40pt; width: 136.80pt;\" width=\"228\" height=\"24\">S\u0131kl\u0131k<\/td>\n<td class=\"et3\" style=\"width: 185.40pt;\" width=\"309\">860-960mhz<\/td>\n<\/tr>\n<tr style=\"height: 27.60pt;\">\n<td class=\"et3\" style=\"height: 27.60pt; width: 136.80pt;\" width=\"228\" height=\"46\">IC Tipi (\u00e7ip)<\/td>\n<td class=\"et3\" style=\"width: 185.40pt;\" width=\"309\">U7\/U8 (Alien H3 ve Impinj Monza R6 mevcuttur)<\/td>\n<\/tr>\n<tr style=\"height: 27.60pt;\">\n<td class=\"et3\" style=\"height: 27.60pt; width: 136.80pt;\" width=\"228\" height=\"46\">Protokol<\/td>\n<td class=\"et3\" style=\"width: 185.40pt;\" width=\"309\">EPC Global S\u0131n\u0131f 1 Gen2 ve ISO18000-6C<\/td>\n<\/tr>\n<tr style=\"height: 14.40pt;\">\n<td class=\"et3\" style=\"height: 14.40pt; width: 136.80pt;\" width=\"228\" height=\"24\">Haf\u0131za<\/td>\n<td class=\"et3\" style=\"width: 185.40pt;\" width=\"309\">128 bit<\/td>\n<\/tr>\n<tr style=\"height: 14.40pt;\">\n<td class=\"et3\" style=\"height: 14.40pt; width: 136.80pt;\" width=\"228\" height=\"24\">Etiket Form Fakt\u00f6r\u00fc<\/td>\n<td class=\"et3\" style=\"width: 185.40pt;\" width=\"309\">Esnek<\/td>\n<\/tr>\n<tr style=\"height: 14.40pt;\">\n<td class=\"et3\" style=\"height: 14.40pt; width: 136.80pt;\" width=\"228\" height=\"24\">\u00c7arp\u0131\u015fma \u00d6nleyici<\/td>\n<td class=\"et3\" style=\"width: 185.40pt;\" width=\"309\">Evet<\/td>\n<\/tr>\n<tr style=\"height: 14.40pt;\">\n<td class=\"et3\" style=\"height: 14.40pt; width: 136.80pt;\" width=\"228\" height=\"24\">\u00c7al\u0131\u015fma S\u0131cakl\u0131\u011f\u0131<\/td>\n<td class=\"et3\" style=\"width: 185.40pt;\" width=\"309\">-25 \u00b0C \/ +200 \u00b0C<\/td>\n<\/tr>\n<tr style=\"height: 14.40pt;\">\n<td class=\"et3\" style=\"height: 14.40pt; width: 136.80pt;\" width=\"228\" height=\"24\">Okuma Mesafesi<\/td>\n<td class=\"et3\" style=\"width: 185.40pt;\" width=\"309\">1-7m<\/td>\n<\/tr>\n<tr style=\"height: 14.40pt;\">\n<td class=\"et3\" style=\"height: 14.40pt; width: 136.80pt;\" width=\"228\" height=\"24\">Ekler<\/td>\n<td class=\"et3\" style=\"width: 185.40pt;\" width=\"309\">Ketenler ve giysiler<\/td>\n<\/tr>\n<tr style=\"height: 14.40pt;\">\n<td class=\"et3\" style=\"height: 14.40pt; width: 136.80pt;\" width=\"228\" height=\"24\">IP Derecelendirmesi<\/td>\n<td class=\"et3\" style=\"width: 185.40pt;\" width=\"309\">IP68<\/td>\n<\/tr>\n<tr style=\"height: 14.40pt;\">\n<td class=\"et3\" style=\"height: 14.40pt; width: 136.80pt;\" width=\"228\" height=\"24\">Renk<\/td>\n<td class=\"et3\" style=\"width: 185.40pt;\" width=\"309\">Beyaz\/Mavi veya \u00f6zelle\u015ftirilmi\u015f<\/td>\n<\/tr>\n<tr style=\"height: 17.40pt;\">\n<td class=\"et4\" style=\"height: 17.40pt; width: 322.20pt;\" colspan=\"2\" width=\"537\" height=\"29\">Y\u0131kama<\/td>\n<\/tr>\n<tr style=\"height: 27.60pt;\">\n<td class=\"et3\" style=\"height: 27.60pt; width: 136.80pt;\" width=\"228\" height=\"46\">Maruz Kalmaya Dayan\u0131kl\u0131<\/td>\n<td class=\"et3\" style=\"width: 185.40pt;\" width=\"309\">su ve ticari \u00e7ama\u015f\u0131rhane ve kuru temizlemede yayg\u0131n olan t\u00fcm kimyasallar<\/td>\n<\/tr>\n<tr style=\"height: 14.40pt;\">\n<td class=\"et3\" style=\"height: 14.40pt; width: 136.80pt;\" width=\"228\" height=\"24\">Y\u0131kama D\u00f6ng\u00fcleri<\/td>\n<td class=\"et3\" style=\"width: 185.40pt;\" width=\"309\">200&#039;e kadar ticari y\u0131kama d\u00f6ng\u00fcs\u00fc<\/td>\n<\/tr>\n<tr style=\"height: 27.60pt;\">\n<td class=\"et3\" style=\"height: 27.60pt; width: 136.80pt;\" width=\"228\" height=\"46\">Y\u0131kama<\/td>\n<td class=\"et3\" style=\"width: 185.40pt;\" width=\"309\">150 \u00baC 15-20 dakika \u2013 150 d\u00f6ng\u00fc<\/td>\n<\/tr>\n<tr style=\"height: 27.60pt;\">\n<td class=\"et3\" style=\"height: 27.60pt; width: 136.80pt;\" width=\"228\" height=\"46\">Kurutma<\/td>\n<td class=\"et3\" style=\"width: 185.40pt;\" width=\"309\">95\u00b0C (60dk&#039;ya kadar), 130\u00b0C (30dk&#039;ya kadar)<\/td>\n<\/tr>\n<tr style=\"height: 14.40pt;\">\n<td class=\"et3\" style=\"height: 14.40pt; width: 136.80pt;\" width=\"228\" height=\"24\">T\u00fcnel Bitirici<\/td>\n<td class=\"et3\" style=\"width: 185.40pt;\" width=\"309\">200\u00b0C&#039;de 30 dakika<\/td>\n<\/tr>\n<tr style=\"height: 14.40pt;\">\n<td class=\"et3\" style=\"height: 14.40pt; width: 136.80pt;\" width=\"228\" height=\"24\">\u00dct\u00fcleme<\/td>\n<td class=\"et3\" style=\"width: 185.40pt;\" width=\"309\">250\u00b0C (60 saniyeye kadar)<\/td>\n<\/tr>\n<\/tbody>\n<\/table>\n<p data-spm-anchor-id=\"a2700.details.0.i116.60201a70jOXdOd\">\n<p data-spm-anchor-id=\"a2700.details.0.i116.60201a70jOXdOd\"><b><span class=\"magic-11\" data-spm-anchor-id=\"a2700.details.0.i118.ef22fb08lSmXvD\">Mevcut \u00f6zelle\u015ftirmeler \u015funlard\u0131r:<\/span><\/b> * Bask\u0131: Serigrafi bask\u0131 veya 4 renk ofset, m\u00fc\u015fteri taraf\u0131ndan vekt\u00f6r format\u0131nda sa\u011flanan grafik d\u00fczeninden ba\u015flayarak. EPC kodunun, veritaban\u0131ndan veya veritaban\u0131ndan kademeli seri kodunun veya .xls dosyas\u0131n\u0131n bas\u0131lmas\u0131; barkod bask\u0131s\u0131, QRCode. Talep \u00fczerine daha fazla \u00f6zelle\u015ftirme se\u00e7ene\u011fi mevcuttur. * \u00c7ip bellek kodlamas\u0131: RFID UHF transponderlerinin EPC kodunun kodlanmas\u0131, UHF etiket belle\u011fi yaz\u0131m\u0131, ayr\u0131ca m\u00fc\u015fteri taraf\u0131ndan sa\u011flanan veritaban\u0131ndan. \u0130\u00e7erikler, ge\u00e7ici veya kal\u0131c\u0131 olarak, bir parola ile kilitlenebilir. Veritaban\u0131nda EPC kodu ve TID kodu ili\u015fkisi. TID kodu ve kademeli\/barkod ili\u015fkisi.<\/p>\n<p data-spm-anchor-id=\"a2700.details.0.i116.60201a70jOXdOd\"><strong>Ba\u015fvuru :<\/strong><\/p>\n<ul>\n<li>Otel yatak \u00f6rt\u00fcleri Takip y\u00f6netimi<\/li>\n<li>Fabrika\/depo\/otel\/hastane\/e\u011flence park\u0131<\/li>\n<li data-spm-anchor-id=\"a2700.details.0.i115.60201a70jOXdOd\"><span data-spm-anchor-id=\"a2700.details.0.i120.60201a70jOXdOd\">Hastane \u00fcniformalar\u0131<\/span><\/li>\n<li data-spm-anchor-id=\"a2700.details.0.i118.60201a70jOXdOd\">Ketenler\/ Paletler\/ Bez \u00e7antalar<\/li>\n<li>Kuru temizlemeciler<\/li>\n<li>Otel \u00e7ar\u015faf\u0131nda kullan\u0131l\u0131r.\/ Tekstile tutturulur.\/ \u0130\u015f elbiselerinde kullan\u0131l\u0131r.<\/li>\n<li>Giyim fabrikas\u0131, Kuma\u015f fabrikas\u0131.<\/li>\n<\/ul>\n<p>&nbsp;<\/p>","protected":false},"excerpt":{"rendered":"<p>RFID Silikon Y\u0131kama Etiketi yumu\u015fak ve dayan\u0131kl\u0131d\u0131r, s\u00fcrekli y\u00fcksek bas\u0131n\u00e7l\u0131 kurutma ve \u00fct\u00fcleme gibi y\u0131kama ortamlar\u0131na k\u0131sa s\u00fcrede uygulanabilir. Silikon \u00e7ama\u015f\u0131r etiketleri, ileti\u015fim performans\u0131n\u0131 etkili bir \u015fekilde iyile\u015ftirmek i\u00e7in UHF teknolojisini kullan\u0131r. Ayn\u0131 anda y\u00fczlerce etiketi okumak, barkodlar\u0131n veya HF (y\u00fcksek frekansl\u0131) RFID etiketlerinin neden oldu\u011fu i\u015f\u00e7ilik maliyetlerini azaltabilir ve uygun maliyetli y\u00f6netim sa\u011flayabilir.<\/p>","protected":false},"featured_media":125,"template":"","meta":{"_kad_post_transparent":"default","_kad_post_title":"","_kad_post_layout":"default","_kad_post_sidebar_id":"","_kad_post_content_style":"default","_kad_post_vertical_padding":"default","_kad_post_feature":"","_kad_post_feature_position":"","_kad_post_header":false,"_kad_post_footer":false,"_kad_post_classname":""},"product_brand":[],"product_cat":[20],"product_tag":[63,62,61],"class_list":{"0":"post-124","1":"product","2":"type-product","3":"status-publish","4":"has-post-thumbnail","6":"product_cat-silicone-rfid-laundry-tag","7":"product_tag-rfid-washing-tag","8":"product_tag-silicone-rfid-laundry-tag","9":"product_tag-silicone-washable-rfid-laundry-tag","11":"first","12":"instock","13":"shipping-taxable","14":"product-type-simple","15":"entry","16":"content-bg","17":"loop-entry"},"_links":{"self":[{"href":"https:\/\/rfid-laundry-tag.com\/tr\/wp-json\/wp\/v2\/product\/124","targetHints":{"allow":["GET"]}}],"collection":[{"href":"https:\/\/rfid-laundry-tag.com\/tr\/wp-json\/wp\/v2\/product"}],"about":[{"href":"https:\/\/rfid-laundry-tag.com\/tr\/wp-json\/wp\/v2\/types\/product"}],"version-history":[{"count":1,"href":"https:\/\/rfid-laundry-tag.com\/tr\/wp-json\/wp\/v2\/product\/124\/revisions"}],"predecessor-version":[{"id":126,"href":"https:\/\/rfid-laundry-tag.com\/tr\/wp-json\/wp\/v2\/product\/124\/revisions\/126"}],"wp:featuredmedia":[{"embeddable":true,"href":"https:\/\/rfid-laundry-tag.com\/tr\/wp-json\/wp\/v2\/media\/125"}],"wp:attachment":[{"href":"https:\/\/rfid-laundry-tag.com\/tr\/wp-json\/wp\/v2\/media?parent=124"}],"wp:term":[{"taxonomy":"product_brand","embeddable":true,"href":"https:\/\/rfid-laundry-tag.com\/tr\/wp-json\/wp\/v2\/product_brand?post=124"},{"taxonomy":"product_cat","embeddable":true,"href":"https:\/\/rfid-laundry-tag.com\/tr\/wp-json\/wp\/v2\/product_cat?post=124"},{"taxonomy":"product_tag","embeddable":true,"href":"https:\/\/rfid-laundry-tag.com\/tr\/wp-json\/wp\/v2\/product_tag?post=124"}],"curies":[{"name":"wp","href":"https:\/\/api.w.org\/{rel}","templated":true}]}}