{"id":122,"date":"2024-06-12T06:05:12","date_gmt":"2024-06-12T06:05:12","guid":{"rendered":"https:\/\/rfid-laundry-tag.com\/?post_type=product&#038;p=122"},"modified":"2024-06-12T06:05:12","modified_gmt":"2024-06-12T06:05:12","slug":"silicone-washable-rfid-laundry-tag","status":"publish","type":"product","link":"https:\/\/rfid-laundry-tag.com\/tr\/silicone-washable-rfid-laundry-tag\/","title":{"rendered":"Silikon Y\u0131kanabilir RFID \u00c7ama\u015f\u0131r Etiketi"},"content":{"rendered":"<table style=\"font-family: var(--global-body-font-family);\" width=\"537\">\n<tbody>\n<tr>\n<td width=\"228\">\u0130sim<\/td>\n<td width=\"309\">Silikon Y\u0131kanabilir RFID \u00c7ama\u015f\u0131r Etiketi<\/td>\n<\/tr>\n<tr>\n<td width=\"228\">Mod<\/td>\n<td width=\"309\">SL-01<\/td>\n<\/tr>\n<tr>\n<td width=\"228\">Malzeme<\/td>\n<td width=\"309\">Silikon<\/td>\n<\/tr>\n<tr>\n<td width=\"228\">Renk<\/td>\n<td width=\"309\">Beyaz (Veya \u00f6zelle\u015ftirilmi\u015f)<\/td>\n<\/tr>\n<tr>\n<td width=\"228\">Boyut<\/td>\n<td width=\"309\">55mm*12mm, 2,5mm kal\u0131nl\u0131k<\/td>\n<\/tr>\n<tr>\n<td width=\"228\">\u00c7ip<\/td>\n<td width=\"309\">915Mhz NXP U kodu 9, Alien H3 ,H9 vb.<\/td>\n<\/tr>\n<tr>\n<td width=\"228\">\u00c7al\u0131\u015fma s\u0131cakl\u0131\u011f\u0131<\/td>\n<td width=\"309\">\u2013 25\u00baC ila +75\u00baC<\/td>\n<\/tr>\n<tr>\n<td width=\"228\">Y\u0131kama \u00e7evrimi<\/td>\n<td width=\"309\">200 kez<\/td>\n<\/tr>\n<tr>\n<td width=\"228\">Su ge\u00e7irmez<\/td>\n<td width=\"309\">Evet<\/td>\n<\/tr>\n<tr>\n<td width=\"228\">Kimyasal Diren\u00e7<\/td>\n<td width=\"309\">Evet<\/td>\n<\/tr>\n<\/tbody>\n<\/table>\n<p data-spm-anchor-id=\"a2700.details.0.i116.60201a70jOXdOd\">\n<p data-spm-anchor-id=\"a2700.details.0.i116.60201a70jOXdOd\"><strong>Ba\u015fvuru :<\/strong><\/p>\n<ul>\n<li>Otel yatak \u00f6rt\u00fcleri Takip y\u00f6netimi<\/li>\n<li>Fabrika\/depo\/otel\/hastane\/e\u011flence park\u0131<\/li>\n<li data-spm-anchor-id=\"a2700.details.0.i115.60201a70jOXdOd\"><span data-spm-anchor-id=\"a2700.details.0.i120.60201a70jOXdOd\">Hastane \u00fcniformalar\u0131<\/span><\/li>\n<li data-spm-anchor-id=\"a2700.details.0.i118.60201a70jOXdOd\">Ketenler\/ Paletler\/ Bez \u00e7antalar<\/li>\n<li>Kuru temizlemeciler<\/li>\n<li>Otel \u00e7ar\u015faf\u0131nda kullan\u0131l\u0131r.\/ Tekstile tutturulur.\/ \u0130\u015f elbiselerinde kullan\u0131l\u0131r.<\/li>\n<li>Giyim fabrikas\u0131, Kuma\u015f fabrikas\u0131.<\/li>\n<\/ul>\n<p>&nbsp;<\/p>","protected":false},"excerpt":{"rendered":"<p>RFID Silikon \u00c7ama\u015f\u0131r Etiketi, \u00e7ama\u015f\u0131rhane operasyonlar\u0131nda otomatik izleme ve envanter y\u00f6netimi i\u00e7in son teknolojiyi temsil eder. \u0130nce, esnek ve yumu\u015fak olan bu RFID etiketleri, kimyasallara, \u0131s\u0131ya ve fiziksel bas\u0131n\u00e7lara dayan\u0131kl\u0131 olacak \u015fekilde tasarlanm\u0131\u015ft\u0131r. Sa\u011flam RFID transponderlerle donat\u0131lm\u0131\u015f olup, 200&#039;den fazla tambur y\u0131kama ve \u0131s\u0131tmal\u0131 kurutma d\u00f6ng\u00fcs\u00fcne, temizlik ve \u00fct\u00fclemeden bahsetmeye bile gerek yok, dayanacak \u015fekilde \u00fcretilmi\u015ftir. Genellikle b\u00fcy\u00fck \u00f6l\u00e7ekli \u00e7ama\u015f\u0131r takibinde kullan\u0131lan Silikon RFID \u00e7ama\u015f\u0131r etiketlerimiz, \u00e7ar\u015faflar, bluzlar, havlular ve t\u0131bbi k\u0131yafetler gibi \u00e7ok \u00e7e\u015fitli tekstil malzemelerine zahmetsizce yerle\u015ftirilebilir.<\/p>","protected":false},"featured_media":123,"template":"","meta":{"_kad_post_transparent":"default","_kad_post_title":"","_kad_post_layout":"default","_kad_post_sidebar_id":"","_kad_post_content_style":"default","_kad_post_vertical_padding":"default","_kad_post_feature":"","_kad_post_feature_position":"","_kad_post_header":false,"_kad_post_footer":false,"_kad_post_classname":""},"product_brand":[],"product_cat":[20],"product_tag":[62,61],"class_list":{"0":"post-122","1":"product","2":"type-product","3":"status-publish","4":"has-post-thumbnail","6":"product_cat-silicone-rfid-laundry-tag","7":"product_tag-silicone-rfid-laundry-tag","8":"product_tag-silicone-washable-rfid-laundry-tag","10":"first","11":"instock","12":"shipping-taxable","13":"product-type-simple","14":"entry","15":"content-bg","16":"loop-entry"},"_links":{"self":[{"href":"https:\/\/rfid-laundry-tag.com\/tr\/wp-json\/wp\/v2\/product\/122","targetHints":{"allow":["GET"]}}],"collection":[{"href":"https:\/\/rfid-laundry-tag.com\/tr\/wp-json\/wp\/v2\/product"}],"about":[{"href":"https:\/\/rfid-laundry-tag.com\/tr\/wp-json\/wp\/v2\/types\/product"}],"version-history":[{"count":0,"href":"https:\/\/rfid-laundry-tag.com\/tr\/wp-json\/wp\/v2\/product\/122\/revisions"}],"wp:featuredmedia":[{"embeddable":true,"href":"https:\/\/rfid-laundry-tag.com\/tr\/wp-json\/wp\/v2\/media\/123"}],"wp:attachment":[{"href":"https:\/\/rfid-laundry-tag.com\/tr\/wp-json\/wp\/v2\/media?parent=122"}],"wp:term":[{"taxonomy":"product_brand","embeddable":true,"href":"https:\/\/rfid-laundry-tag.com\/tr\/wp-json\/wp\/v2\/product_brand?post=122"},{"taxonomy":"product_cat","embeddable":true,"href":"https:\/\/rfid-laundry-tag.com\/tr\/wp-json\/wp\/v2\/product_cat?post=122"},{"taxonomy":"product_tag","embeddable":true,"href":"https:\/\/rfid-laundry-tag.com\/tr\/wp-json\/wp\/v2\/product_tag?post=122"}],"curies":[{"name":"wp","href":"https:\/\/api.w.org\/{rel}","templated":true}]}}