{"id":120,"date":"2024-06-12T05:14:47","date_gmt":"2024-06-12T05:14:47","guid":{"rendered":"https:\/\/rfid-laundry-tag.com\/?post_type=product&#038;p=120"},"modified":"2024-06-12T06:14:46","modified_gmt":"2024-06-12T06:14:46","slug":"pps-13-56mhz-rfid-laundry-clothes-tag","status":"publish","type":"product","link":"https:\/\/rfid-laundry-tag.com\/tr\/pps-13-56mhz-rfid-laundry-clothes-tag\/","title":{"rendered":"PPS 13.56MHZ RFID \u00c7AMA\u015eIR K\u0131yafet Etiketi"},"content":{"rendered":"<div class=\"J_module\">\n<div class=\"ife-detail-decorate-table\">\n<table class=\"has-title all magic-6\">\n<tbody>\n<tr>\n<td colspan=\"1\" rowspan=\"1\">\n<div class=\"magic-7\" data-spm-anchor-id=\"a2700.details.0.i45.77607d98vZbcDU\"><span class=\"magic-8\" style=\"color: #363535;\">\u00d6\u011fe ad\u0131<\/span><\/div>\n<\/td>\n<td colspan=\"1\" rowspan=\"1\">\n<div class=\"magic-9\">PPS 13.56MHZ RFID \u00c7AMA\u015eIR K\u0131yafet Etiketi<\/div>\n<\/td>\n<\/tr>\n<tr>\n<td colspan=\"1\" rowspan=\"1\">\n<div class=\"magic-7\"><span class=\"magic-10\" data-spm-anchor-id=\"a2700.pc-decorate.0.i10.28d333330XLbTD\"><span class=\"magic-8\">Malzeme<\/span><\/span><\/div>\n<\/td>\n<td colspan=\"1\" rowspan=\"1\">\n<div class=\"magic-9\"><span class=\"magic-8\">BES<\/span><\/div>\n<\/td>\n<\/tr>\n<tr>\n<td colspan=\"1\" rowspan=\"1\">\n<div class=\"magic-7\"><span class=\"magic-8\">Renk<\/span><\/div>\n<\/td>\n<td colspan=\"1\" rowspan=\"1\">\n<div class=\"magic-9\"><span class=\"magic-8\">Siyah vb.<\/span><\/div>\n<\/td>\n<\/tr>\n<tr>\n<td colspan=\"1\" rowspan=\"1\">Adedi<\/td>\n<td colspan=\"1\" rowspan=\"1\">500 adet<\/td>\n<\/tr>\n<tr>\n<td colspan=\"1\" rowspan=\"1\">\n<div class=\"magic-7\"><span class=\"magic-8\">\u00dcretici\/\u00c7ip<\/span><\/div>\n<\/td>\n<td colspan=\"1\" rowspan=\"1\">\n<div class=\"magic-9\"><span class=\"magic-8\">ISO15693:NXP I Kod Slix; ISO14443A:Ntag213,Ntag215,Ntag216,Mifare Ultralight ev1 vb.<\/span><\/div>\n<\/td>\n<\/tr>\n<tr>\n<td colspan=\"1\" rowspan=\"1\">\n<div class=\"magic-7\"><span class=\"magic-8\">S\u0131kl\u0131k<\/span><\/div>\n<\/td>\n<td colspan=\"1\" rowspan=\"1\">\n<div class=\"magic-9\"><span class=\"magic-8\">13.56MHz<\/span><\/div>\n<\/td>\n<\/tr>\n<tr>\n<td colspan=\"1\" rowspan=\"1\">\n<div class=\"magic-7\"><span class=\"magic-8\">Haf\u0131za<\/span><\/div>\n<\/td>\n<td colspan=\"1\" rowspan=\"1\">\n<div class=\"magic-9\"><span class=\"magic-8\">NXP I Code Slix 1k Byte&#039;t\u0131r; di\u011fer \u00c7ip&#039;in belle\u011fi: 144 Byte, 504 Byte, 888 Byte, 64 Byte vb.<\/span><\/div>\n<\/td>\n<\/tr>\n<tr>\n<td colspan=\"1\" rowspan=\"1\">\n<div class=\"magic-7\"><span class=\"magic-8\">Okuma Mesafesi<\/span><\/div>\n<\/td>\n<td colspan=\"1\" rowspan=\"1\">\n<div class=\"magic-9\"><span class=\"magic-8\">1~5cm<\/span><\/div>\n<\/td>\n<\/tr>\n<tr>\n<td colspan=\"1\" rowspan=\"1\">\n<div class=\"magic-7\"><span class=\"magic-8\">\u00c7al\u0131\u015fma modu<\/span><\/div>\n<\/td>\n<td colspan=\"1\" rowspan=\"1\">\n<div class=\"magic-9\"><span class=\"magic-8\">pasif<\/span><\/div>\n<\/td>\n<\/tr>\n<tr>\n<td colspan=\"1\" rowspan=\"1\">\n<div class=\"magic-7\"><span class=\"magic-8\">\u00c7al\u0131\u015fma s\u0131cakl\u0131\u011f\u0131<\/span><\/div>\n<\/td>\n<td colspan=\"1\" rowspan=\"1\">\n<div class=\"magic-9\"><span class=\"magic-8\">-25\u2103~+110\u2103<\/span><\/div>\n<\/td>\n<\/tr>\n<tr>\n<td colspan=\"1\" rowspan=\"1\">\n<div class=\"magic-7\"><span class=\"magic-8\">Depolama s\u0131cakl\u0131\u011f\u0131<\/span><\/div>\n<\/td>\n<td colspan=\"1\" rowspan=\"1\">\n<div class=\"magic-9\"><span class=\"magic-8\">-40\u2103~+85\u2103<\/span><\/div>\n<\/td>\n<\/tr>\n<tr>\n<td colspan=\"1\" rowspan=\"1\">\n<div class=\"magic-7\">\n<div><span class=\"magic-8\">\u00a0<\/span><\/div>\n<p><span class=\"magic-8\">K\u0131sa S\u00fcreli S\u0131cakl\u0131k Direnci<\/span><\/p>\n<\/div>\n<\/td>\n<td colspan=\"1\" rowspan=\"1\">\n<div class=\"magic-9\"><span class=\"magic-8\">y\u0131kama: 90\u2103, 15 dakika; d\u00f6n\u00fc\u015ft\u00fcr\u00fcc\u00fc \u00f6n kurutma: 180\u2103, 30 dakika, 200 kez; \u00fct\u00fcleme: 180\u2103, 10 saniye, 200 kez; y\u00fcksek<br \/>\ns\u0131cakl\u0131k sterilizasyonu: 135\u2103, 20 dakika<\/span><\/div>\n<\/td>\n<\/tr>\n<tr>\n<td colspan=\"1\" rowspan=\"1\">\n<div class=\"magic-7\"><span class=\"magic-8\">\u00d6zellikler<\/span><\/div>\n<\/td>\n<td colspan=\"1\" rowspan=\"1\">\n<div class=\"magic-9\"><span class=\"magic-8\">su ge\u00e7irmez, y\u0131kanabilir, y\u00fcksek s\u0131cakl\u0131k dayan\u0131m\u0131<\/span><\/div>\n<\/td>\n<\/tr>\n<tr>\n<td colspan=\"1\" rowspan=\"1\">\n<div class=\"magic-7\">Protokol<\/div>\n<\/td>\n<td colspan=\"1\" rowspan=\"1\">\n<div class=\"magic-9\"><span class=\"magic-8\">ISO14443A\/15693<\/span><\/div>\n<\/td>\n<\/tr>\n<tr>\n<td colspan=\"1\" rowspan=\"1\">\n<div class=\"magic-7\"><span class=\"magic-8\">Uygulamalar<\/span><\/div>\n<\/td>\n<td colspan=\"1\" rowspan=\"1\">\n<div class=\"magic-9\"><span class=\"magic-8\">\u00e7ama\u015f\u0131rhane y\u00f6netimi ve takibi<\/span><\/div>\n<\/td>\n<\/tr>\n<\/tbody>\n<\/table>\n<\/div>\n<\/div>\n<div class=\"J_module\">\n<div class=\"detail-decorate-json-renderer-container\">\n<div class=\"magic-1\">\n<div class=\"magic-2\">\n<div class=\"auto-hide-last-sibling-br paragraph_1252f paragraph-element\">\n<div class=\"auto-hide-last-sibling-br paragraph_1252f paragraph-element\"><\/div>\n<div class=\"auto-hide-last-sibling-br paragraph_1252f paragraph-element\">\n<p><b>Ba\u015fvuru\u00a0<\/b><br \/>\n\u2013 End\u00fcstriyel y\u0131kama.<br \/>\n\u2013 \u00dcniforma y\u00f6netimi.<br \/>\n\u2013 T\u0131bbi giyim y\u00f6netimi.<br \/>\n\u2013 KKD giyim y\u00f6netimi.<br \/>\n\u2013 Personel devriye y\u00f6netimi.<br \/>\n\u2013 Yang\u0131nla m\u00fccadele ekipmanlar\u0131n\u0131n y\u00f6netimi.<br \/>\n\u2013 Kayak ekipman\u0131 y\u00f6netimi.<\/p>\n<\/div>\n<div><\/div>\n<\/div>\n<\/div>\n<div>\n<p>The <strong>ICODE SLIX IC<\/strong> k\u00fct\u00fcphaneler, ila\u00e7, t\u0131bbi cihazlar ve alkol gibi farkl\u0131 end\u00fcstrilerde \u00fcr\u00fcn do\u011frulamas\u0131 ve end\u00fcstrinin farkl\u0131 alanlar\u0131nda \u00fcretim y\u00f6netimi gibi ak\u0131ll\u0131 etiket uygulamalar\u0131 i\u00e7in \u00f6zel bir \u00e7iptir. Bu IC, ISO\/IEC 15693 ve ISO\/IEC 18000-3 ISO standartlar\u0131na dayal\u0131 ak\u0131ll\u0131 etiket IC&#039;lerinin bir \u00fcr\u00fcn ailesinin \u00fc\u00e7\u00fcnc\u00fc neslidir ve NXP&#039;nin ba\u015far\u0131l\u0131 hikayesini devam ettirmektedir<sup>\u00ae<\/sup>\u00a0Yak\u0131nl\u0131k tan\u0131mlama sistemleri alan\u0131nda.<\/p>\n<h3>Temass\u0131z enerji ve veri transferi<\/h3>\n<p>Birka\u00e7 sar\u0131m, bask\u0131, sar\u0131m, kaz\u0131ma veya delinmi\u015f bobinden yap\u0131lm\u0131\u015f, \u00e7ok basit ve \u00fcretimi kolay bir anten t\u00fcr\u00fcne (13.56 MHz ta\u015f\u0131y\u0131c\u0131 frekans\u0131n\u0131n bir sonucu olarak) ba\u011fland\u0131\u011f\u0131nda, ICODE SLIX IC 1,5 m&#039;ye kadar (kap\u0131 geni\u015fli\u011fi) g\u00f6r\u00fc\u015f hatt\u0131 olmadan \u00e7al\u0131\u015ft\u0131r\u0131labilir. Pil gerekmez. Ak\u0131ll\u0131 etiket bir sorgulay\u0131c\u0131 antenin alan\u0131na yerle\u015ftirildi\u011finde, y\u00fcksek h\u0131zl\u0131 RF ileti\u015fim aray\u00fcz\u00fc verilerin 53 kbit\/s&#039;ye kadar iletilmesini sa\u011flar.<\/p>\n<h3>\u00c7arp\u0131\u015fma \u00f6nleyici<\/h3>\n<p>Ak\u0131ll\u0131 bir \u00e7arp\u0131\u015fma \u00f6nleme i\u015flevi, sahada ayn\u0131 anda birden fazla etiketin \u00e7al\u0131\u015fmas\u0131n\u0131 sa\u011flar. \u00c7arp\u0131\u015fma \u00f6nleme algoritmas\u0131 her etiketi ayr\u0131 ayr\u0131 se\u00e7er ve se\u00e7ili etiketle yap\u0131lan bir i\u015flemin y\u00fcr\u00fct\u00fclmesinin, sahadaki di\u011fer etiketlerden kaynaklanan veri bozulmas\u0131 olmadan do\u011fru \u015fekilde ger\u00e7ekle\u015ftirilmesini sa\u011flar.<\/p>\n<h3>\u00d6zellikler<\/h3>\n<div id=\"featuresXsp\" class=\"features-list\">\n<div class=\"features-xsp\">\n<div class=\"collapse-mobile ste-list\">\n<h3>ICODE SLIX RF aray\u00fcz\u00fc (ISO\/IEC 15693)<\/h3>\n<ul class=\"boxes\">\n<li>Temass\u0131z veri iletimi ve enerji temini (pil gerektirmez)<\/li>\n<li>\u00c7al\u0131\u015fma mesafesi: 1,5 m&#039;ye kadar (anten geometrisine ba\u011fl\u0131 olarak)<\/li>\n<li>\u00c7al\u0131\u015fma frekans\u0131: 13.56 MHz (ISM, d\u00fcnya \u00e7ap\u0131nda lisans serbest\u00e7e mevcuttur)<\/li>\n<li>H\u0131zl\u0131 veri aktar\u0131m\u0131: 53 kbit\/s&#039;ye kadar<\/li>\n<li>Y\u00fcksek veri b\u00fct\u00fcnl\u00fc\u011f\u00fc: 16 bit CRC, \u00e7er\u00e7eveleme<\/li>\n<li>Ger\u00e7ek \u00e7arp\u0131\u015fma \u00f6nleme<\/li>\n<li>\u015eifre korumal\u0131 Elektronik Makale G\u00f6zetimi (EAS)<\/li>\n<li>Parola korumal\u0131 Uygulama Ailesi Tan\u0131mlay\u0131c\u0131s\u0131 (AFI)<\/li>\n<li>Veri Depolama Bi\u00e7imi Tan\u0131mlay\u0131c\u0131s\u0131 (DSFID)<\/li>\n<li>Ek h\u0131zl\u0131 \u00e7arp\u0131\u015fma \u00f6nleme okumas\u0131<\/li>\n<li>Yazma mesafesi okuma mesafesine e\u015fittir<\/li>\n<\/ul>\n<\/div>\n<div class=\"collapse-mobile ste-list\">\n<h3>EEPROM<\/h3>\n<ul class=\"boxes\">\n<li>1024 bit, her biri 4 baytl\u0131k 32 blok halinde d\u00fczenlenmi\u015ftir<\/li>\n<li>50 y\u0131l veri saklama<\/li>\n<li>100000 \u00e7evrim yazma dayan\u0131kl\u0131l\u0131\u011f\u0131<\/li>\n<\/ul>\n<\/div>\n<div class=\"collapse-mobile ste-list\">\n<h3>G\u00fcvenlik<\/h3>\n<ul class=\"boxes\">\n<li>Her cihaz i\u00e7in benzersiz tan\u0131mlay\u0131c\u0131<\/li>\n<li>Her kullan\u0131c\u0131 bellek blo\u011fu i\u00e7in kilitleme mekanizmas\u0131 (yazma korumas\u0131)<\/li>\n<li>DSFID, AFI, EAS i\u00e7in kilit mekanizmas\u0131<\/li>\n<li>Parola (32-bit) korumal\u0131 EAS ve AFI i\u015flevselli\u011fi<\/li>\n<\/ul>\n<h1 id=\"hero-title\" class=\"sp-hero-title\">NTAG<sup>\u00ae<\/sup>\u00a0213\/215\/216: 144\/504\/888 Bayt Kullan\u0131c\u0131 Belle\u011fi ile NFC Forum Tip 2 Etiket Uyumlu IC<\/h1>\n<\/div>\n<\/div>\n<\/div>\n<\/div>\n<div class=\"magic-2\">\n<div class=\"auto-hide-last-sibling-br paragraph_1252f paragraph-element\">\n<p>NTAG 213, NTAG 215 ve NTAG 216 NXP taraf\u0131ndan geli\u015ftirilmi\u015ftir<sup>\u00ae<\/sup>\u00a0Perakende, oyun ve t\u00fcketici elektroni\u011fi gibi kitle pazar\u0131 uygulamalar\u0131nda NFC cihazlar\u0131 veya NFC uyumlu Yak\u0131nl\u0131k Ba\u011flant\u0131 Cihazlar\u0131 ile birlikte kullan\u0131lmak \u00fczere standart NFC etiket IC&#039;leri olarak yar\u0131 iletkenler. NTAG 213, NTAG 215 ve NTAG 216 (bundan sonra genel olarak NTAG 21x olarak adland\u0131r\u0131lacakt\u0131r) NFC Forum Tip 2 Etiketi ve ISO\/IEC14443 Tip A spesifikasyonlar\u0131na tam olarak uyacak \u015fekilde tasarlanm\u0131\u015ft\u0131r.<\/p>\n<p>Hedef uygulamalar aras\u0131nda D\u0131\u015f Mekan ve bas\u0131l\u0131 medya ak\u0131ll\u0131 reklamc\u0131l\u0131\u011f\u0131, SoLoMo uygulamalar\u0131, \u00fcr\u00fcn kimlik do\u011frulamas\u0131, NFC raf etiketleri ve mobil tamamlay\u0131c\u0131 etiketler yer al\u0131yor.<\/p>\n<p>Hedef kullan\u0131m durumlar\u0131 aras\u0131nda Ev D\u0131\u015f\u0131 ak\u0131ll\u0131 reklamc\u0131l\u0131k, \u00fcr\u00fcn kimlik do\u011frulamas\u0131, mobil e\u015flik etiketleri ve Bluetooth yer almaktad\u0131r<sup>\u00ae<\/sup>\u00a0veya Wi-Fi e\u015fle\u015ftirme, elektronik raf etiketleri ve kartvizitler. NTAG 21x bellek ayn\u0131 anda birden fazla uygulamay\u0131 uygulamak i\u00e7in de b\u00f6l\u00fcmlere ayr\u0131labilir.<\/p>\n<p>Y\u00fcksek giri\u015f kapasitans\u0131 sayesinde, NTAG 21x etiket IC&#039;leri, performanstan \u00f6d\u00fcn vermeden k\u00fc\u00e7\u00fck ayak izleri gerektiren uygulamalar i\u00e7in \u00f6zel olarak tasarlanm\u0131\u015ft\u0131r. K\u00fc\u00e7\u00fck NFC etiketleri, \u00f6rne\u011fin \u00fcr\u00fcn etiketlerine veya elektronik cihazlara daha kolay yerle\u015ftirilebilir.<\/p>\n<p>NTAG 21x&#039;in mekanik ve elektriksel \u00f6zellikleri, etiket ve etiket \u00fcreticilerinin gereksinimlerini kar\u015f\u0131layacak \u015fekilde tasarlanm\u0131\u015ft\u0131r.<\/p>\n<h3>Temass\u0131z enerji ve veri transferi<\/h3>\n<p>NTAG 21x ile ileti\u015fim, yaln\u0131zca IC bir antene ba\u011fl\u0131 oldu\u011funda kurulabilir.<\/p>\n<p>NTAG 21x RF sahas\u0131na yerle\u015ftirildi\u011finde, y\u00fcksek h\u0131zl\u0131 RF haberle\u015fme aray\u00fcz\u00fc 106 kbit\/s baud h\u0131z\u0131yla veri iletimine olanak sa\u011flar.<\/p>\n<h3>Basit da\u011f\u0131t\u0131m ve kullan\u0131c\u0131 kolayl\u0131\u011f\u0131<\/h3>\n<p>NTAG 21x, entegrasyonu ve kullan\u0131c\u0131 kolayl\u0131\u011f\u0131n\u0131 art\u0131rmak i\u00e7in tasarlanm\u0131\u015f \u00f6zel \u00f6zellikler sunar:<\/p>\n<ul>\n<li>H\u0131zl\u0131 okuma yetene\u011fi, NDEF mesaj\u0131n\u0131n tamam\u0131n\u0131n yaln\u0131zca bir FAST_READ komutuyla taranmas\u0131na olanak tan\u0131r ve b\u00f6ylece y\u00fcksek verimli \u00fcretim ortamlar\u0131ndaki genel giderleri azalt\u0131r<\/li>\n<li>Geli\u015ftirilmi\u015f RF performans\u0131, \u015fekil, boyut ve malzeme se\u00e7iminde daha fazla esnekli\u011fe olanak tan\u0131r<\/li>\n<li>75 \u03bcm IC kal\u0131nl\u0131\u011f\u0131 se\u00e7ene\u011fi, \u00f6rne\u011fin dergilere veya oyun kartlar\u0131na daha rahat bir \u015fekilde entegre edilebilmesi i\u00e7in ultra ince etiketlerin \u00fcretilmesini sa\u011flar<\/li>\n<\/ul>\n<h3>G\u00fcvenlik<\/h3>\n<ul>\n<li>\u00dcretici her cihaz i\u00e7in 7 baytl\u0131k UID programlad\u0131<\/li>\n<li>Tek seferlik programlanabilir bitlere sahip \u00f6nceden programlanm\u0131\u015f yetenek konteyneri<\/li>\n<li>Sahada programlanabilir salt okunur kilitleme fonksiyonu<\/li>\n<li>ECC tabanl\u0131 \u00f6zg\u00fcnl\u00fck imzas\u0131<\/li>\n<li>Yetkisiz bellek i\u015flemlerini \u00f6nlemek i\u00e7in 32 bit parola korumas\u0131<\/li>\n<\/ul>\n<h3>NFC Forum Etiket 2 Tip uyumlulu\u011fu<\/h3>\n<p>NTAG 21x IC, NFC Forum Tag 2 Tipi teknik spesifikasyonlar\u0131na tam uyumluluk sa\u011flar ve NDEF veri yap\u0131s\u0131 yap\u0131land\u0131rmalar\u0131na olanak tan\u0131r.<\/p>\n<h3>\u00c7arp\u0131\u015fma \u00f6nleyici<\/h3>\n<p>Ak\u0131ll\u0131 bir \u00e7arp\u0131\u015fma \u00f6nleme i\u015flevi, sahada birden fazla etiketin ayn\u0131 anda \u00e7al\u0131\u015ft\u0131r\u0131lmas\u0131na olanak tan\u0131r. \u00c7arp\u0131\u015fma \u00f6nleme algoritmas\u0131 her etiketi ayr\u0131 ayr\u0131 se\u00e7er ve se\u00e7ilen bir etiketle yap\u0131lan bir i\u015flemin sahadaki ba\u015fka bir etiketin m\u00fcdahalesi olmadan do\u011fru \u015fekilde ger\u00e7ekle\u015ftirilmesini sa\u011flar.<\/p>\n<div class=\"auto-hide-last-sibling-br paragraph_1252f paragraph-element\"><\/div>\n<div class=\"auto-hide-last-sibling-br paragraph_1252f paragraph-element\"><\/div>\n<\/div>\n<\/div>\n<\/div>\n<\/div>\n<\/div>","protected":false},"excerpt":{"rendered":"<p>PPS 13.56MHz RFID \u00c7ama\u015f\u0131r Elbise Etiketleri, sa\u011flam ancak k\u00fc\u00e7\u00fck \u00e7apl\u0131 bir RFID Etiketi gerektiren yatak \u00e7ar\u015faflar\u0131na, havlulara ve ana t\u0131bbi k\u0131yafetlere veya \u00fcniformalara entegrasyon veya yap\u0131\u015ft\u0131rma i\u00e7in ustal\u0131kla haz\u0131rlanm\u0131\u015ft\u0131r. Etiket, yo\u011fun bas\u0131n\u00e7 ve y\u00fcksek s\u0131cakl\u0131k ko\u015fullar\u0131 alt\u0131nda esnekli\u011fi garanti eden PPS + epoksi yap\u0131s\u0131na sahiptir ve bu da onu zorlu end\u00fcstriler i\u00e7in \u00f6zellikle dayan\u0131kl\u0131 k\u0131lar. Ek olarak, hem ISO 15693 hem de 14443 NFC bellek yongalar\u0131yla donat\u0131lm\u0131\u015f etiketler sunarak bunlar\u0131n \u00e7e\u015fitli ihtiya\u00e7lara uyarlanabilmesini sa\u011fl\u0131yoruz.<\/p>","protected":false},"featured_media":121,"template":"","meta":{"_kad_post_transparent":"default","_kad_post_title":"","_kad_post_layout":"default","_kad_post_sidebar_id":"","_kad_post_content_style":"default","_kad_post_vertical_padding":"default","_kad_post_feature":"","_kad_post_feature_position":"","_kad_post_header":false,"_kad_post_footer":false,"_kad_post_classname":""},"product_brand":[],"product_cat":[21,17,53],"product_tag":[39,60,57,45],"class_list":{"0":"post-120","1":"product","2":"type-product","3":"status-publish","4":"has-post-thumbnail","6":"product_cat-pps-rfid-laundry-tag","7":"product_cat-nfc-rfid-laundry-tag","8":"product_cat-rfid-clothes-tag","9":"product_tag-nfc-laundry-tag","10":"product_tag-pps-13-56mhz-rfid-laundry-clothes-tag","11":"product_tag-pps-rfid-laundry-tags","12":"product_tag-pps-washable-nfc-tags","14":"first","15":"instock","16":"shipping-taxable","17":"product-type-simple","18":"entry","19":"content-bg","20":"loop-entry"},"_links":{"self":[{"href":"https:\/\/rfid-laundry-tag.com\/tr\/wp-json\/wp\/v2\/product\/120","targetHints":{"allow":["GET"]}}],"collection":[{"href":"https:\/\/rfid-laundry-tag.com\/tr\/wp-json\/wp\/v2\/product"}],"about":[{"href":"https:\/\/rfid-laundry-tag.com\/tr\/wp-json\/wp\/v2\/types\/product"}],"version-history":[{"count":0,"href":"https:\/\/rfid-laundry-tag.com\/tr\/wp-json\/wp\/v2\/product\/120\/revisions"}],"wp:featuredmedia":[{"embeddable":true,"href":"https:\/\/rfid-laundry-tag.com\/tr\/wp-json\/wp\/v2\/media\/121"}],"wp:attachment":[{"href":"https:\/\/rfid-laundry-tag.com\/tr\/wp-json\/wp\/v2\/media?parent=120"}],"wp:term":[{"taxonomy":"product_brand","embeddable":true,"href":"https:\/\/rfid-laundry-tag.com\/tr\/wp-json\/wp\/v2\/product_brand?post=120"},{"taxonomy":"product_cat","embeddable":true,"href":"https:\/\/rfid-laundry-tag.com\/tr\/wp-json\/wp\/v2\/product_cat?post=120"},{"taxonomy":"product_tag","embeddable":true,"href":"https:\/\/rfid-laundry-tag.com\/tr\/wp-json\/wp\/v2\/product_tag?post=120"}],"curies":[{"name":"wp","href":"https:\/\/api.w.org\/{rel}","templated":true}]}}