{"id":118,"date":"2024-06-12T05:08:13","date_gmt":"2024-06-12T05:08:13","guid":{"rendered":"https:\/\/rfid-laundry-tag.com\/?post_type=product&#038;p=118"},"modified":"2024-08-14T16:26:48","modified_gmt":"2024-08-14T16:26:48","slug":"20mm-pps-nfc-laundry-clothing-tag","status":"publish","type":"product","link":"https:\/\/rfid-laundry-tag.com\/tr\/20mm-pps-nfc-laundry-clothing-tag\/","title":{"rendered":"20mm PPS NFC \u00c7ama\u015f\u0131r Giyim Etiketi"},"content":{"rendered":"<div class=\"J_module\">\n<div class=\"ife-detail-decorate-table\">\n<table class=\"has-title all magic-6\">\n<tbody>\n<tr>\n<td colspan=\"1\" rowspan=\"1\">\n<div class=\"magic-7\" data-spm-anchor-id=\"a2700.details.0.i45.77607d98vZbcDU\"><span class=\"magic-8\" style=\"color: #363535;\">\u00d6\u011fe ad\u0131<\/span><\/div>\n<\/td>\n<td colspan=\"1\" rowspan=\"1\">\n<div class=\"magic-9\">20mm PPS NFC \u00c7ama\u015f\u0131r Giyim Etiketi<\/div>\n<\/td>\n<\/tr>\n<tr>\n<td colspan=\"1\" rowspan=\"1\">\n<div class=\"magic-7\"><span class=\"magic-10\" data-spm-anchor-id=\"a2700.pc-decorate.0.i10.28d333330XLbTD\"><span class=\"magic-8\">Malzeme<\/span><\/span><\/div>\n<\/td>\n<td colspan=\"1\" rowspan=\"1\">\n<div class=\"magic-9\"><span class=\"magic-8\">BES<\/span><\/div>\n<\/td>\n<\/tr>\n<tr>\n<td colspan=\"1\" rowspan=\"1\">\n<div class=\"magic-7\"><span class=\"magic-8\">Renk<\/span><\/div>\n<\/td>\n<td colspan=\"1\" rowspan=\"1\">\n<div class=\"magic-9\"><span class=\"magic-8\">Siyah, Sar\u0131 vb.<\/span><\/div>\n<\/td>\n<\/tr>\n<tr>\n<td colspan=\"1\" rowspan=\"1\">Adedi<\/td>\n<td colspan=\"1\" rowspan=\"1\">500 adet<\/td>\n<\/tr>\n<tr>\n<td colspan=\"1\" rowspan=\"1\">\n<div class=\"magic-7\"><span class=\"magic-8\">\u00dcretici\/\u00c7ip<\/span><\/div>\n<\/td>\n<td colspan=\"1\" rowspan=\"1\">\n<div class=\"magic-9\"><span class=\"magic-8\">NXP Ntag213, Ntag215, Ntag216, Mifare Ultralight ev1 vb.<\/span><\/div>\n<\/td>\n<\/tr>\n<tr>\n<td colspan=\"1\" rowspan=\"1\">\n<div class=\"magic-7\"><span class=\"magic-8\">S\u0131kl\u0131k<\/span><\/div>\n<\/td>\n<td colspan=\"1\" rowspan=\"1\">\n<div class=\"magic-9\"><span class=\"magic-8\">13.56MHz<\/span><\/div>\n<\/td>\n<\/tr>\n<tr>\n<td colspan=\"1\" rowspan=\"1\">\n<div class=\"magic-7\"><span class=\"magic-8\">Haf\u0131za<\/span><\/div>\n<\/td>\n<td colspan=\"1\" rowspan=\"1\">\n<div class=\"magic-9\"><span class=\"magic-8\">144 Bayt, 504 Bayt, 888 Bayt, 64 Bayt vb.<\/span><\/div>\n<\/td>\n<\/tr>\n<tr>\n<td colspan=\"1\" rowspan=\"1\">\n<div class=\"magic-7\"><span class=\"magic-8\">Okuma Mesafesi<\/span><\/div>\n<\/td>\n<td colspan=\"1\" rowspan=\"1\">\n<div class=\"magic-9\"><span class=\"magic-8\">1~5cm<\/span><\/div>\n<\/td>\n<\/tr>\n<tr>\n<td colspan=\"1\" rowspan=\"1\">\n<div class=\"magic-7\"><span class=\"magic-8\">\u00c7al\u0131\u015fma modu<\/span><\/div>\n<\/td>\n<td colspan=\"1\" rowspan=\"1\">\n<div class=\"magic-9\"><span class=\"magic-8\">pasif<\/span><\/div>\n<\/td>\n<\/tr>\n<tr>\n<td colspan=\"1\" rowspan=\"1\">\n<div class=\"magic-7\"><span class=\"magic-8\">\u00c7al\u0131\u015fma s\u0131cakl\u0131\u011f\u0131<\/span><\/div>\n<\/td>\n<td colspan=\"1\" rowspan=\"1\">\n<div class=\"magic-9\"><span class=\"magic-8\">-25\u2103~+110\u2103<\/span><\/div>\n<\/td>\n<\/tr>\n<tr>\n<td colspan=\"1\" rowspan=\"1\">\n<div class=\"magic-7\"><span class=\"magic-8\">Depolama s\u0131cakl\u0131\u011f\u0131<\/span><\/div>\n<\/td>\n<td colspan=\"1\" rowspan=\"1\">\n<div class=\"magic-9\"><span class=\"magic-8\">-40\u2103~+85\u2103<\/span><\/div>\n<\/td>\n<\/tr>\n<tr>\n<td colspan=\"1\" rowspan=\"1\">\n<div class=\"magic-7\">\n<div><span class=\"magic-8\">\u00a0<\/span><\/div>\n<p><span class=\"magic-8\">K\u0131sa S\u00fcreli S\u0131cakl\u0131k Direnci<\/span><\/p>\n<\/div>\n<\/td>\n<td colspan=\"1\" rowspan=\"1\">\n<div class=\"magic-9\"><span class=\"magic-8\">y\u0131kama: 90\u2103, 15 dakika; d\u00f6n\u00fc\u015ft\u00fcr\u00fcc\u00fc \u00f6n kurutma: 180\u2103, 30 dakika, 200 kez; \u00fct\u00fcleme: 180\u2103, 10 saniye, 200 kez; y\u00fcksek<br \/>\ns\u0131cakl\u0131k sterilizasyonu: 135\u2103, 20 dakika<\/span><\/div>\n<\/td>\n<\/tr>\n<tr>\n<td colspan=\"1\" rowspan=\"1\">\n<div class=\"magic-7\"><span class=\"magic-8\">\u00d6zellikler<\/span><\/div>\n<\/td>\n<td colspan=\"1\" rowspan=\"1\">\n<div class=\"magic-9\"><span class=\"magic-8\">su ge\u00e7irmez, y\u0131kanabilir, y\u00fcksek s\u0131cakl\u0131k dayan\u0131m\u0131<\/span><\/div>\n<\/td>\n<\/tr>\n<tr>\n<td colspan=\"1\" rowspan=\"1\">\n<div class=\"magic-7\"><span class=\"magic-8\">Hayat<\/span><\/div>\n<\/td>\n<td colspan=\"1\" rowspan=\"1\">\n<div class=\"magic-9\"><span class=\"magic-8\">200 kez y\u0131kama veya 3 y\u0131l<\/span><\/div>\n<\/td>\n<\/tr>\n<tr>\n<td colspan=\"1\" rowspan=\"1\">\n<div class=\"magic-7\"><span class=\"magic-8\">Uygulamalar<\/span><\/div>\n<\/td>\n<td colspan=\"1\" rowspan=\"1\">\n<div class=\"magic-9\"><span class=\"magic-8\">\u00e7ama\u015f\u0131rhane y\u00f6netimi ve takibi<\/span><\/div>\n<\/td>\n<\/tr>\n<\/tbody>\n<\/table>\n<\/div>\n<\/div>\n<div class=\"J_module\">\n<div class=\"detail-decorate-json-renderer-container\">\n<div class=\"magic-1\">\n<div>\n<div><\/div>\n<div class=\"auto-hide-last-sibling-br paragraph_1252f paragraph-element\"><strong>PPS NFC \u00c7ama\u015f\u0131r Giyim Etiketi NTAG213 \u00e7ipi<\/strong><\/div>\n<ul class=\"auto-hide-last-sibling-br\">\n<li>\u00dcretici: NXP Semiconductors<\/li>\n<li>\u00c7ip t\u00fcr\u00fc: NTAG213 (ISO\/IEC 14443 A)<\/li>\n<li>Bellek: Toplam 144 bayt bellek, 42 sayfaya b\u00f6l\u00fcnm\u00fc\u015ft\u00fcr (her biri 4 bayt)<\/li>\n<li>Okuma ve yazmaya izin ver<\/li>\n<li>UID ASCII Ayna \u00d6zelli\u011fi<\/li>\n<li>Entegre \u00d6zg\u00fcnl\u00fck \u0130mzas\u0131<\/li>\n<li>NFC Forum Tip 2 Etiket uyumlu<\/li>\n<\/ul>\n<\/div>\n<div class=\"magic-2\">\n<div class=\"auto-hide-last-sibling-br paragraph_1252f paragraph-element\">\n<div class=\"auto-hide-last-sibling-br paragraph_1252f paragraph-element\">\u00a0NTAG213 \u00e7iplerle g\u00f6m\u00fcl\u00fc PPS NFC \u00c7ama\u015f\u0131r Giyim Etiketi, end\u00fcstriyel \u00e7ama\u015f\u0131rhaneler, depolar ve lojistik firmalar\u0131 gibi sa\u011flam ve g\u00fcvenilir bir izleme mekanizmas\u0131 gerektiren ortamlar i\u00e7in m\u00fckemmel bir uyum sa\u011flar. Bu tokenlerin sa\u011flam PPS plastik kasas\u0131, y\u00fcksek bas\u0131n\u00e7, nem, ya\u011flar, kimyasallar ve y\u00fcksek s\u0131cakl\u0131klar gibi \u00e7e\u015fitli \u00e7evresel zorluklara etkili bir \u015fekilde dayanabilmelerini sa\u011flar.<\/div>\n<div class=\"auto-hide-last-sibling-br paragraph_1252f paragraph-element\">Bu NFC \u00e7ama\u015f\u0131r jetonlar\u0131 k\u00fc\u00e7\u00fck, siyah ve yuvarlakt\u0131r ve sa\u011flam bir NXP NTAG213 NFC \u00e7ipi vard\u0131r. \u00c7ip ve anten, IP68 seviyesinde \u00fcst\u00fcn koruma sa\u011flayan sa\u011flam, makinede y\u0131kanabilir bir PPS termoplastik kabukla tamamen kaplanm\u0131\u015ft\u0131r.<\/div>\n<p>&nbsp;<\/p>\n<div class=\"auto-hide-last-sibling-br paragraph_1252f paragraph-element\"><\/div>\n<div class=\"auto-hide-last-sibling-br paragraph_1252f paragraph-element\"><\/div>\n<\/div>\n<\/div>\n<\/div>\n<\/div>\n<\/div>","protected":false},"excerpt":{"rendered":"<p>Kompakt NFC \u00e7ama\u015f\u0131r etiketi, 20 mm geni\u015fli\u011finde, \u0131s\u0131ya dayan\u0131kl\u0131, aleve dayan\u0131kl\u0131 ve su ge\u00e7irmez. G\u00fcvenilir okuma i\u00e7in dahili bak\u0131r antenli dayan\u0131kl\u0131 PPS plastikten yap\u0131lm\u0131\u015ft\u0131r.<\/p>","protected":false},"featured_media":119,"template":"","meta":{"_kad_post_transparent":"default","_kad_post_title":"","_kad_post_layout":"default","_kad_post_sidebar_id":"","_kad_post_content_style":"default","_kad_post_vertical_padding":"default","_kad_post_feature":"","_kad_post_feature_position":"","_kad_post_header":false,"_kad_post_footer":false,"_kad_post_classname":""},"product_brand":[],"product_cat":[21,17],"product_tag":[37,46,59,45],"class_list":{"0":"post-118","1":"product","2":"type-product","3":"status-publish","4":"has-post-thumbnail","6":"product_cat-pps-rfid-laundry-tag","7":"product_cat-nfc-rfid-laundry-tag","8":"product_tag-nfc-button","9":"product_tag-nfc-laundry-token","10":"product_tag-pps-nfc-laundry-clothing-tag","11":"product_tag-pps-washable-nfc-tags","13":"first","14":"instock","15":"shipping-taxable","16":"product-type-simple","17":"entry","18":"content-bg","19":"loop-entry"},"_links":{"self":[{"href":"https:\/\/rfid-laundry-tag.com\/tr\/wp-json\/wp\/v2\/product\/118","targetHints":{"allow":["GET"]}}],"collection":[{"href":"https:\/\/rfid-laundry-tag.com\/tr\/wp-json\/wp\/v2\/product"}],"about":[{"href":"https:\/\/rfid-laundry-tag.com\/tr\/wp-json\/wp\/v2\/types\/product"}],"version-history":[{"count":1,"href":"https:\/\/rfid-laundry-tag.com\/tr\/wp-json\/wp\/v2\/product\/118\/revisions"}],"predecessor-version":[{"id":1321,"href":"https:\/\/rfid-laundry-tag.com\/tr\/wp-json\/wp\/v2\/product\/118\/revisions\/1321"}],"wp:featuredmedia":[{"embeddable":true,"href":"https:\/\/rfid-laundry-tag.com\/tr\/wp-json\/wp\/v2\/media\/119"}],"wp:attachment":[{"href":"https:\/\/rfid-laundry-tag.com\/tr\/wp-json\/wp\/v2\/media?parent=118"}],"wp:term":[{"taxonomy":"product_brand","embeddable":true,"href":"https:\/\/rfid-laundry-tag.com\/tr\/wp-json\/wp\/v2\/product_brand?post=118"},{"taxonomy":"product_cat","embeddable":true,"href":"https:\/\/rfid-laundry-tag.com\/tr\/wp-json\/wp\/v2\/product_cat?post=118"},{"taxonomy":"product_tag","embeddable":true,"href":"https:\/\/rfid-laundry-tag.com\/tr\/wp-json\/wp\/v2\/product_tag?post=118"}],"curies":[{"name":"wp","href":"https:\/\/api.w.org\/{rel}","templated":true}]}}