{"id":117,"date":"2024-06-12T05:06:31","date_gmt":"2024-06-12T05:06:31","guid":{"rendered":"https:\/\/rfid-laundry-tag.com\/?post_type=product&#038;p=117"},"modified":"2024-08-14T16:49:35","modified_gmt":"2024-08-14T16:49:35","slug":"rfid-laundry-tag-pps-em4305","status":"publish","type":"product","link":"https:\/\/rfid-laundry-tag.com\/tr\/rfid-laundry-tag-pps-em4305\/","title":{"rendered":"RFID \u00c7ama\u015f\u0131r Etiketi-PPS -EM4305"},"content":{"rendered":"<div class=\"J_module\">\n<div class=\"ife-detail-decorate-table\">\n<table style=\"border-collapse: collapse; width: 451.23pt;\" border=\"0\" width=\"752\" cellspacing=\"0\" cellpadding=\"0\">\n<tbody>\n<tr style=\"height: 28.00pt;\">\n<td class=\"et2\" style=\"height: 28.00pt; width: 138.60pt;\" width=\"231\" height=\"46\">\u00d6\u011fe ad\u0131<\/td>\n<td class=\"et3\" style=\"width: 312.60pt;\" width=\"521\">RFID \u00c7ama\u015f\u0131r Etiketi-PPS -EM4305<\/td>\n<\/tr>\n<tr style=\"height: 14.40pt;\">\n<td class=\"et3\" style=\"height: 14.40pt; width: 138.60pt;\" width=\"231\" height=\"24\">Malzeme<\/td>\n<td class=\"et3\" style=\"width: 312.60pt;\" width=\"521\">BES<\/td>\n<\/tr>\n<tr style=\"height: 14.40pt;\">\n<td class=\"et3\" style=\"height: 14.40pt; width: 138.60pt;\" width=\"231\" height=\"24\">Renk<\/td>\n<td class=\"et3\" style=\"width: 312.60pt;\" width=\"521\">Siyah<\/td>\n<\/tr>\n<tr style=\"height: 14.40pt;\">\n<td class=\"et3\" style=\"height: 14.40pt; width: 138.60pt;\" width=\"231\" height=\"24\">Adedi<\/td>\n<td class=\"et3\" style=\"width: 312.60pt;\" width=\"521\">500 adet<\/td>\n<\/tr>\n<tr style=\"height: 42.00pt;\">\n<td class=\"et3\" style=\"height: 42.00pt; width: 138.60pt;\" width=\"231\" height=\"70\">\u00dcretici\/\u00c7ip<\/td>\n<td class=\"et3\" style=\"width: 312.60pt;\" width=\"521\">EM4200,TK4100,EM4305,T5577 vb.<\/td>\n<\/tr>\n<tr style=\"height: 14.40pt;\">\n<td class=\"et3\" style=\"height: 14.40pt; width: 138.60pt;\" width=\"231\" height=\"24\">S\u0131kl\u0131k<\/td>\n<td class=\"et3\" style=\"width: 312.60pt;\" width=\"521\">125KHz<\/td>\n<\/tr>\n<tr style=\"height: 70.00pt;\">\n<td class=\"et3\" style=\"height: 70.00pt; width: 138.60pt;\" width=\"231\" height=\"116\">Boyut<\/td>\n<td class=\"et3\" style=\"width: 312.60pt;\" width=\"521\">\u00c7ap14mm,\u00c7ap15mm,\u00c7ap18mm,\u00c7ap20mm,<\/p>\n<p>Dia22mm, Dia24mm, Dia30mm vb.<\/td>\n<\/tr>\n<tr style=\"height: 14.40pt;\">\n<td class=\"et3\" style=\"height: 14.40pt; width: 138.60pt;\" width=\"231\" height=\"24\">Okuma Mesafesi<\/td>\n<td class=\"et3\" style=\"width: 312.60pt;\" width=\"521\">1~5cm<\/td>\n<\/tr>\n<tr style=\"height: 14.40pt;\">\n<td class=\"et3\" style=\"height: 14.40pt; width: 138.60pt;\" width=\"231\" height=\"24\">\u00c7al\u0131\u015fma modu<\/td>\n<td class=\"et3\" style=\"width: 312.60pt;\" width=\"521\">pasif<\/td>\n<\/tr>\n<tr style=\"height: 14.40pt;\">\n<td class=\"et3\" style=\"height: 14.40pt; width: 138.60pt;\" width=\"231\" height=\"24\">\u00c7al\u0131\u015fma s\u0131cakl\u0131\u011f\u0131<\/td>\n<td class=\"et3\" style=\"width: 312.60pt;\" width=\"521\">-25<span class=\"font0\">\u00b0C<\/span><span class=\"font2\">~+110<\/span><span class=\"font0\">\u00b0C<\/span><\/td>\n<\/tr>\n<tr style=\"height: 14.40pt;\">\n<td class=\"et3\" style=\"height: 14.40pt; width: 138.60pt;\" width=\"231\" height=\"24\">Depolama s\u0131cakl\u0131\u011f\u0131<\/td>\n<td class=\"et3\" style=\"width: 312.60pt;\" width=\"521\">-40<span class=\"font0\">\u00b0C<\/span><span class=\"font2\">~+85<\/span><span class=\"font0\">\u00b0C<\/span><\/td>\n<\/tr>\n<tr style=\"height: 73.00pt;\">\n<td class=\"et4\" style=\"height: 73.00pt;\" height=\"121\">\u00c7al\u0131\u015ft\u0131rma \u00d6zellikleri<\/td>\n<td class=\"et3\" style=\"width: 312.60pt;\" width=\"521\">Su ge\u00e7irmez; tuzlu suya, alkole, ya\u011fa, 10%HCL&#039;ye bat\u0131r\u0131lmaya kar\u015f\u0131 dayan\u0131kl\u0131d\u0131r; Amonyak; \u015fok ve titre\u015fim<\/td>\n<\/tr>\n<tr style=\"height: 14.40pt;\">\n<td class=\"et3\" style=\"height: 14.40pt; width: 138.60pt;\" width=\"231\" height=\"24\">\u00d6zellikler<\/td>\n<td class=\"et3\" style=\"width: 312.60pt;\" width=\"521\">su ge\u00e7irmez, y\u0131kanabilir, y\u00fcksek s\u0131cakl\u0131k dayan\u0131m\u0131<\/td>\n<\/tr>\n<tr style=\"height: 14.40pt;\">\n<td class=\"et3\" style=\"height: 14.40pt; width: 138.60pt;\" width=\"231\" height=\"24\">Uygulamalar<\/td>\n<td class=\"et3\" style=\"width: 312.60pt;\" width=\"521\">\u00e7ama\u015f\u0131rhane y\u00f6netimi ve takibi<\/td>\n<\/tr>\n<\/tbody>\n<\/table>\n<\/div>\n<\/div>\n<div class=\"J_module\">\n<div class=\"detail-decorate-json-renderer-container\">\n<div class=\"magic-1\">\n<div>\n<div><\/div>\n<\/div>\n<div class=\"magic-2\">\n<div>\n<div class=\"auto-hide-last-sibling-br paragraph_1252f paragraph-element\">\n<div class=\"auto-hide-last-sibling-br paragraph_1252f paragraph-element\"><strong>125kHz PPS RFID \u00c7ama\u015f\u0131r Etiketleri<\/strong> RFID \u00e7ama\u015f\u0131r etiketi \u00e7\u00f6z\u00fcmlerine entegre edildi\u011finde \u00e7ok say\u0131da fayda sa\u011flar.<\/div>\n<div class=\"auto-hide-last-sibling-br paragraph_1252f paragraph-element\">Bu faydalar\u0131n aras\u0131nda \u015funlar yer al\u0131r:<\/div>\n<ol class=\"auto-hide-last-sibling-br\">\n<li>Fabrikadan do\u011frudan fiyatland\u0131rma, maliyet etkin \u00e7\u00f6z\u00fcmlerin garantisidir.<\/li>\n<li>Sevkiyattan \u00f6nce 100% testleri yap\u0131larak garantili kalite.<\/li>\n<li>Uzun \u00f6m\u00fcrl\u00fc g\u00fcvenilirlik, 200 y\u0131kama d\u00f6ng\u00fcs\u00fcn\u00fc a\u015ft\u0131\u011f\u0131 sertifikal\u0131 veya g\u00f6nderim sonras\u0131 2 y\u0131ll\u0131k kullan\u0131m \u00f6mr\u00fc garantisiyle \u00f6v\u00fcn\u00fcyor.<\/li>\n<li>Suya, \u0131s\u0131ya, bas\u0131nca ve kimyasallara kar\u015f\u0131 ola\u011fan\u00fcst\u00fc dayan\u0131kl\u0131l\u0131k.<\/li>\n<li>Kalite g\u00fcvencesi ve test i\u00e7in \u00fccretsiz numune de sa\u011fl\u0131yoruz.<\/li>\n<\/ol>\n<div class=\"auto-hide-last-sibling-br paragraph_1252f paragraph-element\"><strong>RFID \u00c7ama\u015f\u0131r Etiketi-PPS -EM4305 Uygulamalar:<\/strong><\/div>\n<ol class=\"auto-hide-last-sibling-br\">\n<li>\n<div class=\"auto-hide-last-sibling-br paragraph_1252f paragraph-element\">End\u00fcstriyel \u00c7ama\u015f\u0131rhaneler: End\u00fcstriyel alanda, RFID \u00c7ama\u015f\u0131r Etiketi D\u00fc\u011fmelerinin kullan\u0131lmas\u0131, b\u00fcy\u00fck miktardaki \u00e7ama\u015f\u0131rlar\u0131n takibini zahmetsiz hale getirir.<\/div>\n<\/li>\n<li>\n<div class=\"auto-hide-last-sibling-br paragraph_1252f paragraph-element\">Hastaneler ve Oteller: Bu kurumlar, genellikle bu etiketlerin verimlili\u011fi art\u0131rmada ve envanter y\u00f6netimini kolayla\u015ft\u0131rmada \u00f6nemli oldu\u011fu kan\u0131tlanan b\u00fcy\u00fck hacimli \u00e7ama\u015f\u0131r y\u0131kama g\u00f6revlerini \u00fcstlenirler.<\/div>\n<\/li>\n<li>\n<div class=\"auto-hide-last-sibling-br paragraph_1252f paragraph-element\">Keten Kiralama: Keten kiralama hizmeti sunan firmalar, envanter y\u00f6netimini basitle\u015ftirmek ve kalite kontrol\u00fcn\u00fc sa\u011flamak i\u00e7in bu etiketleri benimsiyor.<\/div>\n<\/li>\n<\/ol>\n<\/div>\n<\/div>\n<\/div>\n<\/div>\n<\/div>\n<\/div>","protected":false},"excerpt":{"rendered":"<div class=\"auto-hide-last-sibling-br paragraph_1252f paragraph-element\">RFID \u00c7ama\u015f\u0131r Etiketi-PPS -EM4305, suya dald\u0131rmaya, \u0131s\u0131 temas\u0131na, strese ve kimyasal maddelere maruz kalmaya dayanacak \u015fekilde tasarlanm\u0131\u015ft\u0131r, bu nedenle zorlu ko\u015fullara uygundur. Bu etiketler, sa\u011fl\u0131k merkezleri, e\u011fitim kurulu\u015flar\u0131, oteller ve benzeri kurumlar gibi \u00e7e\u015fitli tesislerde envanter takibi ve do\u011frulamas\u0131nda birincil uygulama bulur.<\/div>\n<div class=\"auto-hide-last-sibling-br paragraph_1252f paragraph-element\"><\/div>","protected":false},"featured_media":147,"template":"","meta":{"_kad_post_transparent":"default","_kad_post_title":"","_kad_post_layout":"default","_kad_post_sidebar_id":"","_kad_post_content_style":"default","_kad_post_vertical_padding":"default","_kad_post_feature":"","_kad_post_feature_position":"","_kad_post_header":false,"_kad_post_footer":false,"_kad_post_classname":""},"product_brand":[],"product_cat":[21,18],"product_tag":[52,49,70,71],"class_list":{"0":"post-117","1":"product","2":"type-product","3":"status-publish","4":"has-post-thumbnail","6":"product_cat-pps-rfid-laundry-tag","7":"product_cat-125khz-rfid-laundry-tag","8":"product_tag-125khz-pps-rfid-laundry-tag","9":"product_tag-button-rfid-tag","10":"product_tag-rfid-laundry-tag-pps-em4305","11":"product_tag-rfid-tag-pps","13":"first","14":"instock","15":"featured","16":"shipping-taxable","17":"product-type-simple","18":"entry","19":"content-bg","20":"loop-entry"},"_links":{"self":[{"href":"https:\/\/rfid-laundry-tag.com\/tr\/wp-json\/wp\/v2\/product\/117","targetHints":{"allow":["GET"]}}],"collection":[{"href":"https:\/\/rfid-laundry-tag.com\/tr\/wp-json\/wp\/v2\/product"}],"about":[{"href":"https:\/\/rfid-laundry-tag.com\/tr\/wp-json\/wp\/v2\/types\/product"}],"version-history":[{"count":2,"href":"https:\/\/rfid-laundry-tag.com\/tr\/wp-json\/wp\/v2\/product\/117\/revisions"}],"predecessor-version":[{"id":1339,"href":"https:\/\/rfid-laundry-tag.com\/tr\/wp-json\/wp\/v2\/product\/117\/revisions\/1339"}],"wp:featuredmedia":[{"embeddable":true,"href":"https:\/\/rfid-laundry-tag.com\/tr\/wp-json\/wp\/v2\/media\/147"}],"wp:attachment":[{"href":"https:\/\/rfid-laundry-tag.com\/tr\/wp-json\/wp\/v2\/media?parent=117"}],"wp:term":[{"taxonomy":"product_brand","embeddable":true,"href":"https:\/\/rfid-laundry-tag.com\/tr\/wp-json\/wp\/v2\/product_brand?post=117"},{"taxonomy":"product_cat","embeddable":true,"href":"https:\/\/rfid-laundry-tag.com\/tr\/wp-json\/wp\/v2\/product_cat?post=117"},{"taxonomy":"product_tag","embeddable":true,"href":"https:\/\/rfid-laundry-tag.com\/tr\/wp-json\/wp\/v2\/product_tag?post=117"}],"curies":[{"name":"wp","href":"https:\/\/api.w.org\/{rel}","templated":true}]}}