{"id":115,"date":"2024-06-12T04:52:26","date_gmt":"2024-06-12T04:52:26","guid":{"rendered":"https:\/\/rfid-laundry-tag.com\/?post_type=product&#038;p=115"},"modified":"2024-08-14T16:51:27","modified_gmt":"2024-08-14T16:51:27","slug":"rfid-laundry-tag-pps-t5577","status":"publish","type":"product","link":"https:\/\/rfid-laundry-tag.com\/tr\/rfid-laundry-tag-pps-t5577\/","title":{"rendered":"RFID \u00c7ama\u015f\u0131r Etiketi-PPS -T5577"},"content":{"rendered":"<div class=\"J_module\">\n<div class=\"ife-detail-decorate-table\">\n<table style=\"border-collapse: collapse; width: 451.23pt;\" border=\"0\" width=\"752\" cellspacing=\"0\" cellpadding=\"0\">\n<tbody>\n<tr style=\"height: 28.00pt;\">\n<td class=\"et2\" style=\"height: 28.00pt; width: 138.60pt;\" width=\"231\" height=\"46\">\u00d6\u011fe ad\u0131<\/td>\n<td class=\"et3\" style=\"width: 312.60pt;\" width=\"521\">RFID \u00c7ama\u015f\u0131r Etiketi-PPS -T5577<\/td>\n<\/tr>\n<tr style=\"height: 14.40pt;\">\n<td class=\"et3\" style=\"height: 14.40pt; width: 138.60pt;\" width=\"231\" height=\"24\">Malzeme<\/td>\n<td class=\"et3\" style=\"width: 312.60pt;\" width=\"521\">BES<\/td>\n<\/tr>\n<tr style=\"height: 14.40pt;\">\n<td class=\"et3\" style=\"height: 14.40pt; width: 138.60pt;\" width=\"231\" height=\"24\">Renk<\/td>\n<td class=\"et3\" style=\"width: 312.60pt;\" width=\"521\">Siyah<\/td>\n<\/tr>\n<tr style=\"height: 14.40pt;\">\n<td class=\"et3\" style=\"height: 14.40pt; width: 138.60pt;\" width=\"231\" height=\"24\">Adedi<\/td>\n<td class=\"et3\" style=\"width: 312.60pt;\" width=\"521\">500 adet<\/td>\n<\/tr>\n<tr style=\"height: 42.00pt;\">\n<td class=\"et3\" style=\"height: 42.00pt; width: 138.60pt;\" width=\"231\" height=\"70\">\u00dcretici\/\u00c7ip<\/td>\n<td class=\"et3\" style=\"width: 312.60pt;\" width=\"521\">EM4200,TK4100,EM4305,T5577 vb.<\/td>\n<\/tr>\n<tr style=\"height: 14.40pt;\">\n<td class=\"et3\" style=\"height: 14.40pt; width: 138.60pt;\" width=\"231\" height=\"24\">S\u0131kl\u0131k<\/td>\n<td class=\"et3\" style=\"width: 312.60pt;\" width=\"521\">125KHz<\/td>\n<\/tr>\n<tr style=\"height: 70.00pt;\">\n<td class=\"et3\" style=\"height: 70.00pt; width: 138.60pt;\" width=\"231\" height=\"116\">Boyut<\/td>\n<td class=\"et3\" style=\"width: 312.60pt;\" width=\"521\">\u00c7ap14mm,\u00c7ap15mm,\u00c7ap18mm,\u00c7ap20mm,<\/p>\n<p>Dia22mm, Dia24mm, Dia30mm vb.<\/td>\n<\/tr>\n<tr style=\"height: 14.40pt;\">\n<td class=\"et3\" style=\"height: 14.40pt; width: 138.60pt;\" width=\"231\" height=\"24\">Okuma Mesafesi<\/td>\n<td class=\"et3\" style=\"width: 312.60pt;\" width=\"521\">1~5cm<\/td>\n<\/tr>\n<tr style=\"height: 14.40pt;\">\n<td class=\"et3\" style=\"height: 14.40pt; width: 138.60pt;\" width=\"231\" height=\"24\">\u00c7al\u0131\u015fma modu<\/td>\n<td class=\"et3\" style=\"width: 312.60pt;\" width=\"521\">pasif<\/td>\n<\/tr>\n<tr style=\"height: 14.40pt;\">\n<td class=\"et3\" style=\"height: 14.40pt; width: 138.60pt;\" width=\"231\" height=\"24\">\u00c7al\u0131\u015fma s\u0131cakl\u0131\u011f\u0131<\/td>\n<td class=\"et3\" style=\"width: 312.60pt;\" width=\"521\">-25<span class=\"font0\">\u00b0C<\/span><span class=\"font2\">~+110<\/span><span class=\"font0\">\u00b0C<\/span><\/td>\n<\/tr>\n<tr style=\"height: 14.40pt;\">\n<td class=\"et3\" style=\"height: 14.40pt; width: 138.60pt;\" width=\"231\" height=\"24\">Depolama s\u0131cakl\u0131\u011f\u0131<\/td>\n<td class=\"et3\" style=\"width: 312.60pt;\" width=\"521\">-40<span class=\"font0\">\u00b0C<\/span><span class=\"font2\">~+85<\/span><span class=\"font0\">\u00b0C<\/span><\/td>\n<\/tr>\n<tr style=\"height: 73.00pt;\">\n<td class=\"et4\" style=\"height: 73.00pt;\" height=\"121\">\u00c7al\u0131\u015ft\u0131rma \u00d6zellikleri<\/td>\n<td class=\"et3\" style=\"width: 312.60pt;\" width=\"521\">Su ge\u00e7irmez; tuzlu suya, alkole, ya\u011fa, 10%HCL&#039;ye bat\u0131r\u0131lmaya kar\u015f\u0131 dayan\u0131kl\u0131d\u0131r; Amonyak; \u015fok ve titre\u015fim<\/td>\n<\/tr>\n<tr style=\"height: 14.40pt;\">\n<td class=\"et3\" style=\"height: 14.40pt; width: 138.60pt;\" width=\"231\" height=\"24\">\u00d6zellikler<\/td>\n<td class=\"et3\" style=\"width: 312.60pt;\" width=\"521\">su ge\u00e7irmez, y\u0131kanabilir, y\u00fcksek s\u0131cakl\u0131k dayan\u0131m\u0131<\/td>\n<\/tr>\n<tr style=\"height: 14.40pt;\">\n<td class=\"et3\" style=\"height: 14.40pt; width: 138.60pt;\" width=\"231\" height=\"24\">Uygulamalar<\/td>\n<td class=\"et3\" style=\"width: 312.60pt;\" width=\"521\">\u00e7ama\u015f\u0131rhane y\u00f6netimi ve takibi<\/td>\n<\/tr>\n<\/tbody>\n<\/table>\n<\/div>\n<p>&nbsp;<\/p>\n<p><strong>ATA5577 IC<\/strong> temass\u0131z okuma\/yazma Kimlik Entegre \u00c7ipidir (IDIC\u00ae)<br \/>\n) 125 kHz veya 134 kHz&#039;deki uygulamalar i\u00e7in<br \/>\nkHz frekans band\u0131. \u00c7ipe ba\u011fl\u0131 tek bir bobin, IC&#039;nin g\u00fc\u00e7 kayna\u011f\u0131 ve \u00e7ift y\u00f6nl\u00fc olarak hizmet eder<br \/>\nileti\u015fim aray\u00fcz\u00fc. Anten ve \u00e7ip birlikte bir transponder veya etiket olu\u015fturur. \u00c7ip \u00fczerindeki 363 bitlik EEPROM<br \/>\n(Her biri 33 bit olan 11 blok) bir baz istasyonundan (okuyucu) bloklar halinde okunur ve yaz\u0131l\u0131r. Veriler,<br \/>\nIDIC (uplink) y\u00fck mod\u00fclasyonu kullan\u0131larak. Bu, iki aras\u0131ndaki diren\u00e7li bir y\u00fck ile RF alan\u0131n\u0131n s\u00f6n\u00fcmlenmesiyle elde edilir<br \/>\nterminaller, \u201cBobin 1 ve Bobin 2\u201d. IC, seri baz istasyonu komutlar\u0131n\u0131 (a\u015fa\u011f\u0131 ba\u011flant\u0131) al\u0131r ve kodunu \u00e7\u00f6zer; bunlar<br \/>\n100% genlik mod\u00fcle edilmi\u015f A\u00e7\u0131k-Kapal\u0131 Anahtarlama (OOK) Darbe Aral\u0131\u011f\u0131 Kodlanm\u0131\u015f (PIE) bit ak\u0131\u015flar\u0131 olarak kodlanm\u0131\u015ft\u0131r.<\/p>\n<p><strong>ATA5577 IC \u00d6zellikleri<\/strong><br \/>\n100 kHz ile 150 kHz aras\u0131nda okuma\/yazma \u00f6zelli\u011fine sahip LF RFID IDIC&#039;in \u00f6zellikleri \u015funlard\u0131r:<br \/>\n\u2022 Temass\u0131z G\u00fc\u00e7 Kayna\u011f\u0131<br \/>\n\u2022 Temass\u0131z Okuma\/Yazma Veri \u0130letimi<br \/>\n\u2022 100 kHz&#039;den 150 kHz&#039;e kadar radyo frekans\u0131 fRF<br \/>\n\u2022 Temel mod veya Geni\u015fletilmi\u015f mod<br \/>\n\u2022 T5557, ATA5567 ile uyumludur<br \/>\n\u2022 En Yayg\u0131n \u00c7al\u0131\u015fma modlar\u0131nda e5551\/T5551&#039;in yerine ge\u00e7er<br \/>\n\u2022 ISO\/IEC 11784\/785 Uyumlulu\u011fu i\u00e7in yap\u0131land\u0131r\u0131labilir<br \/>\n\u2022 Toplam 363 Bit EEPROM Bellek: 11 Blok (32 bit + 1 kilit biti):<br \/>\n\u2013 32 bit parola belle\u011fi dahil 7 \u00d7 32 bit EEPROM kullan\u0131c\u0131 belle\u011fi<br \/>\n\u2013 Benzersiz kimlik i\u00e7in 2 \u00d7 32 bit<br \/>\n\u2013 Analog \u00f6n ucu ayarlamak i\u00e7in EEPROM&#039;da 1 \u00d7 32 bit Se\u00e7enek kayd\u0131:<br \/>\n\u2022 Saat ve bo\u015fluk alg\u0131lama seviyesi<br \/>\n\u2022 Geli\u015ftirilmi\u015f a\u015fa\u011f\u0131 ba\u011flant\u0131 zamanlamas\u0131<br \/>\n\u2022 Kelep\u00e7e ve mod\u00fclasyon voltaj\u0131<br \/>\n\u2022 Yumu\u015fak mod\u00fclasyon anahtarlama<br \/>\n\u2022 T5557\/ATA5567 gibi s\u00f6n\u00fcmleme yaz\u0131n veya diren\u00e7le yaz\u0131n<br \/>\n\u2022 A\u015fa\u011f\u0131 ba\u011flant\u0131 protokol\u00fc<br \/>\n\u2013 EEPROM&#039;da a\u015fa\u011f\u0131dakileri ayarlamak i\u00e7in 1 \u00d7 32 bitlik Yap\u0131land\u0131rma kayd\u0131:<br \/>\n\u2022 Veri h\u0131z\u0131<br \/>\n\u2013 RF\/2 ila RF\/128, ikili se\u00e7ilebilir veya<br \/>\n\u2013 Sabit Temel mod oranlar\u0131<br \/>\n\u2022 Mod\u00fclasyon\/kodlama<br \/>\n\u2013 \u0130ki fazl\u0131, Manchester, Frekans Kayd\u0131rma Anahtarlamas\u0131 (FSK), Faz Kayd\u0131rma Anahtarlamas\u0131 (PSK), S\u0131f\u0131ra D\u00f6n\u00fc\u015fs\u00fcz (NRZ)<br \/>\n\u2022 Di\u011fer se\u00e7enekler:<br \/>\n\u2013 \u015eifre modu<br \/>\n\u2013 Maksimum blok \u00f6zelli\u011fi<br \/>\n\u2013 Do\u011frudan Eri\u015fim modu<br \/>\n\u2013 Dizi sonland\u0131r\u0131c\u0131(lar)\u0131<\/p>\n<\/div>\n<div class=\"J_module\">\n<div class=\"detail-decorate-json-renderer-container\">\n<div class=\"magic-1\">\n<div>\n<div><\/div>\n<\/div>\n<div class=\"magic-2\">\n<div>\n<div class=\"auto-hide-last-sibling-br paragraph_1252f paragraph-element\">\n<div class=\"auto-hide-last-sibling-br paragraph_1252f paragraph-element\"><strong>125kHz PPS RFID \u00c7ama\u015f\u0131r Etiketleri<\/strong> RFID \u00e7ama\u015f\u0131r etiketi \u00e7\u00f6z\u00fcmlerine entegre edildi\u011finde \u00e7ok say\u0131da fayda sa\u011flar.<\/div>\n<div class=\"auto-hide-last-sibling-br paragraph_1252f paragraph-element\">Bu faydalar\u0131n aras\u0131nda \u015funlar yer al\u0131r:<\/div>\n<ol class=\"auto-hide-last-sibling-br\">\n<li>Fabrikadan do\u011frudan fiyatland\u0131rma, maliyet etkin \u00e7\u00f6z\u00fcmlerin garantisidir.<\/li>\n<li>Sevkiyattan \u00f6nce 100% testleri yap\u0131larak garantili kalite.<\/li>\n<li>Uzun \u00f6m\u00fcrl\u00fc g\u00fcvenilirlik, 200 y\u0131kama d\u00f6ng\u00fcs\u00fcn\u00fc a\u015ft\u0131\u011f\u0131 sertifikal\u0131 veya g\u00f6nderim sonras\u0131 2 y\u0131ll\u0131k kullan\u0131m \u00f6mr\u00fc garantisiyle \u00f6v\u00fcn\u00fcyor.<\/li>\n<li>Suya, \u0131s\u0131ya, bas\u0131nca ve kimyasallara kar\u015f\u0131 ola\u011fan\u00fcst\u00fc dayan\u0131kl\u0131l\u0131k.<\/li>\n<li>Kalite g\u00fcvencesi ve test i\u00e7in \u00fccretsiz numune de sa\u011fl\u0131yoruz.<\/li>\n<\/ol>\n<div class=\"auto-hide-last-sibling-br paragraph_1252f paragraph-element\"><strong>RFID \u00c7ama\u015f\u0131r Etiketi-PPS -T5577 Uygulamalar:<\/strong><\/div>\n<ol class=\"auto-hide-last-sibling-br\">\n<li>\n<div class=\"auto-hide-last-sibling-br paragraph_1252f paragraph-element\">End\u00fcstriyel \u00c7ama\u015f\u0131rhaneler: End\u00fcstriyel alanda, RFID \u00c7ama\u015f\u0131r Etiketi D\u00fc\u011fmelerinin kullan\u0131lmas\u0131, b\u00fcy\u00fck miktardaki \u00e7ama\u015f\u0131rlar\u0131n takibini zahmetsiz hale getirir.<\/div>\n<\/li>\n<li>\n<div class=\"auto-hide-last-sibling-br paragraph_1252f paragraph-element\">Hastaneler ve Oteller: Bu kurumlar, genellikle bu etiketlerin verimlili\u011fi art\u0131rmada ve envanter y\u00f6netimini kolayla\u015ft\u0131rmada \u00f6nemli oldu\u011fu kan\u0131tlanan b\u00fcy\u00fck hacimli \u00e7ama\u015f\u0131r y\u0131kama g\u00f6revlerini \u00fcstlenirler.<\/div>\n<\/li>\n<li>\n<div class=\"auto-hide-last-sibling-br paragraph_1252f paragraph-element\">Keten Kiralama: Keten kiralama hizmeti sunan firmalar, envanter y\u00f6netimini basitle\u015ftirmek ve kalite kontrol\u00fcn\u00fc sa\u011flamak i\u00e7in bu etiketleri benimsiyor.<\/div>\n<\/li>\n<\/ol>\n<\/div>\n<\/div>\n<\/div>\n<\/div>\n<\/div>\n<\/div>","protected":false},"excerpt":{"rendered":"<div class=\"auto-hide-last-sibling-br paragraph_1252f paragraph-element\">Dayan\u0131kl\u0131 PPS malzemeden \u00fcretilen T5577 PPS RFID \u00c7ama\u015f\u0131r Etiketleri, suya dald\u0131rmaya, \u0131s\u0131ya, bas\u0131nca ve kimyasallara maruz kalmaya dayanacak \u015fekilde tasarlanm\u0131\u015ft\u0131r ve bu da onlar\u0131 zorlu ortamlar i\u00e7in m\u00fckemmel hale getirir.<\/div>","protected":false},"featured_media":116,"template":"","meta":{"_kad_post_transparent":"default","_kad_post_title":"","_kad_post_layout":"default","_kad_post_sidebar_id":"","_kad_post_content_style":"default","_kad_post_vertical_padding":"default","_kad_post_feature":"","_kad_post_feature_position":"","_kad_post_header":false,"_kad_post_footer":false,"_kad_post_classname":""},"product_brand":[],"product_cat":[21,18],"product_tag":[52,49,58],"class_list":{"0":"post-115","1":"product","2":"type-product","3":"status-publish","4":"has-post-thumbnail","6":"product_cat-pps-rfid-laundry-tag","7":"product_cat-125khz-rfid-laundry-tag","8":"product_tag-125khz-pps-rfid-laundry-tag","9":"product_tag-button-rfid-tag","10":"product_tag-rfid-laundry-tag-pps-t5577","12":"first","13":"instock","14":"shipping-taxable","15":"product-type-simple","16":"entry","17":"content-bg","18":"loop-entry"},"_links":{"self":[{"href":"https:\/\/rfid-laundry-tag.com\/tr\/wp-json\/wp\/v2\/product\/115","targetHints":{"allow":["GET"]}}],"collection":[{"href":"https:\/\/rfid-laundry-tag.com\/tr\/wp-json\/wp\/v2\/product"}],"about":[{"href":"https:\/\/rfid-laundry-tag.com\/tr\/wp-json\/wp\/v2\/types\/product"}],"version-history":[{"count":1,"href":"https:\/\/rfid-laundry-tag.com\/tr\/wp-json\/wp\/v2\/product\/115\/revisions"}],"predecessor-version":[{"id":1340,"href":"https:\/\/rfid-laundry-tag.com\/tr\/wp-json\/wp\/v2\/product\/115\/revisions\/1340"}],"wp:featuredmedia":[{"embeddable":true,"href":"https:\/\/rfid-laundry-tag.com\/tr\/wp-json\/wp\/v2\/media\/116"}],"wp:attachment":[{"href":"https:\/\/rfid-laundry-tag.com\/tr\/wp-json\/wp\/v2\/media?parent=115"}],"wp:term":[{"taxonomy":"product_brand","embeddable":true,"href":"https:\/\/rfid-laundry-tag.com\/tr\/wp-json\/wp\/v2\/product_brand?post=115"},{"taxonomy":"product_cat","embeddable":true,"href":"https:\/\/rfid-laundry-tag.com\/tr\/wp-json\/wp\/v2\/product_cat?post=115"},{"taxonomy":"product_tag","embeddable":true,"href":"https:\/\/rfid-laundry-tag.com\/tr\/wp-json\/wp\/v2\/product_tag?post=115"}],"curies":[{"name":"wp","href":"https:\/\/api.w.org\/{rel}","templated":true}]}}