{"id":109,"date":"2024-06-12T04:24:09","date_gmt":"2024-06-12T04:24:09","guid":{"rendered":"https:\/\/rfid-laundry-tag.com\/?post_type=product&#038;p=109"},"modified":"2024-06-12T04:31:34","modified_gmt":"2024-06-12T04:31:34","slug":"nfc-laundry-tag-pps-icode-slix","status":"publish","type":"product","link":"https:\/\/rfid-laundry-tag.com\/tr\/nfc-laundry-tag-pps-icode-slix\/","title":{"rendered":"NFC \u00c7ama\u015f\u0131r etiketi \u2013 PPS- ICODE SLIX"},"content":{"rendered":"<div class=\"J_module\">\n<div class=\"ife-detail-decorate-table\">\n<table class=\"has-title all magic-6\">\n<tbody>\n<tr>\n<td colspan=\"1\" rowspan=\"1\">\n<div class=\"magic-7\" data-spm-anchor-id=\"a2700.details.0.i45.77607d98vZbcDU\"><span class=\"magic-8\" style=\"color: #363535;\">\u00d6\u011fe ad\u0131<\/span><\/div>\n<\/td>\n<td colspan=\"1\" rowspan=\"1\">\n<div class=\"magic-9\">NFC \u00c7ama\u015f\u0131r etiketi \u2013 PPS- ICODE SLIX<\/div>\n<\/td>\n<\/tr>\n<tr>\n<td colspan=\"1\" rowspan=\"1\">\n<div class=\"magic-7\"><span class=\"magic-10\" data-spm-anchor-id=\"a2700.pc-decorate.0.i10.28d333330XLbTD\"><span class=\"magic-8\">Malzeme<\/span><\/span><\/div>\n<\/td>\n<td colspan=\"1\" rowspan=\"1\">\n<div class=\"magic-9\"><span class=\"magic-8\">BES<\/span><\/div>\n<\/td>\n<\/tr>\n<tr>\n<td colspan=\"1\" rowspan=\"1\">\n<div class=\"magic-7\"><span class=\"magic-8\">Renk<\/span><\/div>\n<\/td>\n<td colspan=\"1\" rowspan=\"1\">\n<div class=\"magic-9\"><span class=\"magic-8\">Siyah vb.<\/span><\/div>\n<\/td>\n<\/tr>\n<tr>\n<td colspan=\"1\" rowspan=\"1\">Adedi<\/td>\n<td colspan=\"1\" rowspan=\"1\">500 adet<\/td>\n<\/tr>\n<tr>\n<td colspan=\"1\" rowspan=\"1\">\n<div class=\"magic-7\"><span class=\"magic-8\">\u00dcretici\/\u00c7ip<\/span><\/div>\n<\/td>\n<td colspan=\"1\" rowspan=\"1\">\n<div class=\"magic-9\"><span class=\"magic-8\">NXP I Code Slix ; di\u011fer se\u00e7enekler :Ntag213,Ntag215,Ntag216,Mifare Ultralight ev1 vb.<\/span><\/div>\n<\/td>\n<\/tr>\n<tr>\n<td colspan=\"1\" rowspan=\"1\">\n<div class=\"magic-7\"><span class=\"magic-8\">S\u0131kl\u0131k<\/span><\/div>\n<\/td>\n<td colspan=\"1\" rowspan=\"1\">\n<div class=\"magic-9\"><span class=\"magic-8\">13.56MHz<\/span><\/div>\n<\/td>\n<\/tr>\n<tr>\n<td colspan=\"1\" rowspan=\"1\">\n<div class=\"magic-7\"><span class=\"magic-8\">Haf\u0131za<\/span><\/div>\n<\/td>\n<td colspan=\"1\" rowspan=\"1\">\n<div class=\"magic-9\"><span class=\"magic-8\">1k Bayt; di\u011fer \u00c7ipin belle\u011fi: 144 Bayt, 504 Bayt, 888 Bayt, 64 Bayt vb.<\/span><\/div>\n<\/td>\n<\/tr>\n<tr>\n<td colspan=\"1\" rowspan=\"1\">\n<div class=\"magic-7\"><span class=\"magic-8\">Okuma Mesafesi<\/span><\/div>\n<\/td>\n<td colspan=\"1\" rowspan=\"1\">\n<div class=\"magic-9\"><span class=\"magic-8\">1~5cm<\/span><\/div>\n<\/td>\n<\/tr>\n<tr>\n<td colspan=\"1\" rowspan=\"1\">\n<div class=\"magic-7\"><span class=\"magic-8\">\u00c7al\u0131\u015fma modu<\/span><\/div>\n<\/td>\n<td colspan=\"1\" rowspan=\"1\">\n<div class=\"magic-9\"><span class=\"magic-8\">pasif<\/span><\/div>\n<\/td>\n<\/tr>\n<tr>\n<td colspan=\"1\" rowspan=\"1\">\n<div class=\"magic-7\"><span class=\"magic-8\">\u00c7al\u0131\u015fma s\u0131cakl\u0131\u011f\u0131<\/span><\/div>\n<\/td>\n<td colspan=\"1\" rowspan=\"1\">\n<div class=\"magic-9\"><span class=\"magic-8\">-25\u2103~+110\u2103<\/span><\/div>\n<\/td>\n<\/tr>\n<tr>\n<td colspan=\"1\" rowspan=\"1\">\n<div class=\"magic-7\"><span class=\"magic-8\">Depolama s\u0131cakl\u0131\u011f\u0131<\/span><\/div>\n<\/td>\n<td colspan=\"1\" rowspan=\"1\">\n<div class=\"magic-9\"><span class=\"magic-8\">-40\u2103~+85\u2103<\/span><\/div>\n<\/td>\n<\/tr>\n<tr>\n<td colspan=\"1\" rowspan=\"1\">\n<div class=\"magic-7\">\n<div><span class=\"magic-8\">\u00a0<\/span><\/div>\n<p><span class=\"magic-8\">K\u0131sa S\u00fcreli S\u0131cakl\u0131k Direnci<\/span><\/p>\n<\/div>\n<\/td>\n<td colspan=\"1\" rowspan=\"1\">\n<div class=\"magic-9\"><span class=\"magic-8\">y\u0131kama: 90\u2103, 15 dakika; d\u00f6n\u00fc\u015ft\u00fcr\u00fcc\u00fc \u00f6n kurutma: 180\u2103, 30 dakika, 200 kez; \u00fct\u00fcleme: 180\u2103, 10 saniye, 200 kez; y\u00fcksek<br \/>\ns\u0131cakl\u0131k sterilizasyonu: 135\u2103, 20 dakika<\/span><\/div>\n<\/td>\n<\/tr>\n<tr>\n<td colspan=\"1\" rowspan=\"1\">\n<div class=\"magic-7\"><span class=\"magic-8\">\u00d6zellikler<\/span><\/div>\n<\/td>\n<td colspan=\"1\" rowspan=\"1\">\n<div class=\"magic-9\"><span class=\"magic-8\">su ge\u00e7irmez, y\u0131kanabilir, y\u00fcksek s\u0131cakl\u0131k dayan\u0131m\u0131<\/span><\/div>\n<\/td>\n<\/tr>\n<tr>\n<td colspan=\"1\" rowspan=\"1\">\n<div class=\"magic-7\"><span class=\"magic-8\">Hayat<\/span><\/div>\n<\/td>\n<td colspan=\"1\" rowspan=\"1\">\n<div class=\"magic-9\"><span class=\"magic-8\">200 kez y\u0131kama veya 3 y\u0131l<\/span><\/div>\n<\/td>\n<\/tr>\n<tr>\n<td colspan=\"1\" rowspan=\"1\">\n<div class=\"magic-7\"><span class=\"magic-8\">Uygulamalar<\/span><\/div>\n<\/td>\n<td colspan=\"1\" rowspan=\"1\">\n<div class=\"magic-9\"><span class=\"magic-8\">\u00e7ama\u015f\u0131rhane y\u00f6netimi ve takibi<\/span><\/div>\n<\/td>\n<\/tr>\n<\/tbody>\n<\/table>\n<\/div>\n<\/div>\n<div class=\"J_module\">\n<div class=\"detail-decorate-json-renderer-container\">\n<div class=\"magic-1\">\n<div>\n<div><\/div>\n<\/div>\n<div class=\"magic-2\">\n<div class=\"auto-hide-last-sibling-br paragraph_1252f paragraph-element\">\n<div class=\"auto-hide-last-sibling-br paragraph_1252f paragraph-element\"><b>NFC \u00c7ama\u015f\u0131r etiketi \u2013 PPS-I Code Slix Kurulumu:<\/b><br \/>\nBir \u015firket bir \u015feye karar verdi\u011finde <b>NFC \u00c7ama\u015f\u0131rhane<\/b> izleme sistemi onlara fayda sa\u011flayabilir, bir sonraki ad\u0131m bir karar vermektir <b>NFC \u00c7ama\u015f\u0131r etiketi<\/b>.<br \/>\nThe <b>NFC \u00c7ama\u015f\u0131r etiketi<\/b> Ayr\u0131ca giysinize dikilebilir, bu durumda NFC veya UHF i\u015flevlerine nerede olursan\u0131z olun eri\u015febilirsiniz.<\/div>\n<div class=\"auto-hide-last-sibling-br paragraph_1252f paragraph-element\">\n<p>&nbsp;<\/p>\n<p><b>NFC \u00c7ama\u015f\u0131r Etiketi Uygulamas\u0131 \u2013 PPS-I Kod Slix:<\/b><br \/>\n\u2013 End\u00fcstriyel y\u0131kama.<br \/>\n\u2013 \u00dcniforma y\u00f6netimi.<br \/>\n\u2013 T\u0131bbi giyim y\u00f6netimi.<br \/>\n\u2013 KKD giyim y\u00f6netimi.<br \/>\n\u2013 Personel devriye y\u00f6netimi.<br \/>\n\u2013 Yang\u0131nla m\u00fccadele ekipmanlar\u0131n\u0131n y\u00f6netimi.<br \/>\n\u2013 Kayak ekipman\u0131 y\u00f6netimi.<\/p>\n<\/div>\n<div><\/div>\n<\/div>\n<\/div>\n<div>\n<p>The <strong>ICODE SLIX IC<\/strong> k\u00fct\u00fcphaneler, ila\u00e7, t\u0131bbi cihazlar ve alkol gibi farkl\u0131 end\u00fcstrilerde \u00fcr\u00fcn do\u011frulamas\u0131 ve end\u00fcstrinin farkl\u0131 alanlar\u0131nda \u00fcretim y\u00f6netimi gibi ak\u0131ll\u0131 etiket uygulamalar\u0131 i\u00e7in \u00f6zel bir \u00e7iptir. Bu IC, ISO\/IEC 15693 ve ISO\/IEC 18000-3 ISO standartlar\u0131na dayal\u0131 ak\u0131ll\u0131 etiket IC&#039;lerinin bir \u00fcr\u00fcn ailesinin \u00fc\u00e7\u00fcnc\u00fc neslidir ve NXP&#039;nin ba\u015far\u0131l\u0131 hikayesini devam ettirmektedir<sup>\u00ae<\/sup>\u00a0Yak\u0131nl\u0131k tan\u0131mlama sistemleri alan\u0131nda.<\/p>\n<h3>Temass\u0131z enerji ve veri transferi<\/h3>\n<p>Birka\u00e7 sar\u0131m, bask\u0131, sar\u0131m, kaz\u0131ma veya delinmi\u015f bobinden yap\u0131lm\u0131\u015f, \u00e7ok basit ve \u00fcretimi kolay bir anten t\u00fcr\u00fcne (13.56 MHz ta\u015f\u0131y\u0131c\u0131 frekans\u0131n\u0131n bir sonucu olarak) ba\u011fland\u0131\u011f\u0131nda, ICODE SLIX IC 1,5 m&#039;ye kadar (kap\u0131 geni\u015fli\u011fi) g\u00f6r\u00fc\u015f hatt\u0131 olmadan \u00e7al\u0131\u015ft\u0131r\u0131labilir. Pil gerekmez. Ak\u0131ll\u0131 etiket bir sorgulay\u0131c\u0131 antenin alan\u0131na yerle\u015ftirildi\u011finde, y\u00fcksek h\u0131zl\u0131 RF ileti\u015fim aray\u00fcz\u00fc verilerin 53 kbit\/s&#039;ye kadar iletilmesini sa\u011flar.<\/p>\n<h3>\u00c7arp\u0131\u015fma \u00f6nleyici<\/h3>\n<p>Ak\u0131ll\u0131 bir \u00e7arp\u0131\u015fma \u00f6nleme i\u015flevi, sahada ayn\u0131 anda birden fazla etiketin \u00e7al\u0131\u015fmas\u0131n\u0131 sa\u011flar. \u00c7arp\u0131\u015fma \u00f6nleme algoritmas\u0131 her etiketi ayr\u0131 ayr\u0131 se\u00e7er ve se\u00e7ili etiketle yap\u0131lan bir i\u015flemin y\u00fcr\u00fct\u00fclmesinin, sahadaki di\u011fer etiketlerden kaynaklanan veri bozulmas\u0131 olmadan do\u011fru \u015fekilde ger\u00e7ekle\u015ftirilmesini sa\u011flar.<\/p>\n<h3>\u00d6zellikler<\/h3>\n<div id=\"featuresXsp\" class=\"features-list\">\n<div class=\"features-xsp\">\n<div class=\"collapse-mobile ste-list\">\n<h3>ICODE SLIX RF aray\u00fcz\u00fc (ISO\/IEC 15693)<\/h3>\n<ul class=\"boxes\">\n<li>Temass\u0131z veri iletimi ve enerji temini (pil gerektirmez)<\/li>\n<li>\u00c7al\u0131\u015fma mesafesi: 1,5 m&#039;ye kadar (anten geometrisine ba\u011fl\u0131 olarak)<\/li>\n<li>\u00c7al\u0131\u015fma frekans\u0131: 13.56 MHz (ISM, d\u00fcnya \u00e7ap\u0131nda lisans serbest\u00e7e mevcuttur)<\/li>\n<li>H\u0131zl\u0131 veri aktar\u0131m\u0131: 53 kbit\/s&#039;ye kadar<\/li>\n<li>Y\u00fcksek veri b\u00fct\u00fcnl\u00fc\u011f\u00fc: 16 bit CRC, \u00e7er\u00e7eveleme<\/li>\n<li>Ger\u00e7ek \u00e7arp\u0131\u015fma \u00f6nleme<\/li>\n<li>\u015eifre korumal\u0131 Elektronik Makale G\u00f6zetimi (EAS)<\/li>\n<li>Parola korumal\u0131 Uygulama Ailesi Tan\u0131mlay\u0131c\u0131s\u0131 (AFI)<\/li>\n<li>Veri Depolama Bi\u00e7imi Tan\u0131mlay\u0131c\u0131s\u0131 (DSFID)<\/li>\n<li>Ek h\u0131zl\u0131 \u00e7arp\u0131\u015fma \u00f6nleme okumas\u0131<\/li>\n<li>Yazma mesafesi okuma mesafesine e\u015fittir<\/li>\n<\/ul>\n<\/div>\n<div class=\"collapse-mobile ste-list\">\n<h3>EEPROM<\/h3>\n<ul class=\"boxes\">\n<li>1024 bit, her biri 4 baytl\u0131k 32 blok halinde d\u00fczenlenmi\u015ftir<\/li>\n<li>50 y\u0131l veri saklama<\/li>\n<li>100000 \u00e7evrim yazma dayan\u0131kl\u0131l\u0131\u011f\u0131<\/li>\n<\/ul>\n<\/div>\n<div class=\"collapse-mobile ste-list\">\n<h3>G\u00fcvenlik<\/h3>\n<ul class=\"boxes\">\n<li>Her cihaz i\u00e7in benzersiz tan\u0131mlay\u0131c\u0131<\/li>\n<li>Her kullan\u0131c\u0131 bellek blo\u011fu i\u00e7in kilitleme mekanizmas\u0131 (yazma korumas\u0131)<\/li>\n<li>DSFID, AFI, EAS i\u00e7in kilit mekanizmas\u0131<\/li>\n<li>Parola (32-bit) korumal\u0131 EAS ve AFI i\u015flevselli\u011fi<\/li>\n<\/ul>\n<\/div>\n<\/div>\n<\/div>\n<\/div>\n<div class=\"magic-2\">\n<div class=\"auto-hide-last-sibling-br paragraph_1252f paragraph-element\">\n<p>&nbsp;<\/p>\n<div class=\"auto-hide-last-sibling-br paragraph_1252f paragraph-element\"><\/div>\n<div class=\"auto-hide-last-sibling-br paragraph_1252f paragraph-element\"><\/div>\n<\/div>\n<\/div>\n<\/div>\n<\/div>\n<\/div>","protected":false},"excerpt":{"rendered":"<p>\u00c7arp\u0131\u015fma \u00f6nleme ve EAS \u00f6zellikleriyle tasarlanan ICODE SLIX NFC \u00c7ama\u015f\u0131r Etiketleri, \u00e7ama\u015f\u0131rhane sekt\u00f6rlerine m\u00fckemmel uyum sa\u011flar. Bu NFC \u00c7ama\u015f\u0131r Etiketleri, \u00e7ama\u015f\u0131rhane ve tekstil kiralama end\u00fcstrilerinde tipik olarak kar\u015f\u0131la\u015f\u0131lan \u0131s\u0131ya, bas\u0131nca ve kimyasal maddelere maruz kalmaya dayanacak \u015fekilde tasarlanm\u0131\u015ft\u0131r. Bu \u00f6zellikler g\u00f6z \u00f6n\u00fcne al\u0131nd\u0131\u011f\u0131nda, bu sekt\u00f6rlerdeki giyim \u00fcr\u00fcnlerinin kesintisiz, temass\u0131z takibi i\u00e7in nihai \u00e7\u00f6z\u00fcm olarak hizmet veriyorlar.<\/p>","protected":false},"featured_media":110,"template":"","meta":{"_kad_post_transparent":"default","_kad_post_title":"","_kad_post_layout":"default","_kad_post_sidebar_id":"","_kad_post_content_style":"default","_kad_post_vertical_padding":"default","_kad_post_feature":"","_kad_post_feature_position":"","_kad_post_header":false,"_kad_post_footer":false,"_kad_post_classname":""},"product_brand":[],"product_cat":[21,17],"product_tag":[37,39,56,45],"class_list":{"0":"post-109","1":"product","2":"type-product","3":"status-publish","4":"has-post-thumbnail","6":"product_cat-pps-rfid-laundry-tag","7":"product_cat-nfc-rfid-laundry-tag","8":"product_tag-nfc-button","9":"product_tag-nfc-laundry-tag","10":"product_tag-nfc-laundry-tag-pps-icode-slix","11":"product_tag-pps-washable-nfc-tags","13":"first","14":"instock","15":"shipping-taxable","16":"product-type-simple","17":"entry","18":"content-bg","19":"loop-entry"},"_links":{"self":[{"href":"https:\/\/rfid-laundry-tag.com\/tr\/wp-json\/wp\/v2\/product\/109","targetHints":{"allow":["GET"]}}],"collection":[{"href":"https:\/\/rfid-laundry-tag.com\/tr\/wp-json\/wp\/v2\/product"}],"about":[{"href":"https:\/\/rfid-laundry-tag.com\/tr\/wp-json\/wp\/v2\/types\/product"}],"version-history":[{"count":0,"href":"https:\/\/rfid-laundry-tag.com\/tr\/wp-json\/wp\/v2\/product\/109\/revisions"}],"wp:featuredmedia":[{"embeddable":true,"href":"https:\/\/rfid-laundry-tag.com\/tr\/wp-json\/wp\/v2\/media\/110"}],"wp:attachment":[{"href":"https:\/\/rfid-laundry-tag.com\/tr\/wp-json\/wp\/v2\/media?parent=109"}],"wp:term":[{"taxonomy":"product_brand","embeddable":true,"href":"https:\/\/rfid-laundry-tag.com\/tr\/wp-json\/wp\/v2\/product_brand?post=109"},{"taxonomy":"product_cat","embeddable":true,"href":"https:\/\/rfid-laundry-tag.com\/tr\/wp-json\/wp\/v2\/product_cat?post=109"},{"taxonomy":"product_tag","embeddable":true,"href":"https:\/\/rfid-laundry-tag.com\/tr\/wp-json\/wp\/v2\/product_tag?post=109"}],"curies":[{"name":"wp","href":"https:\/\/api.w.org\/{rel}","templated":true}]}}