{"id":86,"date":"2024-06-11T17:44:19","date_gmt":"2024-06-11T17:44:19","guid":{"rendered":"https:\/\/rfid-laundry-tag.com\/?post_type=product&#038;p=86"},"modified":"2024-06-11T17:52:29","modified_gmt":"2024-06-11T17:52:29","slug":"125khz-pps-rfid-laundry-tag","status":"publish","type":"product","link":"https:\/\/rfid-laundry-tag.com\/sv\/125khz-pps-rfid-laundry-tag\/","title":{"rendered":"125 kHz PPS RFID tv\u00e4ttetikett"},"content":{"rendered":"<div class=\"J_module\">\n<div class=\"ife-detail-decorate-table\">\n<table style=\"border-collapse: collapse; width: 451.23pt;\" border=\"0\" width=\"752\" cellspacing=\"0\" cellpadding=\"0\">\n<tbody>\n<tr style=\"height: 28.00pt;\">\n<td class=\"et2\" style=\"height: 28.00pt; width: 138.60pt;\" width=\"231\" height=\"46\">Objektets namn<\/td>\n<td class=\"et3\" style=\"width: 312.60pt;\" width=\"521\">125 kHz PPS RFID tv\u00e4ttetikett<\/td>\n<\/tr>\n<tr style=\"height: 14.40pt;\">\n<td class=\"et3\" style=\"height: 14.40pt; width: 138.60pt;\" width=\"231\" height=\"24\">Material<\/td>\n<td class=\"et3\" style=\"width: 312.60pt;\" width=\"521\">PPS<\/td>\n<\/tr>\n<tr style=\"height: 14.40pt;\">\n<td class=\"et3\" style=\"height: 14.40pt; width: 138.60pt;\" width=\"231\" height=\"24\">F\u00e4rg<\/td>\n<td class=\"et3\" style=\"width: 312.60pt;\" width=\"521\">Svart<\/td>\n<\/tr>\n<tr style=\"height: 14.40pt;\">\n<td class=\"et3\" style=\"height: 14.40pt; width: 138.60pt;\" width=\"231\" height=\"24\">MOQ<\/td>\n<td class=\"et3\" style=\"width: 312.60pt;\" width=\"521\">500 st<\/td>\n<\/tr>\n<tr style=\"height: 42.00pt;\">\n<td class=\"et3\" style=\"height: 42.00pt; width: 138.60pt;\" width=\"231\" height=\"70\">Tillverkare\/chip<\/td>\n<td class=\"et3\" style=\"width: 312.60pt;\" width=\"521\">EM4200, TK4100, EM4305, T5577 etc<\/td>\n<\/tr>\n<tr style=\"height: 14.40pt;\">\n<td class=\"et3\" style=\"height: 14.40pt; width: 138.60pt;\" width=\"231\" height=\"24\">Frekvens<\/td>\n<td class=\"et3\" style=\"width: 312.60pt;\" width=\"521\">125Khz<\/td>\n<\/tr>\n<tr style=\"height: 70.00pt;\">\n<td class=\"et3\" style=\"height: 70.00pt; width: 138.60pt;\" width=\"231\" height=\"116\">Storlek<\/td>\n<td class=\"et3\" style=\"width: 312.60pt;\" width=\"521\">Dia14mm, Dia15mm, Dia18mm, Dia20mm, Dia22mm, Dia24mm, Dia30mm etc<\/td>\n<\/tr>\n<tr style=\"height: 14.40pt;\">\n<td class=\"et3\" style=\"height: 14.40pt; width: 138.60pt;\" width=\"231\" height=\"24\">L\u00e4s avst\u00e5nd<\/td>\n<td class=\"et3\" style=\"width: 312.60pt;\" width=\"521\">1~5 cm<\/td>\n<\/tr>\n<tr style=\"height: 14.40pt;\">\n<td class=\"et3\" style=\"height: 14.40pt; width: 138.60pt;\" width=\"231\" height=\"24\">Arbetsl\u00e4ge<\/td>\n<td class=\"et3\" style=\"width: 312.60pt;\" width=\"521\">passiv<\/td>\n<\/tr>\n<tr style=\"height: 14.40pt;\">\n<td class=\"et3\" style=\"height: 14.40pt; width: 138.60pt;\" width=\"231\" height=\"24\">Arbetstemperatur<\/td>\n<td class=\"et3\" style=\"width: 312.60pt;\" width=\"521\">-25<span class=\"font0\">\u2103<\/span><span class=\"font2\">~+110<\/span><span class=\"font0\">\u2103<\/span><\/td>\n<\/tr>\n<tr style=\"height: 14.40pt;\">\n<td class=\"et3\" style=\"height: 14.40pt; width: 138.60pt;\" width=\"231\" height=\"24\">F\u00f6rvaringstemperatur<\/td>\n<td class=\"et3\" style=\"width: 312.60pt;\" width=\"521\">-40<span class=\"font0\">\u2103<\/span><span class=\"font2\">~+85<\/span><span class=\"font0\">\u2103<\/span><\/td>\n<\/tr>\n<tr style=\"height: 73.00pt;\">\n<td class=\"et4\" style=\"height: 73.00pt;\" height=\"121\">Driftsspecifikationer<\/td>\n<td class=\"et3\" style=\"width: 312.60pt;\" width=\"521\">Vattent\u00e4t; resistent mot neds\u00e4nkning i saltvatten, alkohol, olja, 10%HCL; Ammoniak; st\u00f6tar och vibrationer<\/td>\n<\/tr>\n<tr style=\"height: 14.40pt;\">\n<td class=\"et3\" style=\"height: 14.40pt; width: 138.60pt;\" width=\"231\" height=\"24\">Drag<\/td>\n<td class=\"et3\" style=\"width: 312.60pt;\" width=\"521\">vattent\u00e4t, tv\u00e4ttbar, motst\u00e5ndskraftig mot h\u00f6g temperatur<\/td>\n<\/tr>\n<tr style=\"height: 14.40pt;\">\n<td class=\"et3\" style=\"height: 14.40pt; width: 138.60pt;\" width=\"231\" height=\"24\">Ans\u00f6kningar<\/td>\n<td class=\"et3\" style=\"width: 312.60pt;\" width=\"521\">tv\u00e4tthantering och sp\u00e5rning<\/td>\n<\/tr>\n<\/tbody>\n<\/table>\n<\/div>\n<\/div>\n<div class=\"J_module\">\n<div class=\"detail-decorate-json-renderer-container\">\n<div class=\"magic-1\">\n<div>\n<div><\/div>\n<\/div>\n<div class=\"magic-2\">\n<div>\n<div class=\"auto-hide-last-sibling-br paragraph_1252f paragraph-element\">\n<div class=\"auto-hide-last-sibling-br paragraph_1252f paragraph-element\">125 kHz PPS RFID tv\u00e4ttetiketter ger m\u00e5nga f\u00f6rdelar n\u00e4r de integreras i RFID tv\u00e4ttetikettsl\u00f6sningar.<\/div>\n<div class=\"auto-hide-last-sibling-br paragraph_1252f paragraph-element\">Bland dessa f\u00f6rdelar \u00e4r:<\/div>\n<p>&nbsp;<\/p>\n<ol class=\"auto-hide-last-sibling-br\">\n<li>Fabriksdirekta priser s\u00e4kerst\u00e4ller kostnadseffektiva l\u00f6sningar.<\/li>\n<li>Garanterad kvalitet, med 100%-testning utf\u00f6rd f\u00f6re leverans.<\/li>\n<li>L\u00e5ngvarig tillf\u00f6rlitlighet, certifierad f\u00f6r att \u00f6verstiga 200 tv\u00e4ttcykler eller st\u00e5tar med en 2-\u00e5rs livsl\u00e4ngdsgaranti efter leverans.<\/li>\n<li>Exceptionell h\u00e5llbarhet, med motst\u00e5ndskraft mot vatten, v\u00e4rme, tryck och kemikalieexponering.<\/li>\n<li>Vi tillhandah\u00e5ller \u00e4ven ett gratisprov f\u00f6r kvalitetss\u00e4kring och testning.<\/li>\n<\/ol>\n<div class=\"auto-hide-last-sibling-br paragraph_1252f paragraph-element\">RFID-knapptaggapplikationer:<\/div>\n<p>&nbsp;<\/p>\n<ol class=\"auto-hide-last-sibling-br\">\n<li>\n<div class=\"auto-hide-last-sibling-br paragraph_1252f paragraph-element\">Industriella tv\u00e4ttstugor: P\u00e5 den industriella arenan g\u00f6r anv\u00e4ndningen av RFID Laundry Tag Buttons enkel sp\u00e5rning av stora m\u00e4ngder linne.<\/div>\n<\/li>\n<li>\n<div class=\"auto-hide-last-sibling-br paragraph_1252f paragraph-element\">Sjukhus och hotell: Dessa institutioner hanterar ofta omfattande tv\u00e4ttuppgifter d\u00e4r dessa taggar har visat sig vara avg\u00f6rande f\u00f6r att f\u00f6rb\u00e4ttra effektiviteten och effektivisera lagerhanteringen.<\/div>\n<\/li>\n<li>\n<div class=\"auto-hide-last-sibling-br paragraph_1252f paragraph-element\">Uthyrning av linne: F\u00f6retag som erbjuder linuthyrningstj\u00e4nster anv\u00e4nder dessa taggar f\u00f6r att underl\u00e4tta lagerhanteringen och s\u00e4kerst\u00e4lla kvalitetskontroll.<\/div>\n<\/li>\n<\/ol>\n<\/div>\n<\/div>\n<\/div>\n<\/div>\n<\/div>\n<\/div>","protected":false},"excerpt":{"rendered":"<div class=\"auto-hide-last-sibling-br paragraph_1252f paragraph-element\">125kHz PPS Button RFID Tag, allm\u00e4nt k\u00e4nd som RFID-knapptaggen, \u00e4r en t\u00e4ttbyggd enhet avsedd f\u00f6r applikationer som kr\u00e4ver taggar som \u00e4r resistenta mot tuffa f\u00f6rh\u00e5llanden. Vi tillhandah\u00e5ller ett sortiment av RFID-taggar f\u00f6r tv\u00e4tt som anv\u00e4nder 125 kHz LF, 13,56 MHz HF, f\u00f6rutom Gen 2 UHF-frekvenser.<\/div>\n<div class=\"auto-hide-last-sibling-br paragraph_1252f paragraph-element\">Dessa RFID-taggar f\u00f6r tv\u00e4tt \u00e4r byggda f\u00f6r att h\u00e5lla genom kr\u00e4vande arbetsfl\u00f6den f\u00f6r hotell- och institutionstv\u00e4tt, och erbjuder motst\u00e5ndskraft och anpassningsf\u00f6rm\u00e5ga till olika metoder som tv\u00e4tt, torkning, kemtv\u00e4tt och strykning.<\/div>","protected":false},"featured_media":87,"template":"","meta":{"_kad_post_transparent":"default","_kad_post_title":"","_kad_post_layout":"default","_kad_post_sidebar_id":"","_kad_post_content_style":"default","_kad_post_vertical_padding":"default","_kad_post_feature":"","_kad_post_feature_position":"","_kad_post_header":false,"_kad_post_footer":false,"_kad_post_classname":""},"product_brand":[],"product_cat":[21,18],"product_tag":[52,51,49],"class_list":{"0":"post-86","1":"product","2":"type-product","3":"status-publish","4":"has-post-thumbnail","6":"product_cat-pps-rfid-laundry-tag","7":"product_cat-125khz-rfid-laundry-tag","8":"product_tag-125khz-pps-rfid-laundry-tag","9":"product_tag-125khz-rfid-laundry-tag","10":"product_tag-button-rfid-tag","12":"first","13":"instock","14":"shipping-taxable","15":"product-type-simple","16":"entry","17":"content-bg","18":"loop-entry"},"_links":{"self":[{"href":"https:\/\/rfid-laundry-tag.com\/sv\/wp-json\/wp\/v2\/product\/86","targetHints":{"allow":["GET"]}}],"collection":[{"href":"https:\/\/rfid-laundry-tag.com\/sv\/wp-json\/wp\/v2\/product"}],"about":[{"href":"https:\/\/rfid-laundry-tag.com\/sv\/wp-json\/wp\/v2\/types\/product"}],"version-history":[{"count":0,"href":"https:\/\/rfid-laundry-tag.com\/sv\/wp-json\/wp\/v2\/product\/86\/revisions"}],"wp:featuredmedia":[{"embeddable":true,"href":"https:\/\/rfid-laundry-tag.com\/sv\/wp-json\/wp\/v2\/media\/87"}],"wp:attachment":[{"href":"https:\/\/rfid-laundry-tag.com\/sv\/wp-json\/wp\/v2\/media?parent=86"}],"wp:term":[{"taxonomy":"product_brand","embeddable":true,"href":"https:\/\/rfid-laundry-tag.com\/sv\/wp-json\/wp\/v2\/product_brand?post=86"},{"taxonomy":"product_cat","embeddable":true,"href":"https:\/\/rfid-laundry-tag.com\/sv\/wp-json\/wp\/v2\/product_cat?post=86"},{"taxonomy":"product_tag","embeddable":true,"href":"https:\/\/rfid-laundry-tag.com\/sv\/wp-json\/wp\/v2\/product_tag?post=86"}],"curies":[{"name":"wp","href":"https:\/\/api.w.org\/{rel}","templated":true}]}}