{"id":83,"date":"2024-06-11T17:35:21","date_gmt":"2024-06-11T17:35:21","guid":{"rendered":"https:\/\/rfid-laundry-tag.com\/?post_type=product&#038;p=83"},"modified":"2024-06-14T16:23:02","modified_gmt":"2024-06-14T16:23:02","slug":"rfid-laundry-button-nfc-tag","status":"publish","type":"product","link":"https:\/\/rfid-laundry-tag.com\/sv\/rfid-laundry-button-nfc-tag\/","title":{"rendered":"RFID tv\u00e4ttknapp NFC-tagg"},"content":{"rendered":"<div class=\"J_module\">\n<div class=\"ife-detail-decorate-table\">\n<table class=\"has-title all magic-6\">\n<tbody>\n<tr>\n<td colspan=\"1\" rowspan=\"1\">\n<div class=\"magic-7\" data-spm-anchor-id=\"a2700.details.0.i45.77607d98vZbcDU\"><span class=\"magic-8\" style=\"color: #363535;\">Objektets namn<\/span><\/div>\n<\/td>\n<td colspan=\"1\" rowspan=\"1\">\n<div class=\"magic-9\"><span class=\"magic-8\">RFID tv\u00e4ttknapp NFC-tagg<\/span><\/div>\n<\/td>\n<\/tr>\n<tr>\n<td colspan=\"1\" rowspan=\"1\">\n<div class=\"magic-7\"><span class=\"magic-10\" data-spm-anchor-id=\"a2700.pc-decorate.0.i10.28d333330XLbTD\"><span class=\"magic-8\">Material<\/span><\/span><\/div>\n<\/td>\n<td colspan=\"1\" rowspan=\"1\">\n<div class=\"magic-9\"><span class=\"magic-8\">PPS<\/span><\/div>\n<\/td>\n<\/tr>\n<tr>\n<td colspan=\"1\" rowspan=\"1\">\n<div class=\"magic-7\"><span class=\"magic-8\">F\u00e4rg<\/span><\/div>\n<\/td>\n<td colspan=\"1\" rowspan=\"1\">\n<div class=\"magic-9\"><span class=\"magic-8\">Svart<\/span><\/div>\n<\/td>\n<\/tr>\n<tr>\n<td colspan=\"1\" rowspan=\"1\">MOQ<\/td>\n<td colspan=\"1\" rowspan=\"1\">500 st<\/td>\n<\/tr>\n<tr>\n<td colspan=\"1\" rowspan=\"1\">\n<div class=\"magic-7\"><span class=\"magic-8\">Tillverkare\/chip<\/span><\/div>\n<\/td>\n<td colspan=\"1\" rowspan=\"1\">\n<div class=\"magic-9\"><span class=\"magic-8\">NXP Ntag215, Ntag216, NTAG213, Mifare 1k, Mifare Ultralight ev1 etc<\/span><\/div>\n<\/td>\n<\/tr>\n<tr>\n<td colspan=\"1\" rowspan=\"1\">\n<div class=\"magic-7\"><span class=\"magic-8\">Frekvens<\/span><\/div>\n<\/td>\n<td colspan=\"1\" rowspan=\"1\">\n<div class=\"magic-9\"><span class=\"magic-8\">13,56 MHz<\/span><\/div>\n<\/td>\n<\/tr>\n<tr>\n<td colspan=\"1\" rowspan=\"1\">\n<div class=\"magic-7\"><span class=\"magic-8\">Minne<\/span><\/div>\n<\/td>\n<td colspan=\"1\" rowspan=\"1\">\n<div class=\"magic-9\"><span class=\"magic-8\">504Byte\/888Byte\/144 Byte\/1K Byte\/64 Byte<\/span><\/div>\n<\/td>\n<\/tr>\n<tr>\n<td colspan=\"1\" rowspan=\"1\">\n<div class=\"magic-7\"><span class=\"magic-8\">L\u00e4s avst\u00e5nd<\/span><\/div>\n<\/td>\n<td colspan=\"1\" rowspan=\"1\">\n<div class=\"magic-9\"><span class=\"magic-8\">1~5 cm<\/span><\/div>\n<\/td>\n<\/tr>\n<tr>\n<td colspan=\"1\" rowspan=\"1\">\n<div class=\"magic-7\"><span class=\"magic-8\">Arbetsl\u00e4ge<\/span><\/div>\n<\/td>\n<td colspan=\"1\" rowspan=\"1\">\n<div class=\"magic-9\"><span class=\"magic-8\">passiv<\/span><\/div>\n<\/td>\n<\/tr>\n<tr>\n<td colspan=\"1\" rowspan=\"1\">\n<div class=\"magic-7\"><span class=\"magic-8\">Arbetstemperatur<\/span><\/div>\n<\/td>\n<td colspan=\"1\" rowspan=\"1\">\n<div class=\"magic-9\"><span class=\"magic-8\">-25\u2103~+110\u2103<\/span><\/div>\n<\/td>\n<\/tr>\n<tr>\n<td colspan=\"1\" rowspan=\"1\">\n<div class=\"magic-7\"><span class=\"magic-8\">F\u00f6rvaringstemperatur<\/span><\/div>\n<\/td>\n<td colspan=\"1\" rowspan=\"1\">\n<div class=\"magic-9\"><span class=\"magic-8\">-40\u2103~+85\u2103<\/span><\/div>\n<\/td>\n<\/tr>\n<tr>\n<td colspan=\"1\" rowspan=\"1\">\n<div class=\"magic-7\">\n<div><span class=\"magic-8\">\u00a0<\/span><\/div>\n<p><span class=\"magic-8\">Kortvarig temperaturbest\u00e4ndighet<\/span><\/p>\n<\/div>\n<\/td>\n<td colspan=\"1\" rowspan=\"1\">\n<div class=\"magic-9\"><span class=\"magic-8\">tv\u00e4tt: 90 \u2103, 15 minuter; omvandlarens f\u00f6rtorkning: 180 \u2103, 30 minuter, 200 g\u00e5nger; strykning: 180 \u2103, 10 sekunder, 200 g\u00e5nger; h\u00f6g<br \/>\ntemperatursterilisering: 135\u2103, 20 minuter<\/span><\/div>\n<\/td>\n<\/tr>\n<tr>\n<td colspan=\"1\" rowspan=\"1\">\n<div class=\"magic-7\"><span class=\"magic-8\">Drag<\/span><\/div>\n<\/td>\n<td colspan=\"1\" rowspan=\"1\">\n<div class=\"magic-9\"><span class=\"magic-8\">vattent\u00e4t, tv\u00e4ttbar, motst\u00e5ndskraftig mot h\u00f6g temperatur<\/span><\/div>\n<\/td>\n<\/tr>\n<tr>\n<td colspan=\"1\" rowspan=\"1\">\n<div class=\"magic-7\"><span class=\"magic-8\">Liv<\/span><\/div>\n<\/td>\n<td colspan=\"1\" rowspan=\"1\">\n<div class=\"magic-9\"><span class=\"magic-8\">tv\u00e4tta 200 g\u00e5nger eller 3 \u00e5r<\/span><\/div>\n<\/td>\n<\/tr>\n<tr>\n<td colspan=\"1\" rowspan=\"1\">\n<div class=\"magic-7\"><span class=\"magic-8\">Ans\u00f6kningar<\/span><\/div>\n<\/td>\n<td colspan=\"1\" rowspan=\"1\">\n<div class=\"magic-9\"><span class=\"magic-8\">tv\u00e4tthantering och sp\u00e5rning<\/span><\/div>\n<\/td>\n<\/tr>\n<\/tbody>\n<\/table>\n<\/div>\n<\/div>\n<div class=\"J_module\">\n<div class=\"detail-decorate-json-renderer-container\">\n<div class=\"magic-1\">\n<div class=\"magic-2\">\n<div class=\"magic-3\">\n<div><\/div>\n<\/div>\n<\/div>\n<p><strong>Chipalternativ:<\/strong><\/p>\n<ul>\n<li><strong>NXP UCODE 8\/9:<\/strong>\u00a0Kostnadseffektiva chips idealiska f\u00f6r grundl\u00e4ggande sp\u00e5rning och identifiering, med en l\u00e4sr\u00e4ckvidd p\u00e5 upp till 10 meter.<\/li>\n<li><strong>NTAG213:<\/strong>\u00a0NFC-aktiverat chip som till\u00e5ter kommunikation med smartphones och andra NFC-enheter, perfekt f\u00f6r applikationer som kontaktl\u00f6sa betalningar eller tillg\u00e5ng till produktinformation.<\/li>\n<li><strong>Mifare 1k:<\/strong>\u00a0S\u00e4kert chip med stark kryptering och autentiseringsfunktioner, l\u00e4mplig f\u00f6r \u00e5tkomstkontroll och s\u00e4ker datalagring.<\/li>\n<li><strong>EM4305:<\/strong>\u00a0L\u00e5gkostnadschip f\u00f6r grundl\u00e4ggande \u00e5tkomstkontrollapplikationer med en l\u00e4sr\u00e4ckvidd p\u00e5 upp till 1 meter.<\/li>\n<li><strong>T5577:<\/strong>\u00a0Ytterligare ett billigt chip f\u00f6r passerkontroll och biljettsystem, som erbjuder en l\u00e4sr\u00e4ckvidd p\u00e5 upp till 1 meter.<\/li>\n<\/ul>\n<h3>Drag<\/h3>\n<div id=\"featuresXsp\" class=\"features-list toggle-opacity in\">\n<div class=\"features-xsp\">\n<div class=\"collapse-mobile ste-list-ul\">\n<ul class=\"boxes\">\n<li>Kontaktl\u00f6s \u00f6verf\u00f6ring av data och energif\u00f6rs\u00f6rjning<\/li>\n<li>Driftsfrekvens p\u00e5 13,56 MHz<\/li>\n<li>Data\u00f6verf\u00f6ring p\u00e5 106 kbit\/s<\/li>\n<li>Dataintegritet f\u00f6r 16-bitars CRC, paritet, bitkodning, bitr\u00e4kning<\/li>\n<li>Driftavst\u00e5nd upp till 100 mm (beroende p\u00e5 olika parametrar som t.ex. f\u00e4ltstyrka och antenngeometri)<\/li>\n<li>7-byte serienummer (kaskadniv\u00e5 2 enligt ISO\/IEC 14443-3)<\/li>\n<li>UID ASCII-spegel f\u00f6r automatisk serialisering av NDEF-meddelanden<\/li>\n<li>Automatisk NFC-r\u00e4knare utl\u00f6ses vid ett l\u00e4skommando<\/li>\n<li>NFC-r\u00e4knare ASCII-spegel f\u00f6r att automatiskt l\u00e4gga till NFC-r\u00e4knarens v\u00e4rde till NDEF-meddelandet<\/li>\n<li>ECC-baserad originalitetssignatur<\/li>\n<li>Snabbl\u00e4skommando<\/li>\n<li>Sann antikollision<\/li>\n<li>50 pF ing\u00e5ngskapacitans<\/li>\n<\/ul>\n<\/div>\n<div class=\"collapse-mobile ste-list-ul\">\n<ul class=\"boxes\">\n<li>180, 540 eller 924 byte organiserade i 45, 135 eller 231 sidor med 4 byte per sida<\/li>\n<li>144, 504 eller 888 byte fritt tillg\u00e4ngligt l\u00e4s-\/skrivomr\u00e5de f\u00f6r anv\u00e4ndare (36, 126 eller 222 sidor)<\/li>\n<li>4 byte initierad kapacitetsbeh\u00e5llare med eng\u00e5ngsprogrammerbara \u00e5tkomstbitar<\/li>\n<li>F\u00e4ltprogrammerbar skrivskyddad l\u00e5sfunktion per sida f\u00f6r de f\u00f6rsta 16 sidorna<\/li>\n<li>F\u00e4ltprogrammerbar skrivskyddad l\u00e5sfunktion ovanf\u00f6r de f\u00f6rsta 16 sidorna per dubbelsida f\u00f6r NTAG 213 eller per 16 sidor f\u00f6r NTAG 215 och NTAG 216<\/li>\n<li>Konfigurerbart l\u00f6senordsskydd med en valfri gr\u00e4ns f\u00f6r misslyckade f\u00f6rs\u00f6k<\/li>\n<li>Antirivningsst\u00f6d f\u00f6r kapabilitetsbeh\u00e5llare (CC) och l\u00e5sbitar<\/li>\n<li>ECC-st\u00f6dd originalitetskontroll<\/li>\n<li>Datalagringstid p\u00e5 10 \u00e5r<\/li>\n<li>Skriv uth\u00e5llighet 100 000 cykler<\/li>\n<\/ul>\n<\/div>\n<\/div>\n<\/div>\n<div class=\"magic-2\">\n<div class=\"auto-hide-last-sibling-br paragraph_1252f paragraph-element\">\n<div class=\"auto-hide-last-sibling-br paragraph_1252f paragraph-element\"><strong>Applikationer f\u00f6r RFID tv\u00e4ttetiketter:<\/strong><\/div>\n<p>&nbsp;<\/p>\n<ol class=\"auto-hide-last-sibling-br\">\n<li>\n<div class=\"auto-hide-last-sibling-br paragraph_1252f paragraph-element\">Industriella tv\u00e4ttstugor: I en industriell milj\u00f6 blir det enkelt att sp\u00e5ra stora m\u00e4ngder linne med v\u00e5ra RFID-tv\u00e4ttetikettknappar.<\/div>\n<\/li>\n<li>\n<div class=\"auto-hide-last-sibling-br paragraph_1252f paragraph-element\">V\u00e5rdinr\u00e4ttningar och hotell: Institutioner som dessa hanterar ofta tv\u00e4ttverksamhet med stora volymer d\u00e4r v\u00e5ra taggar konsekvent f\u00f6rb\u00e4ttrar effektiviteten och effektiviserar lagerhanteringen.<\/div>\n<\/li>\n<li>\n<div class=\"auto-hide-last-sibling-br paragraph_1252f paragraph-element\">Uthyrning av linne: F\u00f6retag inom tj\u00e4nstesektorn f\u00f6r linuthyrning anv\u00e4nder dessa taggar f\u00f6r att f\u00f6renkla lagerhantering och uppr\u00e4tth\u00e5lla kvalitetskontroll.<\/div>\n<\/li>\n<\/ol>\n<div class=\"auto-hide-last-sibling-br paragraph_1252f paragraph-element\">Vi erbjuder en m\u00e4ngd olika RFID-tv\u00e4ttetiketter \u00f6ver 125 kHz LF, 13,56 MHz HF och Gen 2 UHF-frekvenser, var och en designad f\u00f6r att tillgodose olika unika behov. V\u00e5ra taggar, k\u00e4nda f\u00f6r sin h\u00e5llbarhet och storleksm\u00e5ngfald, klarar s\u00f6ml\u00f6st h\u00f6ga temperaturer, institutionella tv\u00e4ttcykler. Dessa RFID-taggar f\u00f6r tv\u00e4tt \u00e4r byggda f\u00f6r att motst\u00e5 de rigor\u00f6sa tv\u00e4ttprocesserna p\u00e5 hotell och institutioner, och lovar en h\u00e5llbarhet som t\u00e5l tv\u00e4tt, torkning, kemtv\u00e4tt och strykning.<\/div>\n<p>&nbsp;<\/p>\n<div class=\"auto-hide-last-sibling-br paragraph_1252f paragraph-element\">Anv\u00e4ndningen av PPS-material f\u00f6r att tillverka v\u00e5ra taggar s\u00e4kerst\u00e4ller att de t\u00e5l neds\u00e4nkning i vatten, exponering f\u00f6r v\u00e4rme, fysiskt tryck och kemikalier. Dessa taggar \u00e4r perfekta f\u00f6r inventeringsprocesser och verifiering inom olika sektorer som sjukv\u00e5rd, g\u00e4stfrihet, arbetskl\u00e4der, utbildning och mer. De kan enkelt sys p\u00e5 olika textilf\u00f6rem\u00e5l som lakan, servetter, handdukar och m\u00e5nga kl\u00e4der, eller placeras inuti h\u00f6ljen.<\/div>\n<\/div>\n<div class=\"auto-hide-last-sibling-br paragraph_1252f paragraph-element\"><\/div>\n<\/div>\n<\/div>\n<\/div>\n<\/div>","protected":false},"excerpt":{"rendered":"<p>RFID Laundry Button NFC Tag \u00e4r designad f\u00f6r identifiering och \u00f6vervakning i tv\u00e4tthantering. Dessa taggar kan enkelt f\u00e4stas p\u00e5 varje kl\u00e4desplagg eller tv\u00e4ttp\u00e5se. Varje NFC-knapp \u00e4r utrustad med ett distinkt identifieringsm\u00e4rke som kan kopplas till specifika tv\u00e4ttbitar. Detta g\u00f6r processen med tv\u00e4ttsp\u00e5rning mer str\u00f6mlinjeformad och effektiv.<\/p>","protected":false},"featured_media":156,"template":"","meta":{"_kad_post_transparent":"default","_kad_post_title":"","_kad_post_layout":"default","_kad_post_sidebar_id":"","_kad_post_content_style":"default","_kad_post_vertical_padding":"default","_kad_post_feature":"","_kad_post_feature_position":"","_kad_post_header":false,"_kad_post_footer":false,"_kad_post_classname":""},"product_brand":[],"product_cat":[21,17],"product_tag":[43,35,72,44],"class_list":{"0":"post-83","1":"product","2":"type-product","3":"status-publish","4":"has-post-thumbnail","6":"product_cat-pps-rfid-laundry-tag","7":"product_cat-nfc-rfid-laundry-tag","8":"product_tag-pps-rfid-washable-laundry-tags","9":"product_tag-rfid-button","10":"product_tag-rfid-laundry-button-nfc-tag","11":"product_tag-rfid-washable-laundry-tags","13":"first","14":"instock","15":"shipping-taxable","16":"product-type-simple","17":"entry","18":"content-bg","19":"loop-entry"},"_links":{"self":[{"href":"https:\/\/rfid-laundry-tag.com\/sv\/wp-json\/wp\/v2\/product\/83","targetHints":{"allow":["GET"]}}],"collection":[{"href":"https:\/\/rfid-laundry-tag.com\/sv\/wp-json\/wp\/v2\/product"}],"about":[{"href":"https:\/\/rfid-laundry-tag.com\/sv\/wp-json\/wp\/v2\/types\/product"}],"version-history":[{"count":1,"href":"https:\/\/rfid-laundry-tag.com\/sv\/wp-json\/wp\/v2\/product\/83\/revisions"}],"predecessor-version":[{"id":155,"href":"https:\/\/rfid-laundry-tag.com\/sv\/wp-json\/wp\/v2\/product\/83\/revisions\/155"}],"wp:featuredmedia":[{"embeddable":true,"href":"https:\/\/rfid-laundry-tag.com\/sv\/wp-json\/wp\/v2\/media\/156"}],"wp:attachment":[{"href":"https:\/\/rfid-laundry-tag.com\/sv\/wp-json\/wp\/v2\/media?parent=83"}],"wp:term":[{"taxonomy":"product_brand","embeddable":true,"href":"https:\/\/rfid-laundry-tag.com\/sv\/wp-json\/wp\/v2\/product_brand?post=83"},{"taxonomy":"product_cat","embeddable":true,"href":"https:\/\/rfid-laundry-tag.com\/sv\/wp-json\/wp\/v2\/product_cat?post=83"},{"taxonomy":"product_tag","embeddable":true,"href":"https:\/\/rfid-laundry-tag.com\/sv\/wp-json\/wp\/v2\/product_tag?post=83"}],"curies":[{"name":"wp","href":"https:\/\/api.w.org\/{rel}","templated":true}]}}