{"id":74,"date":"2024-06-11T15:58:40","date_gmt":"2024-06-11T15:58:40","guid":{"rendered":"https:\/\/rfid-laundry-tag.com\/?post_type=product&#038;p=74"},"modified":"2024-06-11T16:34:14","modified_gmt":"2024-06-11T16:34:14","slug":"pps-rfid-washable-laundry-tags","status":"publish","type":"product","link":"https:\/\/rfid-laundry-tag.com\/sv\/pps-rfid-washable-laundry-tags\/","title":{"rendered":"PPS RFID tv\u00e4ttbara tv\u00e4ttlappar"},"content":{"rendered":"<div class=\"J_module\">\n<div class=\"ife-detail-decorate-table\">\n<table class=\"has-title all magic-6\">\n<tbody>\n<tr>\n<td colspan=\"1\" rowspan=\"1\">\n<div class=\"magic-7\" data-spm-anchor-id=\"a2700.details.0.i45.77607d98vZbcDU\"><span class=\"magic-8\" style=\"color: #363535;\">Objektets namn<\/span><\/div>\n<\/td>\n<td colspan=\"1\" rowspan=\"1\">\n<div class=\"magic-9\"><span class=\"magic-8\">PPS RFID tv\u00e4ttbara tv\u00e4ttlappar<\/span><\/div>\n<\/td>\n<\/tr>\n<tr>\n<td colspan=\"1\" rowspan=\"1\">\n<div class=\"magic-7\"><span class=\"magic-10\" data-spm-anchor-id=\"a2700.pc-decorate.0.i10.28d333330XLbTD\"><span class=\"magic-8\">Material<\/span><\/span><\/div>\n<\/td>\n<td colspan=\"1\" rowspan=\"1\">\n<div class=\"magic-9\"><span class=\"magic-8\">PPS<\/span><\/div>\n<\/td>\n<\/tr>\n<tr>\n<td colspan=\"1\" rowspan=\"1\">\n<div class=\"magic-7\"><span class=\"magic-8\">F\u00e4rg<\/span><\/div>\n<\/td>\n<td colspan=\"1\" rowspan=\"1\">\n<div class=\"magic-9\"><span class=\"magic-8\">Svart<\/span><\/div>\n<\/td>\n<\/tr>\n<tr>\n<td colspan=\"1\" rowspan=\"1\">MOQ<\/td>\n<td colspan=\"1\" rowspan=\"1\">500 st<\/td>\n<\/tr>\n<tr>\n<td colspan=\"1\" rowspan=\"1\">\n<div class=\"magic-7\"><span class=\"magic-8\">Tillverkare\/chip<\/span><\/div>\n<\/td>\n<td colspan=\"1\" rowspan=\"1\">\n<div class=\"magic-9\"><span class=\"magic-8\">NXP UCODE 8, UCODE 9\/NTAG213, Mifare 1k\/EM4305, T5577 etc<\/span><\/div>\n<\/td>\n<\/tr>\n<tr>\n<td colspan=\"1\" rowspan=\"1\">\n<div class=\"magic-7\"><span class=\"magic-8\">Frekvens<\/span><\/div>\n<\/td>\n<td colspan=\"1\" rowspan=\"1\">\n<div class=\"magic-9\"><span class=\"magic-8\">860-960MHz\/13,56MHz\/125Khz<\/span><\/div>\n<\/td>\n<\/tr>\n<tr>\n<td colspan=\"1\" rowspan=\"1\">\n<div class=\"magic-7\"><span class=\"magic-8\">Minne<\/span><\/div>\n<\/td>\n<td colspan=\"1\" rowspan=\"1\">\n<div class=\"magic-9\"><span class=\"magic-8\">96 bitar\/128 bitar\/144 byte<\/span><\/div>\n<\/td>\n<\/tr>\n<tr>\n<td colspan=\"1\" rowspan=\"1\">\n<div class=\"magic-7\"><span class=\"magic-8\">L\u00e4s avst\u00e5nd<\/span><\/div>\n<\/td>\n<td colspan=\"1\" rowspan=\"1\">\n<div class=\"magic-9\"><span class=\"magic-8\">1-6m\/1~5cm\/1~2cm<\/span><\/div>\n<\/td>\n<\/tr>\n<tr>\n<td colspan=\"1\" rowspan=\"1\">\n<div class=\"magic-7\"><span class=\"magic-8\">Arbetsl\u00e4ge<\/span><\/div>\n<\/td>\n<td colspan=\"1\" rowspan=\"1\">\n<div class=\"magic-9\"><span class=\"magic-8\">passiv<\/span><\/div>\n<\/td>\n<\/tr>\n<tr>\n<td colspan=\"1\" rowspan=\"1\">\n<div class=\"magic-7\"><span class=\"magic-8\">Arbetstemperatur<\/span><\/div>\n<\/td>\n<td colspan=\"1\" rowspan=\"1\">\n<div class=\"magic-9\"><span class=\"magic-8\">-25\u2103~+110\u2103<\/span><\/div>\n<\/td>\n<\/tr>\n<tr>\n<td colspan=\"1\" rowspan=\"1\">\n<div class=\"magic-7\"><span class=\"magic-8\">F\u00f6rvaringstemperatur<\/span><\/div>\n<\/td>\n<td colspan=\"1\" rowspan=\"1\">\n<div class=\"magic-9\"><span class=\"magic-8\">-40\u2103~+85\u2103<\/span><\/div>\n<\/td>\n<\/tr>\n<tr>\n<td colspan=\"1\" rowspan=\"1\">\n<div class=\"magic-7\">\n<div><span class=\"magic-8\">\u00a0<\/span><\/div>\n<p><span class=\"magic-8\">Kortvarig temperaturbest\u00e4ndighet<\/span><\/p>\n<\/div>\n<\/td>\n<td colspan=\"1\" rowspan=\"1\">\n<div class=\"magic-9\"><span class=\"magic-8\">tv\u00e4tt: 90 \u2103, 15 minuter; omvandlarens f\u00f6rtorkning: 180 \u2103, 30 minuter, 200 g\u00e5nger; strykning: 180 \u2103, 10 sekunder, 200 g\u00e5nger; h\u00f6g<br \/>\ntemperatursterilisering: 135\u2103, 20 minuter<\/span><\/div>\n<\/td>\n<\/tr>\n<tr>\n<td colspan=\"1\" rowspan=\"1\">\n<div class=\"magic-7\"><span class=\"magic-8\">Drag<\/span><\/div>\n<\/td>\n<td colspan=\"1\" rowspan=\"1\">\n<div class=\"magic-9\"><span class=\"magic-8\">vattent\u00e4t, tv\u00e4ttbar, motst\u00e5ndskraftig mot h\u00f6g temperatur<\/span><\/div>\n<\/td>\n<\/tr>\n<tr>\n<td colspan=\"1\" rowspan=\"1\">\n<div class=\"magic-7\"><span class=\"magic-8\">Liv<\/span><\/div>\n<\/td>\n<td colspan=\"1\" rowspan=\"1\">\n<div class=\"magic-9\"><span class=\"magic-8\">tv\u00e4tta 200 g\u00e5nger eller 3 \u00e5r<\/span><\/div>\n<\/td>\n<\/tr>\n<tr>\n<td colspan=\"1\" rowspan=\"1\">\n<div class=\"magic-7\"><span class=\"magic-8\">Ans\u00f6kningar<\/span><\/div>\n<\/td>\n<td colspan=\"1\" rowspan=\"1\">\n<div class=\"magic-9\"><span class=\"magic-8\">tv\u00e4tthantering och sp\u00e5rning<\/span><\/div>\n<\/td>\n<\/tr>\n<\/tbody>\n<\/table>\n<\/div>\n<\/div>\n<div class=\"J_module\">\n<div class=\"detail-decorate-json-renderer-container\">\n<div class=\"magic-1\">\n<div class=\"magic-2\">\n<div class=\"magic-3\">\n<div><\/div>\n<\/div>\n<div>\n<div><\/div>\n<\/div>\n<\/div>\n<p><strong>Chipalternativ:<\/strong><\/p>\n<ul>\n<li><strong>NXP UCODE 8\/9:<\/strong>\u00a0Kostnadseffektiva chips idealiska f\u00f6r grundl\u00e4ggande sp\u00e5rning och identifiering, med en l\u00e4sr\u00e4ckvidd p\u00e5 upp till 10 meter.<\/li>\n<li><strong>NTAG213:<\/strong>\u00a0NFC-aktiverat chip som till\u00e5ter kommunikation med smartphones och andra NFC-enheter, perfekt f\u00f6r applikationer som kontaktl\u00f6sa betalningar eller tillg\u00e5ng till produktinformation.<\/li>\n<li><strong>Mifare 1k:<\/strong>\u00a0S\u00e4kert chip med stark kryptering och autentiseringsfunktioner, l\u00e4mplig f\u00f6r \u00e5tkomstkontroll och s\u00e4ker datalagring.<\/li>\n<li><strong>EM4305:<\/strong>\u00a0L\u00e5gkostnadschip f\u00f6r grundl\u00e4ggande \u00e5tkomstkontrollapplikationer med en l\u00e4sr\u00e4ckvidd p\u00e5 upp till 1 meter.<\/li>\n<li><strong>T5577:<\/strong>\u00a0Ytterligare ett billigt chip f\u00f6r passerkontroll och biljettsystem, som erbjuder en l\u00e4sr\u00e4ckvidd p\u00e5 upp till 1 meter.<\/li>\n<\/ul>\n<div class=\"magic-2\">\n<div>\n<div class=\"auto-hide-last-sibling-br paragraph_1252f paragraph-element\"><strong>Ans\u00f6kningar\u00a0<\/strong><\/div>\n<ol class=\"auto-hide-last-sibling-br\">\n<li>\n<div class=\"auto-hide-last-sibling-br paragraph_1252f paragraph-element\">Industriella tv\u00e4tterier: I industrisektorn blir det en enkel uppgift att sp\u00e5ra stora m\u00e4ngder linne med hj\u00e4lp av RFID-knappar f\u00f6r tv\u00e4ttetiketter.<\/div>\n<\/li>\n<li>\n<div class=\"auto-hide-last-sibling-br paragraph_1252f paragraph-element\">Sjukhus och hotell: Dessa anl\u00e4ggningar sysslar ofta med tv\u00e4ttverksamhet med stora volymer d\u00e4r dessa taggar har visat sig vara avg\u00f6rande f\u00f6r att f\u00f6rb\u00e4ttra effektiviteten och lagerhanteringen.<\/div>\n<\/li>\n<li>\n<div class=\"auto-hide-last-sibling-br paragraph_1252f paragraph-element\">Uthyrning av linne: F\u00f6retag som tillhandah\u00e5ller linneuthyrning anv\u00e4nder dessa taggar f\u00f6r att f\u00f6renkla lagerhantering och uppr\u00e4tth\u00e5lla kvalitetskontroll.<\/div>\n<\/li>\n<\/ol>\n<div class=\"auto-hide-last-sibling-br paragraph_1252f paragraph-element\">Vi erbjuder ett sortiment av RFID-tv\u00e4ttetiketter \u00f6ver 125 kHz LF, 13,56 MHz HF och Gen 2 UHF-frekvenser, som tillgodoser alla dina unika behov. V\u00e5ra taggar, designade med sp\u00e4nst och storleksvariabilitet, klarar utan anstr\u00e4ngning heta, institutionella tv\u00e4ttprocesser. Tv\u00e4ttens RFID-taggar \u00e4r skickliga p\u00e5 att motst\u00e5 de kr\u00e4vande tv\u00e4ttprocedurerna p\u00e5 hotell och institutioner, och erbjuder h\u00e5llbarhet som t\u00e5l tv\u00e4tt, torkning, kemtv\u00e4tt och strykning.<\/div>\n<p>&nbsp;<\/p>\n<div class=\"auto-hide-last-sibling-br paragraph_1252f paragraph-element\">PPS-materialet som anv\u00e4nds g\u00f6r att dessa taggar kan motst\u00e5 vatten, v\u00e4rme, tryck och kemikalieexponering. Dessa \u00e4r idealiska f\u00f6r att verifiera och utf\u00f6ra inventeringsprocesser i v\u00e5rdinstitutioner, arbetskl\u00e4der, sjukhus, skolor och hotell. Dessa etiketter kan smidigt sys p\u00e5 olika textilartiklar som lakan, servetter, handdukar och andra kl\u00e4der, eller placeras i h\u00f6ljen.<\/div>\n<p>&nbsp;<\/p>\n<div class=\"auto-hide-last-sibling-br paragraph_1252f paragraph-element\">Utnyttja v\u00e5ra RFID-tv\u00e4ttetikettl\u00f6sningar och njut av f\u00f6rdelar som fabriksdirekta priser, grundliga tester f\u00f6re leverans, en garanti p\u00e5 \u00f6ver 200 tv\u00e4ttcykler eller 2 \u00e5rs livsl\u00e4ngd efter leverans och motst\u00e5ndskraft mot vatten, v\u00e4rme, tryck och kemikalier.<\/div>\n<div class=\"auto-hide-last-sibling-br paragraph_1252f paragraph-element\"><\/div>\n<\/div>\n<\/div>\n<\/div>\n<\/div>\n<\/div>","protected":false},"excerpt":{"rendered":"<p>RFID-knapptaggen, \u00e4ven k\u00e4nd som PPS RFID-tv\u00e4ttbara tv\u00e4ttetiketter, \u00e4r en robust, skr\u00e4ddarsydd enhet speciellt designad f\u00f6r applikationer som kr\u00e4ver taggar som t\u00e5l tuffa milj\u00f6er. Trots populariteten f\u00f6r UHF-tv\u00e4tttranspondrar p\u00e5 marknaden finns det tillf\u00e4llen d\u00e4r mobilappskompatibla RFID-knapptaggar \u00e4r n\u00f6dv\u00e4ndiga. RFID-tv\u00e4tttranspondrar i knappstil m\u00f6ter s\u00e5dana behov effektivt. Deras m\u00e5ngsidighet och \u00f6verl\u00e4gsna funktionalitet ger avsev\u00e4rda f\u00f6rdelar n\u00e4r det g\u00e4ller att sp\u00e5ra och identifiera textilier och industriell tv\u00e4tt inom olika sektorer.<\/p>","protected":false},"featured_media":75,"template":"","meta":{"_kad_post_transparent":"default","_kad_post_title":"","_kad_post_layout":"default","_kad_post_sidebar_id":"","_kad_post_content_style":"default","_kad_post_vertical_padding":"default","_kad_post_feature":"","_kad_post_feature_position":"","_kad_post_header":false,"_kad_post_footer":false,"_kad_post_classname":""},"product_brand":[],"product_cat":[21],"product_tag":[43,35,44],"class_list":{"0":"post-74","1":"product","2":"type-product","3":"status-publish","4":"has-post-thumbnail","6":"product_cat-pps-rfid-laundry-tag","7":"product_tag-pps-rfid-washable-laundry-tags","8":"product_tag-rfid-button","9":"product_tag-rfid-washable-laundry-tags","11":"first","12":"instock","13":"shipping-taxable","14":"product-type-simple","15":"entry","16":"content-bg","17":"loop-entry"},"_links":{"self":[{"href":"https:\/\/rfid-laundry-tag.com\/sv\/wp-json\/wp\/v2\/product\/74","targetHints":{"allow":["GET"]}}],"collection":[{"href":"https:\/\/rfid-laundry-tag.com\/sv\/wp-json\/wp\/v2\/product"}],"about":[{"href":"https:\/\/rfid-laundry-tag.com\/sv\/wp-json\/wp\/v2\/types\/product"}],"version-history":[{"count":0,"href":"https:\/\/rfid-laundry-tag.com\/sv\/wp-json\/wp\/v2\/product\/74\/revisions"}],"wp:featuredmedia":[{"embeddable":true,"href":"https:\/\/rfid-laundry-tag.com\/sv\/wp-json\/wp\/v2\/media\/75"}],"wp:attachment":[{"href":"https:\/\/rfid-laundry-tag.com\/sv\/wp-json\/wp\/v2\/media?parent=74"}],"wp:term":[{"taxonomy":"product_brand","embeddable":true,"href":"https:\/\/rfid-laundry-tag.com\/sv\/wp-json\/wp\/v2\/product_brand?post=74"},{"taxonomy":"product_cat","embeddable":true,"href":"https:\/\/rfid-laundry-tag.com\/sv\/wp-json\/wp\/v2\/product_cat?post=74"},{"taxonomy":"product_tag","embeddable":true,"href":"https:\/\/rfid-laundry-tag.com\/sv\/wp-json\/wp\/v2\/product_tag?post=74"}],"curies":[{"name":"wp","href":"https:\/\/api.w.org\/{rel}","templated":true}]}}