{"id":734,"date":"2024-07-16T17:22:48","date_gmt":"2024-07-16T17:22:48","guid":{"rendered":"https:\/\/rfid-laundry-tag.com\/?post_type=product&#038;p=734"},"modified":"2024-08-14T16:36:57","modified_gmt":"2024-08-14T16:36:57","slug":"10x20mm-nfc-ntag213-wet-inlay","status":"publish","type":"product","link":"https:\/\/rfid-laundry-tag.com\/sv\/10x20mm-nfc-ntag213-wet-inlay\/","title":{"rendered":"10x20mm NFC NTAG213 Wet Inlay"},"content":{"rendered":"<h2>10x20mm NFC NTAG213 Wet Inlay<\/h2>\n<p><strong>Kompakt och m\u00e5ngsidig, denna 10x20 mm NFC v\u00e5ta inl\u00e4gg \u00e4r idealisk f\u00f6r ett brett spektrum av applikationer.<\/strong><\/p>\n<p><strong>Drag:<\/strong><\/p>\n<ul>\n<li><strong>Chips:<\/strong>\u00a0NTAG213<\/li>\n<li><strong>Protokoll:<\/strong>\u00a0ISO\/IEC 14443A<\/li>\n<li><strong>L\u00e4s-\/skrivuth\u00e5llighet:<\/strong>\u00a0100 000 cykler<\/li>\n<li><strong>Driftstemperatur:<\/strong>\u00a0-25\u00b0C till +70\u00b0C<\/li>\n<li><strong>Materialalternativ:<\/strong>\u00a0Papper, PVC eller PET<\/li>\n<li><strong>Anpassning:<\/strong>\u00a0Anpassad logotyptryck tillg\u00e4nglig<\/li>\n<\/ul>\n<p><strong>F\u00f6rdelar:<\/strong><\/p>\n<ul>\n<li><strong>Enkel applicering:<\/strong>\u00a0V\u00e5t inl\u00e4ggsdesign med sj\u00e4lvh\u00e4ftande baksida f\u00f6r bekv\u00e4m montering.<\/li>\n<li><strong>P\u00e5litlig prestanda:<\/strong>\u00a0H\u00f6gkvalitativ sp\u00e5n och konstruktion s\u00e4kerst\u00e4ller konsekvent drift.<\/li>\n<li><strong>S\u00e4ker datalagring:<\/strong>\u00a0NTAG213-chip ger s\u00e4ker datalagring f\u00f6r k\u00e4nslig information.<\/li>\n<li><strong>M\u00e5ngsidig anv\u00e4ndning:<\/strong>\u00a0Perfekt f\u00f6r produktidentifiering, tillg\u00e5ngssp\u00e5rning, reklamkampanjer och mer.<\/li>\n<\/ul>","protected":false},"excerpt":{"rendered":"<p>NFC NTAG213 Wet Inlay, 13,5MHz NFC Wet Inlay med NTAG213 chip, med 10x20 mm storlek och sj\u00e4lvh\u00e4ftande baksida f\u00f6r enkel applicering<\/p>","protected":false},"featured_media":735,"template":"","meta":{"_kad_post_transparent":"default","_kad_post_title":"","_kad_post_layout":"default","_kad_post_sidebar_id":"","_kad_post_content_style":"default","_kad_post_vertical_padding":"default","_kad_post_feature":"","_kad_post_feature_position":"","_kad_post_header":false,"_kad_post_footer":false,"_kad_post_classname":""},"product_brand":[],"product_cat":[189,54],"product_tag":[193,194],"class_list":{"0":"post-734","1":"product","2":"type-product","3":"status-publish","4":"has-post-thumbnail","6":"product_cat-rfid-inlay","7":"product_cat-hot-selling-rfid-tags","8":"product_tag-nfc-ntag213-wet-inlay","9":"product_tag-nfc-rfid-inlay","11":"first","12":"instock","13":"shipping-taxable","14":"product-type-simple","15":"entry","16":"content-bg","17":"loop-entry"},"_links":{"self":[{"href":"https:\/\/rfid-laundry-tag.com\/sv\/wp-json\/wp\/v2\/product\/734","targetHints":{"allow":["GET"]}}],"collection":[{"href":"https:\/\/rfid-laundry-tag.com\/sv\/wp-json\/wp\/v2\/product"}],"about":[{"href":"https:\/\/rfid-laundry-tag.com\/sv\/wp-json\/wp\/v2\/types\/product"}],"version-history":[{"count":3,"href":"https:\/\/rfid-laundry-tag.com\/sv\/wp-json\/wp\/v2\/product\/734\/revisions"}],"predecessor-version":[{"id":1327,"href":"https:\/\/rfid-laundry-tag.com\/sv\/wp-json\/wp\/v2\/product\/734\/revisions\/1327"}],"wp:featuredmedia":[{"embeddable":true,"href":"https:\/\/rfid-laundry-tag.com\/sv\/wp-json\/wp\/v2\/media\/735"}],"wp:attachment":[{"href":"https:\/\/rfid-laundry-tag.com\/sv\/wp-json\/wp\/v2\/media?parent=734"}],"wp:term":[{"taxonomy":"product_brand","embeddable":true,"href":"https:\/\/rfid-laundry-tag.com\/sv\/wp-json\/wp\/v2\/product_brand?post=734"},{"taxonomy":"product_cat","embeddable":true,"href":"https:\/\/rfid-laundry-tag.com\/sv\/wp-json\/wp\/v2\/product_cat?post=734"},{"taxonomy":"product_tag","embeddable":true,"href":"https:\/\/rfid-laundry-tag.com\/sv\/wp-json\/wp\/v2\/product_tag?post=734"}],"curies":[{"name":"wp","href":"https:\/\/api.w.org\/{rel}","templated":true}]}}