{"id":731,"date":"2024-07-16T17:14:51","date_gmt":"2024-07-16T17:14:51","guid":{"rendered":"https:\/\/rfid-laundry-tag.com\/?post_type=product&#038;p=731"},"modified":"2024-08-14T16:37:34","modified_gmt":"2024-08-14T16:37:34","slug":"uhf-rfid-dry-inlays-with-nxp-ucode-9","status":"publish","type":"product","link":"https:\/\/rfid-laundry-tag.com\/sv\/uhf-rfid-dry-inlays-with-nxp-ucode-9\/","title":{"rendered":"UHF RFID torra inl\u00e4gg med NXP Ucode 9"},"content":{"rendered":"<h2>UHF RFID torra inl\u00e4gg med NXP-Ucode 9<\/h2>\n<ul>\n<li><strong>Frekvens:<\/strong>\u00a0860-960 MHz<\/li>\n<li><strong>Protokoll:<\/strong>\u00a0ISO18000-6C<\/li>\n<li><strong>L\u00e4sintervall:<\/strong>\u00a0L\u00e5ng avl\u00e4sningsr\u00e4ckvidd (upp till 10 meter)<\/li>\n<li><strong>Chipalternativ:<\/strong>\n<ul>\n<li><strong>NXP-Ucode9:<\/strong>\u00a0H\u00f6gpresterande chip med f\u00f6rb\u00e4ttrade s\u00e4kerhetsfunktioner.<\/li>\n<li><strong>Andra alternativ:<\/strong>\u00a0Alien H3, Monza R6, NXP-Ucode8, NXP-Ucode7<\/li>\n<\/ul>\n<\/li>\n<\/ul>\n<p><strong>Anpassningsalternativ:<\/strong><\/p>\n<p>Vi erbjuder en rad anpassningsalternativ f\u00f6r RFID-inl\u00e4gg, inklusive:<\/p>\n<ul>\n<li><strong>Material:<\/strong>\u00a0Bestruket papper, PVC, PET, \u00f6mt\u00e5ligt papper, etc.<\/li>\n<li><strong>Storlek:<\/strong>\u00a0Anpassad storlek f\u00f6r att passa specifika produktdimensioner.<\/li>\n<li><strong>Utskrift:<\/strong>\u00a0Logotyptryck, nummertryck, streckkodstryck.<\/li>\n<li><strong>Kodning och kryptering:<\/strong>\u00a0S\u00e4ker datalagring och kommunikation.<\/li>\n<\/ul>\n<p><strong>RFID-inl\u00e4gg<\/strong>\u00a0\u00e4r hj\u00e4rtat i ett RFID-system, som inneh\u00e5ller mikrochipet (IC) och antennen som m\u00f6jligg\u00f6r kommunikation med en l\u00e4sare. De \u00e4r kategoriserade i tv\u00e5 huvudtyper baserat p\u00e5 deras konstruktion:<\/p>\n<p><strong>1. RFID torra inl\u00e4gg:<\/strong><\/p>\n<ul>\n<li><strong>Beskrivning:<\/strong>\u00a0Torra inl\u00e4gg \u00e4r designade f\u00f6r direkt integrering i material eller underlag. De saknar en sj\u00e4lvh\u00e4ftande baksida, vilket g\u00f6r dem idealiska f\u00f6r applikationer som kr\u00e4ver permanent f\u00e4stning. De kommer ofta med en laminerad yta.<\/li>\n<li><strong>Nyckelfunktioner:<\/strong>\n<ul>\n<li><strong>Inget lim:<\/strong>\u00a0Eliminerar behovet av ytterligare limsteg.<\/li>\n<li><strong>Direkt integration:<\/strong>\u00a0Inkorporeras enkelt i produkter, f\u00f6rpackningar eller andra material.<\/li>\n<li><strong>H\u00e5llbar konstruktion:<\/strong>\u00a0Motst\u00e5ndskraftiga mot slitage, vilket g\u00f6r dem l\u00e4mpliga f\u00f6r kr\u00e4vande milj\u00f6er.<\/li>\n<\/ul>\n<\/li>\n<\/ul>\n<p><strong>2. RFID v\u00e5ta inl\u00e4gg:<\/strong><\/p>\n<ul>\n<li><strong>Beskrivning:<\/strong>\u00a0V\u00e5ta inl\u00e4gg kommer med en sj\u00e4lvh\u00e4ftande baksida, s\u00e5 att de kan appliceras direkt p\u00e5 en produkt eller omvandlas till smarta etiketter. Detta g\u00f6r dem till en kostnadseffektiv l\u00f6sning f\u00f6r h\u00f6gvolymtaggning.<\/li>\n<li><strong>Nyckelfunktioner:<\/strong>\n<ul>\n<li><strong>Sj\u00e4lvh\u00e4ftande baksida:<\/strong>\u00a0M\u00f6jligg\u00f6r enkel applicering p\u00e5 olika ytor.<\/li>\n<li><strong>Kostnadseffektiv:<\/strong>\u00a0Idealisk f\u00f6r taggningsprojekt med stora volymer.<\/li>\n<li><strong>M\u00e5ngsidiga applikationer:<\/strong>\u00a0L\u00e4mplig f\u00f6r produkter som kr\u00e4ver tillf\u00e4llig eller permanent m\u00e4rkning.<\/li>\n<\/ul>\n<\/li>\n<\/ul>","protected":false},"excerpt":{"rendered":"<p>UHF RFID torra inl\u00e4gg med NXP Ucode 9 f\u00f6r f\u00f6rb\u00e4ttrad s\u00e4kerhet och datalagring. Integreras direkt i material.<\/p>","protected":false},"featured_media":732,"template":"","meta":{"_kad_post_transparent":"default","_kad_post_title":"","_kad_post_layout":"default","_kad_post_sidebar_id":"","_kad_post_content_style":"default","_kad_post_vertical_padding":"default","_kad_post_feature":"","_kad_post_feature_position":"","_kad_post_header":false,"_kad_post_footer":false,"_kad_post_classname":""},"product_brand":[],"product_cat":[189,54],"product_tag":[192,191],"class_list":{"0":"post-731","1":"product","2":"type-product","3":"status-publish","4":"has-post-thumbnail","6":"product_cat-rfid-inlay","7":"product_cat-hot-selling-rfid-tags","8":"product_tag-uhf-rfid-dry-inlays","9":"product_tag-uhf-rfid-dry-inlays-with-nxp-ucode-9","11":"first","12":"instock","13":"shipping-taxable","14":"product-type-simple","15":"entry","16":"content-bg","17":"loop-entry"},"_links":{"self":[{"href":"https:\/\/rfid-laundry-tag.com\/sv\/wp-json\/wp\/v2\/product\/731","targetHints":{"allow":["GET"]}}],"collection":[{"href":"https:\/\/rfid-laundry-tag.com\/sv\/wp-json\/wp\/v2\/product"}],"about":[{"href":"https:\/\/rfid-laundry-tag.com\/sv\/wp-json\/wp\/v2\/types\/product"}],"version-history":[{"count":4,"href":"https:\/\/rfid-laundry-tag.com\/sv\/wp-json\/wp\/v2\/product\/731\/revisions"}],"predecessor-version":[{"id":1329,"href":"https:\/\/rfid-laundry-tag.com\/sv\/wp-json\/wp\/v2\/product\/731\/revisions\/1329"}],"wp:featuredmedia":[{"embeddable":true,"href":"https:\/\/rfid-laundry-tag.com\/sv\/wp-json\/wp\/v2\/media\/732"}],"wp:attachment":[{"href":"https:\/\/rfid-laundry-tag.com\/sv\/wp-json\/wp\/v2\/media?parent=731"}],"wp:term":[{"taxonomy":"product_brand","embeddable":true,"href":"https:\/\/rfid-laundry-tag.com\/sv\/wp-json\/wp\/v2\/product_brand?post=731"},{"taxonomy":"product_cat","embeddable":true,"href":"https:\/\/rfid-laundry-tag.com\/sv\/wp-json\/wp\/v2\/product_cat?post=731"},{"taxonomy":"product_tag","embeddable":true,"href":"https:\/\/rfid-laundry-tag.com\/sv\/wp-json\/wp\/v2\/product_tag?post=731"}],"curies":[{"name":"wp","href":"https:\/\/api.w.org\/{rel}","templated":true}]}}