{"id":727,"date":"2024-07-16T17:02:27","date_gmt":"2024-07-16T17:02:27","guid":{"rendered":"https:\/\/rfid-laundry-tag.com\/?post_type=product&#038;p=727"},"modified":"2024-09-16T05:10:50","modified_gmt":"2024-09-16T05:10:50","slug":"alien-h9-9662-rfid-inlay-sticker","status":"publish","type":"product","link":"https:\/\/rfid-laundry-tag.com\/sv\/alien-h9-9662-rfid-inlay-sticker\/","title":{"rendered":"Alien H9 9662 RFID Inlay Sticker"},"content":{"rendered":"<h2>Alien H9 9662 RFID Inlay Sticker<\/h2>\n<p><strong>Frekvens:<\/strong>\u00a0UHF 860-960MHz<br \/>\n<strong>Chips:<\/strong> ALIEN Higgs-3, Alien H9<br \/>\n<strong>Protokoll:<\/strong>\u00a0EPC klass 1 Gen2, ISO18000-6C<br \/>\n<strong>Minne:<\/strong><\/p>\n<ul>\n<li>EPC: 96 bitar<\/li>\n<li>TID: 32 bitar<\/li>\n<li>Anv\u00e4ndare: 512 bitar<br \/>\n<strong>L\u00e4savst\u00e5nd:<\/strong>\u00a01~8 meter (beroende p\u00e5 l\u00e4sare)<\/li>\n<\/ul>\n<p><strong>M\u00e5tt:<\/strong> 82,50 x 25,40 mm<br \/>\n<strong>Format:<\/strong> Torrt inl\u00e4gg, v\u00e5tt inl\u00e4gg<br \/>\nH\u00f6gkvalitativ tillverkning f\u00f6r p\u00e5litlig prestanda i komplexa milj\u00f6er.<\/p>\n<h4 class=\"alternative\">Alien H9 Chips H\u00f6jdpunkter<\/h4>\n<ul>\n<li>\u00d6verensst\u00e4mmer med GS1 Class 1 Gen 2 och ISO\/IEC 18000-6C<\/li>\n<li>V\u00e4rldsomsp\u00e4nnande drift i RFID UHF-banden (840-960 MHz)<\/li>\n<li>1024-bitars NVM\/RAM-minne<\/li>\n<li>Upp till 496-EPC-bitar (nominellt 96 bitar)<\/li>\n<li>Upp till 688 anv\u00e4ndarbitar<\/li>\n<li>48 bitars unika TID<\/li>\n<li>32 bitars \u00e5tkomst och 32 bitars Kill Pass-<br \/>\nord<\/li>\n<li>F\u00f6rprogrammerad med en unik, of\u00f6r\u00e4ndrad<br \/>\n48-bitars serienummer<\/li>\n<li>Anv\u00e4ndarminne kan blockeras permanent<br \/>\nL\u00e5st samt l\u00e4s l\u00f6senordspro-<br \/>\ndetekteras i 256 bitars block<\/li>\n<li>L\u00e5geffektdrift f\u00f6r b\u00e5de l\u00e4s och<br \/>\nprogrammera<\/li>\n<li>QuickWrite\u2122 \/ BlastWrite\u2122 \u2013 H\u00f6g hastighet<br \/>\nchip &amp; massprogrammering<\/li>\n<li>Dynamic AuthenticationTM antikloning \/<br \/>\nteknik mot f\u00f6rfalskning<\/li>\n<li>Exceptionell r\u00e4ckvidd, upp till 13m<br \/>\nmed l\u00e4mplig antenn.<\/li>\n<\/ul>\n<p><strong>Applikationer:<\/strong><\/p>\n<ul>\n<li>Supply Chain Management<\/li>\n<li>Distributionslogistik<\/li>\n<li>Produktautentisering<\/li>\n<li>Tillg\u00e5ngsinventering och sp\u00e5rning<\/li>\n<li>Bagagehantering och sp\u00e5rning<\/li>\n<\/ul>\n<p><strong>Nyckelfunktioner:<\/strong><\/p>\n<ul>\n<li>H\u00f6gpresterande UHF RFID-inl\u00e4ggsdekal<\/li>\n<li>L\u00e5ngt l\u00e4sintervall och p\u00e5litlig prestanda<\/li>\n<li>L\u00e4mplig f\u00f6r olika applikationer som kr\u00e4ver robust RFID-sp\u00e5rning<\/li>\n<li>Anv\u00e4nder industristandarden EPC Class 1 Gen2-protokoll<\/li>\n<\/ul>\n<p><strong>Notera:<\/strong>\u00a0Det faktiska l\u00e4savst\u00e5ndet kan variera beroende p\u00e5 faktorer som l\u00e4sarens effekt, antenndesign, milj\u00f6f\u00f6rh\u00e5llanden och etikettorientering.<\/p>\n<h2>Vanliga fr\u00e5gor: Alien H9 9662 RFID Inlay Sticker<\/h2>\n<p><strong>Allm\u00e4n<\/strong><\/p>\n<ol>\n<li><strong>Vad \u00e4r l\u00e4somr\u00e5det f\u00f6r Alien H9 9662 RFID Inlay Sticker?<\/strong><br \/>\nL\u00e4somr\u00e5det f\u00f6r Alien H9 9662 RFID Inlay Sticker kan variera beroende p\u00e5 faktorer som den anv\u00e4nda l\u00e4saren, antennkonfiguration och milj\u00f6f\u00f6rh\u00e5llanden.<\/li>\n<li><strong>Vad \u00e4r driftfrekvensen f\u00f6r Alien H9 9662 RFID Inlay Sticker?<\/strong><br \/>\nAlien H9 9662 RFID Inlay Sticker fungerar i UHF-frekvensomr\u00e5det 865-868 MHz.<\/li>\n<li><strong>\u00c4r inl\u00e4gget kompatibelt med EPC Class 1 Gen2-protokollet?<\/strong><br \/>\nJa, Alien H9 9662 RFID Inlay Sticker \u00e4r kompatibel med EPC Class 1 Gen2-protokollet.<\/li>\n<li><strong>Vilka \u00e4r m\u00e5tten p\u00e5 Alien H9 9662 RFID Inlay Sticker?<\/strong><br \/>\nVilken storlek som helst kan anpassas.<\/li>\n<li><strong>Finns inl\u00e4gget i olika format som torrt eller v\u00e5tt inl\u00e4gg?<\/strong><br \/>\nJa, inl\u00e4gget finns i torra eller v\u00e5ta inl\u00e4ggsformat.<\/li>\n<li><strong>Hur fungerar Alien H9 9662 RFID Inlay Sticker i komplexa milj\u00f6er?<\/strong><br \/>\nAlien H9 9662 RFID Inlay Sticker \u00e4r designad f\u00f6r att fungera bra i komplexa milj\u00f6er. D\u00e4remot kan faktorer som metallinterferens, fukt och temperatur p\u00e5verka l\u00e4somr\u00e5det.<\/li>\n<\/ol>\n<p><strong>Best\u00e4llning och tillg\u00e4nglighet<\/strong><\/p>\n<ol>\n<li><strong>Var kan jag k\u00f6pa Alien H9 9662 RFID Inlay Sticker?<\/strong><br \/>\nJa, vi kan s\u00e4lja RFID-inl\u00e4gget, vi har \u00f6ver 12 \u00e5rs tillverkningserfarenhet.<\/li>\n<li><strong>Vad \u00e4r ledtiden f\u00f6r best\u00e4llningar?<\/strong><br \/>\nN\u00e4mn den typiska ledtiden f\u00f6r hantering av order. Som vanligt \u00e4r det cirka 10 dagar<\/li>\n<li><strong>Finns det n\u00e5gra minsta best\u00e4llningskvantiteter?<\/strong><br \/>\n1000 st<\/li>\n<li><strong>\u00c4r det m\u00f6jligt att f\u00e5 ett prov p\u00e5 Alien H9 9662 RFID Inlay Sticker?<\/strong><br \/>\nJa, gratisprover<\/li>\n<\/ol>\n<p>&nbsp;<\/p>","protected":false},"excerpt":{"rendered":"<p>Alien H9 9662 RFID-inl\u00e4ggsdekal: H\u00f6gpresterande UHF RFID-inl\u00e4gg f\u00f6r hantering av f\u00f6rs\u00f6rjningskedjan, tillg\u00e5ngssp\u00e5rning och mer.<\/p>","protected":false},"featured_media":728,"template":"","meta":{"_kad_post_transparent":"default","_kad_post_title":"","_kad_post_layout":"default","_kad_post_sidebar_id":"","_kad_post_content_style":"default","_kad_post_vertical_padding":"default","_kad_post_feature":"","_kad_post_feature_position":"","_kad_post_header":false,"_kad_post_footer":false,"_kad_post_classname":""},"product_brand":[],"product_cat":[189,54],"product_tag":[266,267,108],"class_list":{"0":"post-727","1":"product","2":"type-product","3":"status-publish","4":"has-post-thumbnail","6":"product_cat-rfid-inlay","7":"product_cat-hot-selling-rfid-tags","8":"product_tag-9662-rfid-inlay-sticker","9":"product_tag-h9-rfid-inlay","10":"product_tag-rfid-inlay","12":"first","13":"instock","14":"shipping-taxable","15":"product-type-simple","16":"entry","17":"content-bg","18":"loop-entry"},"_links":{"self":[{"href":"https:\/\/rfid-laundry-tag.com\/sv\/wp-json\/wp\/v2\/product\/727","targetHints":{"allow":["GET"]}}],"collection":[{"href":"https:\/\/rfid-laundry-tag.com\/sv\/wp-json\/wp\/v2\/product"}],"about":[{"href":"https:\/\/rfid-laundry-tag.com\/sv\/wp-json\/wp\/v2\/types\/product"}],"version-history":[{"count":2,"href":"https:\/\/rfid-laundry-tag.com\/sv\/wp-json\/wp\/v2\/product\/727\/revisions"}],"predecessor-version":[{"id":730,"href":"https:\/\/rfid-laundry-tag.com\/sv\/wp-json\/wp\/v2\/product\/727\/revisions\/730"}],"wp:featuredmedia":[{"embeddable":true,"href":"https:\/\/rfid-laundry-tag.com\/sv\/wp-json\/wp\/v2\/media\/728"}],"wp:attachment":[{"href":"https:\/\/rfid-laundry-tag.com\/sv\/wp-json\/wp\/v2\/media?parent=727"}],"wp:term":[{"taxonomy":"product_brand","embeddable":true,"href":"https:\/\/rfid-laundry-tag.com\/sv\/wp-json\/wp\/v2\/product_brand?post=727"},{"taxonomy":"product_cat","embeddable":true,"href":"https:\/\/rfid-laundry-tag.com\/sv\/wp-json\/wp\/v2\/product_cat?post=727"},{"taxonomy":"product_tag","embeddable":true,"href":"https:\/\/rfid-laundry-tag.com\/sv\/wp-json\/wp\/v2\/product_tag?post=727"}],"curies":[{"name":"wp","href":"https:\/\/api.w.org\/{rel}","templated":true}]}}