{"id":723,"date":"2024-07-16T16:29:22","date_gmt":"2024-07-16T16:29:22","guid":{"rendered":"https:\/\/rfid-laundry-tag.com\/?post_type=product&#038;p=723"},"modified":"2024-08-14T16:40:29","modified_gmt":"2024-08-14T16:40:29","slug":"uhf-rfid-inlay-monza-m4-chips","status":"publish","type":"product","link":"https:\/\/rfid-laundry-tag.com\/sv\/uhf-rfid-inlay-monza-m4-chips\/","title":{"rendered":"UHF RFID-inl\u00e4gg Monza M4-chips"},"content":{"rendered":"<div>\n<ul>\n<li><strong>Produktnamn:<\/strong>\u00a0UHF RFID-inl\u00e4gg Monza M4\/M5-chips<\/li>\n<li><strong>Material:<\/strong>\u00a0Bestruket papper, PET etc<\/li>\n<li><strong>Chips:<\/strong>\u00a0Monza M4\/M5<\/li>\n<li><strong>F\u00e4rg:<\/strong>\u00a0Vit<\/li>\n<li><strong>Protokoll:<\/strong>\u00a0Global EPC Class1 Gen2 ISO\/IEC 18000-6C<\/li>\n<li><strong>Frekvens:<\/strong>\u00a0860-960mhz<\/li>\n<li><strong>L\u00e4sarintervall:<\/strong>\u00a06M~12M (beroende p\u00e5 milj\u00f6 och l\u00e4s-skrivavst\u00e5nd)<\/li>\n<li><strong>Arbetsmetod:<\/strong>\u00a0Passiv<\/li>\n<li><strong>Arbetande \u00e5tervinning:<\/strong>\u00a0&gt;100 000 g\u00e5nger<\/li>\n<li><strong>Ans\u00f6kan:<\/strong>\u00a0Sp\u00e5rbarhet mot f\u00f6rfalskning, data\u00f6verf\u00f6ring.<\/li>\n<\/ul>\n<p><strong>Beskrivning av UHF RFID Inlay Monza M4 Chips:<\/strong><\/p>\n<p>Dessa UHF RFID-inl\u00e4gg, med Monza M4\/M5-chips, \u00e4r designade f\u00f6r en m\u00e4ngd olika applikationer som kr\u00e4ver p\u00e5litlig data\u00f6verf\u00f6ring och \u00e5tg\u00e4rder mot f\u00f6rfalskning.<\/p>\n<p><strong>Nyckelfunktioner:<\/strong><\/p>\n<ul>\n<li><strong>H\u00e5llbar:<\/strong>\u00a0Byggd med h\u00f6gkvalitativa material f\u00f6r f\u00f6rl\u00e4ngd livsl\u00e4ngd.<\/li>\n<li><strong>P\u00e5litlig:<\/strong>\u00a0Ger robust prestanda f\u00f6r exakt dataf\u00e5ngst.<\/li>\n<li><strong>M\u00e5ngsidig:<\/strong>\u00a0L\u00e4mplig f\u00f6r olika applikationer, inklusive lagersp\u00e5rning, tillg\u00e5ngshantering och \u00f6vervakning av f\u00f6rs\u00f6rjningskedjan.<\/li>\n<li><strong>S\u00e4kra:<\/strong>\u00a0Bidrar till insatser mot varum\u00e4rkesf\u00f6rfalskning och s\u00e4kerst\u00e4ller produktens autenticitet.<\/li>\n<\/ul>\n<h2>UHF RFID-inl\u00e4gg Monza M4\/M5-chips: Vanliga fr\u00e5gor<\/h2>\n<p><strong>1. Vad \u00e4r skillnaden mellan Monza M4 och Monza M5 marker?<\/strong><\/p>\n<p>Monza M4- och M5-chips \u00e4r b\u00e5da h\u00f6gpresterande UHF RFID-chips. Den prim\u00e4ra skillnaden ligger i deras minneskapacitet:<\/p>\n<ul>\n<li><strong>Monza M4:<\/strong>\u00a0Erbjuder 128 bitar av anv\u00e4ndarminne.<\/li>\n<li><strong>Monza M5:<\/strong>\u00a0Erbjuder 512 bitar av anv\u00e4ndarminne.<\/li>\n<\/ul>\n<p>Detta inneb\u00e4r att Monza M5 kan lagra betydligt mer data, vilket g\u00f6r den idealisk f\u00f6r applikationer som kr\u00e4ver omfattande datalagring.<\/p>\n<p><strong>2. Vilka \u00e4r f\u00f6rdelarna med att anv\u00e4nda UHF RFID Inlay Monza M4 Chips?<\/strong><\/p>\n<p>Monza M4\/M5-chips ger m\u00e5nga f\u00f6rdelar:<\/p>\n<ul>\n<li><strong>H\u00f6gt l\u00e4sintervall:<\/strong>\u00a0De erbjuder utm\u00e4rkt l\u00e4savst\u00e5nd, som str\u00e4cker sig upp till 12 meter under optimala f\u00f6rh\u00e5llanden.<\/li>\n<li><strong>Snabba l\u00e4s-\/skrivhastigheter:<\/strong>\u00a0Dessa chips m\u00f6jligg\u00f6r snabb data\u00e5tkomst och effektiviserar verksamheten.<\/li>\n<li><strong>F\u00f6rb\u00e4ttrad prestanda:<\/strong>\u00a0De levererar p\u00e5litlig och konsekvent prestanda i utmanande milj\u00f6er.<\/li>\n<li><strong>Datas\u00e4kerhet:<\/strong>\u00a0Chipsen inneh\u00e5ller s\u00e4kerhetsfunktioner f\u00f6r att skydda k\u00e4nslig data.<\/li>\n<\/ul>\n<p><strong>3. Vilka typer av applikationer \u00e4r l\u00e4mpliga f\u00f6r Monza M4\/M5 RFID-inl\u00e4gg?<\/strong><\/p>\n<p>Dessa inl\u00e4gg \u00e4r v\u00e4l l\u00e4mpade f\u00f6r ett brett spektrum av applikationer, inklusive:<\/p>\n<ul>\n<li><strong>Lagerhantering:<\/strong>\u00a0Sp\u00e5ra lagerniv\u00e5er och produktr\u00f6relser inom lager och butiker.<\/li>\n<li><strong>Tillg\u00e5ngssp\u00e5rning:<\/strong>\u00a0\u00d6vervakning av tillg\u00e5ngar, utrustning och verktyg i olika milj\u00f6er.<\/li>\n<li><strong>Supply Chain Management:<\/strong>\u00a0F\u00f6rb\u00e4ttra f\u00f6rs\u00f6rjningskedjans synlighet och transparens.<\/li>\n<li><strong>Anti-f\u00f6rfalskning:<\/strong>\u00a0F\u00f6rebygga produktf\u00f6rfalskning och s\u00e4kerst\u00e4lla \u00e4kthet.<\/li>\n<li><strong>\u00c5tkomstkontroll:<\/strong>\u00a0Hantera \u00e5tkomst till s\u00e4kra omr\u00e5den eller begr\u00e4nsade utrymmen.<\/li>\n<\/ul>\n<p><strong>4. Hur kan jag v\u00e4lja r\u00e4tt RFID-inl\u00e4gg f\u00f6r min specifika applikation?<\/strong><\/p>\n<p>Det optimala RFID-inl\u00e4ggsvalet beror p\u00e5 din applikations specifika krav:<\/p>\n<ul>\n<li><strong>Datalagringsbehov:<\/strong>\u00a0Om du beh\u00f6ver lagra omfattande data, \u00f6verv\u00e4g Monza M5 med sin st\u00f6rre minneskapacitet.<\/li>\n<li><strong>L\u00e4sintervall:<\/strong>\u00a0Best\u00e4m det erforderliga l\u00e4sintervallet f\u00f6r att s\u00e4kerst\u00e4lla korrekt taggenidentifiering.<\/li>\n<li><strong>Milj\u00f6f\u00f6rh\u00e5llanden:<\/strong>\u00a0Ta h\u00e4nsyn till driftsmilj\u00f6n (temperatur, luftfuktighet, etc.) f\u00f6r att v\u00e4lja ett robust inl\u00e4gg.<\/li>\n<li><strong>Applikationstyp:<\/strong>\u00a0Den specifika applikationen (t.ex. lagersp\u00e5rning, tillg\u00e5ngshantering) kommer att p\u00e5verka valet av inl\u00e4gg.<\/li>\n<\/ul>\n<p><strong>5. Vilka \u00e4r de typiska kostnaderna f\u00f6rknippade med RFID-inl\u00e4gg som anv\u00e4nder Monza M4\/M5-kretsar?<\/strong><\/p>\n<p>Kostnaden f\u00f6r RFID-inl\u00e4gg varierar beroende p\u00e5 faktorer som chiptyp, inl\u00e4ggsdesign, best\u00e4lld kvantitet och ytterligare funktioner. Kontakta RFID-tillverkare eller leverant\u00f6rer f\u00f6r korrekt prisinformation.<\/p>\n<p><strong>6. \u00c4r Monza M4\/M5-inl\u00e4gg kompatibla med vanliga RFID-l\u00e4sare?<\/strong><\/p>\n<p>Ja, dessa inl\u00e4gg \u00e4r designade f\u00f6r att fungera med industristandard RFID-l\u00e4sare som arbetar inom UHF-frekvensomr\u00e5det.<\/p>\n<p><strong>7. Var kan jag k\u00f6pa Monza M4\/M5 RFID-inl\u00e4gg?<\/strong><\/p>\n<p>RFID-inl\u00e4gg med Monza M4\/M5-chips \u00e4r allm\u00e4nt tillg\u00e4ngliga fr\u00e5n olika tillverkare och leverant\u00f6rer specialiserade p\u00e5 RFID-teknik.<\/p>\n<p><strong>8. Finns det n\u00e5gra resurser som hj\u00e4lper mig att l\u00e4ra mig mer om RFID-teknik?<\/strong><\/p>\n<p>Ja, du kan hitta m\u00e5nga resurser online och genom RFID branschorganisationer:<\/p>\n<ul>\n<li><strong>RFID-journal:<\/strong>\u00a0En ledande k\u00e4lla f\u00f6r RFID-nyheter och information.<\/li>\n<li><strong>RFID Industry Association (RFIDIA):<\/strong>\u00a0En global organisation som fr\u00e4mjar anv\u00e4ndningen av RFID-teknik.<\/li>\n<li><strong>Tillverkarens webbplatser:<\/strong>\u00a0Kontrollera webbplatserna f\u00f6r stora RFID-chiptillverkare f\u00f6r teknisk dokumentation och support.<\/li>\n<\/ul>\n<\/div>\n<div class=\"auto-hide-last-sibling-br paragraph_9dc5f paragraph-element\"><\/div>\n<div class=\"auto-hide-last-sibling-br paragraph_9dc5f paragraph-element\"><\/div>","protected":false},"excerpt":{"rendered":"<p>UHF RFID-inl\u00e4gg Monza M4-chips f\u00f6r inventering, tillg\u00e5ngssp\u00e5rning och anti-f\u00f6rfalskning. H\u00f6ga l\u00e4sintervall, snabb data\u00e5tkomst och robust prestanda.<\/p>","protected":false},"featured_media":724,"template":"","meta":{"_kad_post_transparent":"default","_kad_post_title":"","_kad_post_layout":"default","_kad_post_sidebar_id":"","_kad_post_content_style":"default","_kad_post_vertical_padding":"default","_kad_post_feature":"","_kad_post_feature_position":"","_kad_post_header":false,"_kad_post_footer":false,"_kad_post_classname":""},"product_brand":[],"product_cat":[54,189],"product_tag":[108,190],"class_list":{"0":"post-723","1":"product","2":"type-product","3":"status-publish","4":"has-post-thumbnail","6":"product_cat-hot-selling-rfid-tags","7":"product_cat-rfid-inlay","8":"product_tag-rfid-inlay","9":"product_tag-uhf-rfid-inlay-monza-m4-m5-chips","11":"first","12":"instock","13":"shipping-taxable","14":"product-type-simple","15":"entry","16":"content-bg","17":"loop-entry"},"_links":{"self":[{"href":"https:\/\/rfid-laundry-tag.com\/sv\/wp-json\/wp\/v2\/product\/723","targetHints":{"allow":["GET"]}}],"collection":[{"href":"https:\/\/rfid-laundry-tag.com\/sv\/wp-json\/wp\/v2\/product"}],"about":[{"href":"https:\/\/rfid-laundry-tag.com\/sv\/wp-json\/wp\/v2\/types\/product"}],"version-history":[{"count":4,"href":"https:\/\/rfid-laundry-tag.com\/sv\/wp-json\/wp\/v2\/product\/723\/revisions"}],"predecessor-version":[{"id":1331,"href":"https:\/\/rfid-laundry-tag.com\/sv\/wp-json\/wp\/v2\/product\/723\/revisions\/1331"}],"wp:featuredmedia":[{"embeddable":true,"href":"https:\/\/rfid-laundry-tag.com\/sv\/wp-json\/wp\/v2\/media\/724"}],"wp:attachment":[{"href":"https:\/\/rfid-laundry-tag.com\/sv\/wp-json\/wp\/v2\/media?parent=723"}],"wp:term":[{"taxonomy":"product_brand","embeddable":true,"href":"https:\/\/rfid-laundry-tag.com\/sv\/wp-json\/wp\/v2\/product_brand?post=723"},{"taxonomy":"product_cat","embeddable":true,"href":"https:\/\/rfid-laundry-tag.com\/sv\/wp-json\/wp\/v2\/product_cat?post=723"},{"taxonomy":"product_tag","embeddable":true,"href":"https:\/\/rfid-laundry-tag.com\/sv\/wp-json\/wp\/v2\/product_tag?post=723"}],"curies":[{"name":"wp","href":"https:\/\/api.w.org\/{rel}","templated":true}]}}