{"id":62,"date":"2024-06-10T16:32:32","date_gmt":"2024-06-10T16:32:32","guid":{"rendered":"https:\/\/rfid-laundry-tag.com\/?post_type=product&#038;p=62"},"modified":"2024-06-10T16:32:32","modified_gmt":"2024-06-10T16:32:32","slug":"rfid-laundry-tag-button","status":"publish","type":"product","link":"https:\/\/rfid-laundry-tag.com\/sv\/rfid-laundry-tag-button\/","title":{"rendered":"Knapp f\u00f6r RFID-tv\u00e4ttetikett"},"content":{"rendered":"<div class=\"J_module\">\n<div class=\"ife-detail-decorate-table\">\n<table class=\"has-title all magic-6\">\n<tbody>\n<tr>\n<td colspan=\"1\" rowspan=\"1\">\n<div class=\"magic-7\" data-spm-anchor-id=\"a2700.details.0.i45.77607d98vZbcDU\"><span class=\"magic-8\" style=\"color: #363535;\">Objektets namn<\/span><\/div>\n<\/td>\n<td colspan=\"1\" rowspan=\"1\">\n<div class=\"magic-9\"><span class=\"magic-8\">Knapp f\u00f6r RFID-tv\u00e4ttetikett<\/span><\/div>\n<\/td>\n<\/tr>\n<tr>\n<td colspan=\"1\" rowspan=\"1\">\n<div class=\"magic-7\"><span class=\"magic-10\" data-spm-anchor-id=\"a2700.pc-decorate.0.i10.28d333330XLbTD\"><span class=\"magic-8\">Material<\/span><\/span><\/div>\n<\/td>\n<td colspan=\"1\" rowspan=\"1\">\n<div class=\"magic-9\"><span class=\"magic-8\">PPS<\/span><\/div>\n<\/td>\n<\/tr>\n<tr>\n<td colspan=\"1\" rowspan=\"1\">\n<div class=\"magic-7\"><span class=\"magic-8\">F\u00e4rg<\/span><\/div>\n<\/td>\n<td colspan=\"1\" rowspan=\"1\">\n<div class=\"magic-9\"><span class=\"magic-8\">Svart, gul etc<\/span><\/div>\n<\/td>\n<\/tr>\n<tr>\n<td colspan=\"1\" rowspan=\"1\">MOQ<\/td>\n<td colspan=\"1\" rowspan=\"1\">500 st<\/td>\n<\/tr>\n<tr>\n<td colspan=\"1\" rowspan=\"1\">\n<div class=\"magic-7\"><span class=\"magic-8\">Tillverkare\/chip<\/span><\/div>\n<\/td>\n<td colspan=\"1\" rowspan=\"1\">\n<div class=\"magic-9\"><span class=\"magic-8\">NXP UCODE 8, UCODE 9\/NTAG213\/EM4305, T5577 etc<\/span><\/div>\n<\/td>\n<\/tr>\n<tr>\n<td colspan=\"1\" rowspan=\"1\">\n<div class=\"magic-7\"><span class=\"magic-8\">Frekvens<\/span><\/div>\n<\/td>\n<td colspan=\"1\" rowspan=\"1\">\n<div class=\"magic-9\"><span class=\"magic-8\">860-960MHz\/13,56MHz\/125Khz<\/span><\/div>\n<\/td>\n<\/tr>\n<tr>\n<td colspan=\"1\" rowspan=\"1\">\n<div class=\"magic-7\"><span class=\"magic-8\">Minne<\/span><\/div>\n<\/td>\n<td colspan=\"1\" rowspan=\"1\">\n<div class=\"magic-9\"><span class=\"magic-8\">96 bitar\/128 bitar\/144 byte<\/span><\/div>\n<\/td>\n<\/tr>\n<tr>\n<td colspan=\"1\" rowspan=\"1\">\n<div class=\"magic-7\"><span class=\"magic-8\">L\u00e4s avst\u00e5nd<\/span><\/div>\n<\/td>\n<td colspan=\"1\" rowspan=\"1\">\n<div class=\"magic-9\"><span class=\"magic-8\">1-6m\/1~5cm\/1~2cm<\/span><\/div>\n<\/td>\n<\/tr>\n<tr>\n<td colspan=\"1\" rowspan=\"1\">\n<div class=\"magic-7\"><span class=\"magic-8\">Arbetsl\u00e4ge<\/span><\/div>\n<\/td>\n<td colspan=\"1\" rowspan=\"1\">\n<div class=\"magic-9\"><span class=\"magic-8\">passiv<\/span><\/div>\n<\/td>\n<\/tr>\n<tr>\n<td colspan=\"1\" rowspan=\"1\">\n<div class=\"magic-7\"><span class=\"magic-8\">Arbetstemperatur<\/span><\/div>\n<\/td>\n<td colspan=\"1\" rowspan=\"1\">\n<div class=\"magic-9\"><span class=\"magic-8\">-25\u2103~+110\u2103<\/span><\/div>\n<\/td>\n<\/tr>\n<tr>\n<td colspan=\"1\" rowspan=\"1\">\n<div class=\"magic-7\"><span class=\"magic-8\">F\u00f6rvaringstemperatur<\/span><\/div>\n<\/td>\n<td colspan=\"1\" rowspan=\"1\">\n<div class=\"magic-9\"><span class=\"magic-8\">-40\u2103~+85\u2103<\/span><\/div>\n<\/td>\n<\/tr>\n<tr>\n<td colspan=\"1\" rowspan=\"1\">\n<div class=\"magic-7\">\n<div><span class=\"magic-8\">\u00a0<\/span><\/div>\n<p><span class=\"magic-8\">Kortvarig temperaturbest\u00e4ndighet<\/span><\/div>\n<\/td>\n<td colspan=\"1\" rowspan=\"1\">\n<div class=\"magic-9\"><span class=\"magic-8\">tv\u00e4tt: 90 \u2103, 15 minuter; omvandlarens f\u00f6rtorkning: 180 \u2103, 30 minuter, 200 g\u00e5nger; strykning: 180 \u2103, 10 sekunder, 200 g\u00e5nger; h\u00f6g<br \/>\ntemperatursterilisering: 135\u2103, 20 minuter<\/span><\/div>\n<\/td>\n<\/tr>\n<tr>\n<td colspan=\"1\" rowspan=\"1\">\n<div class=\"magic-7\"><span class=\"magic-8\">Drag<\/span><\/div>\n<\/td>\n<td colspan=\"1\" rowspan=\"1\">\n<div class=\"magic-9\"><span class=\"magic-8\">vattent\u00e4t, tv\u00e4ttbar, motst\u00e5ndskraftig mot h\u00f6g temperatur<\/span><\/div>\n<\/td>\n<\/tr>\n<tr>\n<td colspan=\"1\" rowspan=\"1\">\n<div class=\"magic-7\"><span class=\"magic-8\">Liv<\/span><\/div>\n<\/td>\n<td colspan=\"1\" rowspan=\"1\">\n<div class=\"magic-9\"><span class=\"magic-8\">tv\u00e4tta 200 g\u00e5nger eller 3 \u00e5r<\/span><\/div>\n<\/td>\n<\/tr>\n<tr>\n<td colspan=\"1\" rowspan=\"1\">\n<div class=\"magic-7\"><span class=\"magic-8\">Ans\u00f6kningar<\/span><\/div>\n<\/td>\n<td colspan=\"1\" rowspan=\"1\">\n<div class=\"magic-9\"><span class=\"magic-8\">tv\u00e4tthantering och sp\u00e5rning<\/span><\/div>\n<\/td>\n<\/tr>\n<\/tbody>\n<\/table>\n<\/div>\n<\/div>\n<div class=\"J_module\">\n<div class=\"detail-decorate-json-renderer-container\">\n<div class=\"magic-1\">\n<div class=\"magic-2\">\n<div class=\"magic-3\">\n<div><\/div>\n<div class=\"magic-4\"><span class=\"magic-5\" style=\"color: #2196ed;\"><b class=\"magic-10\">Knapp f\u00f6r RFID-tv\u00e4ttetikett<\/b><\/span><\/p>\n<div><\/div>\n<\/div>\n<\/div>\n<div>\n<div class=\"auto-hide-last-sibling-br paragraph_1252f paragraph-element\">PPS h\u00f6gtemperaturbest\u00e4ndiga tv\u00e4ttetiketter fungerar som en utm\u00e4rkt sp\u00e5rningsl\u00f6sning f\u00f6r kommersiella milj\u00f6er som matsalar och restauranger d\u00e4r stora volymer servis st\u00e4ndigt hanteras:<\/div>\n<p><br class=\"container_e695a wrapper_ad07b undefined\" \/><\/p>\n<ol class=\"auto-hide-last-sibling-br\">\n<li>\n<div class=\"auto-hide-last-sibling-br paragraph_1252f paragraph-element\">Oklanderlig sp\u00e5rning: Att f\u00e4sta varje servis med en RFID-tagg som inneh\u00e5ller unik identifieringsinformation (som artikeltyp, tillverkare och ink\u00f6psdatum) till\u00e5ter sp\u00e5rning av varje f\u00f6rem\u00e5ls framsteg genom diskprocessen via RFID-l\u00e4sare.<\/div>\n<\/li>\n<li>\n<div class=\"auto-hide-last-sibling-br paragraph_1252f paragraph-element\">H\u00f6g h\u00e5llbarhet: Att uts\u00e4ttas f\u00f6r h\u00f6ga temperaturer och starka kemikalier \u00e4r ingen utmaning f\u00f6r PPS-h\u00f6gtemperaturbest\u00e4ndiga RFID-taggar. De \u00e4r noggrant utformade f\u00f6r att klara s\u00e5dana f\u00f6rh\u00e5llanden, vilket g\u00f6r dem till ett idealiskt val f\u00f6r att sp\u00e5ra serviser i kommersiella diskmaskiner.<\/div>\n<\/li>\n<li>\n<div class=\"auto-hide-last-sibling-br paragraph_1252f paragraph-element\">Effektiv lagerhantering: N\u00e4r de v\u00e4l rengjorts, sanerats och lagrats f\u00f6r \u00e5teranv\u00e4ndning kan RFID-taggar enkelt sp\u00e5ra tillg\u00e4ngligheten och platsen f\u00f6r varje artikel. Detta s\u00e4kerst\u00e4ller en tillr\u00e4ckligt konstant tillg\u00e5ng p\u00e5 ren servis, vilket eliminerar risken f\u00f6r brist eller felhantering.<\/div>\n<\/li>\n<li>\n<div class=\"auto-hide-last-sibling-br paragraph_1252f paragraph-element\">F\u00f6rb\u00e4ttrad logistik: Implementeringen av PPS Laundry RFID-taggar effektiviserar hanteringen av inventering och logistikprocedurer i h\u00f6gtemperaturmilj\u00f6er, s\u00e5som kommersiella diskmaskiner.<\/div>\n<\/li>\n<\/ol>\n<div class=\"auto-hide-last-sibling-br paragraph_1252f paragraph-element\"><strong>F\u00f6rdelar med RFID-tv\u00e4ttknapp<\/strong><\/div>\n<ol class=\"auto-hide-last-sibling-br\">\n<li>\n<div class=\"auto-hide-last-sibling-br paragraph_1252f paragraph-element\">Effektiv sp\u00e5rning: RFID Laundry Tag Buttons f\u00f6renklar sp\u00e5rning av kl\u00e4desplagg under hela tv\u00e4ttprocessen, vilket f\u00f6rb\u00e4ttrar operativ effektivitet och produktivitet.<\/div>\n<\/li>\n<li>\n<div class=\"auto-hide-last-sibling-br paragraph_1252f paragraph-element\">Uppmuntrar till automatisering: Dessa knappar hj\u00e4lper till att minska behovet av manuellt arbete och potentiella fel i samband med det, vilket fr\u00e4mjar ett effektivt, automatiserat system.<\/div>\n<\/li>\n<li>\n<div class=\"auto-hide-last-sibling-br paragraph_1252f paragraph-element\">H\u00e5llbar: Speciellt designad f\u00f6r att t\u00e5la tuffa tv\u00e4ttf\u00f6rh\u00e5llanden, dessa knappar \u00e4r resistenta mot h\u00f6ga temperaturer, tryck och kemikalier, vilket s\u00e4kerst\u00e4ller l\u00e5ng livsl\u00e4ngd.<\/div>\n<\/li>\n<\/ol>\n<div class=\"auto-hide-last-sibling-br paragraph_1252f paragraph-element\"><strong>Funktioner hos RFID tv\u00e4ttetikett<\/strong><\/div>\n<ol class=\"auto-hide-last-sibling-br\">\n<li>\n<div class=\"auto-hide-last-sibling-br paragraph_1252f paragraph-element\">Unik identifiering: Varje tagg inneh\u00e5ller unik identifieringsinformation, vilket underl\u00e4ttar s\u00f6ml\u00f6s sp\u00e5rning av enskilda delar.<\/div>\n<\/li>\n<li>\n<div class=\"auto-hide-last-sibling-br paragraph_1252f paragraph-element\">H\u00f6gtemperaturbest\u00e4ndighet: RFID Laundry Tag-knapparna \u00e4r designade f\u00f6r att t\u00e5la h\u00f6ga temperaturer, vilket g\u00f6r dem idealiska f\u00f6r tv\u00e4ttanv\u00e4ndning.<\/div>\n<\/li>\n<li>\n<div class=\"auto-hide-last-sibling-br paragraph_1252f paragraph-element\">NFC-funktioner: Vissa taggar \u00e4r utrustade med NFC-funktioner som g\u00f6r att de kan skannas med mobilapplikationer, vilket m\u00f6jligg\u00f6r fj\u00e4rrsp\u00e5rning och hantering.<\/div>\n<\/li>\n<\/ol>\n<div class=\"auto-hide-last-sibling-br paragraph_1252f paragraph-element\"><strong>Till\u00e4mpningar av RFID-tv\u00e4ttknapp<\/strong><\/div>\n<ol class=\"auto-hide-last-sibling-br\">\n<li>\n<div class=\"auto-hide-last-sibling-br paragraph_1252f paragraph-element\">Industriella tv\u00e4tterier: I industrisektorn blir det en enkel uppgift att sp\u00e5ra stora m\u00e4ngder linne med hj\u00e4lp av RFID-knappar f\u00f6r tv\u00e4ttetiketter.<\/div>\n<\/li>\n<li>\n<div class=\"auto-hide-last-sibling-br paragraph_1252f paragraph-element\">Sjukhus och hotell: Dessa anl\u00e4ggningar sysslar ofta med tv\u00e4ttverksamhet med stora volymer d\u00e4r dessa taggar har visat sig vara avg\u00f6rande f\u00f6r att f\u00f6rb\u00e4ttra effektiviteten och lagerhanteringen.<\/div>\n<\/li>\n<li>\n<div class=\"auto-hide-last-sibling-br paragraph_1252f paragraph-element\">Uthyrning av linne: F\u00f6retag som tillhandah\u00e5ller linneuthyrning anv\u00e4nder dessa taggar f\u00f6r att f\u00f6renkla lagerhantering och uppr\u00e4tth\u00e5lla kvalitetskontroll.<\/div>\n<\/li>\n<\/ol>\n<div class=\"auto-hide-last-sibling-br paragraph_1252f paragraph-element\"><strong>Tillverkning av RFID tv\u00e4ttetikettknapp<\/strong><\/div>\n<div class=\"auto-hide-last-sibling-br paragraph_1252f paragraph-element\">Tillverkningsprocessen f\u00f6r RFID Laundry Tag Buttons inneb\u00e4r att ett RFID-chip b\u00e4ddas in i ett plast- eller hartsh\u00f6lje f\u00f6r att s\u00e4kerst\u00e4lla att det \u00e4r vattent\u00e4tt och t\u00e5l de tuffa f\u00f6rh\u00e5llandena i en tv\u00e4ttmilj\u00f6. Avancerad teknik anv\u00e4nds under produktionen f\u00f6r att s\u00e4kerst\u00e4lla att taggarna t\u00e5l h\u00f6ga temperaturer, tryck och exponering f\u00f6r kemikalier. Varje tagg \u00e4r programmerad med ett unikt identifikationsnummer f\u00f6r sp\u00e5rnings\u00e4ndam\u00e5l under dess livstid.<\/div>\n<\/div>\n<\/div>\n<\/div>\n<\/div>\n<\/div>","protected":false},"excerpt":{"rendered":"<div class=\"auto-hide-last-sibling-br paragraph_1252f paragraph-element\">RFID Laundry Button, eller mer allm\u00e4nt k\u00e4nd som PPS RFID Laundry Tag, \u00e4r speciellt utformad f\u00f6r att tillgodose applikationer som kr\u00e4ver en h\u00e5llbar tagg som kan motst\u00e5 sv\u00e5ra arbetsf\u00f6rh\u00e5llanden.<\/div>\n<div class=\"auto-hide-last-sibling-br paragraph_1252f paragraph-element\">F\u00f6r n\u00e4rvarande lutar det mesta av marknaden mot anv\u00e4ndningen av UHF-tv\u00e4tttranspondrar. Men vissa scenarier kr\u00e4ver ocks\u00e5 anv\u00e4ndningen av NFC-tv\u00e4ttetiketter som st\u00f6der mobilapplikationer. Knappen RFID tv\u00e4tttranspondrar tillgodoser dessa behov effektivt.<\/div>\n<div class=\"auto-hide-last-sibling-br paragraph_1252f paragraph-element\">Deras m\u00e5ngsidighet och robusta prestanda g\u00f6r dem mycket anv\u00e4ndbara f\u00f6r att identifiera och sp\u00e5ra industriell tv\u00e4tt och textilier inom olika sektorer. Dessa mycket h\u00e5llbara taggar \u00e4r s\u00e4rskilt vanliga p\u00e5 hotell, sjukhus och f\u00f6retag som tillhandah\u00e5ller linneuthyrning och \u00e4r avg\u00f6rande f\u00f6r att f\u00f6rb\u00e4ttra den operativa effektiviteten och den totala produktiviteten.<\/div>","protected":false},"featured_media":63,"template":"","meta":{"_kad_post_transparent":"default","_kad_post_title":"","_kad_post_layout":"default","_kad_post_sidebar_id":"","_kad_post_content_style":"default","_kad_post_vertical_padding":"default","_kad_post_feature":"","_kad_post_feature_position":"","_kad_post_header":false,"_kad_post_footer":false,"_kad_post_classname":""},"product_brand":[],"product_cat":[21],"product_tag":[35,34,33],"class_list":{"0":"post-62","1":"product","2":"type-product","3":"status-publish","4":"has-post-thumbnail","6":"product_cat-pps-rfid-laundry-tag","7":"product_tag-rfid-button","8":"product_tag-rfid-laundry-button","9":"product_tag-rfid-laundry-tag-button","11":"first","12":"instock","13":"shipping-taxable","14":"product-type-simple","15":"entry","16":"content-bg","17":"loop-entry"},"_links":{"self":[{"href":"https:\/\/rfid-laundry-tag.com\/sv\/wp-json\/wp\/v2\/product\/62","targetHints":{"allow":["GET"]}}],"collection":[{"href":"https:\/\/rfid-laundry-tag.com\/sv\/wp-json\/wp\/v2\/product"}],"about":[{"href":"https:\/\/rfid-laundry-tag.com\/sv\/wp-json\/wp\/v2\/types\/product"}],"version-history":[{"count":0,"href":"https:\/\/rfid-laundry-tag.com\/sv\/wp-json\/wp\/v2\/product\/62\/revisions"}],"wp:featuredmedia":[{"embeddable":true,"href":"https:\/\/rfid-laundry-tag.com\/sv\/wp-json\/wp\/v2\/media\/63"}],"wp:attachment":[{"href":"https:\/\/rfid-laundry-tag.com\/sv\/wp-json\/wp\/v2\/media?parent=62"}],"wp:term":[{"taxonomy":"product_brand","embeddable":true,"href":"https:\/\/rfid-laundry-tag.com\/sv\/wp-json\/wp\/v2\/product_brand?post=62"},{"taxonomy":"product_cat","embeddable":true,"href":"https:\/\/rfid-laundry-tag.com\/sv\/wp-json\/wp\/v2\/product_cat?post=62"},{"taxonomy":"product_tag","embeddable":true,"href":"https:\/\/rfid-laundry-tag.com\/sv\/wp-json\/wp\/v2\/product_tag?post=62"}],"curies":[{"name":"wp","href":"https:\/\/api.w.org\/{rel}","templated":true}]}}