{"id":59,"date":"2024-06-10T15:13:24","date_gmt":"2024-06-10T15:13:24","guid":{"rendered":"https:\/\/rfid-laundry-tag.com\/?post_type=product&#038;p=59"},"modified":"2024-09-08T05:25:57","modified_gmt":"2024-09-08T05:25:57","slug":"uhf-laundry-tag-nxp-u-code-9-chip","status":"publish","type":"product","link":"https:\/\/rfid-laundry-tag.com\/sv\/uhf-laundry-tag-nxp-u-code-9-chip\/","title":{"rendered":"UHF tv\u00e4ttetikett | NXP U CODE 9 Chip"},"content":{"rendered":"<div class=\"auto-hide-last-sibling-br paragraph_1252f paragraph-element\">\n<div data-spm-anchor-id=\"a2700.details.0.i57.23b419c7xXORP0\">\n<div class=\"auto-hide-last-sibling-br paragraph_1252f paragraph-element\"><strong>Nyckelfunktioner hos v\u00e5ra UHF-tv\u00e4ttetiketter:<\/strong><\/div>\n<p>&nbsp;<\/p>\n<div class=\"auto-hide-last-sibling-br paragraph_1252f paragraph-element\">-Effektivitet: Taggarna levererar en exemplarisk prestanda och skapar den perfekta balansen mellan valuta f\u00f6r pengarna och effektivitet.<\/div>\n<p>&nbsp;<\/p>\n<div class=\"auto-hide-last-sibling-br paragraph_1252f paragraph-element\">-Tillf\u00f6rlitlighet: Konsistensen i prestanda st\u00e5r fast \u00e4ven efter hundratals tv\u00e4ttcykler.<\/div>\n<p>&nbsp;<\/p>\n<div class=\"auto-hide-last-sibling-br paragraph_1252f paragraph-element\">-Flexibilitet: Dessa taggar \u00e4r flexibla, tunna och mjuka, vilket g\u00f6r dem l\u00e4tta att sy, packa eller v\u00e4rmef\u00f6rsegla p\u00e5 textilf\u00f6rem\u00e5l.<\/div>\n<p>&nbsp;<\/p>\n<div class=\"auto-hide-last-sibling-br paragraph_1252f paragraph-element\">-Skalbar produktion: Vi s\u00e4kerst\u00e4ller ett kraftfullt produktionsutbyte p\u00e5 upp till 4 miljoner taggar per m\u00e5nad, och passerar alla genom rigor\u00f6s inspektion innan den slutliga leveransen.<\/div>\n<p>&nbsp;<\/p>\n<div class=\"auto-hide-last-sibling-br paragraph_1252f paragraph-element\">- H\u00e5llbarhet: V\u00e5ra taggar kommer med en garanti som lovar h\u00e5llbarhet genom 200 industriella tv\u00e4ttcykler.<\/div>\n<p>&nbsp;<\/p>\n<div class=\"auto-hide-last-sibling-br paragraph_1252f paragraph-element\">I grund och botten presenterar v\u00e5ra UHF-tv\u00e4ttetiketter en oslagbar kombination av h\u00e5llbarhet, kostnadseffektivitet och p\u00e5litlig prestanda, vilket g\u00f6r dem till ett idealiskt val f\u00f6r alla dina textilm\u00e4rkningsbehov.<\/div>\n<div><\/div>\n<\/div>\n<\/div>\n<div>\n<table style=\"border-collapse: collapse; width: 618px; height: 1159px;\" border=\"0\" width=\"634\" cellspacing=\"0\" cellpadding=\"0\">\n<tbody>\n<tr style=\"height: 39.00pt;\">\n<td class=\"et2\" style=\"height: 39.00pt; width: 380.40pt; border-right: .5pt solid #000000;\" colspan=\"3\" width=\"634\" height=\"65\">Specifikationer<\/td>\n<\/tr>\n<tr style=\"height: 27.60pt;\">\n<td class=\"et5\" style=\"height: 27.60pt; width: 106.20pt;\" width=\"177\" height=\"46\">Efterlevnad<\/td>\n<td class=\"et5\" style=\"width: 274.20pt;\" colspan=\"2\" width=\"457\">EPC Class1 Gen2, ISO18000-6C<\/td>\n<\/tr>\n<tr style=\"height: 41.40pt;\">\n<td class=\"et5\" style=\"height: 41.40pt; width: 106.20pt;\" width=\"177\" height=\"69\">Frekvens<\/td>\n<td class=\"et5\" style=\"width: 274.20pt;\" colspan=\"2\" width=\"457\">860~928 MHz, FCC, ETIS eller anpassade<\/td>\n<\/tr>\n<tr style=\"height: 41.40pt;\">\n<td class=\"et5\" style=\"height: 41.40pt; width: 106.20pt;\" width=\"177\" height=\"69\">Typ<\/td>\n<td class=\"et6\" style=\"width: 274.20pt; border-right: .5pt solid #000000;\" colspan=\"2\" width=\"457\">S\u00f6mnadstyp ,Uppv\u00e4rmningstyp ,H\u00e4ngtyp<\/td>\n<\/tr>\n<tr style=\"height: 27.60pt;\">\n<td class=\"et5\" style=\"height: 27.60pt; width: 106.20pt;\" width=\"177\" height=\"46\">Mikrochip<\/td>\n<td class=\"et5\" style=\"width: 274.20pt;\" colspan=\"2\" width=\"457\">NXP UCODE 8, UCOCE 9<\/td>\n<\/tr>\n<tr style=\"height: 41.40pt;\">\n<td class=\"et5\" style=\"height: 55.80pt; width: 106.20pt;\" rowspan=\"2\" width=\"177\" height=\"93\">Minne<\/td>\n<td class=\"et5\" style=\"width: 274.20pt;\" colspan=\"2\" width=\"457\">UCODE 8: EPC 96\/128 bitar, anv\u00e4ndare 0\/32 bitar, \u00e5tkomst<\/td>\n<\/tr>\n<tr style=\"height: 14.40pt;\">\n<td class=\"et5\" style=\"width: 274.20pt;\" colspan=\"2\" width=\"457\">UCODE 9: EPC 96bitar, Anv\u00e4ndare 0bitar, \u00e5tkomstl\u00f6senord 0bitars l\u00f6senord 32bitar<\/td>\n<\/tr>\n<tr style=\"height: 27.60pt;\">\n<td class=\"et5\" style=\"height: 27.60pt; width: 106.20pt;\" width=\"177\" height=\"46\">Storlek<\/td>\n<td class=\"et5\" style=\"width: 75.60pt;\" width=\"126\">55x12x1,6mm<\/td>\n<td class=\"et5\" style=\"width: 198.60pt;\" width=\"331\">70x15x1,6mm<\/td>\n<\/tr>\n<tr style=\"height: 27.60pt;\">\n<td class=\"et5\" style=\"height: 27.60pt; width: 106.20pt;\" width=\"177\" height=\"46\">L\u00e4s Range<\/td>\n<td class=\"et5\" style=\"width: 75.60pt;\" width=\"126\">Upp till 5m<\/td>\n<td class=\"et5\" style=\"width: 198.60pt;\" width=\"331\">Upp till 7m<\/td>\n<\/tr>\n<tr style=\"height: 27.60pt;\">\n<td class=\"et5\" style=\"height: 27.60pt; width: 106.20pt;\" width=\"177\" height=\"46\">Datalagring<\/td>\n<td class=\"et5\" style=\"width: 274.20pt;\" colspan=\"2\" width=\"457\">50 \u00e5r<\/td>\n<\/tr>\n<tr style=\"height: 27.60pt;\">\n<td class=\"et5\" style=\"height: 27.60pt; width: 106.20pt;\" width=\"177\" height=\"46\">Livstid<\/td>\n<td class=\"et5\" style=\"width: 274.20pt;\" colspan=\"2\" width=\"457\">200 tv\u00e4ttcykler eller 2 \u00e5r<\/td>\n<\/tr>\n<tr style=\"height: 41.40pt;\">\n<td class=\"et5\" style=\"height: 41.40pt; width: 106.20pt;\" width=\"177\" height=\"69\">Material<\/td>\n<td class=\"et5\" style=\"width: 274.20pt;\" colspan=\"2\" width=\"457\">Bomull 65% \/ Polyester 30% Blandat tyg<\/td>\n<\/tr>\n<tr style=\"height: 27.60pt;\">\n<td class=\"et5\" style=\"height: 27.60pt; width: 106.20pt;\" width=\"177\" height=\"46\">Produktens vikt<\/td>\n<td class=\"et5\" style=\"width: 274.20pt;\" colspan=\"2\" width=\"457\">Cirka 0,4~0,5g<\/td>\n<\/tr>\n<tr style=\"height: 27.60pt;\">\n<td class=\"et5\" style=\"height: 27.60pt; width: 106.20pt;\" width=\"177\" height=\"46\">Leveransformat<\/td>\n<td class=\"et5\" style=\"width: 274.20pt;\" colspan=\"2\" width=\"457\">100-300 stycken separat<\/td>\n<\/tr>\n<tr style=\"height: 27.60pt;\">\n<td class=\"et5\" style=\"height: 27.60pt; width: 106.20pt;\" width=\"177\" height=\"46\">Paket<\/td>\n<td class=\"et5\" style=\"width: 274.20pt;\" colspan=\"2\" width=\"457\">Antistatisk f\u00f6rpackning\/kartong<\/td>\n<\/tr>\n<tr style=\"height: 14.40pt;\">\n<td class=\"et5\" style=\"height: 14.40pt; width: 106.20pt;\" width=\"177\" height=\"24\">F\u00e4rg<\/td>\n<td class=\"et5\" style=\"width: 274.20pt;\" colspan=\"2\" width=\"457\">Vit<\/td>\n<\/tr>\n<tr style=\"height: 14.40pt;\">\n<td class=\"et8\" style=\"height: 14.40pt; width: 380.40pt;\" colspan=\"3\" width=\"634\" height=\"24\">Elektronisk prestanda<\/td>\n<\/tr>\n<tr style=\"height: 41.40pt;\">\n<td class=\"et5\" style=\"height: 220.80pt; width: 106.20pt;\" rowspan=\"5\" width=\"177\" height=\"368\">Tv\u00e4ttcykelprestanda<\/td>\n<td class=\"et5\" style=\"width: 274.20pt;\" colspan=\"2\" width=\"457\">Tv\u00e4tt: +90\u00b0C (194\u00b0F) \/ 60 minuter<\/td>\n<\/tr>\n<tr style=\"height: 55.20pt;\">\n<td class=\"et5\" style=\"width: 274.20pt;\" colspan=\"2\" width=\"457\">Torkning: +180\u00b0C (356\u00b0F) \/ 3 minuter (uttorkningspress: 35 bar)<\/td>\n<\/tr>\n<tr style=\"height: 41.40pt;\">\n<td class=\"et5\" style=\"width: 274.20pt;\" colspan=\"2\" width=\"457\">Strykj\u00e4rn: 195\u00b0C (383\u00b0F) \/ 30 sekunder &lt; 18 bar<\/td>\n<\/tr>\n<tr style=\"height: 27.60pt;\">\n<td class=\"et5\" style=\"width: 274.20pt;\" colspan=\"2\" width=\"457\">Vattenextraktionspress: 60 bar<\/td>\n<\/tr>\n<tr style=\"height: 55.20pt;\">\n<td class=\"et5\" style=\"width: 274.20pt;\" colspan=\"2\" width=\"457\">Steriliseringsprocess: +134\u00b0C (273\u00b0F) \/ 20 minuter<\/td>\n<\/tr>\n<tr style=\"height: 69.00pt;\">\n<td class=\"et5\" style=\"height: 69.00pt; width: 106.20pt;\" width=\"177\" height=\"115\">Livstid<\/td>\n<td class=\"et5\" style=\"width: 274.20pt;\" colspan=\"2\" width=\"457\">200 g\u00e5nger industritv\u00e4tt med vattenextraktionspresstorkning<\/td>\n<\/tr>\n<tr style=\"height: 41.40pt;\">\n<td class=\"et5\" style=\"height: 41.40pt; width: 106.20pt;\" width=\"177\" height=\"69\">Kemikaliebest\u00e4ndig<\/td>\n<td class=\"et5\" style=\"width: 274.20pt;\" colspan=\"2\" width=\"457\">100%-s\u00e4ker f\u00f6r normala tv\u00e4ttl\u00f6sningar.<\/td>\n<\/tr>\n<\/tbody>\n<\/table>\n<\/div>\n<h3 class=\"wp-block-heading\">Installation<\/h3>\n<p><strong>Stitch Tagging<\/strong>: Ska sys i f\u00e5llen p\u00e5 en textil. Sy bort tv\u00e4ttlappen fr\u00e5n viklinjerna.<br \/>\n<strong>V\u00e4rmef\u00f6rsegling<\/strong>: F\u00f6r att v\u00e4rmef\u00f6rseglas direkt p\u00e5 textilen vid +200\u00b0C (392\u00b0F), i 12~14s.<br \/>\n<strong>I p\u00e5se<\/strong>: Ska sys som en vanlig sk\u00f6tseletikett. Sy bort tv\u00e4ttlappen fr\u00e5n viklinjerna.<\/p>\n<div class=\"auto-hide-last-sibling-br paragraph_1252f paragraph-element\">Tv\u00e4ttbara RFID-tv\u00e4ttetiketter \u00e4r en integrerad del av ett antal industrier och ger effektiv tillg\u00e5ngssp\u00e5rning, lagerhantering och f\u00f6rb\u00e4ttrar den totala operativa produktiviteten. H\u00e4r \u00e4r n\u00e5gra av dess till\u00e4mpningar inom olika sektorer:<\/div>\n<ol class=\"auto-hide-last-sibling-br\">\n<li>\n<div class=\"auto-hide-last-sibling-br paragraph_1252f paragraph-element\"><strong>Sjukv\u00e5rd<\/strong>: Sjukhus och andra medicinska anl\u00e4ggningar anv\u00e4nder RFID-linneetiketter f\u00f6r att hantera enorma lager av lakan, handdukar, skrubbar, uniformer och kirurgiska s\u00e4ngkl\u00e4der. Detta hj\u00e4lper till att minska f\u00f6rluster, hantera tv\u00e4ttcykler och s\u00e4kerst\u00e4lla att rena, fr\u00e4scha s\u00e4ngkl\u00e4der alltid finns tillg\u00e4ngliga vid behov.<\/div>\n<\/li>\n<li>\n<div class=\"auto-hide-last-sibling-br paragraph_1252f paragraph-element\"><strong>Hotell<\/strong>: Att hantera s\u00e4ngkl\u00e4der \u00e4r en enorm uppgift inom hotellbranschen, d\u00e4r tusentals f\u00f6rem\u00e5l, fr\u00e5n s\u00e4ngkl\u00e4der till handdukar till gardiner och dr\u00e4kter, \u00e4r i omlopp. RFID linneetiketter f\u00f6renklar sp\u00e5rning, s\u00e4kerst\u00e4ller snabb reng\u00f6ring och utbyte och hj\u00e4lper till att uppt\u00e4cka och f\u00f6rhindra st\u00f6ld.<\/div>\n<\/li>\n<li>\n<div class=\"auto-hide-last-sibling-br paragraph_1252f paragraph-element\"><strong>Restauranger<\/strong>: I livsmedelsbranschen kan RFID-taggar \u00f6vervaka anv\u00e4ndning och reng\u00f6ring av uniformer, dukar, servetter och kockf\u00f6rkl\u00e4den. Detta kan f\u00f6rb\u00e4ttra renhetsstandarden och hj\u00e4lpa till att bibeh\u00e5lla ett polerat, professionellt utseende.<\/div>\n<\/li>\n<li>\n<div class=\"auto-hide-last-sibling-br paragraph_1252f paragraph-element\"><strong>Modekl\u00e4derindustrier<\/strong>: RFID-taggar spelar en stor roll f\u00f6r att sp\u00e5ra artiklar genom hela leveranskedjan, fr\u00e5n produktion till detaljhandel. De kan ge v\u00e4rdefull information som ursprung, resehistorik och till och med detaljer om tyget och sk\u00f6tselanvisningar.<\/div>\n<\/li>\n<li>\n<div class=\"auto-hide-last-sibling-br paragraph_1252f paragraph-element\"><strong>Arbetskl\u00e4der\/brandskyddskl\u00e4der<\/strong>: F\u00f6retag kan anv\u00e4nda RFID-taggar f\u00f6r att sp\u00e5ra och hantera specialkl\u00e4der. Detta kan innefatta att se till att brandskyddskl\u00e4der eller andra skyddskl\u00e4der inspekteras regelbundet, reng\u00f6rs ordentligt och byts ut vid behov.<\/div>\n<\/li>\n<li>\n<div class=\"auto-hide-last-sibling-br paragraph_1252f paragraph-element\"><strong>Skor och masker<\/strong>: S\u00e4rskilt viktigt i branscher som sjukv\u00e5rd och konstruktion d\u00e4r s\u00e4kerheten \u00e4r avg\u00f6rande, sp\u00e5rning av anv\u00e4ndning, reng\u00f6ring och underh\u00e5ll av f\u00f6rem\u00e5l som masker och skyddsskor kan f\u00f6renklas med anv\u00e4ndning av RFID-taggar.<\/div>\n<\/li>\n<li>\n<div class=\"auto-hide-last-sibling-br paragraph_1252f paragraph-element\"><strong>Mattor och moppar<\/strong>: F\u00f6r f\u00f6retag som tillhandah\u00e5ller st\u00e4dtj\u00e4nster eller hanterar stora anl\u00e4ggningar kan RFID-taggar p\u00e5 mattor och moppar hj\u00e4lpa till att sp\u00e5ra anv\u00e4ndning och underh\u00e5ll, vilket s\u00e4kerst\u00e4ller rena och effektiva verktyg hela tiden.<\/div>\n<\/li>\n<\/ol>","protected":false},"excerpt":{"rendered":"<p>UHF-tv\u00e4ttetiketter visar en exceptionell f\u00f6rm\u00e5ga att fungera konsekvent trots exponering f\u00f6r rigor\u00f6sa tv\u00e4ttprocesser, som inkluderar sterilisering, uppv\u00e4rmd tv\u00e4tt, reng\u00f6ring, torkning och strykning. De \u00e4r byggda f\u00f6r att klara hundratals tv\u00e4ttcykler och \u00e4nd\u00e5 bibeh\u00e5lla RFID-prestanda p\u00e5 h\u00f6g niv\u00e5. Denna konsistens \u00e4ven efter m\u00e5nga tv\u00e4ttar s\u00e4kerst\u00e4ller effektiv sp\u00e5rning och lagerhantering under hela livsl\u00e4ngden f\u00f6r linne, kl\u00e4der och andra textilartiklar.<\/p>","protected":false},"featured_media":61,"template":"","meta":{"_kad_post_transparent":"default","_kad_post_title":"","_kad_post_layout":"default","_kad_post_sidebar_id":"","_kad_post_content_style":"default","_kad_post_vertical_padding":"default","_kad_post_feature":"","_kad_post_feature_position":"","_kad_post_header":false,"_kad_post_footer":false,"_kad_post_classname":""},"product_brand":[],"product_cat":[19,16],"product_tag":[25,32,28],"class_list":{"0":"post-59","1":"product","2":"type-product","3":"status-publish","4":"has-post-thumbnail","6":"product_cat-textile-rfid-laundry-tag","7":"product_cat-uhf-rfid-laundry-tags","8":"product_tag-rfid-laundrytags","9":"product_tag-uhf-laundry-tag","10":"product_tag-washable-rfid-tags","12":"first","13":"instock","14":"shipping-taxable","15":"product-type-simple","16":"entry","17":"content-bg","18":"loop-entry"},"_links":{"self":[{"href":"https:\/\/rfid-laundry-tag.com\/sv\/wp-json\/wp\/v2\/product\/59","targetHints":{"allow":["GET"]}}],"collection":[{"href":"https:\/\/rfid-laundry-tag.com\/sv\/wp-json\/wp\/v2\/product"}],"about":[{"href":"https:\/\/rfid-laundry-tag.com\/sv\/wp-json\/wp\/v2\/types\/product"}],"version-history":[{"count":1,"href":"https:\/\/rfid-laundry-tag.com\/sv\/wp-json\/wp\/v2\/product\/59\/revisions"}],"predecessor-version":[{"id":1946,"href":"https:\/\/rfid-laundry-tag.com\/sv\/wp-json\/wp\/v2\/product\/59\/revisions\/1946"}],"wp:featuredmedia":[{"embeddable":true,"href":"https:\/\/rfid-laundry-tag.com\/sv\/wp-json\/wp\/v2\/media\/61"}],"wp:attachment":[{"href":"https:\/\/rfid-laundry-tag.com\/sv\/wp-json\/wp\/v2\/media?parent=59"}],"wp:term":[{"taxonomy":"product_brand","embeddable":true,"href":"https:\/\/rfid-laundry-tag.com\/sv\/wp-json\/wp\/v2\/product_brand?post=59"},{"taxonomy":"product_cat","embeddable":true,"href":"https:\/\/rfid-laundry-tag.com\/sv\/wp-json\/wp\/v2\/product_cat?post=59"},{"taxonomy":"product_tag","embeddable":true,"href":"https:\/\/rfid-laundry-tag.com\/sv\/wp-json\/wp\/v2\/product_tag?post=59"}],"curies":[{"name":"wp","href":"https:\/\/api.w.org\/{rel}","templated":true}]}}