{"id":54,"date":"2024-06-10T14:55:28","date_gmt":"2024-06-10T14:55:28","guid":{"rendered":"https:\/\/rfid-laundry-tag.com\/?post_type=product&#038;p=54"},"modified":"2024-09-26T04:26:47","modified_gmt":"2024-09-26T04:26:47","slug":"rfid-tag-for-linen-laundry","status":"publish","type":"product","link":"https:\/\/rfid-laundry-tag.com\/sv\/rfid-tag-for-linen-laundry\/","title":{"rendered":"RFID-tagg f\u00f6r linnetv\u00e4tt"},"content":{"rendered":"<div>\n<div class=\"auto-hide-last-sibling-br paragraph_1252f paragraph-element\">\n<h1><strong>RFID-tagg f\u00f6r linnetv\u00e4tt<\/strong><\/h1>\n<p><strong>Fysisk:<\/strong><\/p>\n<p>Material: 100% polyester<\/p>\n<p>Storlek: 70 mm\u00d715 mm x1,5 mm<\/p>\n<p>Chip: NXP U CODE U8, U9 etc<\/p>\n<p>Etikettinstallationsmetod: Sytyp, Strykning<\/p>\n<p>Protokoll: ISO18ooo-6C<\/p>\n<p>Strykning: 15 sekunder, vid 210 \u2103<\/p>\n<p>Exponering: 2,5 bar<\/p>\n<p>Torkning: 15 minuter vid 180\u00b0C<\/p>\n<p>Tv\u00e4tt: 15 minuter i 90\u00b0C<\/p>\n<p>Tv\u00e4ttcykler: 200+cykler eller 3 \u00e5r<\/p>\n<p>Lagringsskick: -20-80 \u2103, 5-95%RH<\/p>\n<p>&nbsp;<\/p>\n<\/div>\n<div class=\"auto-hide-last-sibling-br paragraph_1252f paragraph-element\">Det som tydligt skiljer v\u00e5ra UHF RFID-tv\u00e4ttetiketter fr\u00e5n m\u00e4ngden andra linneetiketter p\u00e5 marknaden \u00e4r deras snygga, klara utseende. De \u00e4r imponerande smala och har en om\u00e4rklig tjocklek p\u00e5 0,55 mm, vilket g\u00f6r dem till de tunnaste tillg\u00e4ngliga taggarna p\u00e5 marknaden. Sammanfattningsvis erbjuder v\u00e5ra taggar en progressiv UHF RFID-l\u00f6sning f\u00f6r kl\u00e4der, som presenterar en idealisk kombination av prisv\u00e4rdhet, robusthet och subtilitet.<\/div>\n<\/div>\n<div><\/div>\n<div class=\"auto-hide-last-sibling-br paragraph_1252f paragraph-element\">\n<div data-spm-anchor-id=\"a2700.details.0.i57.23b419c7xXORP0\"><span data-spm-anchor-id=\"a2700.details.0.i75.23b419c7xXORP0\"><b>S\u00e4rdrag:<\/b><br \/>\n1) UHF-teknik f\u00f6r att l\u00e4sa hundratals taggar samtidigt.<br \/>\n2) Mer \u00e4n 8 fot l\u00e4savst\u00e5nd.<br \/>\n3) Ny mekanisk design f\u00f6r f\u00f6rb\u00e4ttrad prestanda f\u00f6r platta s\u00e4ngkl\u00e4der.<br \/>\n4) L\u00e4mplig f\u00f6r h\u00f6gtrycksutsug upp till 60 bar.<br \/>\n5) L\u00e4mplig f\u00f6r autoklavsterilisering.<br \/>\n6) Litet, mjukt, flexibelt material idealiskt f\u00f6r textilier, linne, plagg och accessoarer.<\/span><\/div>\n<\/div>\n<div data-spm-anchor-id=\"a2700.details.0.i57.23b419c7xXORP0\"><\/div>\n<div data-spm-anchor-id=\"a2700.details.0.i57.23b419c7xXORP0\">\n<p><img fetchpriority=\"high\" decoding=\"async\" class=\"wp-image-55\" src=\"https:\/\/rfid-laundry-tag.com\/wp-content\/uploads\/2024\/06\/4-300x275.png\" alt=\"RFID Tag for linen laundry\" width=\"605\" height=\"555\" srcset=\"https:\/\/rfid-laundry-tag.com\/wp-content\/uploads\/2024\/06\/4-300x275.png 300w, https:\/\/rfid-laundry-tag.com\/wp-content\/uploads\/2024\/06\/4-600x550.png 600w, https:\/\/rfid-laundry-tag.com\/wp-content\/uploads\/2024\/06\/4-13x12.png 13w, https:\/\/rfid-laundry-tag.com\/wp-content\/uploads\/2024\/06\/4.png 750w\" sizes=\"(max-width: 605px) 100vw, 605px\" \/><\/p>\n<\/div>\n<h3 class=\"wp-block-heading\">Installation<\/h3>\n<p><strong>Stitch Tagging<\/strong>: Ska sys i f\u00e5llen p\u00e5 en textil. Sy bort tv\u00e4ttlappen fr\u00e5n viklinjerna.<br \/>\n<strong>V\u00e4rmef\u00f6rsegling<\/strong>: F\u00f6r att v\u00e4rmef\u00f6rseglas direkt p\u00e5 textilen vid +200\u00b0C (392\u00b0F), i 12~14s.<br \/>\n<strong>I p\u00e5se<\/strong>: Ska sys som en vanlig sk\u00f6tseletikett. Sy bort tv\u00e4ttlappen fr\u00e5n viklinjerna.<\/p>\n<h3>F\u00f6rdelar med att anv\u00e4nda RFID-taggar i tv\u00e4tthantering<\/h3>\n<p>Att inf\u00f6rliva RFID-taggar i din tv\u00e4ttverksamhet leder till st\u00f6rre effektivitet. Den automatiska sp\u00e5rningen m\u00f6jligg\u00f6r lagerhantering i realtid, minimerar f\u00f6rluster och frig\u00f6r personaltid. Dessa\u00a0<strong>textila RFID-taggar<\/strong>\u00a0erbjuda f\u00f6retag och hush\u00e5ll m\u00f6jligheten att hantera och sp\u00e5ra s\u00e4ngkl\u00e4der, plagg och andra tv\u00e4ttartiklar med o\u00f6vertr\u00e4ffad noggrannhet, vilket f\u00f6rb\u00e4ttrar b\u00e5de servicekvalitet och kundn\u00f6jdhet.<\/p>\n<div class=\"auto-hide-last-sibling-br paragraph_1252f paragraph-element\">\n<div class=\"auto-hide-last-sibling-br paragraph_1252f paragraph-element\">RFID-taggar f\u00f6r linnetv\u00e4tt \u00e4r oumb\u00e4rliga inom en myriad av industrier, vilket \u00e4r avg\u00f6rande f\u00f6r effektiv tillg\u00e5ngssp\u00e5rning, lagerhantering och \u00f6kar den totala operativa effektiviteten. H\u00e4r \u00e4r en glimt av deras till\u00e4mpning inom olika sektorer:<\/div>\n<ul class=\"auto-hide-last-sibling-br\">\n<li>\n<div class=\"auto-hide-last-sibling-br paragraph_1252f paragraph-element\">Sjukv\u00e5rd: Sjukhus och andra medicinska anl\u00e4ggningar anv\u00e4nder RFID-linneetiketter f\u00f6r att hantera stora lager av s\u00e4ngkl\u00e4der, handdukar, skrubbar, uniformer och kirurgiska s\u00e4ngkl\u00e4der. Detta hj\u00e4lper till att minimera f\u00f6rluster, hantera tv\u00e4ttcykler och s\u00e4kerst\u00e4lla att rena, fr\u00e4scha s\u00e4ngkl\u00e4der st\u00e4ndigt finns tillg\u00e4ngliga enligt kraven.<\/div>\n<\/li>\n<li>\n<div class=\"auto-hide-last-sibling-br paragraph_1252f paragraph-element\">Hotell: Inom hotellbranschen \u00e4r hantering av s\u00e4ngkl\u00e4der en kolossal uppgift, med tusentals f\u00f6rem\u00e5l som s\u00e4ngkl\u00e4der, handdukar, gardiner och dr\u00e4kter i omlopp. RFID linnetaggar hj\u00e4lper till att effektivisera denna uppgift, s\u00e4kerst\u00e4lla snabb reng\u00f6ring och utbyte, och hj\u00e4lper till att uppt\u00e4cka och f\u00f6rebygga st\u00f6ld.<\/div>\n<\/li>\n<li>\n<div class=\"auto-hide-last-sibling-br paragraph_1252f paragraph-element\">Restauranger: Inom livsmedelsbranschen hj\u00e4lper RFID-taggar att \u00f6vervaka anv\u00e4ndningen och st\u00e4dningen av uniformer, dukar, servetter och kockf\u00f6rkl\u00e4den. Detta kan eskalera renlighetsstandarder och hj\u00e4lpa till att uppr\u00e4tth\u00e5lla ett snyggt, professionellt utseende.<\/div>\n<\/li>\n<li>\n<div class=\"auto-hide-last-sibling-br paragraph_1252f paragraph-element\">Modekl\u00e4dsindustrier: I modebrallret spelar RFID-taggar en betydande roll f\u00f6r att sp\u00e5ra f\u00f6rem\u00e5l \u00f6ver hela leveranskedjan fr\u00e5n produktion till detaljhandelsvisning. De kan erbjuda v\u00e4rdefull information som ursprung, resehistorik och till och med intrikata detaljer om tyget och sk\u00f6tselanvisningar.<\/div>\n<\/li>\n<li>\n<div class=\"auto-hide-last-sibling-br paragraph_1252f paragraph-element\">Arbetskl\u00e4der\/brandskyddskl\u00e4der: RFID-taggar anv\u00e4nds av f\u00f6retag f\u00f6r att sp\u00e5ra och hantera specialkl\u00e4der. Detta inkluderar att se till att brandskyddskl\u00e4der eller andra skyddskl\u00e4der regelbundet kontrolleras, reng\u00f6rs p\u00e5 l\u00e4mpligt s\u00e4tt och byts ut vid behov.<\/div>\n<\/li>\n<li>\n<div class=\"auto-hide-last-sibling-br paragraph_1252f paragraph-element\">Skor och masker: Av stor betydelse i branscher som sjukv\u00e5rd och byggnation d\u00e4r s\u00e4kerheten inte kan \u00e4ventyras, sp\u00e5rning av anv\u00e4ndning, renlighet och underh\u00e5ll av f\u00f6rem\u00e5l som masker och skyddsskor f\u00f6renklas med anv\u00e4ndningen av RFID-taggar.<\/div>\n<\/li>\n<li>\n<div class=\"auto-hide-last-sibling-br paragraph_1252f paragraph-element\">Mattor och moppar: F\u00f6retag som tillhandah\u00e5ller st\u00e4dtj\u00e4nster eller hanterar stora anl\u00e4ggningar kan dra nytta av RFID-taggar p\u00e5 mattor och moppar. De kommer att kunna sp\u00e5ra anv\u00e4ndning och underh\u00e5ll, vilket s\u00e4kerst\u00e4ller rena och effektiva verktyg hela tiden.<\/div>\n<\/li>\n<\/ul>\n<h3>Milj\u00f6v\u00e4nlig shopping<\/h3>\n<p>V\u00e5ra RFID-taggar \u00e4r designade med milj\u00f6v\u00e4nlighet i \u00e5tanke. Genom att minimera manuell hantering och minska felplacerade f\u00f6rem\u00e5l kan du hj\u00e4lpa till att minska koldioxidavtrycket i samband med tv\u00e4ttverksamhet. De\u00a0<strong>RFID tv\u00e4ttetiketter<\/strong>\u00a0kan \u00e5tervinnas i slutet av sin livscykel, vilket bidrar till h\u00e5llbara metoder.<\/p>\n<h3>Vad \u00e4r UHF RFID-teknik?<\/h3>\n<p>RFID (Radio Frequency Identification) \u00e4r en teknik som anv\u00e4nder elektromagnetiska f\u00e4lt f\u00f6r att automatiskt identifiera och sp\u00e5ra taggar f\u00e4sta p\u00e5 objekt. UHF RFID fungerar inom ultrah\u00f6gfrekvensomr\u00e5det, vilket m\u00f6jligg\u00f6r l\u00e4ngre l\u00e4savst\u00e5nd och snabbare identifiering, vilket g\u00f6r den idealisk f\u00f6r tv\u00e4ttapplikationer. UHF RFID-taggarna kan sys eller f\u00e4stas p\u00e5 plagg och linne, vilket m\u00f6jligg\u00f6r effektiv sp\u00e5rning under hela tv\u00e4ttprocessen.<\/p>\n<h3>Vanliga fr\u00e5gor (FAQs)<\/h3>\n<p><strong>F1: \u00c4r RFID-tv\u00e4ttetiketter kompatibla med alla tv\u00e4ttsystem?<\/strong><br \/>\n<strong>A1:<\/strong>\u00a0Ja, v\u00e5ra RFID-taggar \u00e4r designade f\u00f6r att fungera s\u00f6ml\u00f6st med vanliga RFID-l\u00e4sare som anv\u00e4nds i tv\u00e4ttanl\u00e4ggningar.<\/p>\n<p><strong>F2: Hur kan jag \u00e5tervinna anv\u00e4nda RFID-taggar?<\/strong><br \/>\n<strong>A2:<\/strong>\u00a0Efter deras livscykel kan du l\u00e4mna tillbaka taggarna till oss f\u00f6r \u00e5tervinning, eller kontrollera lokala anl\u00e4ggningar som hanterar elektroniskt avfall.<\/p>\n<p><strong>F3: Kan jag m\u00e4rka tv\u00e4ttartiklar f\u00f6r personligt bruk?<\/strong><br \/>\n<strong>A3:<\/strong>\u00a0Absolut! Dessa taggar kan ocks\u00e5 anv\u00e4ndas i hush\u00e5ll f\u00f6r att effektivt h\u00e5lla reda p\u00e5 familjens tv\u00e4tt.<\/p>\n<h3>Varf\u00f6r v\u00e4lja oss f\u00f6r dina RFID-l\u00f6sningar?<\/h3>\n<p>Med \u00e5r av expertis inom RFID-teknik tillhandah\u00e5ller vi h\u00f6gkvalitativa, h\u00e5llbara och innovativa l\u00f6sningar skr\u00e4ddarsydda f\u00f6r tv\u00e4ttbranschen. V\u00e5ra produkter \u00e4r designade f\u00f6r att m\u00f6ta olika operativa behov med bibeh\u00e5llen prisv\u00e4rdhet och milj\u00f6ansvar.<\/p>\n<p>Vi inbjuder dig att f\u00f6r\u00e4ndra din tv\u00e4ttverksamhet idag genom att investera i v\u00e5ra UHF RFID-tv\u00e4ttetiketter f\u00f6r s\u00e4ngkl\u00e4der. Med bevisade resultat f\u00f6r att f\u00f6rb\u00e4ttra effektiviteten, hantera textilier och s\u00e4kerst\u00e4lla ansvarsskyldighet \u00e4r dessa taggar inte bara en investering i teknik, utan en investering i sinnesfrid.<\/p>\n<h3>Slutsats<\/h3>\n<p>Genom att omfamna framtiden f\u00f6r tv\u00e4tthantering kommer att integrera UHF RFID-teknik i din verksamhet avsev\u00e4rt f\u00f6rb\u00e4ttra din effektivitet och tillf\u00f6rlitlighet. Missa inte chansen att h\u00f6ja din tv\u00e4ttbearbetningsf\u00f6rm\u00e5ga.<\/p>\n<\/div>","protected":false},"excerpt":{"rendered":"<div class=\"auto-hide-last-sibling-br paragraph_1252f paragraph-element\">F\u00f6rb\u00e4ttra tv\u00e4tteffektiviteten med v\u00e5ra h\u00e5llbara UHF RFID-taggar, designade f\u00f6r s\u00e4ngkl\u00e4der och plagg. Tv\u00e4ttbar, temperaturbest\u00e4ndig och idealisk f\u00f6r sp\u00e5rning!<\/div>\n<div><\/div>\n<div class=\"auto-hide-last-sibling-br paragraph_1252f paragraph-element\"><\/div>","protected":false},"featured_media":58,"template":"","meta":{"_kad_post_transparent":"default","_kad_post_title":"","_kad_post_layout":"default","_kad_post_sidebar_id":"","_kad_post_content_style":"default","_kad_post_vertical_padding":"default","_kad_post_feature":"","_kad_post_feature_position":"","_kad_post_header":false,"_kad_post_footer":false,"_kad_post_classname":""},"product_brand":[],"product_cat":[19],"product_tag":[25,285,30,28],"class_list":{"0":"post-54","1":"product","2":"type-product","3":"status-publish","4":"has-post-thumbnail","6":"product_cat-textile-rfid-laundry-tag","7":"product_tag-rfid-laundrytags","8":"product_tag-rfid-tag","9":"product_tag-uhf-rfid-laundry-tag","10":"product_tag-washable-rfid-tags","12":"first","13":"instock","14":"shipping-taxable","15":"product-type-simple","16":"entry","17":"content-bg","18":"loop-entry"},"_links":{"self":[{"href":"https:\/\/rfid-laundry-tag.com\/sv\/wp-json\/wp\/v2\/product\/54","targetHints":{"allow":["GET"]}}],"collection":[{"href":"https:\/\/rfid-laundry-tag.com\/sv\/wp-json\/wp\/v2\/product"}],"about":[{"href":"https:\/\/rfid-laundry-tag.com\/sv\/wp-json\/wp\/v2\/types\/product"}],"version-history":[{"count":3,"href":"https:\/\/rfid-laundry-tag.com\/sv\/wp-json\/wp\/v2\/product\/54\/revisions"}],"predecessor-version":[{"id":2684,"href":"https:\/\/rfid-laundry-tag.com\/sv\/wp-json\/wp\/v2\/product\/54\/revisions\/2684"}],"wp:featuredmedia":[{"embeddable":true,"href":"https:\/\/rfid-laundry-tag.com\/sv\/wp-json\/wp\/v2\/media\/58"}],"wp:attachment":[{"href":"https:\/\/rfid-laundry-tag.com\/sv\/wp-json\/wp\/v2\/media?parent=54"}],"wp:term":[{"taxonomy":"product_brand","embeddable":true,"href":"https:\/\/rfid-laundry-tag.com\/sv\/wp-json\/wp\/v2\/product_brand?post=54"},{"taxonomy":"product_cat","embeddable":true,"href":"https:\/\/rfid-laundry-tag.com\/sv\/wp-json\/wp\/v2\/product_cat?post=54"},{"taxonomy":"product_tag","embeddable":true,"href":"https:\/\/rfid-laundry-tag.com\/sv\/wp-json\/wp\/v2\/product_tag?post=54"}],"curies":[{"name":"wp","href":"https:\/\/api.w.org\/{rel}","templated":true}]}}