{"id":52,"date":"2024-06-09T15:52:43","date_gmt":"2024-06-09T15:52:43","guid":{"rendered":"https:\/\/rfid-laundry-tag.com\/?post_type=product&#038;p=52"},"modified":"2024-09-08T05:29:20","modified_gmt":"2024-09-08T05:29:20","slug":"uhf-rfid-laundry-tag","status":"publish","type":"product","link":"https:\/\/rfid-laundry-tag.com\/sv\/uhf-rfid-laundry-tag\/","title":{"rendered":"UHF RFID tv\u00e4ttetikett"},"content":{"rendered":"<div class=\"auto-hide-last-sibling-br paragraph_1252f paragraph-element\">\n<div>\n<div class=\"auto-hide-last-sibling-br paragraph_1252f paragraph-element\">\n<div class=\"auto-hide-last-sibling-br paragraph_1252f paragraph-element\">V\u00e5ra UHF RFID-tv\u00e4ttetiketter, under varum\u00e4rket Apparel Washable RFID Laundry Tags, erbjuder avsev\u00e4rd flexibilitet j\u00e4mf\u00f6rt med traditionella RFID-tv\u00e4ttetiketter. Dessa taggar \u00e4r m\u00e4sterligt konstruerade f\u00f6r att klara mer \u00e4n 50 hush\u00e5llstv\u00e4ttcykler, och upplever bara en liten 10%-15% minskning i RFID-prestanda. De fungerar som den perfekta, kostnadseffektiva l\u00f6sningen f\u00f6r uthyrnings- och detaljhandelsscenarier som involverar plagg, skor och s\u00e4ngkl\u00e4der.<\/div>\n<p>&nbsp;<\/p>\n<div class=\"auto-hide-last-sibling-br paragraph_1252f paragraph-element\">Noterbart \u00e4r att dessa taggar \u00e4r inb\u00e4ddade med en unik struktur och ett skyddat RFID-chip, vilket visar deras seghet genom att \u00f6verleva mer \u00e4n 50 hush\u00e5llstv\u00e4ttcykler. De \u00e4r designade f\u00f6r att diskret d\u00f6ljas i en s\u00f6m eller f\u00f6ras in i en sk\u00f6tseletikett, vilket g\u00f6r dem praktiskt taget osynliga.<\/div>\n<p>&nbsp;<\/p>\n<div class=\"auto-hide-last-sibling-br paragraph_1252f paragraph-element\">Det som skiljer v\u00e5ra UHF RFID-tv\u00e4ttetiketter fr\u00e5n olika andra tv\u00e4ttbara linneetiketter \u00e4r deras eleganta, transparenta design. Med bara 0,55 mm tjocklek \u00e4r de de tunnaste som finns p\u00e5 marknaden. Sammanfattningsvis ger v\u00e5ra taggar en avantgardistisk UHF RFID-l\u00f6sning f\u00f6r kl\u00e4der, som kombinerar kostnadseffektivitet, motst\u00e5ndskraft och diskreta i ett paket.<\/div>\n<\/div>\n<div><\/div>\n<\/div>\n<div data-spm-anchor-id=\"a2700.details.0.i57.23b419c7xXORP0\"><span data-spm-anchor-id=\"a2700.details.0.i75.23b419c7xXORP0\"><b>S\u00e4rdrag:<\/b><br \/>\n1) UHF-teknik f\u00f6r att l\u00e4sa hundratals taggar samtidigt.<br \/>\n2) Mer \u00e4n 8 fot l\u00e4savst\u00e5nd.<br \/>\n3) Ny mekanisk design f\u00f6r f\u00f6rb\u00e4ttrad prestanda f\u00f6r platta s\u00e4ngkl\u00e4der.<br \/>\n4) L\u00e4mplig f\u00f6r h\u00f6gtrycksutsug upp till 60 bar.<br \/>\n5) L\u00e4mplig f\u00f6r autoklavsterilisering.<br \/>\n6) Litet, mjukt, flexibelt material idealiskt f\u00f6r textilier, linne, plagg och accessoarer.<\/span><\/div>\n<\/div>\n<div data-spm-anchor-id=\"a2700.details.0.i57.23b419c7xXORP0\"><\/div>\n<div data-spm-anchor-id=\"a2700.details.0.i57.23b419c7xXORP0\">\n<div class=\"text-title\"><span data-spm-anchor-id=\"a2700.details.0.i77.23b419c7xXORP0\">Fysisk:<\/span><\/div>\n<div class=\"text-content\" data-spm-anchor-id=\"a2700.details.0.i54.23b419c7xXORP0\">\n<div>Storlek: 70 mm\u00d715 mm x1,5 mm<\/div>\n<div>Chip: UHF<\/div>\n<div>Etikettinstallationsmetod: s\u00f6mnad, strykning<\/div>\n<div>Protokoll: ISO18ooo-6C EPC C1G2<\/div>\n<div>Strykning: 15 sekunder, vid 210 \u2103<\/div>\n<div>Exponering: 2,5 bar<\/div>\n<div>Torkning: 15 minuter vid 180\u00b0C<\/div>\n<div><span data-spm-anchor-id=\"a2700.details.0.i78.23b419c7xXORP0\">Tv\u00e4tt: 15 minuter i 90\u00b0C<\/span><\/div>\n<div>Tv\u00e4ttcykler: 200+cykler eller 3 \u00e5r<br \/>\nLagringsskick: -20-80 \u2103, 5-95%RH<\/div>\n<\/div>\n<\/div>\n<h3 class=\"wp-block-heading\">Installation<\/h3>\n<p><strong>Stitch Tagging<\/strong>: Ska sys i f\u00e5llen p\u00e5 en textil. Sy bort tv\u00e4ttlappen fr\u00e5n viklinjerna.<br \/>\n<strong>V\u00e4rmef\u00f6rsegling<\/strong>: F\u00f6r att v\u00e4rmef\u00f6rseglas direkt p\u00e5 textilen vid +200\u00b0C (392\u00b0F), i 12~14s.<br \/>\n<strong>I p\u00e5se<\/strong>: Ska sys som en vanlig sk\u00f6tseletikett. Sy bort tv\u00e4ttlappen fr\u00e5n viklinjerna.<\/p>\n<div class=\"auto-hide-last-sibling-br paragraph_1252f paragraph-element\">Tv\u00e4ttbara RFID-tv\u00e4ttetiketter \u00e4r en integrerad del av ett antal industrier och ger effektiv tillg\u00e5ngssp\u00e5rning, lagerhantering och f\u00f6rb\u00e4ttrar den totala operativa produktiviteten. H\u00e4r \u00e4r n\u00e5gra av dess till\u00e4mpningar inom olika sektorer:<\/div>\n<ol class=\"auto-hide-last-sibling-br\">\n<li>\n<div class=\"auto-hide-last-sibling-br paragraph_1252f paragraph-element\"><strong>Sjukv\u00e5rd<\/strong>: Sjukhus och andra medicinska anl\u00e4ggningar anv\u00e4nder RFID-linneetiketter f\u00f6r att hantera enorma lager av lakan, handdukar, skrubbar, uniformer och kirurgiska s\u00e4ngkl\u00e4der. Detta hj\u00e4lper till att minska f\u00f6rluster, hantera tv\u00e4ttcykler och s\u00e4kerst\u00e4lla att rena, fr\u00e4scha s\u00e4ngkl\u00e4der alltid finns tillg\u00e4ngliga vid behov.<\/div>\n<\/li>\n<li>\n<div class=\"auto-hide-last-sibling-br paragraph_1252f paragraph-element\"><strong>Hotell<\/strong>: Att hantera s\u00e4ngkl\u00e4der \u00e4r en enorm uppgift inom hotellbranschen, d\u00e4r tusentals f\u00f6rem\u00e5l, fr\u00e5n s\u00e4ngkl\u00e4der till handdukar till gardiner och dr\u00e4kter, \u00e4r i omlopp. RFID linneetiketter f\u00f6renklar sp\u00e5rning, s\u00e4kerst\u00e4ller snabb reng\u00f6ring och utbyte och hj\u00e4lper till att uppt\u00e4cka och f\u00f6rhindra st\u00f6ld.<\/div>\n<\/li>\n<li>\n<div class=\"auto-hide-last-sibling-br paragraph_1252f paragraph-element\"><strong>Restauranger<\/strong>: I livsmedelsbranschen kan RFID-taggar \u00f6vervaka anv\u00e4ndning och reng\u00f6ring av uniformer, dukar, servetter och kockf\u00f6rkl\u00e4den. Detta kan f\u00f6rb\u00e4ttra renhetsstandarden och hj\u00e4lpa till att bibeh\u00e5lla ett polerat, professionellt utseende.<\/div>\n<\/li>\n<li>\n<div class=\"auto-hide-last-sibling-br paragraph_1252f paragraph-element\"><strong>Modekl\u00e4derindustrier<\/strong>: RFID-taggar spelar en stor roll f\u00f6r att sp\u00e5ra artiklar genom hela leveranskedjan, fr\u00e5n produktion till detaljhandel. De kan ge v\u00e4rdefull information som ursprung, resehistorik och till och med detaljer om tyget och sk\u00f6tselanvisningar.<\/div>\n<\/li>\n<li>\n<div class=\"auto-hide-last-sibling-br paragraph_1252f paragraph-element\"><strong>Arbetskl\u00e4der\/brandskyddskl\u00e4der<\/strong>: F\u00f6retag kan anv\u00e4nda RFID-taggar f\u00f6r att sp\u00e5ra och hantera specialkl\u00e4der. Detta kan innefatta att se till att brandskyddskl\u00e4der eller andra skyddskl\u00e4der inspekteras regelbundet, reng\u00f6rs ordentligt och byts ut vid behov.<\/div>\n<\/li>\n<li>\n<div class=\"auto-hide-last-sibling-br paragraph_1252f paragraph-element\"><strong>Skor och masker<\/strong>: S\u00e4rskilt viktigt i branscher som sjukv\u00e5rd och konstruktion d\u00e4r s\u00e4kerheten \u00e4r avg\u00f6rande, sp\u00e5rning av anv\u00e4ndning, reng\u00f6ring och underh\u00e5ll av f\u00f6rem\u00e5l som masker och skyddsskor kan f\u00f6renklas med anv\u00e4ndning av RFID-taggar.<\/div>\n<\/li>\n<li>\n<div class=\"auto-hide-last-sibling-br paragraph_1252f paragraph-element\"><strong>Mattor och moppar<\/strong>: F\u00f6r f\u00f6retag som tillhandah\u00e5ller st\u00e4dtj\u00e4nster eller hanterar stora anl\u00e4ggningar kan RFID-taggar p\u00e5 mattor och moppar hj\u00e4lpa till att sp\u00e5ra anv\u00e4ndning och underh\u00e5ll, vilket s\u00e4kerst\u00e4ller rena och effektiva verktyg hela tiden.<\/div>\n<\/li>\n<\/ol>","protected":false},"excerpt":{"rendered":"<div class=\"auto-hide-last-sibling-br paragraph_1252f paragraph-element\">V\u00e5ra UHF RFID-tv\u00e4ttetiketter, mer k\u00e4nda som RFID-linneetiketter, utm\u00e4rker sig f\u00f6r sin sammanslagning av smidighet och h\u00e5llbarhet. De \u00e4r gjorda med en robust gummiexteri\u00f6r, som f\u00f6rkroppsligar konceptet med \u00f6m styrka. Dessa plaggetiketter \u00e4r avsiktligt utformade f\u00f6r att vara b\u00e5de b\u00f6jliga och fj\u00e4drande, klara av upp till 200 tv\u00e4ttcykler och tryck upp till 60 bar utan skador.<\/div>\n<div class=\"auto-hide-last-sibling-br paragraph_1252f paragraph-element\">V\u00e5ra UHF RFID-tv\u00e4ttetiketter \u00e4r k\u00e4nda f\u00f6r sin extraordin\u00e4ra massavl\u00e4sningsf\u00f6rm\u00e5ga och kan effektivt detekteras p\u00e5 flera meters avst\u00e5nd. Anpassningsf\u00f6rm\u00e5ga \u00e4r nyckeln, med deras dimensioner som varierar fr\u00e5n 1,5 till 3 tum l\u00e5nga och fr\u00e5n en halv tum till 1 tum breda, bekv\u00e4mt skr\u00e4ddarsydda f\u00f6r olika behov.<\/div>\n<div class=\"auto-hide-last-sibling-br paragraph_1252f paragraph-element\">Dessa tv\u00e4ttbara RFID-taggar ser ofta anv\u00e4ndning inom h\u00e4lso- och sjukv\u00e5rdsv\u00e4rlden, vanligtvis f\u00e4sta p\u00e5 l\u00e4kares och sjuksk\u00f6terskors skrubbar. Ut\u00f6ver det anv\u00e4nds de f\u00f6r andra professionella kl\u00e4der, kostymer och till och med uthyrningsbara f\u00f6rem\u00e5l som mattor. Denna blandning av m\u00e5ngsidighet och h\u00e5llbar kvalitet g\u00f6r dem till ett v\u00e4rdefullt val i en m\u00e4ngd olika milj\u00f6er.<\/div>","protected":false},"featured_media":53,"template":"","meta":{"_kad_post_transparent":"default","_kad_post_title":"","_kad_post_layout":"default","_kad_post_sidebar_id":"","_kad_post_content_style":"default","_kad_post_vertical_padding":"default","_kad_post_feature":"","_kad_post_feature_position":"","_kad_post_header":false,"_kad_post_footer":false,"_kad_post_classname":""},"product_brand":[],"product_cat":[19,16],"product_tag":[25,30,29,28],"class_list":{"0":"post-52","1":"product","2":"type-product","3":"status-publish","4":"has-post-thumbnail","6":"product_cat-textile-rfid-laundry-tag","7":"product_cat-uhf-rfid-laundry-tags","8":"product_tag-rfid-laundrytags","9":"product_tag-uhf-rfid-laundry-tag","10":"product_tag-washable-rfid-laundry-tags","11":"product_tag-washable-rfid-tags","13":"first","14":"instock","15":"shipping-taxable","16":"product-type-simple","17":"entry","18":"content-bg","19":"loop-entry"},"_links":{"self":[{"href":"https:\/\/rfid-laundry-tag.com\/sv\/wp-json\/wp\/v2\/product\/52","targetHints":{"allow":["GET"]}}],"collection":[{"href":"https:\/\/rfid-laundry-tag.com\/sv\/wp-json\/wp\/v2\/product"}],"about":[{"href":"https:\/\/rfid-laundry-tag.com\/sv\/wp-json\/wp\/v2\/types\/product"}],"version-history":[{"count":1,"href":"https:\/\/rfid-laundry-tag.com\/sv\/wp-json\/wp\/v2\/product\/52\/revisions"}],"predecessor-version":[{"id":1951,"href":"https:\/\/rfid-laundry-tag.com\/sv\/wp-json\/wp\/v2\/product\/52\/revisions\/1951"}],"wp:featuredmedia":[{"embeddable":true,"href":"https:\/\/rfid-laundry-tag.com\/sv\/wp-json\/wp\/v2\/media\/53"}],"wp:attachment":[{"href":"https:\/\/rfid-laundry-tag.com\/sv\/wp-json\/wp\/v2\/media?parent=52"}],"wp:term":[{"taxonomy":"product_brand","embeddable":true,"href":"https:\/\/rfid-laundry-tag.com\/sv\/wp-json\/wp\/v2\/product_brand?post=52"},{"taxonomy":"product_cat","embeddable":true,"href":"https:\/\/rfid-laundry-tag.com\/sv\/wp-json\/wp\/v2\/product_cat?post=52"},{"taxonomy":"product_tag","embeddable":true,"href":"https:\/\/rfid-laundry-tag.com\/sv\/wp-json\/wp\/v2\/product_tag?post=52"}],"curies":[{"name":"wp","href":"https:\/\/api.w.org\/{rel}","templated":true}]}}