{"id":37,"date":"2024-06-03T15:44:26","date_gmt":"2024-06-03T15:44:26","guid":{"rendered":"https:\/\/rfid-laundry-tag.com\/?post_type=product&#038;p=37"},"modified":"2024-09-27T17:21:11","modified_gmt":"2024-09-27T17:21:11","slug":"laundry-rfid-linen-tags","status":"publish","type":"product","link":"https:\/\/rfid-laundry-tag.com\/sv\/laundry-rfid-linen-tags\/","title":{"rendered":"Tv\u00e4tt RFID Linne Tags"},"content":{"rendered":"<h2>Tv\u00e4tt RFID Linne Tags<\/h2>\n<p>RFID-tv\u00e4ttlapp tillverkad av textilmaterial med m\u00e5tten 70*15 mm och utrustad med ett NXP U CODE 9-chip \u00e4r ett str\u00f6mlinjeformat verktyg designat f\u00f6r effektiv sp\u00e5rning och hantering av textilier som s\u00e4ngkl\u00e4der, uniformer, handdukar och mer.<\/p>\n<div class=\"auto-hide-last-sibling-br paragraph_1252f paragraph-element\">Nyckelfunktioner:<\/div>\n<ol class=\"auto-hide-last-sibling-br\">\n<li>\n<div class=\"auto-hide-last-sibling-br paragraph_1252f paragraph-element\"><strong>Material &amp; Storlek<\/strong>: Denna RFID-tagg \u00e4r gjord av ett textilv\u00e4nligt material och m\u00e4ter 70 mm g\u00e5nger 15 mm, en storlek som \u00e4r idealisk f\u00f6r att diskret m\u00e4rka olika typer av tyger utan att p\u00e5verka deras estetiska eller taktila egenskaper.<\/div>\n<\/li>\n<li>\n<div class=\"auto-hide-last-sibling-br paragraph_1252f paragraph-element\"><strong>RFID-chip<\/strong>: Det inb\u00e4ddade NXP U CODE 9-chippet s\u00e4kerst\u00e4ller h\u00f6g prestanda och p\u00e5litlig funktionalitet. Detta mikrochip underl\u00e4ttar data\u00f6verf\u00f6ring p\u00e5 l\u00e5nga avst\u00e5nd och har en omfattande minneskapacitet f\u00f6r att lagra objektinformation.<\/div>\n<\/li>\n<li>\n<div class=\"auto-hide-last-sibling-br paragraph_1252f paragraph-element\"><strong>Varaktighet<\/strong>: Trots den mjuka och flexibla textilkonstruktionen \u00e4r denna RFID-tv\u00e4ttetikett designad f\u00f6r att t\u00e5la kraftiga tv\u00e4tt-, stryknings- och pressprocesser. Den t\u00e5l vatten, v\u00e4rme och tryck och bibeh\u00e5ller sin integritet och funktion trots upprepade industriella tv\u00e4ttcykler.<\/div>\n<\/li>\n<li>\n<div class=\"auto-hide-last-sibling-br paragraph_1252f paragraph-element\"><strong>Effektivitet<\/strong>: NXP U CODE 9-chipteknologin m\u00f6jligg\u00f6r snabb, exakt skanning av taggen \u00e4ven vid bulkl\u00e4sningsscenarier. Detta resulterar i snabb bearbetning, minskad drifttid och f\u00f6rb\u00e4ttrad produktivitet inom textilhantering.<\/div>\n<\/li>\n<li>\n<div class=\"auto-hide-last-sibling-br paragraph_1252f paragraph-element\"><strong>Ans\u00f6kan<\/strong>: I f\u00f6rsta hand sys dessa RFID-taggar eller v\u00e4rmef\u00f6rseglas i textilier innan de tas i bruk. N\u00e4r den v\u00e4l \u00e4r ansluten kan automatiserad lagerhantering, processkontroll och f\u00f6rlustf\u00f6rebyggande l\u00e4tt underl\u00e4ttas p\u00e5 grund av den tr\u00e5dl\u00f6sa sp\u00e5rningskapaciteten som dessa taggar tillhandah\u00e5ller.<\/div>\n<\/li>\n<\/ol>\n<div class=\"auto-hide-last-sibling-br paragraph_1252f paragraph-element\">Varf\u00f6r sp\u00e5rbarhet spelar en avg\u00f6rande roll i textilindustrin. H\u00e4r \u00e4r en sammanfattning av de viktigaste punkterna f\u00f6r betoning:<\/div>\n<div><\/div>\n<ol class=\"auto-hide-last-sibling-br\">\n<li>\n<div class=\"auto-hide-last-sibling-br paragraph_1252f paragraph-element\">Kvalitetskontroll: Genom att till\u00e5ta tillverkare att \u00f6vervaka kvaliteten p\u00e5 sina textilier p\u00e5 varje produktionsniv\u00e5, m\u00f6jligg\u00f6r sp\u00e5rbarhet tidig identifiering och korrigering av kvalitetsproblem.<\/div>\n<\/li>\n<li>\n<div class=\"auto-hide-last-sibling-br paragraph_1252f paragraph-element\">Produkts\u00e4kerhet: Sp\u00e5rbarhet s\u00e4kerst\u00e4ller textiliernas s\u00e4kerhet genom att g\u00f6ra det m\u00f6jligt f\u00f6r tillverkare att snabbt lokalisera och dra produkter fr\u00e5n hyllorna i h\u00e4ndelse av skadliga kemikalier eller defekter.<\/div>\n<\/li>\n<li>\n<div class=\"auto-hide-last-sibling-br paragraph_1252f paragraph-element\">Regelefterlevnad: Efterlevnad av strikta best\u00e4mmelser om textilier kan s\u00e4kerst\u00e4llas genom sp\u00e5rbarhet, detta hj\u00e4lper tillverkare att undvika juridiska konfrontationer och smutskasta deras rykte.<\/div>\n<\/li>\n<li>\n<div class=\"auto-hide-last-sibling-br paragraph_1252f paragraph-element\">Transparens i f\u00f6rs\u00f6rjningskedjan: Konsumenter kr\u00e4ver idag transparens om deras produkters ursprung, tillverkningsprocessen och om etiska och h\u00e5llbara metoder har uppr\u00e4tth\u00e5llits. Sp\u00e5rbarhet tillgodoser just denna efterfr\u00e5gan.<\/div>\n<\/li>\n<li>\n<div class=\"auto-hide-last-sibling-br paragraph_1252f paragraph-element\">H\u00e5llbarhet och milj\u00f6v\u00e4nlighet: Textilindustrin st\u00e5r inf\u00f6r ett stort tryck f\u00f6r att bli mer h\u00e5llbar och begr\u00e4nsa milj\u00f6skador. Sp\u00e5rbarhet hj\u00e4lper tillverkare att sp\u00e5ra materialens ursprung och bed\u00f6ma milj\u00f6p\u00e5verkan fr\u00e5n deras produktionsprocesser. Detta kan hj\u00e4lpa till att minimera avfall och inf\u00f6rliva gr\u00f6nare metoder.<\/div>\n<\/li>\n<li>\n<div class=\"auto-hide-last-sibling-br paragraph_1252f paragraph-element\">F\u00f6rebyggande av f\u00f6rfalskning: Sp\u00e5rbarhet \u00e4r avg\u00f6rande f\u00f6r att bekr\u00e4fta produktens \u00e4kthet och d\u00e4rigenom f\u00f6rhindra f\u00f6rfalskning och skydda varum\u00e4rkets rykte.<\/div>\n<\/li>\n<li>\n<div class=\"auto-hide-last-sibling-br paragraph_1252f paragraph-element\">Effektiv \u00e5terkallelsehantering: Sp\u00e5rbarhet g\u00f6r det m\u00f6jligt f\u00f6r tillverkare att snabbt identifiera ber\u00f6rda produkter och konsumenter i h\u00e4ndelse av produkt\u00e5terkallelser p\u00e5 grund av s\u00e4kerhets- eller kvalitetsproblem. Detta begr\u00e4nsar omfattningen och effekten av produkt\u00e5terkallelser.<\/div>\n<\/li>\n<li>\n<div class=\"auto-hide-last-sibling-br paragraph_1252f paragraph-element\">Kostnadsminskning: Sp\u00e5rbarhetssystem hj\u00e4lper till att identifiera ineffektivitet i produktionsprocessen som leder till kostnadsminskning. Det g\u00f6r det m\u00f6jligt f\u00f6r tillverkare att sp\u00e5ra material och processer, optimera driften och minska avfallet.<\/div>\n<\/li>\n<li>\n<div class=\"auto-hide-last-sibling-br paragraph_1252f paragraph-element\">Varum\u00e4rkes rykte: Sp\u00e5rbarhet och transparens fr\u00e4mjar konsumenternas f\u00f6rtroende, vilket avsev\u00e4rt kan f\u00f6rb\u00e4ttra ett varum\u00e4rkes image.<\/div>\n<\/li>\n<li>\n<div class=\"auto-hide-last-sibling-br paragraph_1252f paragraph-element\">Riskhantering: Sp\u00e5rbarhet underl\u00e4ttar f\u00f6rutseende hantering av risker relaterade till avbrott i leveranskedjan, kvalitetsproblem eller produkt\u00e5terkallelser, vilket minskar potentiella ekonomiska skador och skador p\u00e5 rykte i h\u00e4ndelse av en kris.<\/div>\n<\/li>\n<\/ol>\n<div class=\"auto-hide-last-sibling-br paragraph_1252f paragraph-element\">Uppenbarligen har sp\u00e5rbarhet inom textilindustrin enorma f\u00f6rdelar. Det f\u00f6rb\u00e4ttrar inte bara den operativa effektiviteten utan m\u00f6ter ocks\u00e5 konsumenternas f\u00f6rv\u00e4ntningar p\u00e5 s\u00e4kerhet, kvalitet och etiska ink\u00f6p.<\/div>","protected":false},"excerpt":{"rendered":"<p>H\u00e5llbara RFID linnetaggar: flexibel, robust, med l\u00e5ng l\u00e4sr\u00e4ckvidd. Garanterad f\u00f6r 200 tv\u00e4ttar, l\u00e4mplig f\u00f6r s\u00f6mnad, v\u00e4rmef\u00f6rsegling eller upph\u00e4ngning. Idealisk f\u00f6r tv\u00e4ttbruk.<\/p>","protected":false},"featured_media":39,"template":"","meta":{"_kad_post_transparent":"default","_kad_post_title":"","_kad_post_layout":"default","_kad_post_sidebar_id":"","_kad_post_content_style":"default","_kad_post_vertical_padding":"default","_kad_post_feature":"","_kad_post_feature_position":"","_kad_post_header":false,"_kad_post_footer":false,"_kad_post_classname":""},"product_brand":[],"product_cat":[19,16],"product_tag":[22,24,25,23],"class_list":{"0":"post-37","1":"product","2":"type-product","3":"status-publish","4":"has-post-thumbnail","6":"product_cat-textile-rfid-laundry-tag","7":"product_cat-uhf-rfid-laundry-tags","8":"product_tag-laundry-rfid-linen-tags","9":"product_tag-laundry-rfid-tags","10":"product_tag-rfid-laundrytags","11":"product_tag-rfid-linen-tags","13":"first","14":"instock","15":"shipping-taxable","16":"product-type-simple","17":"entry","18":"content-bg","19":"loop-entry"},"_links":{"self":[{"href":"https:\/\/rfid-laundry-tag.com\/sv\/wp-json\/wp\/v2\/product\/37","targetHints":{"allow":["GET"]}}],"collection":[{"href":"https:\/\/rfid-laundry-tag.com\/sv\/wp-json\/wp\/v2\/product"}],"about":[{"href":"https:\/\/rfid-laundry-tag.com\/sv\/wp-json\/wp\/v2\/types\/product"}],"version-history":[{"count":3,"href":"https:\/\/rfid-laundry-tag.com\/sv\/wp-json\/wp\/v2\/product\/37\/revisions"}],"predecessor-version":[{"id":2713,"href":"https:\/\/rfid-laundry-tag.com\/sv\/wp-json\/wp\/v2\/product\/37\/revisions\/2713"}],"wp:featuredmedia":[{"embeddable":true,"href":"https:\/\/rfid-laundry-tag.com\/sv\/wp-json\/wp\/v2\/media\/39"}],"wp:attachment":[{"href":"https:\/\/rfid-laundry-tag.com\/sv\/wp-json\/wp\/v2\/media?parent=37"}],"wp:term":[{"taxonomy":"product_brand","embeddable":true,"href":"https:\/\/rfid-laundry-tag.com\/sv\/wp-json\/wp\/v2\/product_brand?post=37"},{"taxonomy":"product_cat","embeddable":true,"href":"https:\/\/rfid-laundry-tag.com\/sv\/wp-json\/wp\/v2\/product_cat?post=37"},{"taxonomy":"product_tag","embeddable":true,"href":"https:\/\/rfid-laundry-tag.com\/sv\/wp-json\/wp\/v2\/product_tag?post=37"}],"curies":[{"name":"wp","href":"https:\/\/api.w.org\/{rel}","templated":true}]}}