{"id":356,"date":"2024-06-28T11:08:54","date_gmt":"2024-06-28T11:08:54","guid":{"rendered":"https:\/\/rfid-laundry-tag.com\/?post_type=product&#038;p=356"},"modified":"2024-08-14T15:55:26","modified_gmt":"2024-08-14T15:55:26","slug":"rfid-windshield-sticker-for-vehicle-tracking","status":"publish","type":"product","link":"https:\/\/rfid-laundry-tag.com\/sv\/rfid-windshield-sticker-for-vehicle-tracking\/","title":{"rendered":"RFID vindrutedekal f\u00f6r sp\u00e5rning av fordon"},"content":{"rendered":"<h2>RFID vindrutedekal f\u00f6r sp\u00e5rning av fordon<\/h2>\n<div class=\"J_module\">\n<div class=\"ife-detail-decorate-table\">\n<table class=\"all magic-10\">\n<tbody>\n<tr>\n<td colspan=\"1\" rowspan=\"1\">\n<div class=\"magic-11\">Chips<\/div>\n<\/td>\n<td colspan=\"1\" rowspan=\"1\">\n<div class=\"magic-12\">Alien H9, H10, U9 etc<\/div>\n<\/td>\n<\/tr>\n<tr>\n<td colspan=\"1\" rowspan=\"1\">\n<div class=\"magic-11\">Frekvens<\/div>\n<\/td>\n<td colspan=\"1\" rowspan=\"1\">\n<div class=\"magic-12\">860 ~ 960 MHz<\/div>\n<\/td>\n<\/tr>\n<tr>\n<td colspan=\"1\" rowspan=\"1\">\n<div class=\"magic-11\">Material<\/div>\n<\/td>\n<td colspan=\"1\" rowspan=\"1\">\n<div class=\"magic-12\">Bestruket papper\/PET\/Syntetiskt papper\/Termiskt papper\/anpassning<\/div>\n<\/td>\n<\/tr>\n<tr>\n<td colspan=\"1\" rowspan=\"1\">\n<div class=\"magic-11\">Arbetsl\u00e4ge<\/div>\n<\/td>\n<td colspan=\"1\" rowspan=\"1\">\n<div class=\"magic-12\">Passiv<\/div>\n<\/td>\n<\/tr>\n<tr>\n<td colspan=\"1\" rowspan=\"1\">\n<div class=\"magic-11\">IC-liv<\/div>\n<\/td>\n<td colspan=\"1\" rowspan=\"1\">\n<div class=\"magic-12\">100 000 programmeringscykler, 10 \u00e5rs datalagring<\/div>\n<\/td>\n<\/tr>\n<tr>\n<td colspan=\"1\" rowspan=\"1\">\n<div class=\"magic-11\">Drifttemperatur\/fuktighet<\/div>\n<\/td>\n<td colspan=\"1\" rowspan=\"1\">\n<div class=\"magic-12\">-25~50\u2103\/20%~80% RH<\/div>\n<\/td>\n<\/tr>\n<tr>\n<td colspan=\"1\" rowspan=\"1\">\n<div class=\"magic-11\">F\u00f6rvaringstemperatur\/fuktighet<\/div>\n<\/td>\n<td colspan=\"1\" rowspan=\"1\">\n<div class=\"magic-12\">+23\u00b0C\u00b15\u00b0C\/ 50%\u00b110% RH(Utan kondens).<\/div>\n<\/td>\n<\/tr>\n<tr>\n<td colspan=\"1\" rowspan=\"1\">\n<div class=\"magic-11\">Antenn<\/div>\n<\/td>\n<td colspan=\"1\" rowspan=\"1\">\n<div class=\"magic-12\">Aluminiumetsning, 94,8*8,1mm<\/div>\n<\/td>\n<\/tr>\n<tr>\n<td colspan=\"1\" rowspan=\"1\">\n<div class=\"magic-11\">V\u00e5t inl\u00e4gg\/Etikett Storlek<\/div>\n<\/td>\n<td colspan=\"1\" rowspan=\"1\">\n<div class=\"magic-12\">98*15mm eller anpassning<\/div>\n<\/td>\n<\/tr>\n<tr>\n<td colspan=\"1\" rowspan=\"1\">\n<div class=\"magic-11\">Utskrift<\/div>\n<\/td>\n<td colspan=\"1\" rowspan=\"1\">\n<div class=\"magic-12\">Fullf\u00e4rgstryck, logotyp, streckkod, QR-kod, etc<\/div>\n<\/td>\n<\/tr>\n<tr>\n<td colspan=\"1\" rowspan=\"1\">\n<div class=\"magic-11\">Prov<\/div>\n<\/td>\n<td colspan=\"1\" rowspan=\"1\">\n<div class=\"magic-12\">Provet \u00e4r gratis f\u00f6r ditt kvalitetstest<\/div>\n<\/td>\n<\/tr>\n<tr>\n<td colspan=\"1\" rowspan=\"1\">\n<div class=\"magic-11\">Protokoll<\/div>\n<\/td>\n<td colspan=\"1\" rowspan=\"1\">\n<div class=\"magic-12\">ISO\/IEC 18000-6C EPC Klass 1 Gen2<\/div>\n<\/td>\n<\/tr>\n<tr>\n<td colspan=\"1\" rowspan=\"1\">\n<div class=\"magic-11\">F\u00f6rpackning<\/div>\n<\/td>\n<td colspan=\"1\" rowspan=\"1\">\n<div class=\"magic-12\">1000-5000 st\/rulle, 4 rullar\/kartong<\/div>\n<\/td>\n<\/tr>\n<tr>\n<td colspan=\"1\" rowspan=\"1\">\n<div class=\"magic-11\">Ursprungsort<\/div>\n<\/td>\n<td colspan=\"1\" rowspan=\"1\">\n<div class=\"magic-12\">Chengdu, Kina<\/div>\n<\/td>\n<\/tr>\n<tr>\n<td colspan=\"1\" rowspan=\"4\">\n<div class=\"magic-11\">Applikation\/L\u00f6sning<\/div>\n<\/td>\n<td colspan=\"1\" rowspan=\"1\">\n<div class=\"magic-12\">S\u00e4ker entr\u00e9kontroll\/Kontantfri betalning Medlemskap och lojalitetsprogram<\/div>\n<\/td>\n<\/tr>\n<tr>\n<td colspan=\"1\" rowspan=\"1\">\n<div class=\"magic-12\" data-spm-anchor-id=\"a2700.details.0.i80.59c943e8HVzkHD\">Eventtillg\u00e5ng och varum\u00e4rke\/sociala medier\/detaljhandel<\/div>\n<\/td>\n<\/tr>\n<tr>\n<td colspan=\"1\" rowspan=\"1\">\n<div class=\"magic-12\">Milj\u00f6\/Spel &amp; Leksaker Plats\/Elektronik\/m\u00e4ssor<\/div>\n<\/td>\n<\/tr>\n<tr>\n<td colspan=\"1\" rowspan=\"1\">\n<div class=\"magic-12\">Evenemang\/samtalsf\u00f6rfr\u00e5gan\/visitkort<\/div>\n<\/td>\n<\/tr>\n<\/tbody>\n<\/table>\n<p>&nbsp;<\/p>\n<\/div>\n<\/div>\n<div class=\"J_module\">\n<div class=\"auto-hide-last-sibling-br paragraph_9dc5f paragraph-element\">\n<p><strong>Till\u00e4mpningar av RFID vindruteklisterm\u00e4rken inkluderar:<\/strong><\/p>\n<ol>\n<li><strong>Tilltr\u00e4deskontroll f\u00f6r fordon<\/strong>: RFID-vindruteklisterm\u00e4rken kan anv\u00e4ndas f\u00f6r automatisk in- och utfart vid parkeringsplatser, gated communities, tullstationer och andra kontrollerade \u00e5tkomstomr\u00e5den.<\/li>\n<li><strong>Fordonssp\u00e5rning<\/strong>: RFID-dekaler f\u00f6r vindruta kan anv\u00e4ndas f\u00f6r att sp\u00e5ra och hantera fordon inom en anl\u00e4ggning, till exempel p\u00e5 hyrbilsbyr\u00e5er eller parkeringsgarage.<\/li>\n<li><strong>Elektronisk v\u00e4gtullsuppb\u00f6rd<\/strong>: RFID-klisterm\u00e4rken f\u00f6r vindruta kan anv\u00e4ndas f\u00f6r elektroniska v\u00e4gtullssystem, vilket g\u00f6r att fordon kan passera genom tullstationer snabbt och effektivt utan att beh\u00f6va stanna och betala kontant.<\/li>\n<li><strong>Fleet Management<\/strong>: RFID-dekaler f\u00f6r vindruta kan anv\u00e4ndas f\u00f6r att sp\u00e5ra och hantera fordonsflottor, vilket g\u00f6r det m\u00f6jligt f\u00f6r f\u00f6retag att \u00f6vervaka och optimera sin verksamhet.<\/li>\n<li><strong>Parkeringshantering<\/strong>: RFID-klisterm\u00e4rken f\u00f6r vindruta kan anv\u00e4ndas f\u00f6r att sp\u00e5ra och hantera parkeringsplatser p\u00e5 parkeringsplatser eller strukturer, vilket ger realtidsinformation om tillg\u00e4ngliga parkeringsplatser.<\/li>\n<li><strong>Fordonsidentifiering<\/strong>: RFID vindruteklisterm\u00e4rken kan anv\u00e4ndas f\u00f6r fordonsidentifiering i evenemang, t\u00e4vlingar eller andra situationer d\u00e4r snabb och exakt identifiering kr\u00e4vs.<\/li>\n<\/ol>\n<p>Sammantaget erbjuder RFID-vindruteklisterm\u00e4rken ett bekv\u00e4mt och effektivt s\u00e4tt att sp\u00e5ra och hantera fordon i en m\u00e4ngd olika applikationer, vilket ger \u00f6kad s\u00e4kerhet, bekv\u00e4mlighet och automatisering i fordonsrelaterade processer.<\/p>\n<\/div>\n<div><\/div>\n<div class=\"auto-hide-last-sibling-br paragraph_9dc5f paragraph-element\"><\/div>\n<div><\/div>\n<\/div>\n<div><\/div>\n<div><strong>Varf\u00f6r v\u00e4lja USA?<\/strong><\/div>\n<div><\/div>\n<div>Vi \u00e4r den ledande leverant\u00f6ren av RFID-teknik med \u00f6ver 11 \u00e5rs erfarenhet, tillf\u00f6r avancerad effektivitet, tillf\u00f6rlitlighet och noggrannhet till kundernas globala leveranskedjor med branschledande produkter, l\u00f6sningar och teknologier. Som tillverkare p\u00e5 global niv\u00e5 erbjuder vi kunderna en plattform av grundl\u00e4ggande teknologier, inklusive passerkontroll, djurtaggning, n\u00e4rf\u00e4ltskommunikation (NFC), olika RFID-l\u00e4sare och l\u00f6sningar. V\u00e5ra l\u00f6sningar har mycket konfigurerbara applikationsramverk och eleganta anv\u00e4ndargr\u00e4nssnitt med avancerad analys, vilket m\u00f6jligg\u00f6r end-to-end business intelligence och datasynlighet \u00f6ver flera branscher.<\/div>","protected":false},"excerpt":{"rendered":"<p>RFID-vindruteklisterm\u00e4rken \u00e4r RFID-taggar som \u00e4r designade f\u00f6r att f\u00e4stas p\u00e5 vindrutan p\u00e5 ett fordon f\u00f6r olika sp\u00e5rnings- och identifierings\u00e4ndam\u00e5l.<\/p>","protected":false},"featured_media":357,"template":"","meta":{"_kad_post_transparent":"default","_kad_post_title":"","_kad_post_layout":"default","_kad_post_sidebar_id":"","_kad_post_content_style":"default","_kad_post_vertical_padding":"default","_kad_post_feature":"","_kad_post_feature_position":"","_kad_post_header":false,"_kad_post_footer":false,"_kad_post_classname":""},"product_brand":[],"product_cat":[54],"product_tag":[157,98],"class_list":{"0":"post-356","1":"product","2":"type-product","3":"status-publish","4":"has-post-thumbnail","6":"product_cat-hot-selling-rfid-tags","7":"product_tag-rfid-windshield-sticker-for-vehicle-tracking","8":"product_tag-uhf-rfid-label","10":"first","11":"instock","12":"shipping-taxable","13":"product-type-simple","14":"entry","15":"content-bg","16":"loop-entry"},"_links":{"self":[{"href":"https:\/\/rfid-laundry-tag.com\/sv\/wp-json\/wp\/v2\/product\/356","targetHints":{"allow":["GET"]}}],"collection":[{"href":"https:\/\/rfid-laundry-tag.com\/sv\/wp-json\/wp\/v2\/product"}],"about":[{"href":"https:\/\/rfid-laundry-tag.com\/sv\/wp-json\/wp\/v2\/types\/product"}],"version-history":[{"count":1,"href":"https:\/\/rfid-laundry-tag.com\/sv\/wp-json\/wp\/v2\/product\/356\/revisions"}],"predecessor-version":[{"id":1306,"href":"https:\/\/rfid-laundry-tag.com\/sv\/wp-json\/wp\/v2\/product\/356\/revisions\/1306"}],"wp:featuredmedia":[{"embeddable":true,"href":"https:\/\/rfid-laundry-tag.com\/sv\/wp-json\/wp\/v2\/media\/357"}],"wp:attachment":[{"href":"https:\/\/rfid-laundry-tag.com\/sv\/wp-json\/wp\/v2\/media?parent=356"}],"wp:term":[{"taxonomy":"product_brand","embeddable":true,"href":"https:\/\/rfid-laundry-tag.com\/sv\/wp-json\/wp\/v2\/product_brand?post=356"},{"taxonomy":"product_cat","embeddable":true,"href":"https:\/\/rfid-laundry-tag.com\/sv\/wp-json\/wp\/v2\/product_cat?post=356"},{"taxonomy":"product_tag","embeddable":true,"href":"https:\/\/rfid-laundry-tag.com\/sv\/wp-json\/wp\/v2\/product_tag?post=356"}],"curies":[{"name":"wp","href":"https:\/\/api.w.org\/{rel}","templated":true}]}}