{"id":352,"date":"2024-06-28T10:26:38","date_gmt":"2024-06-28T10:26:38","guid":{"rendered":"https:\/\/rfid-laundry-tag.com\/?post_type=product&#038;p=352"},"modified":"2024-06-28T10:52:24","modified_gmt":"2024-06-28T10:52:24","slug":"custom-paper-nfc-sticker-ntag213","status":"publish","type":"product","link":"https:\/\/rfid-laundry-tag.com\/sv\/custom-paper-nfc-sticker-ntag213\/","title":{"rendered":"Custom Paper NFC-dekal Ntag213"},"content":{"rendered":"<div>\n<div><strong>NFC-klisterm\u00e4rken med NXP NTAG213<\/strong> chips \u00e4r popul\u00e4ra f\u00f6r olika applikationer som marknadsf\u00f6ring, \u00e5tkomstkontroll och produktautentisering. De anpassningsbara alternativen f\u00f6r finish, form, storlek och tryck g\u00f6r dem m\u00e5ngsidiga f\u00f6r olika behov.<\/div>\n<\/div>\n<div>Chipet och antennen \u00e4r v\u00e4nda upp\u00e5t under ett ytskikt av vitt papper eller vattent\u00e4t plast f\u00f6r extra h\u00e5llbarhet och motst\u00e5ndskraft mot kortvarig exponering f\u00f6r vatten. NFC-dekalen har ett val av sj\u00e4lvh\u00e4ftande lager p\u00e5 baksidan f\u00f6r montering p\u00e5 plana icke-metallytor.<\/div>\n<div>\n<div><\/div>\n<div><\/div>\n<div class=\"auto-hide-last-sibling-br paragraph_9dc5f paragraph-element\">NTAG213-chippet erbjuder en m\u00e4ngd f\u00f6rdelar, s\u00e5som:<\/div>\n<ul class=\"auto-hide-last-sibling-br\">\n<li>Kontaktl\u00f6s energi- och data\u00f6verf\u00f6ring<\/li>\n<li>Snabb l\u00e4sning<\/li>\n<li>F\u00f6rb\u00e4ttrad RF-prestanda<\/li>\n<li>S\u00e4kerhetsfunktioner, inklusive l\u00f6senordsskydd och antikollisionsfunktioner<\/li>\n<li>Full \u00f6verensst\u00e4mmelse med specifikationerna f\u00f6r NFC Forum Tag Type 2<\/li>\n<\/ul>\n<\/div>\n<div>\n<table class=\"all magic-9\">\n<tbody>\n<tr>\n<td colspan=\"1\" rowspan=\"1\">\n<div class=\"magic-10\">Material<\/div>\n<\/td>\n<td colspan=\"1\" rowspan=\"1\">\n<div class=\"magic-11\" data-spm-anchor-id=\"a2700.details.0.i85.504d267eS1Hb6u\">PET, PVC, bestruket papper, etc.<\/div>\n<\/td>\n<\/tr>\n<tr>\n<td colspan=\"1\" rowspan=\"1\">\n<div class=\"magic-10\">Chips<\/div>\n<\/td>\n<td colspan=\"1\" rowspan=\"1\">\n<div class=\"magic-11\">Ntag213\/Ntag215\/Ntag216 etc<\/div>\n<\/td>\n<\/tr>\n<tr>\n<td colspan=\"1\" rowspan=\"1\">\n<div class=\"magic-10\">Frekvens<\/div>\n<\/td>\n<td colspan=\"1\" rowspan=\"1\">\n<div class=\"magic-11\">13,56 MHz<\/div>\n<\/td>\n<\/tr>\n<tr>\n<td colspan=\"1\" rowspan=\"1\">\n<div class=\"magic-10\">Protokoll<\/div>\n<\/td>\n<td colspan=\"1\" rowspan=\"1\">\n<div class=\"magic-11\">ISO 14443A<\/div>\n<\/td>\n<\/tr>\n<tr>\n<td colspan=\"1\" rowspan=\"1\">\n<div class=\"magic-10\">Storlek<\/div>\n<\/td>\n<td colspan=\"1\" rowspan=\"1\">\n<div class=\"magic-11\">Diameter 25, 30, 35 mm eller anpassad storlek<\/div>\n<\/td>\n<\/tr>\n<tr>\n<td colspan=\"1\" rowspan=\"1\">\n<div class=\"magic-10\">S\u00e4rdrag<\/div>\n<\/td>\n<td colspan=\"1\" rowspan=\"1\">\n<div class=\"magic-11\">Vattent\u00e4t, kraftig, tryck anpassat<\/div>\n<\/td>\n<\/tr>\n<tr>\n<td colspan=\"1\" rowspan=\"1\">\n<div class=\"magic-10\">Prov<\/div>\n<\/td>\n<td colspan=\"1\" rowspan=\"1\">\n<div class=\"magic-11\">gratis tillg\u00e4nglig<\/div>\n<\/td>\n<\/tr>\n<tr>\n<td colspan=\"1\" rowspan=\"1\">\n<div class=\"magic-10\">L\u00e4s avst\u00e5nd<\/div>\n<\/td>\n<td colspan=\"1\" rowspan=\"1\">\n<div class=\"magic-11\" data-spm-anchor-id=\"a2700.details.0.i84.504d267eS1Hb6u\">0-10 cm<\/div>\n<\/td>\n<\/tr>\n<\/tbody>\n<\/table>\n<\/div>\n<div><\/div>\n<div>\n<p>n\u00e5gra vanliga fr\u00e5gor om anpassade NFC-dekaler p\u00e5 papper som anv\u00e4nder Ntag213-teknik:<\/p>\n<ol>\n<li>Vad \u00e4r ett NFC-klisterm\u00e4rke?\n<ul>\n<li>En NFC-dekal \u00e4r en liten sj\u00e4lvh\u00e4ftande tagg som inneh\u00e5ller ett NFC-chip (Near Field Communication), som NXP NTAG213, inb\u00e4ddat i det. Dessa klisterm\u00e4rken kan skannas av NFC-aktiverade enheter f\u00f6r att utl\u00f6sa olika \u00e5tg\u00e4rder eller \u00f6verf\u00f6ra information.<\/li>\n<\/ul>\n<\/li>\n<li>Hur kan anpassade NFC-dekaler p\u00e5 papper anv\u00e4ndas?\n<ul>\n<li>Anpassade NFC-dekaler i papper kan anv\u00e4ndas f\u00f6r en m\u00e4ngd olika \u00e4ndam\u00e5l, inklusive sp\u00e5rningshantering, \u00e5tkomstkontroll i anl\u00e4ggningar som fabriker, lager, hotell, sjukhus och n\u00f6jesparker, detaljhandelsapplikationer, reklam, produktautentisering och e-biljettf\u00f6rs\u00e4ljning.<\/li>\n<\/ul>\n<\/li>\n<li>Vilka anpassningsalternativ finns tillg\u00e4ngliga f\u00f6r NFC-dekaler i papper?\n<ul>\n<li>Anpassade NFC-dekaler p\u00e5 papper kan skrivas ut med ett urval av blank eller matt yta, i olika former och storlekar. De kan inneh\u00e5lla logotyper, bokst\u00e4ver, siffror och streckkoder i CMYK och svarta f\u00e4rger. Dessutom m\u00f6jligg\u00f6r ett sj\u00e4lvh\u00e4ftande lager p\u00e5 baksidan enkel montering p\u00e5 plana icke-metallytor.<\/li>\n<\/ul>\n<\/li>\n<li>\u00c4r pappers-NFC-klisterm\u00e4rken h\u00e5llbara?\n<ul>\n<li>Pappers-NFC-klisterm\u00e4rken med Ntag213-chips \u00e4r designade med ett skyddande lager som t\u00e4cker NFC-chippet och antennen, vilket ger extra h\u00e5llbarhet och motst\u00e5ndskraft mot kortvarig exponering f\u00f6r vatten. Vattent\u00e4ta plastalternativ finns ocks\u00e5 tillg\u00e4ngliga f\u00f6r \u00f6kad h\u00e5llbarhet.<\/li>\n<\/ul>\n<\/li>\n<li>Vad \u00e4r f\u00f6rdelen med att anv\u00e4nda NFC-teknik i klisterm\u00e4rken?\n<ul>\n<li>Att anv\u00e4nda NFC-teknik i klisterm\u00e4rken m\u00f6jligg\u00f6r bekv\u00e4m och kontaktl\u00f6s interaktion med NFC-aktiverade enheter. Detta m\u00f6jligg\u00f6r snabb och enkel informationsdelning, autentisering eller utl\u00f6sning av \u00e5tg\u00e4rder utan behov av fysisk kontakt mellan enheter.<\/li>\n<\/ul>\n<\/li>\n<\/ol>\n<\/div>\n<div class=\"text-content\">\n<div data-spm-anchor-id=\"a2700.details.0.i46.6f4d7d7dnursE7\"><\/div>\n<\/div>\n<div>\n<div class=\"text-content\">\n<div><\/div>\n<div data-spm-anchor-id=\"a2700.details.0.i48.6f4d7d7dnursE7\"><\/div>\n<\/div>\n<\/div>","protected":false},"excerpt":{"rendered":"<p><strong>Custom Paper NFC-dekal Ntag213<\/strong> \u00e4r en specifik typ av IC-kompatibel med NFC Forum Type 2 Tag, med 144 byte anv\u00e4ndarminne. Den \u00e4r designad med m\u00e5ngsidighet i \u00e5tanke, l\u00e4mplig f\u00f6r olika applikationer inom industrier som detaljhandel, spel och hemelektronik, bland annat.<\/p>","protected":false},"featured_media":353,"template":"","meta":{"_kad_post_transparent":"default","_kad_post_title":"","_kad_post_layout":"default","_kad_post_sidebar_id":"","_kad_post_content_style":"default","_kad_post_vertical_padding":"default","_kad_post_feature":"","_kad_post_feature_position":"","_kad_post_header":false,"_kad_post_footer":false,"_kad_post_classname":""},"product_brand":[],"product_cat":[54],"product_tag":[153,154],"class_list":{"0":"post-352","1":"product","2":"type-product","3":"status-publish","4":"has-post-thumbnail","6":"product_cat-hot-selling-rfid-tags","7":"product_tag-custom-paper-nfc-sticker-ntag213","8":"product_tag-nfc-sticker-ntag213","10":"first","11":"instock","12":"shipping-taxable","13":"product-type-simple","14":"entry","15":"content-bg","16":"loop-entry"},"_links":{"self":[{"href":"https:\/\/rfid-laundry-tag.com\/sv\/wp-json\/wp\/v2\/product\/352","targetHints":{"allow":["GET"]}}],"collection":[{"href":"https:\/\/rfid-laundry-tag.com\/sv\/wp-json\/wp\/v2\/product"}],"about":[{"href":"https:\/\/rfid-laundry-tag.com\/sv\/wp-json\/wp\/v2\/types\/product"}],"version-history":[{"count":0,"href":"https:\/\/rfid-laundry-tag.com\/sv\/wp-json\/wp\/v2\/product\/352\/revisions"}],"wp:featuredmedia":[{"embeddable":true,"href":"https:\/\/rfid-laundry-tag.com\/sv\/wp-json\/wp\/v2\/media\/353"}],"wp:attachment":[{"href":"https:\/\/rfid-laundry-tag.com\/sv\/wp-json\/wp\/v2\/media?parent=352"}],"wp:term":[{"taxonomy":"product_brand","embeddable":true,"href":"https:\/\/rfid-laundry-tag.com\/sv\/wp-json\/wp\/v2\/product_brand?post=352"},{"taxonomy":"product_cat","embeddable":true,"href":"https:\/\/rfid-laundry-tag.com\/sv\/wp-json\/wp\/v2\/product_cat?post=352"},{"taxonomy":"product_tag","embeddable":true,"href":"https:\/\/rfid-laundry-tag.com\/sv\/wp-json\/wp\/v2\/product_tag?post=352"}],"curies":[{"name":"wp","href":"https:\/\/api.w.org\/{rel}","templated":true}]}}