{"id":350,"date":"2024-06-28T10:12:21","date_gmt":"2024-06-28T10:12:21","guid":{"rendered":"https:\/\/rfid-laundry-tag.com\/?post_type=product&#038;p=350"},"modified":"2024-06-28T10:24:29","modified_gmt":"2024-06-28T10:24:29","slug":"anti-metal-nfc-label-nxp-mifare-1k","status":"publish","type":"product","link":"https:\/\/rfid-laundry-tag.com\/sv\/anti-metal-nfc-label-nxp-mifare-1k\/","title":{"rendered":"Anti Metal NFC-etikett NXP Mifare 1k"},"content":{"rendered":"<h2>Anti Metal NFC-etikett NXP Mifare 1k<\/h2>\n<table class=\"hight-light-first-column all magic-11\">\n<tbody>\n<tr>\n<td colspan=\"1\" rowspan=\"1\">\n<div class=\"magic-12\" data-spm-anchor-id=\"a2700.details.0.i57.12287cd6Tl6d8d\">Storlek<\/div>\n<\/td>\n<td colspan=\"4\" rowspan=\"1\">\n<div class=\"magic-13\">Dia 25 mm, Dia 30 mm etc<\/div>\n<\/td>\n<\/tr>\n<tr>\n<td colspan=\"1\" rowspan=\"1\">\n<div class=\"magic-12\">F\u00e4rg<\/div>\n<\/td>\n<td colspan=\"4\" rowspan=\"1\">\n<div class=\"magic-16\">Svart, vit, gul, r\u00f6d eller anpassad<\/div>\n<\/td>\n<\/tr>\n<tr>\n<td colspan=\"1\" rowspan=\"1\">\n<div class=\"magic-12\">Chips<\/div>\n<\/td>\n<td colspan=\"4\" rowspan=\"1\">\n<div class=\"magic-13\">NTAG213,NTAG215,NTAG216<\/div>\n<\/td>\n<\/tr>\n<tr>\n<td colspan=\"1\" rowspan=\"1\">\n<div class=\"magic-12\">Frekvens<\/div>\n<\/td>\n<td colspan=\"4\" rowspan=\"1\">\n<div class=\"magic-13\">13,56 MHz<\/div>\n<\/td>\n<\/tr>\n<tr>\n<td colspan=\"1\" rowspan=\"1\">\n<div class=\"magic-12\">Protokoll<\/div>\n<\/td>\n<td colspan=\"4\" rowspan=\"1\">\n<div class=\"magic-13\">ISO14443A, NFC Forum Typ 2<\/div>\n<\/td>\n<\/tr>\n<tr>\n<td colspan=\"1\" rowspan=\"1\">\n<div class=\"magic-12\">Material<\/div>\n<\/td>\n<td colspan=\"4\" rowspan=\"1\">\n<div class=\"magic-13\">ABS<\/div>\n<\/td>\n<\/tr>\n<tr>\n<td colspan=\"1\" rowspan=\"1\">\n<div class=\"magic-12\">Driftstemperatur<\/div>\n<\/td>\n<td colspan=\"4\" rowspan=\"1\">\n<div class=\"magic-13\">-20 till 85 grader C<\/div>\n<\/td>\n<\/tr>\n<tr>\n<td colspan=\"1\" rowspan=\"1\">\n<div class=\"magic-12\">Ans\u00f6kan<\/div>\n<\/td>\n<td colspan=\"4\" rowspan=\"1\">\n<div class=\"magic-16\">Tv\u00e4ttkedja, h\u00e5rd kemikalie, betalningsenhet, utomhusbruk, kemi, industri, logistik, patrullvakt, medlemsskap, fraktcontainer, pallar, etc.<\/div>\n<\/td>\n<\/tr>\n<tr>\n<td colspan=\"1\" rowspan=\"1\">\n<div class=\"magic-12\">Vattent\u00e4t betyg<\/div>\n<\/td>\n<td colspan=\"4\" rowspan=\"1\">\n<div class=\"magic-16\">IP67<\/div>\n<\/td>\n<\/tr>\n<tr>\n<td colspan=\"1\" rowspan=\"1\">\n<div class=\"magic-12\">L\u00e4somr\u00e5de<\/div>\n<\/td>\n<td colspan=\"4\" rowspan=\"1\">\n<div class=\"magic-16\">5-10cm, beror p\u00e5 l\u00e4saren<\/div>\n<\/td>\n<\/tr>\n<tr>\n<td colspan=\"1\" rowspan=\"1\">\n<div class=\"magic-12\">Craft<\/div>\n<\/td>\n<td colspan=\"4\" rowspan=\"1\">\n<div class=\"magic-16\">Lasergraverat serienummer, streckkod och s\u00e5 vidare<\/div>\n<\/td>\n<\/tr>\n<tr>\n<td colspan=\"1\" rowspan=\"1\">\n<div class=\"magic-12\">Montering<\/div>\n<\/td>\n<td colspan=\"4\" rowspan=\"1\">\n<div class=\"magic-16\">Genom lim eller skruv, eller nitar<\/div>\n<\/td>\n<\/tr>\n<\/tbody>\n<\/table>\n<p>&nbsp;<\/p>\n<div class=\"auto-hide-last-sibling-br paragraph_9dc5f paragraph-element\">Anti Metal NFC-etikett NXP Mifare 1k har ett brett utbud av applikationer inom olika omr\u00e5den p\u00e5 grund av sin flexibilitet och f\u00f6rm\u00e5ga att arbeta p\u00e5 metallytor. S\u00e5 h\u00e4r anv\u00e4nds de i olika sektorer:<\/div>\n<div><\/div>\n<ul class=\"auto-hide-last-sibling-br\">\n<li>\n<div class=\"auto-hide-last-sibling-br paragraph_9dc5f paragraph-element\"><strong>Logistikhantering<\/strong>: Dessa klisterm\u00e4rken kan anv\u00e4ndas f\u00f6r effektiv sp\u00e5rning och realtidslokalisering av varor under transport. De f\u00f6rb\u00e4ttrar effektiviteten i f\u00f6rs\u00f6rjningskedjan och f\u00f6renklar logistikhanteringen genom att erbjuda kontinuerlig synlighet av f\u00f6rs\u00e4ndelser.<\/div>\n<\/li>\n<li>\n<div class=\"auto-hide-last-sibling-br paragraph_9dc5f paragraph-element\"><strong>Asset Management<\/strong>: De spelar en viktig roll f\u00f6r att sp\u00e5ra och hantera f\u00f6retagets tillg\u00e5ngar, s\u00e5som maskiner, verktyg och kontorsutrustning. De m\u00f6jligg\u00f6r snabb och korrekt identifiering och verifiering av tillg\u00e5ngar, vilket minskar risken f\u00f6r f\u00f6rlust, st\u00f6ld eller felplacering.<\/div>\n<\/li>\n<li>\n<div class=\"auto-hide-last-sibling-br paragraph_9dc5f paragraph-element\"><strong>Supply Chain Management<\/strong>: NFC-klisterm\u00e4rken anv\u00e4nds f\u00f6r att sp\u00e5ra produkter i alla led i leveranskedjan, vilket s\u00e4kerst\u00e4ller transparens och effektivt f\u00f6rhindrar att f\u00f6rfalskade varor kommer in p\u00e5 marknaden.<\/div>\n<\/li>\n<li>\n<div class=\"auto-hide-last-sibling-br paragraph_9dc5f paragraph-element\"><strong>Fordonshantering<\/strong>: Anv\u00e4nds f\u00f6r att hantera fordonsparker, dekalerna erbjuder ett enkelt s\u00e4tt att sp\u00e5ra och \u00f6vervaka fordonets r\u00f6relser, vilket s\u00e4kerst\u00e4ller effektiv ruttoptimering.<\/div>\n<\/li>\n<li>\n<div class=\"auto-hide-last-sibling-br paragraph_9dc5f paragraph-element\"><strong>Lagerhantering<\/strong>: De effektiviserar verksamheten genom att m\u00f6jligg\u00f6ra realtidssp\u00e5rning av lager, vilket g\u00f6r processen f\u00f6r lagerhantering mycket effektiv.<\/div>\n<\/li>\n<li>\n<div class=\"auto-hide-last-sibling-br paragraph_9dc5f paragraph-element\"><strong>Produktverifiering<\/strong>: NFC-klisterm\u00e4rken kan anv\u00e4ndas f\u00f6r att autentisera produkter, vilket ger ett enkelt s\u00e4tt att avg\u00f6ra om en produkt \u00e4r \u00e4kta eller f\u00f6rfalskad.<\/div>\n<\/li>\n<li>\n<div class=\"auto-hide-last-sibling-br paragraph_9dc5f paragraph-element\"><strong>Sp\u00e5rning av tillg\u00e5ngar<\/strong>: De f\u00f6renklar sp\u00e5rningsprocessen av tillg\u00e5ngar i realtid, vilket \u00e4r s\u00e4rskilt anv\u00e4ndbart f\u00f6r v\u00e4rdefulla f\u00f6rem\u00e5l eller viktig utrustning som flyttas runt ofta.<\/div>\n<\/li>\n<li>\n<div class=\"auto-hide-last-sibling-br paragraph_9dc5f paragraph-element\"><strong>Lagerhantering<\/strong>: Dekalerna hj\u00e4lper till att hantera lager i lager eller butiker genom att minska manuella kontroller och s\u00e4kerst\u00e4lla korrekt r\u00e4kning.<\/div>\n<\/li>\n<li>\n<div class=\"auto-hide-last-sibling-br paragraph_9dc5f paragraph-element\"><strong>Betalning<\/strong>: NFC-dekaler anv\u00e4nds i kontantl\u00f6sa transaktioner, vilket m\u00f6jligg\u00f6r snabba och s\u00e4kra betalningar med bara ett tryck, till exempel i armbandsbetalningssystem.<\/div>\n<\/li>\n<li>\n<div class=\"auto-hide-last-sibling-br paragraph_9dc5f paragraph-element\"><strong>Sociala medier<\/strong>: NFC-klisterm\u00e4rken kan programmeras f\u00f6r att lansera sociala mediekonton eller hashtags, vilket ger en s\u00f6ml\u00f6s sociala medieupplevelse med en knapptryckning.<\/div>\n<\/li>\n<li>\n<div class=\"auto-hide-last-sibling-br paragraph_9dc5f paragraph-element\"><strong>Armband<\/strong>: Anv\u00e4nds vid evenemang d\u00e4r enkel \u00e5tkomst och s\u00e4kra betalningar \u00e4r n\u00f6dv\u00e4ndiga, s\u00e5som musikfestivaler, m\u00e4ssor och sportevenemang.<\/div>\n<\/li>\n<\/ul>\n<div class=\"auto-hide-last-sibling-br paragraph_9dc5f paragraph-element\">Det ovann\u00e4mnda \u00e4r bara en \u00f6gonblicksbild av m\u00e5ngsidigheten hos Anti Metal NFC-etiketten NXP Mifare 1k. M\u00f6jligheterna \u00e4r o\u00e4ndliga, med varje applikation utformad f\u00f6r att ge \u00f6kad effektivitet, s\u00e4kerhet och bekv\u00e4mlighet.<\/div>\n<div><\/div>\n<div>\n<p>P\u00e5 metall RFID-taggar finns ocks\u00e5 tillg\u00e4ngliga och \u00e4r designade f\u00f6r att anv\u00e4ndas p\u00e5 metallf\u00f6rem\u00e5l. Dessa taggar \u00e4r vanligtvis konstruerade med en speciell sj\u00e4lvh\u00e4ftande baksida eller monteringsmetod f\u00f6r att s\u00e4kerst\u00e4lla korrekt f\u00e4ste p\u00e5 metallytan utan st\u00f6rningar.<\/p>\n<p>I slut\u00e4ndan beror valet mellan att anv\u00e4nda en RFID-tagg av antimetall eller en RFID-tagg i metall p\u00e5 den specifika applikationen och vilken typ av metallyta taggen ska monteras p\u00e5. Det \u00e4r viktigt att noga \u00f6verv\u00e4ga milj\u00f6n och kraven p\u00e5 ditt RFID-system f\u00f6r att s\u00e4kerst\u00e4lla optimal prestanda.<\/p>\n<\/div>","protected":false},"excerpt":{"rendered":"<p>Anti-metall NFC-etikett NXP Mifare 1k. En anti-metall RFID-tagg \u00e4r speciellt utformad f\u00f6r att monteras p\u00e5 metallytor. Dessa taggar \u00e4r konstruerade med ett speciellt avsk\u00e4rmningsmaterial som f\u00f6rhindrar metallen fr\u00e5n att st\u00f6ra taggens funktion. Detta m\u00f6jligg\u00f6r tillf\u00f6rlitlig och exakt avl\u00e4sning av RFID-taggen \u00e4ven n\u00e4r den placeras p\u00e5 metallytor.<\/p>","protected":false},"featured_media":351,"template":"","meta":{"_kad_post_transparent":"default","_kad_post_title":"","_kad_post_layout":"default","_kad_post_sidebar_id":"","_kad_post_content_style":"default","_kad_post_vertical_padding":"default","_kad_post_feature":"","_kad_post_feature_position":"","_kad_post_header":false,"_kad_post_footer":false,"_kad_post_classname":""},"product_brand":[],"product_cat":[54],"product_tag":[152,145,144],"class_list":{"0":"post-350","1":"product","2":"type-product","3":"status-publish","4":"has-post-thumbnail","6":"product_cat-hot-selling-rfid-tags","7":"product_tag-anti-metal-nfc-label-nxp-mifare-1k","8":"product_tag-anti-metal-nfc-tag","9":"product_tag-anti-metal-rfid-nfc-sticker","11":"first","12":"instock","13":"shipping-taxable","14":"product-type-simple","15":"entry","16":"content-bg","17":"loop-entry"},"_links":{"self":[{"href":"https:\/\/rfid-laundry-tag.com\/sv\/wp-json\/wp\/v2\/product\/350","targetHints":{"allow":["GET"]}}],"collection":[{"href":"https:\/\/rfid-laundry-tag.com\/sv\/wp-json\/wp\/v2\/product"}],"about":[{"href":"https:\/\/rfid-laundry-tag.com\/sv\/wp-json\/wp\/v2\/types\/product"}],"version-history":[{"count":0,"href":"https:\/\/rfid-laundry-tag.com\/sv\/wp-json\/wp\/v2\/product\/350\/revisions"}],"wp:featuredmedia":[{"embeddable":true,"href":"https:\/\/rfid-laundry-tag.com\/sv\/wp-json\/wp\/v2\/media\/351"}],"wp:attachment":[{"href":"https:\/\/rfid-laundry-tag.com\/sv\/wp-json\/wp\/v2\/media?parent=350"}],"wp:term":[{"taxonomy":"product_brand","embeddable":true,"href":"https:\/\/rfid-laundry-tag.com\/sv\/wp-json\/wp\/v2\/product_brand?post=350"},{"taxonomy":"product_cat","embeddable":true,"href":"https:\/\/rfid-laundry-tag.com\/sv\/wp-json\/wp\/v2\/product_cat?post=350"},{"taxonomy":"product_tag","embeddable":true,"href":"https:\/\/rfid-laundry-tag.com\/sv\/wp-json\/wp\/v2\/product_tag?post=350"}],"curies":[{"name":"wp","href":"https:\/\/api.w.org\/{rel}","templated":true}]}}