{"id":338,"date":"2024-06-28T08:41:45","date_gmt":"2024-06-28T08:41:45","guid":{"rendered":"https:\/\/rfid-laundry-tag.com\/?post_type=product&#038;p=338"},"modified":"2024-07-16T16:20:17","modified_gmt":"2024-07-16T16:20:17","slug":"nxp-mifare-1k-rfid-nfc-inlay-sticker","status":"publish","type":"product","link":"https:\/\/rfid-laundry-tag.com\/sv\/nxp-mifare-1k-rfid-nfc-inlay-sticker\/","title":{"rendered":"NXP Mifare 1k RFID NFC Inlay-dekal"},"content":{"rendered":"<table class=\"has-title all magic-13\">\n<tbody>\n<tr>\n<td colspan=\"1\" rowspan=\"1\">\n<div class=\"magic-14\" data-spm-anchor-id=\"a2700.details.0.i37.2ec61361oDo4aX\">Produktnamn<\/div>\n<\/td>\n<td colspan=\"1\" rowspan=\"1\">\n<div class=\"magic-15\">NXP Mifare 1k RFID NFC Inlay-dekal<\/div>\n<\/td>\n<\/tr>\n<tr>\n<td colspan=\"1\" rowspan=\"1\">\n<div class=\"magic-14\">Chips<\/div>\n<\/td>\n<td colspan=\"1\" rowspan=\"1\">\n<div class=\"magic-15\">MIFARE Classic\u00ae 1K<\/div>\n<\/td>\n<\/tr>\n<tr>\n<td colspan=\"1\" rowspan=\"1\">\n<div class=\"magic-14\">Frekvens<\/div>\n<\/td>\n<td colspan=\"1\" rowspan=\"1\">\n<div class=\"magic-15\">13,56 MHz<\/div>\n<\/td>\n<\/tr>\n<tr>\n<td colspan=\"1\" rowspan=\"1\">\n<div class=\"magic-14\">L\u00e4savst\u00e5nd<\/div>\n<\/td>\n<td colspan=\"1\" rowspan=\"1\">\n<div class=\"magic-15\">1-5 cm<\/div>\n<\/td>\n<\/tr>\n<tr>\n<td colspan=\"1\" rowspan=\"1\">\n<div class=\"magic-14\">Material<\/div>\n<\/td>\n<td colspan=\"1\" rowspan=\"1\">\n<div class=\"magic-15\">Bestruket papper<\/div>\n<\/td>\n<\/tr>\n<tr>\n<td colspan=\"1\" rowspan=\"1\">\n<div class=\"magic-14\">Substrat<\/div>\n<\/td>\n<td colspan=\"1\" rowspan=\"1\">\n<div class=\"magic-15\">S\u00c4LLSKAPSDJUR<\/div>\n<\/td>\n<\/tr>\n<tr>\n<td colspan=\"1\" rowspan=\"1\">\n<div class=\"magic-14\">Dia 50 mm Storlek<\/div>\n<\/td>\n<td colspan=\"1\" rowspan=\"1\">\n<div class=\"magic-15\">Dia 25 mm eller anpassning<\/div>\n<\/td>\n<\/tr>\n<tr>\n<td colspan=\"1\" rowspan=\"1\">\n<div class=\"magic-14\">Arbetsl\u00e4ge<\/div>\n<\/td>\n<td colspan=\"1\" rowspan=\"1\">\n<div class=\"magic-15\">Passiv<\/div>\n<\/td>\n<\/tr>\n<tr>\n<td colspan=\"1\" rowspan=\"1\">\n<div class=\"magic-14\">Skriv cykler<\/div>\n<\/td>\n<td colspan=\"1\" rowspan=\"1\">\n<div class=\"magic-15\">100000<\/div>\n<\/td>\n<\/tr>\n<tr>\n<td colspan=\"1\" rowspan=\"1\">\n<div class=\"magic-14\">Driftstemperatur\/fuktighet<\/div>\n<\/td>\n<td colspan=\"1\" rowspan=\"1\">\n<div class=\"magic-15\">-40~70\u2103\/20%~90% RH<\/div>\n<\/td>\n<\/tr>\n<tr>\n<td colspan=\"1\" rowspan=\"1\">\n<div class=\"magic-14\">F\u00f6rvaringstemperatur\/fuktighet<\/div>\n<\/td>\n<td colspan=\"1\" rowspan=\"1\">\n<div class=\"magic-15\">-20~50\u2103 \/ 20%~90% RH (utan kondens).<\/div>\n<\/td>\n<\/tr>\n<tr>\n<td colspan=\"1\" rowspan=\"1\">\n<div class=\"magic-14\">Provtillg\u00e4nglighet<\/div>\n<\/td>\n<td colspan=\"1\" rowspan=\"1\">\n<div class=\"magic-15\">Gratis prover finns tillg\u00e4ngliga p\u00e5 beg\u00e4ran<\/div>\n<\/td>\n<\/tr>\n<tr>\n<td colspan=\"1\" rowspan=\"1\">\n<div class=\"magic-14\">F\u00f6rpackning<\/div>\n<\/td>\n<td colspan=\"1\" rowspan=\"1\">\n<div class=\"magic-15\">1000-5000 st\/rulle, 4 rullar\/kartong<\/div>\n<\/td>\n<\/tr>\n<tr>\n<td colspan=\"1\" rowspan=\"1\">\n<div class=\"magic-14\">\n<p>Ans\u00f6kan<\/p>\n<div><\/div>\n<\/div>\n<\/td>\n<td colspan=\"1\" rowspan=\"1\">\n<div class=\"magic-15\" data-spm-anchor-id=\"a2700.details.0.i47.2ec61361oDo4aX\">S\u00e4ker entr\u00e9kontroll\/Kontantl\u00f6s betalning Medlemskap och lojalitetsprogram Event Access och Branding\/Sociala medier\/Detaljhandel<br \/>\nMilj\u00f6\/spel och leksaker Plats\/Elektronik\/m\u00e4ssor\/evenemang\/samtalsf\u00f6rfr\u00e5gan\/visitkort<\/div>\n<\/td>\n<\/tr>\n<\/tbody>\n<\/table>\n<p>&nbsp;<\/p>\n<p><strong>NXP<sup>\u00ae<\/sup>\u00a0har utvecklat MIFARE<sup>\u00ae<\/sup>\u00a0MF1ICS50 f\u00f6r anv\u00e4ndning i ett kontaktl\u00f6st smartkort enligt ISO\/IEC 14443 Type-A.<\/strong><\/p>\n<p>MIFARE MF1ICS50 IC anv\u00e4nds i applikationer som biljetter till kollektivtrafik d\u00e4r st\u00f6rre st\u00e4der har antagit MIFARE som sin e-biljettl\u00f6sning.<\/p>\n<p>En intelligent anti-kollisionsfunktion g\u00f6r det m\u00f6jligt att anv\u00e4nda mer \u00e4n ett kort i f\u00e4lt samtidigt. Antikollisionsalgoritmen v\u00e4ljer varje kort individuellt och s\u00e4kerst\u00e4ller att exekveringen av en transaktion med ett valt kort utf\u00f6rs korrekt utan datakorruption till f\u00f6ljd av andra kort i f\u00e4ltet.<\/p>\n<p>MF1ICS50 \u00e4r designad f\u00f6r enkel integration och anv\u00e4ndarbekv\u00e4mlighet. Vilket kan till\u00e5ta att fullst\u00e4ndiga biljetttransaktioner kan hanteras p\u00e5 mindre \u00e4n 100 ms. S\u00e5ledes tvingas MF1ICS50-kortanv\u00e4ndaren inte att stanna vid l\u00e4saren vilket leder till h\u00f6g genomstr\u00f6mning vid gates och minskade ombordstigningstider till bussar. Det produktbaserade MIFARE-kortet kan ocks\u00e5 finnas kvar i pl\u00e5nboken under transaktionen, \u00e4ven om det finns mynt i det.<\/p>\n<p>N\u00e5gra vanliga vanliga fr\u00e5gor om NXP Mifare 1k RFID NFC-inl\u00e4ggsdekaler:<\/p>\n<ol>\n<li>Vad \u00e4r en NXP Mifare 1k RFID NFC-inl\u00e4ggsdekal?<\/li>\n<\/ol>\n<ul>\n<li>Ett inl\u00e4ggsdekal best\u00e5r vanligtvis av ett litet RFID\/NFC-chip och antenn inb\u00e4ddade i ett tunt, sj\u00e4lvh\u00e4ftande lager. NXP Mifare 1k refererar till den specifika typen av chip som anv\u00e4nds i inl\u00e4gget.<\/li>\n<\/ul>\n<ol start=\"2\">\n<li>Vilka funktioner har NXP Mifare 1k RFID NFC-inl\u00e4ggsklisterm\u00e4rken?<\/li>\n<\/ol>\n<ul>\n<li>NXP Mifare 1k-chippet anv\u00e4nds ofta i applikationer som \u00e5tkomstkontroll, transport och lojalitetsprogram. Den erbjuder 1 kilobyte minne och st\u00f6der flera autentiseringsmetoder f\u00f6r s\u00e4ker datalagring.<\/li>\n<\/ul>\n<ol start=\"3\">\n<li>Hur kan NXP Mifare 1k RFID NFC-inl\u00e4ggsdekaler programmeras?<\/li>\n<\/ol>\n<ul>\n<li>Dessa inl\u00e4ggsdekaler kan programmeras med hj\u00e4lp av NFC-aktiverade enheter som smartphones eller dedikerade RFID\/NFC-l\u00e4sare. Detta m\u00f6jligg\u00f6r anpassning av data som lagras p\u00e5 chippet, s\u00e5som unika identifierare eller s\u00e4kerhetsnycklar.<\/li>\n<\/ul>\n<ol start=\"4\">\n<li>Vilka \u00e4r de typiska anv\u00e4ndningsfallen f\u00f6r NXP Mifare 1k RFID NFC-inl\u00e4ggsdekaler?<\/li>\n<\/ol>\n<ul>\n<li>Dessa inl\u00e4ggsdekaler anv\u00e4nds ofta f\u00f6r kontaktl\u00f6sa betalningssystem, passerkort, biljettl\u00f6sningar och lagersp\u00e5rning. De \u00e4r m\u00e5ngsidiga och kan integreras i olika applikationer som kr\u00e4ver RFID\/NFC-teknik.<\/li>\n<\/ul>\n<ol start=\"5\">\n<li>\u00c4r NXP Mifare 1k RFID NFC-inl\u00e4ggsdekaler s\u00e4kra?<\/li>\n<\/ol>\n<ul>\n<li>NXP Mifare 1k-chippet erbjuder inbyggda s\u00e4kerhetsfunktioner som kryptering och autentiseringsprotokoll f\u00f6r att f\u00f6rhindra obeh\u00f6rig \u00e5tkomst till data som lagras p\u00e5 chipet. Korrekt implementering av s\u00e4kerhets\u00e5tg\u00e4rder \u00e4r dock viktigt f\u00f6r att s\u00e4kerst\u00e4lla systemets \u00f6vergripande s\u00e4kerhet.<\/li>\n<\/ul>","protected":false},"excerpt":{"rendered":"<p>NFC-inl\u00e4gg med ett MIFARE Classic EV1 1K (MF1S503yX) NFC-chip. Dessa inl\u00e4gg \u00e4r designade f\u00f6r att vara tunna och billiga, med chipet och antennen placerade med framsidan ned\u00e5t p\u00e5 limmet. Inl\u00e4gget har en 4-byte NUID och antennen \u00e4r vanligtvis detekterbar n\u00e4r man k\u00f6r ett finger \u00f6ver ytan.<\/p>","protected":false},"featured_media":339,"template":"","meta":{"_kad_post_transparent":"default","_kad_post_title":"","_kad_post_layout":"default","_kad_post_sidebar_id":"","_kad_post_content_style":"default","_kad_post_vertical_padding":"default","_kad_post_feature":"","_kad_post_feature_position":"","_kad_post_header":false,"_kad_post_footer":false,"_kad_post_classname":""},"product_brand":[],"product_cat":[54,189],"product_tag":[112,147],"class_list":{"0":"post-338","1":"product","2":"type-product","3":"status-publish","4":"has-post-thumbnail","6":"product_cat-hot-selling-rfid-tags","7":"product_cat-rfid-inlay","8":"product_tag-13-56mhz-rfid-inlay","9":"product_tag-nxp-mifare-1k-rfid-nfc-inlay-sticker","11":"first","12":"instock","13":"shipping-taxable","14":"product-type-simple","15":"entry","16":"content-bg","17":"loop-entry"},"_links":{"self":[{"href":"https:\/\/rfid-laundry-tag.com\/sv\/wp-json\/wp\/v2\/product\/338","targetHints":{"allow":["GET"]}}],"collection":[{"href":"https:\/\/rfid-laundry-tag.com\/sv\/wp-json\/wp\/v2\/product"}],"about":[{"href":"https:\/\/rfid-laundry-tag.com\/sv\/wp-json\/wp\/v2\/types\/product"}],"version-history":[{"count":1,"href":"https:\/\/rfid-laundry-tag.com\/sv\/wp-json\/wp\/v2\/product\/338\/revisions"}],"predecessor-version":[{"id":717,"href":"https:\/\/rfid-laundry-tag.com\/sv\/wp-json\/wp\/v2\/product\/338\/revisions\/717"}],"wp:featuredmedia":[{"embeddable":true,"href":"https:\/\/rfid-laundry-tag.com\/sv\/wp-json\/wp\/v2\/media\/339"}],"wp:attachment":[{"href":"https:\/\/rfid-laundry-tag.com\/sv\/wp-json\/wp\/v2\/media?parent=338"}],"wp:term":[{"taxonomy":"product_brand","embeddable":true,"href":"https:\/\/rfid-laundry-tag.com\/sv\/wp-json\/wp\/v2\/product_brand?post=338"},{"taxonomy":"product_cat","embeddable":true,"href":"https:\/\/rfid-laundry-tag.com\/sv\/wp-json\/wp\/v2\/product_cat?post=338"},{"taxonomy":"product_tag","embeddable":true,"href":"https:\/\/rfid-laundry-tag.com\/sv\/wp-json\/wp\/v2\/product_tag?post=338"}],"curies":[{"name":"wp","href":"https:\/\/api.w.org\/{rel}","templated":true}]}}