{"id":334,"date":"2024-06-28T08:07:22","date_gmt":"2024-06-28T08:07:22","guid":{"rendered":"https:\/\/rfid-laundry-tag.com\/?post_type=product&#038;p=334"},"modified":"2024-06-28T08:17:53","modified_gmt":"2024-06-28T08:17:53","slug":"rfid-ntag213-nfc-coin-tag","status":"publish","type":"product","link":"https:\/\/rfid-laundry-tag.com\/sv\/rfid-ntag213-nfc-coin-tag\/","title":{"rendered":"RFID Ntag213 NFC mynttagg"},"content":{"rendered":"<p><strong>RFID Ntag213 NFC mynttagg<\/strong><\/p>\n<p style=\"text-align: left;\">Nyckelinformation: Waferproof och h\u00e5llbar.<\/p>\n<p style=\"text-align: left;\">Storlek och logotyp \u00e4r acceptabla.<\/p>\n<p style=\"text-align: left;\">Tryck: vit f\u00e4rg eller anpassa logotyp<\/p>\n<p style=\"text-align: left;\">Storlek: Diameter 25 mm, 30 mm<\/p>\n<p style=\"text-align: left;\">Min kvantitet: 1000 st<\/p>\n<p style=\"text-align: left;\">Chips: Ntag213, Ntag215, Ntag216 etc.<\/p>\n<p style=\"text-align: left;\">Ytterligare funktioner: logotyp, utskriftsserienummer, QR-kod, streckkoder, variabel data och serialisering etc.<\/p>\n<table border=\"1\" cellspacing=\"0\" cellpadding=\"0\">\n<tbody>\n<tr>\n<td colspan=\"2\">\n<p align=\"left\">Specifikationer<\/p>\n<\/td>\n<\/tr>\n<tr>\n<td>\n<p align=\"left\">Etikett\/chip Typ<\/p>\n<\/td>\n<td>\n<p align=\"left\">NXP Ntag213<\/p>\n<\/td>\n<\/tr>\n<tr>\n<td>\n<p align=\"left\">Driftsfrekvens<\/p>\n<\/td>\n<td>\n<p align=\"left\">13,56 MHz<\/p>\n<\/td>\n<\/tr>\n<tr>\n<td>\n<p align=\"left\">Testat l\u00e4sintervall<\/p>\n<\/td>\n<td>\n<p align=\"left\">0 \u2013 100 mm beroende p\u00e5 vilken effekt l\u00e4saren ger<\/p>\n<\/td>\n<\/tr>\n<tr>\n<td>\n<p align=\"left\">Multi-detektion<\/p>\n<\/td>\n<td>\n<p align=\"left\">Ja<\/p>\n<\/td>\n<\/tr>\n<tr>\n<td>\n<p align=\"left\">Storlek<\/p>\n<\/td>\n<td>Diameter 25 mm<\/td>\n<\/tr>\n<tr>\n<td>\n<p align=\"left\">Material<\/p>\n<\/td>\n<td>\n<p align=\"left\">PVC \/ PET \/ Antenn etc<\/p>\n<\/td>\n<\/tr>\n<tr>\n<td>\n<p align=\"left\">Protokoll:<\/p>\n<\/td>\n<td>\n<p align=\"left\">ISO14443A<\/p>\n<\/td>\n<\/tr>\n<tr>\n<td>\n<p align=\"left\">Milj\u00f6specifikation<\/p>\n<\/td>\n<td>\n<p align=\"left\">H\u00e5llbarhet 5 \u00e5r<\/p>\n<p align=\"left\">Rekommenderad: -25C till +50C<\/p>\n<p align=\"left\">Lagringsskick: 20% till 90%RH<\/p>\n<p align=\"left\">Drifttemperatur: -40C till +65C<\/p>\n<\/td>\n<\/tr>\n<tr>\n<td>\n<p align=\"left\">L\u00e4s\/skrivtider:<\/p>\n<\/td>\n<td>\n<p align=\"left\">100 000 g\u00e5nger<\/p>\n<\/td>\n<\/tr>\n<tr>\n<td>\n<p align=\"left\">Ans\u00f6kan:<\/p>\n<\/td>\n<td>\n<p align=\"left\" data-spm-anchor-id=\"a2700.wholesale.0.i54.a0d8206fLph15n\">Kollektivtrafik, \u00e5tkomsthantering, e-biljetter, logistik- och leveranshantering, produktionstillverkning och montering, vindruteetikett, dokumentsp\u00e5rning, tv\u00e4tthantering, bibliotekshantering, djuridentitet och s\u00e5 vidare<\/p>\n<\/td>\n<\/tr>\n<\/tbody>\n<\/table>\n<p>&nbsp;<\/p>\n<p>Denna RFID NFC-mynttagg med lim verkar vara en robust och p\u00e5litlig produkt, speciellt med de funktioner du har n\u00e4mnt. Inf\u00f6randet av antimetallmaterial, 3M-lim och ultraljudssvetsning f\u00f6rb\u00e4ttrar dess prestanda p\u00e5 metallytor och s\u00e4kerst\u00e4ller vattent\u00e4thet och anti-kastningsf\u00f6rm\u00e5ga. Anv\u00e4ndningen av en spole av ren koppartr\u00e5d f\u00f6r frekvensstabilitet \u00e4r ett utm\u00e4rkt val eftersom det m\u00f6jligg\u00f6r konsekventa kortl\u00e4savst\u00e5nd \u00e4ven i utmanande milj\u00f6er. Sammantaget b\u00f6r denna teknik ge tillf\u00f6rlitlig och konsekvent prestanda, vilket g\u00f6r den l\u00e4mplig f\u00f6r tuffa f\u00f6rh\u00e5llanden.<\/p>\n<p>RFID Ntag213 NFC-mynttaggen \u00e4r ett popul\u00e4rt val f\u00f6r olika applikationer, inklusive tillg\u00e5ngssp\u00e5rning, \u00e5tkomstkontroll och kontaktl\u00f6sa betalningar. Den kombinerar f\u00f6rdelarna med RFID-teknik med Near Field Communication-funktioner (NFC), vilket m\u00f6jligg\u00f6r s\u00f6ml\u00f6s kommunikation med kompatibla enheter p\u00e5 n\u00e4ra h\u00e5ll.<\/p>\n<p>Ntag213-chippet inb\u00e4ddat i mynttaggen erbjuder funktioner som antikollisionsfunktionalitet, snabba data\u00f6verf\u00f6ringshastigheter och kompatibilitet med ett brett utbud av NFC-aktiverade enheter. Myntbrickans ringa storlek, vanligtvis gjord av PVC eller transparent PVC-material, g\u00f6r den enkel att installera p\u00e5 tillg\u00e5ngar och ger h\u00e5llbarhet f\u00f6r inomhus- och utomhusbruk. Dessutom s\u00e4kerst\u00e4ller dess vattent\u00e4ta konstruktion tillf\u00f6rlitlig prestanda under olika milj\u00f6f\u00f6rh\u00e5llanden.<\/p>\n<p>Sammantaget \u00e4r RFID Ntag213 NFC-mynttaggen en m\u00e5ngsidig och p\u00e5litlig l\u00f6sning f\u00f6r att implementera RFID- och NFC-teknik i tillg\u00e5ngssp\u00e5rning och andra applikationer som kr\u00e4ver s\u00e4kert och effektivt datautbyte.<\/p>","protected":false},"excerpt":{"rendered":"<p>Ntag213 NFC-mynttaggen \u00e4r ett bra val f\u00f6r tillg\u00e5ngssp\u00e5rning p\u00e5 grund av dess ringa storlek, enkla installation och h\u00e5llbarhet. Med PVC-material eller PET-material \u00e4r chipminnet 144Byte.<\/p>","protected":false},"featured_media":335,"template":"","meta":{"_kad_post_transparent":"default","_kad_post_title":"","_kad_post_layout":"default","_kad_post_sidebar_id":"","_kad_post_content_style":"default","_kad_post_vertical_padding":"default","_kad_post_feature":"","_kad_post_feature_position":"","_kad_post_header":false,"_kad_post_footer":false,"_kad_post_classname":""},"product_brand":[],"product_cat":[54],"product_tag":[145,144],"class_list":{"0":"post-334","1":"product","2":"type-product","3":"status-publish","4":"has-post-thumbnail","6":"product_cat-hot-selling-rfid-tags","7":"product_tag-anti-metal-nfc-tag","8":"product_tag-anti-metal-rfid-nfc-sticker","10":"first","11":"instock","12":"shipping-taxable","13":"product-type-simple","14":"entry","15":"content-bg","16":"loop-entry"},"_links":{"self":[{"href":"https:\/\/rfid-laundry-tag.com\/sv\/wp-json\/wp\/v2\/product\/334","targetHints":{"allow":["GET"]}}],"collection":[{"href":"https:\/\/rfid-laundry-tag.com\/sv\/wp-json\/wp\/v2\/product"}],"about":[{"href":"https:\/\/rfid-laundry-tag.com\/sv\/wp-json\/wp\/v2\/types\/product"}],"version-history":[{"count":0,"href":"https:\/\/rfid-laundry-tag.com\/sv\/wp-json\/wp\/v2\/product\/334\/revisions"}],"wp:featuredmedia":[{"embeddable":true,"href":"https:\/\/rfid-laundry-tag.com\/sv\/wp-json\/wp\/v2\/media\/335"}],"wp:attachment":[{"href":"https:\/\/rfid-laundry-tag.com\/sv\/wp-json\/wp\/v2\/media?parent=334"}],"wp:term":[{"taxonomy":"product_brand","embeddable":true,"href":"https:\/\/rfid-laundry-tag.com\/sv\/wp-json\/wp\/v2\/product_brand?post=334"},{"taxonomy":"product_cat","embeddable":true,"href":"https:\/\/rfid-laundry-tag.com\/sv\/wp-json\/wp\/v2\/product_cat?post=334"},{"taxonomy":"product_tag","embeddable":true,"href":"https:\/\/rfid-laundry-tag.com\/sv\/wp-json\/wp\/v2\/product_tag?post=334"}],"curies":[{"name":"wp","href":"https:\/\/api.w.org\/{rel}","templated":true}]}}