{"id":332,"date":"2024-06-28T07:49:21","date_gmt":"2024-06-28T07:49:21","guid":{"rendered":"https:\/\/rfid-laundry-tag.com\/?post_type=product&#038;p=332"},"modified":"2024-06-28T08:02:32","modified_gmt":"2024-06-28T08:02:32","slug":"waterproof-pvc-ntag215-coin-nfc-tag","status":"publish","type":"product","link":"https:\/\/rfid-laundry-tag.com\/sv\/waterproof-pvc-ntag215-coin-nfc-tag\/","title":{"rendered":"Vattent\u00e4t PVC Ntag215 mynt NFC-tagg"},"content":{"rendered":"<p><strong>Vattent\u00e4t PVC Ntag215 mynt NFC-tagg<\/strong><\/p>\n<p>De <strong>Ntag215 mynt NFC-tagg<\/strong>, gjord av PVC (eller transparent PVC), \u00e4r ett utm\u00e4rkt alternativ f\u00f6r tillg\u00e5ngssp\u00e5rning p\u00e5 grund av dess:<\/p>\n<ul>\n<li><strong>Liten storlek:<\/strong>\u00a0L\u00e4tt att installera p\u00e5 olika tillg\u00e5ngar utan att l\u00e4gga till bulk.<\/li>\n<li><strong>Vattent\u00e4t design:<\/strong>\u00a0L\u00e4mplig f\u00f6r b\u00e5de inomhus- och utomhusapplikationer, \u00e4ven i tuffa milj\u00f6er.<\/li>\n<li><strong>Inbyggt 13,56 MHz NFC-chip:<\/strong>\u00a0M\u00f6jligg\u00f6r tillf\u00f6rlitlig data\u00f6verf\u00f6ring och kommunikation med RFID-l\u00e4sare.<\/li>\n<\/ul>\n<p><strong>Nyckelfunktioner:<\/strong><\/p>\n<ul>\n<li><strong>Material:<\/strong>\u00a0PVC (eller transparent PVC)<\/li>\n<li><strong>Chips:<\/strong>\u00a0Ntag215<\/li>\n<li><strong>Frekvens:<\/strong>\u00a013,56 MHz<\/li>\n<li><strong>Vattent\u00e4t:<\/strong>\u00a0Ja<\/li>\n<li><strong>Applikationer:<\/strong>\u00a0Tillg\u00e5ngssp\u00e5rning, lagerhantering, \u00e5tkomstkontroll och mer.<\/li>\n<\/ul>\n<table border=\"1\" cellspacing=\"0\" cellpadding=\"0\">\n<tbody>\n<tr>\n<td colspan=\"2\">\n<p align=\"left\">Specifikationer<\/p>\n<\/td>\n<\/tr>\n<tr>\n<td>\n<p align=\"left\">Etikett\/chip Typ<\/p>\n<\/td>\n<td>\n<p align=\"left\">NXP Ntag215<\/p>\n<\/td>\n<\/tr>\n<tr>\n<td>\n<p align=\"left\">Driftsfrekvens<\/p>\n<\/td>\n<td>\n<p align=\"left\">13,56 MHz<\/p>\n<\/td>\n<\/tr>\n<tr>\n<td>\n<p align=\"left\">Testat l\u00e4sintervall<\/p>\n<\/td>\n<td>\n<p align=\"left\">0 \u2013 100 mm beroende p\u00e5 vilken effekt l\u00e4saren ger<\/p>\n<\/td>\n<\/tr>\n<tr>\n<td>\n<p align=\"left\">Multi-detektion<\/p>\n<\/td>\n<td>\n<p align=\"left\">Ja<\/p>\n<\/td>\n<\/tr>\n<tr>\n<td>\n<p align=\"left\">Storlek<\/p>\n<\/td>\n<td>Diameter 25 mm<\/td>\n<\/tr>\n<tr>\n<td>\n<p align=\"left\">Material<\/p>\n<\/td>\n<td>\n<p align=\"left\">PVC \/ PET \/ Antenn etc<\/p>\n<\/td>\n<\/tr>\n<tr>\n<td>\n<p align=\"left\">Protokoll:<\/p>\n<\/td>\n<td>\n<p align=\"left\">ISO14443A<\/p>\n<\/td>\n<\/tr>\n<tr>\n<td>\n<p align=\"left\">Milj\u00f6specifikation<\/p>\n<\/td>\n<td>\n<p align=\"left\">H\u00e5llbarhet 5 \u00e5r<\/p>\n<p align=\"left\">Rekommenderad: -25C till +50C<\/p>\n<p align=\"left\">Lagringsskick: 20% till 90%RH<\/p>\n<p align=\"left\">Drifttemperatur: -40C till +65C<\/p>\n<\/td>\n<\/tr>\n<tr>\n<td>\n<p align=\"left\">L\u00e4s\/skrivtider:<\/p>\n<\/td>\n<td>\n<p align=\"left\">100 000 g\u00e5nger<\/p>\n<\/td>\n<\/tr>\n<tr>\n<td>\n<p align=\"left\">Ans\u00f6kan:<\/p>\n<\/td>\n<td>\n<p align=\"left\" data-spm-anchor-id=\"a2700.wholesale.0.i54.a0d8206fLph15n\">Kollektivtrafik, \u00e5tkomsthantering, e-biljetter, logistik- och leveranshantering, produktionstillverkning och montering, vindruteetikett, dokumentsp\u00e5rning, tv\u00e4tthantering, bibliotekshantering, djuridentitet och s\u00e5 vidare<\/p>\n<\/td>\n<\/tr>\n<\/tbody>\n<\/table>\n<p>&nbsp;<\/p>\n<p><strong>F\u00f6rdelar:<\/strong><\/p>\n<ul>\n<li><strong>F\u00f6rb\u00e4ttrad s\u00e4kerhet:<\/strong>\u00a0RFID-teknik hj\u00e4lper till att skydda mot st\u00f6ld och obeh\u00f6rig \u00e5tkomst.<\/li>\n<li><strong>F\u00f6rb\u00e4ttrad effektivitet:<\/strong>\u00a0Realtidssp\u00e5rning m\u00f6jligg\u00f6r effektiv tillg\u00e5ngshantering och lagerkontroll.<\/li>\n<li><strong>Kostnadseffektivitet:<\/strong>\u00a0Den h\u00e5llbara konstruktionen och den vattent\u00e4ta designen minimerar ers\u00e4ttningskostnaderna.<\/li>\n<li><strong>M\u00e5ngsidiga applikationer:<\/strong>\u00a0L\u00e4mplig f\u00f6r ett brett spektrum av industrier och anv\u00e4ndningsfall.<\/li>\n<\/ul>","protected":false},"excerpt":{"rendered":"<p>Den vattent\u00e4ta PVC Ntag215 mynt NFC-taggen erbjuder en p\u00e5litlig och m\u00e5ngsidig l\u00f6sning f\u00f6r tillg\u00e5ngssp\u00e5rningsbehov. Dess kompakta storlek, vattent\u00e4ta design och inb\u00e4ddade NFC-chip g\u00f6r det till ett v\u00e4rdefullt verktyg f\u00f6r organisationer som vill optimera sina tillg\u00e5ngshanteringsprocesser.<\/p>","protected":false},"featured_media":333,"template":"","meta":{"_kad_post_transparent":"default","_kad_post_title":"","_kad_post_layout":"default","_kad_post_sidebar_id":"","_kad_post_content_style":"default","_kad_post_vertical_padding":"default","_kad_post_feature":"","_kad_post_feature_position":"","_kad_post_header":false,"_kad_post_footer":false,"_kad_post_classname":""},"product_brand":[],"product_cat":[54],"product_tag":[145,144],"class_list":{"0":"post-332","1":"product","2":"type-product","3":"status-publish","4":"has-post-thumbnail","6":"product_cat-hot-selling-rfid-tags","7":"product_tag-anti-metal-nfc-tag","8":"product_tag-anti-metal-rfid-nfc-sticker","10":"first","11":"instock","12":"shipping-taxable","13":"product-type-simple","14":"entry","15":"content-bg","16":"loop-entry"},"_links":{"self":[{"href":"https:\/\/rfid-laundry-tag.com\/sv\/wp-json\/wp\/v2\/product\/332","targetHints":{"allow":["GET"]}}],"collection":[{"href":"https:\/\/rfid-laundry-tag.com\/sv\/wp-json\/wp\/v2\/product"}],"about":[{"href":"https:\/\/rfid-laundry-tag.com\/sv\/wp-json\/wp\/v2\/types\/product"}],"version-history":[{"count":0,"href":"https:\/\/rfid-laundry-tag.com\/sv\/wp-json\/wp\/v2\/product\/332\/revisions"}],"wp:featuredmedia":[{"embeddable":true,"href":"https:\/\/rfid-laundry-tag.com\/sv\/wp-json\/wp\/v2\/media\/333"}],"wp:attachment":[{"href":"https:\/\/rfid-laundry-tag.com\/sv\/wp-json\/wp\/v2\/media?parent=332"}],"wp:term":[{"taxonomy":"product_brand","embeddable":true,"href":"https:\/\/rfid-laundry-tag.com\/sv\/wp-json\/wp\/v2\/product_brand?post=332"},{"taxonomy":"product_cat","embeddable":true,"href":"https:\/\/rfid-laundry-tag.com\/sv\/wp-json\/wp\/v2\/product_cat?post=332"},{"taxonomy":"product_tag","embeddable":true,"href":"https:\/\/rfid-laundry-tag.com\/sv\/wp-json\/wp\/v2\/product_tag?post=332"}],"curies":[{"name":"wp","href":"https:\/\/api.w.org\/{rel}","templated":true}]}}