{"id":3242,"date":"2026-01-13T13:41:34","date_gmt":"2026-01-13T13:41:34","guid":{"rendered":"https:\/\/rfid-laundry-tag.com\/?post_type=product&#038;p=3242"},"modified":"2026-03-12T10:03:35","modified_gmt":"2026-03-12T10:03:35","slug":"mifare-s50-rfid-inlay","status":"publish","type":"product","link":"https:\/\/rfid-laundry-tag.com\/sv\/mifare-s50-rfid-inlay\/","title":{"rendered":"MIFARE S50 RFID-inl\u00e4gg"},"content":{"rendered":"<h2>MIFARE S50 RFID-inl\u00e4gg<\/h2>\n<p><span class=\"ng-star-inserted\">De <a href=\"https:\/\/rfid-laundry-tag.com\/sv\/rfid-inlay\/\">MIFARE S50\u00a0<\/a><\/span><strong class=\"ng-star-inserted\"><span class=\"ng-star-inserted\">RFID-inl\u00e4gg<\/span><\/strong><span class=\"ng-star-inserted\">\u00a0\u00e4r en banbrytande l\u00f6sning utformad f\u00f6r att effektivisera din verksamhet, f\u00f6rb\u00e4ttra s\u00e4kerheten och h\u00f6ja anv\u00e4ndarupplevelsen i en m\u00e4ngd olika applikationer. Denna kraftfulla men diskreta teknik ger dig m\u00f6jlighet att enkelt hantera \u00e5tkomst, behandla betalningar, sp\u00e5ra tillg\u00e5ngar och engagera kunder p\u00e5 innovativa s\u00e4tt. Den h\u00e4r produkten \u00e4r v\u00e4rd att k\u00f6pa eftersom den erbjuder o\u00f6vertr\u00e4ffad tillf\u00f6rlitlighet, kompatibilitet och enkel integration, vilket g\u00f6r den till det perfekta valet f\u00f6r f\u00f6retag som vill utnyttja kraften hos RFID. Oavsett om du vill implementera s\u00e4ker \u00e5tkomstkontroll, skapa ett s\u00f6ml\u00f6st kontantl\u00f6st betalningssystem eller revolutionera din lagerhantering, \u00e4r <a href=\"https:\/\/rfid-laundry-tag.com\/sv\/rfid-inlay\/\">MIFARE S50\u00a0<\/a><\/span><strong class=\"ng-star-inserted\"><span class=\"ng-star-inserted\">RFID-inl\u00e4gg<\/span><\/strong><span class=\"ng-star-inserted\">\u00a0ger den prestanda och m\u00e5ngsidighet du beh\u00f6ver f\u00f6r att lyckas. Enkelt uttryckt \u00e4r den h\u00e4r produkten ett m\u00e5ste.<\/span><\/p>\n<table class=\"has-title all magic-13\">\n<tbody>\n<tr>\n<td colspan=\"1\" rowspan=\"1\">\n<div class=\"magic-14\" data-spm-anchor-id=\"a2700.details.0.i37.2ec61361oDo4aX\">Produktnamn<\/div>\n<\/td>\n<td colspan=\"1\" rowspan=\"1\">\n<div class=\"magic-15\">MIFARE S50 RFID-inl\u00e4gg<\/div>\n<\/td>\n<\/tr>\n<tr>\n<td colspan=\"1\" rowspan=\"1\">\n<div class=\"magic-14\">Chips<\/div>\n<\/td>\n<td colspan=\"1\" rowspan=\"1\">\n<div class=\"magic-15\">MIFARE Classic\u00ae 1K<\/div>\n<\/td>\n<\/tr>\n<tr>\n<td colspan=\"1\" rowspan=\"1\">\n<div class=\"magic-14\">Frekvens<\/div>\n<\/td>\n<td colspan=\"1\" rowspan=\"1\">\n<div class=\"magic-15\">13,56 MHz<\/div>\n<\/td>\n<\/tr>\n<tr>\n<td colspan=\"1\" rowspan=\"1\">\n<div class=\"magic-14\">L\u00e4savst\u00e5nd<\/div>\n<\/td>\n<td colspan=\"1\" rowspan=\"1\">\n<div class=\"magic-15\">1-5 cm<\/div>\n<\/td>\n<\/tr>\n<tr>\n<td colspan=\"1\" rowspan=\"1\">\n<div class=\"magic-14\">Material<\/div>\n<\/td>\n<td colspan=\"1\" rowspan=\"1\">\n<div class=\"magic-15\">Bestruket papper<\/div>\n<\/td>\n<\/tr>\n<tr>\n<td colspan=\"1\" rowspan=\"1\">\n<div class=\"magic-14\">Substrat<\/div>\n<\/td>\n<td colspan=\"1\" rowspan=\"1\">\n<div class=\"magic-15\">S\u00c4LLSKAPSDJUR<\/div>\n<\/td>\n<\/tr>\n<tr>\n<td colspan=\"1\" rowspan=\"1\">\n<div class=\"magic-14\">Dia 50 mm Storlek<\/div>\n<\/td>\n<td colspan=\"1\" rowspan=\"1\">\n<div class=\"magic-15\">Dia 25 mm eller anpassning<\/div>\n<\/td>\n<\/tr>\n<tr>\n<td colspan=\"1\" rowspan=\"1\">\n<div class=\"magic-14\">Arbetsl\u00e4ge<\/div>\n<\/td>\n<td colspan=\"1\" rowspan=\"1\">\n<div class=\"magic-15\">Passiv<\/div>\n<\/td>\n<\/tr>\n<tr>\n<td colspan=\"1\" rowspan=\"1\">\n<div class=\"magic-14\">Skriv cykler<\/div>\n<\/td>\n<td colspan=\"1\" rowspan=\"1\">\n<div class=\"magic-15\">100000<\/div>\n<\/td>\n<\/tr>\n<tr>\n<td colspan=\"1\" rowspan=\"1\">\n<div class=\"magic-14\">Driftstemperatur\/fuktighet<\/div>\n<\/td>\n<td colspan=\"1\" rowspan=\"1\">\n<div class=\"magic-15\">-40~70\u2103\/20%~90% RH<\/div>\n<\/td>\n<\/tr>\n<tr>\n<td colspan=\"1\" rowspan=\"1\">\n<div class=\"magic-14\">F\u00f6rvaringstemperatur\/fuktighet<\/div>\n<\/td>\n<td colspan=\"1\" rowspan=\"1\">\n<div class=\"magic-15\">-20~50\u2103 \/ 20%~90% RH (utan kondens).<\/div>\n<\/td>\n<\/tr>\n<tr>\n<td colspan=\"1\" rowspan=\"1\">\n<div class=\"magic-14\">Provtillg\u00e4nglighet<\/div>\n<\/td>\n<td colspan=\"1\" rowspan=\"1\">\n<div class=\"magic-15\">Gratis prover finns tillg\u00e4ngliga p\u00e5 beg\u00e4ran<\/div>\n<\/td>\n<\/tr>\n<tr>\n<td colspan=\"1\" rowspan=\"1\">\n<div class=\"magic-14\">F\u00f6rpackning<\/div>\n<\/td>\n<td colspan=\"1\" rowspan=\"1\">\n<div class=\"magic-15\">1000-5000 st\/rulle, 4 rullar\/kartong<\/div>\n<\/td>\n<\/tr>\n<tr>\n<td colspan=\"1\" rowspan=\"1\">\n<div class=\"magic-14\">\n<p>Ans\u00f6kan<\/p>\n<div><\/div>\n<\/div>\n<\/td>\n<td colspan=\"1\" rowspan=\"1\">\n<div class=\"magic-15\" data-spm-anchor-id=\"a2700.details.0.i47.2ec61361oDo4aX\">S\u00e4ker entr\u00e9kontroll\/Kontantl\u00f6s betalning Medlemskap och lojalitetsprogram Event Access och Branding\/Sociala medier\/Detaljhandel<br \/>\nMilj\u00f6\/spel och leksaker Plats\/Elektronik\/m\u00e4ssor\/evenemang\/samtalsf\u00f6rfr\u00e5gan\/visitkort<\/div>\n<\/td>\n<\/tr>\n<\/tbody>\n<\/table>\n<p>&nbsp;<\/p>\n<p>MIFARE S50<a href=\"https:\/\/rfid-laundry-tag.com\/sv\/rfid-inlay\/\"> RFID-inl\u00e4gg\u00a0<\/a>\u00e4r en m\u00e5ngsidig l\u00f6sning utformad f\u00f6r att m\u00f6ta de v\u00e4xande kraven fr\u00e5n moderna applikationer. Detta NFC-aktiverade inl\u00e4gg arbetar med en frekvens p\u00e5 13,56 MHz och beh\u00e5ller alla de v\u00e4sentliga funktionerna i MIFARE Classic-tekniken samtidigt som den tillhandah\u00e5ller anv\u00e4ndarv\u00e4nlig funktionalitet. Med sin kompakta storlek p\u00e5 25 mm i diameter och 0,5 mm tjocklek \u00e4r den tillg\u00e4nglig i ett bekv\u00e4mt klisterm\u00e4rkeformat f\u00f6r blankt myntm\u00e4rke, vilket g\u00f6r det enkelt att f\u00e4sta och anv\u00e4nda i olika applikationer. Oavsett om du letar efter RFID-l\u00f6sningar f\u00f6r betalningssystem, \u00e5tkomstkontroll eller identifiering, erbjuder MIFARE Classic 1K Inlay o\u00f6vertr\u00e4ffad tillf\u00f6rlitlighet och prestanda.<\/p>\n<h3>Varf\u00f6r v\u00e4lja MIFARE S50 RFID-inl\u00e4gg?<\/h3>\n<ul>\n<li><strong>Enkel integration<\/strong>: Idealisk f\u00f6r en m\u00e4ngd olika applikationer, fr\u00e5n betalningssystem till evenemangsbiljetter, detta inl\u00e4gg integreras s\u00f6ml\u00f6st i befintliga plattformar.<\/li>\n<li><strong>Kostnadseffektiv l\u00f6sning<\/strong>: Med l\u00e5ga priser, h\u00f6g kvalitet och h\u00e5llbar design, \u00e4r den ett ekonomiskt alternativ utan att kompromissa med prestanda.<\/li>\n<li><strong>Anv\u00e4ndarv\u00e4nlig<\/strong>: Det tomma klisterm\u00e4rkeformatet m\u00f6jligg\u00f6r enkel m\u00e4rkning och anpassade applikationer, vilket f\u00f6rb\u00e4ttrar anv\u00e4ndarupplevelsen.<\/li>\n<\/ul>\n<h3>NFC-teknik f\u00f6rklaras<\/h3>\n<p>NFC-tekniken (Near Field Communication) utg\u00f6r ryggraden i <strong>MIFARE Classic 1K Inlay<\/strong>. Genom att anv\u00e4nda denna teknik m\u00f6jligg\u00f6r inl\u00e4gget kontaktl\u00f6s datautbyte mellan enheter. Denna funktion \u00e4r inte bara begr\u00e4nsad till kort- och l\u00e4sarinteraktioner utan underl\u00e4ttar \u00e4ven mobila betalningar och s\u00e4ker \u00e5tkomstkontroll.<\/p>\n<h3>Viktiga f\u00f6rdelar med MIFARE Classic 1K<\/h3>\n<ul>\n<li><strong>F\u00f6rb\u00e4ttrad s\u00e4kerhet<\/strong>: Med en unik 4-byte UID hj\u00e4lper MIFARE Classic 1K Inlay att f\u00f6rhindra dataduplicering och l\u00e4gger till ett extra lager av s\u00e4kerhet till dina applikationer.<\/li>\n<li><strong>M\u00e5ngsidighet<\/strong>: L\u00e4mplig f\u00f6r olika ber\u00f6ringsfria applikationer, fr\u00e5n detaljhandel till transport, vilket \u00f6kar anv\u00e4ndarens engagemang.<\/li>\n<li><strong>Kompatibilitet<\/strong>: Fullt kompatibel med ACR122U l\u00e4sare\/skrivare, tillsammans med andra MIFARE Classic-enheter, vilket g\u00f6r den till ett universellt verktyg i din NFC-arsenal.<\/li>\n<\/ul>\n<h3>Anv\u00e4ndningsinstruktioner<\/h3>\n<p>F\u00f6r att anv\u00e4nda MIFARE S50 RFID-inl\u00e4gget, f\u00e4st det helt enkelt p\u00e5 \u00f6nskad yta med den medf\u00f6ljande sj\u00e4lvh\u00e4ftande baksidan. Se till att ytan \u00e4r ren och torr f\u00f6r optimal vidh\u00e4ftning. N\u00e4r det \u00e4r f\u00e4st kan inl\u00e4gget l\u00e4sas och skrivas till med en NFC-aktiverad enhet eller kompatibel l\u00e4sare, till exempel ACR122U.<\/p>\n<h3>Milj\u00f6p\u00e5verkan<\/h3>\n<p>MIFARE S50 RFID-inl\u00e4gg \u00e4r tillverkat med h\u00e4nsyn till milj\u00f6n. Genom att anv\u00e4nda h\u00e5llbara och \u00e5tervinningsbara material s\u00e4kerst\u00e4ller du att du, samtidigt som du bidrar till dina personliga eller aff\u00e4rsm\u00e4ssiga behov, ocks\u00e5 \u00e4gnar dig \u00e5t milj\u00f6v\u00e4nliga metoder.<\/p>\n<h2 class=\"ng-star-inserted\"><strong class=\"ng-star-inserted\"><span class=\"ng-star-inserted\">RFID-tagg och inl\u00e4gg: Obegr\u00e4nsade applikationsm\u00f6jligheter<\/span><\/strong><\/h2>\n<p class=\"ng-star-inserted\"><span class=\"ng-star-inserted\">MIFARE S50 RFID-inl\u00e4gg<\/span><span class=\"ng-star-inserted\">\u00a0\u00e4r en m\u00e5ngsidig l\u00f6sning som kan anv\u00e4ndas i en m\u00e4ngd olika till\u00e4mpningar, inklusive:<\/span><\/p>\n<ul class=\"ng-star-inserted\">\n<li class=\"ng-star-inserted\">\n<p class=\"ng-star-inserted\"><strong class=\"ng-star-inserted\"><span class=\"ng-star-inserted\">S\u00e4ker tilltr\u00e4deskontroll:<\/span><\/strong><span class=\"ng-star-inserted\">\u00a0Ge \u00e5tkomst till beh\u00f6rig personal och f\u00f6rhindra obeh\u00f6rig \u00e5tkomst. Perfekt f\u00f6r kontor, evenemang och omr\u00e5den med begr\u00e4nsat tilltr\u00e4de.<\/span><\/p>\n<\/li>\n<li class=\"ng-star-inserted\">\n<p class=\"ng-star-inserted\"><strong class=\"ng-star-inserted\"><span class=\"ng-star-inserted\">Kontantl\u00f6s betalning:<\/span><\/strong><span class=\"ng-star-inserted\">\u00a0M\u00f6jligg\u00f6r s\u00f6ml\u00f6sa och s\u00e4kra betalningar i slutna milj\u00f6er som temaparker, resorter och f\u00f6retagscampus.<\/span><\/p>\n<\/li>\n<li class=\"ng-star-inserted\">\n<p class=\"ng-star-inserted\"><strong class=\"ng-star-inserted\"><span class=\"ng-star-inserted\">Medlemskap och lojalitetsprogram:<\/span><\/strong><span class=\"ng-star-inserted\">\u00a0Sp\u00e5ra medlemsaktivitet, bel\u00f6na lojala kunder och anpassa upplevelser.<\/span><\/p>\n<\/li>\n<li class=\"ng-star-inserted\">\n<p class=\"ng-star-inserted\"><strong class=\"ng-star-inserted\"><span class=\"ng-star-inserted\">Tillg\u00e5ng till evenemang och varum\u00e4rkesbyggande:<\/span><\/strong><span class=\"ng-star-inserted\">\u00a0Effektivisera inmatningen, samla in v\u00e4rdefull data och \u00f6ka deltagarnas engagemang.<\/span><\/p>\n<\/li>\n<li class=\"ng-star-inserted\">\n<p class=\"ng-star-inserted\"><strong class=\"ng-star-inserted\"><span class=\"ng-star-inserted\">Sociala medier:<\/span><\/strong><span class=\"ng-star-inserted\">\u00a0Skapa interaktiva upplevelser genom att b\u00e4dda in inl\u00e4gg i marknadsf\u00f6ringsmaterial, s\u00e5 att anv\u00e4ndare kan f\u00e5 kontakt med ditt varum\u00e4rke online.<\/span><\/p>\n<\/li>\n<li class=\"ng-star-inserted\">\n<p class=\"ng-star-inserted\"><strong class=\"ng-star-inserted\"><span class=\"ng-star-inserted\">Detaljhandelsmilj\u00f6:<\/span><\/strong><span class=\"ng-star-inserted\">\u00a0Hantera lager, f\u00f6rhindra st\u00f6ld och f\u00e5 v\u00e4rdefulla insikter i kundernas beteende.<\/span><\/p>\n<\/li>\n<li class=\"ng-star-inserted\">\n<p class=\"ng-star-inserted\"><strong class=\"ng-star-inserted\"><span class=\"ng-star-inserted\">Spel och leksaker:<\/span><\/strong><span class=\"ng-star-inserted\">\u00a0L\u00e4gg till en ny dimension av interaktivitet och engagemang till leksaker och spel.<\/span><\/p>\n<\/li>\n<li class=\"ng-star-inserted\">\n<p class=\"ng-star-inserted\"><strong class=\"ng-star-inserted\"><span class=\"ng-star-inserted\">Plats:<\/span><\/strong><span class=\"ng-star-inserted\">\u00a0Sp\u00e5ra tillg\u00e5ngar, \u00f6vervaka r\u00f6relser och f\u00f6rb\u00e4ttra logistikeffektiviteten.<\/span><\/p>\n<\/li>\n<li class=\"ng-star-inserted\">\n<p class=\"ng-star-inserted\"><strong class=\"ng-star-inserted\"><span class=\"ng-star-inserted\">Elektronik:<\/span><\/strong><span class=\"ng-star-inserted\">\u00a0B\u00e4dda in inl\u00e4gg i elektroniska enheter f\u00f6r autentisering, sp\u00e5rning och \u00e5tg\u00e4rder mot f\u00f6rfalskning.<\/span><\/p>\n<\/li>\n<li class=\"ng-star-inserted\">\n<p class=\"ng-star-inserted\"><strong class=\"ng-star-inserted\"><span class=\"ng-star-inserted\">M\u00e4ssor\/Evenemang:<\/span><\/strong><span class=\"ng-star-inserted\">\u00a0Underl\u00e4tta leadgenerering, sp\u00e5ra deltagarnas intressen och erbjuda interaktiva upplevelser.<\/span><\/p>\n<\/li>\n<li class=\"ng-star-inserted\">\n<p class=\"ng-star-inserted\"><strong class=\"ng-star-inserted\"><span class=\"ng-star-inserted\">Samtalsf\u00f6rfr\u00e5gan:<\/span><\/strong><span class=\"ng-star-inserted\">\u00a0G\u00f6r det m\u00f6jligt f\u00f6r anv\u00e4ndare att beg\u00e4ra information eller hj\u00e4lp med ett enkelt tryck.<\/span><\/p>\n<\/li>\n<li class=\"ng-star-inserted\">\n<p class=\"ng-star-inserted\"><strong class=\"ng-star-inserted\"><span class=\"ng-star-inserted\">Visitkort:<\/span><\/strong><span class=\"ng-star-inserted\">\u00a0F\u00f6rvandla traditionella visitkort till interaktiva verktyg f\u00f6r n\u00e4tverkande och informationsdelning.<\/span><\/p>\n<\/li>\n<\/ul>\n<h2>Vanliga fr\u00e5gor<\/h2>\n<ul>\n<li><strong>Vilken \u00e4r r\u00e4ckvidden f\u00f6r MIFARE S50 RFID-inl\u00e4gget?<\/strong><br \/>\nDen effektiva r\u00e4ckvidden \u00e4r vanligtvis cirka 10 cm vid anv\u00e4ndning av typiska NFC-l\u00e4sare.<\/li>\n<li><strong>Kan jag anpassa MIFARE S50 RFID-inl\u00e4gget?<\/strong><br \/>\nJa, inl\u00e4ggen kan skrivas ut eller kodas med anpassade data, vilket g\u00f6r dem l\u00e4mpliga f\u00f6r olika applikationer.<\/li>\n<li><strong>\u00c4r MIFARE S50 RFID-inl\u00e4gget vattent\u00e4tt?<\/strong><br \/>\n\u00c4ven om inl\u00e4ggen \u00e4r designade f\u00f6r att t\u00e5la m\u00e5ttliga milj\u00f6f\u00f6rh\u00e5llanden, rekommenderas det att undvika l\u00e5ngvarig exponering f\u00f6r vatten f\u00f6r att bibeh\u00e5lla optimal funktionalitet.<\/li>\n<\/ul>","protected":false},"excerpt":{"rendered":"<p>MIFARE S50 RFID-inl\u00e4gg, en m\u00e5ngsidig NFC-l\u00f6sning med 1K-minne f\u00f6r s\u00e4kra, kontaktl\u00f6sa applikationer i olika milj\u00f6er.<\/p>","protected":false},"featured_media":3243,"template":"","meta":{"_kad_post_transparent":"default","_kad_post_title":"","_kad_post_layout":"default","_kad_post_sidebar_id":"","_kad_post_content_style":"default","_kad_post_vertical_padding":"default","_kad_post_feature":"","_kad_post_feature_position":"","_kad_post_header":false,"_kad_post_footer":false,"_kad_post_classname":""},"product_brand":[],"product_cat":[189],"product_tag":[398,111,194,393,108,399],"class_list":{"0":"post-3242","1":"product","2":"type-product","3":"status-publish","4":"has-post-thumbnail","6":"product_cat-rfid-inlay","7":"product_tag-mifare-s50-rfid-inlay","8":"product_tag-nfc-inlay","9":"product_tag-nfc-rfid-inlay","10":"product_tag-nfc-wet-inlay-sticker-tag-clear","11":"product_tag-rfid-inlay","12":"product_tag-rfid-inlay-factory","14":"first","15":"instock","16":"shipping-taxable","17":"product-type-simple","18":"entry","19":"content-bg","20":"loop-entry"},"_links":{"self":[{"href":"https:\/\/rfid-laundry-tag.com\/sv\/wp-json\/wp\/v2\/product\/3242","targetHints":{"allow":["GET"]}}],"collection":[{"href":"https:\/\/rfid-laundry-tag.com\/sv\/wp-json\/wp\/v2\/product"}],"about":[{"href":"https:\/\/rfid-laundry-tag.com\/sv\/wp-json\/wp\/v2\/types\/product"}],"version-history":[{"count":1,"href":"https:\/\/rfid-laundry-tag.com\/sv\/wp-json\/wp\/v2\/product\/3242\/revisions"}],"predecessor-version":[{"id":3247,"href":"https:\/\/rfid-laundry-tag.com\/sv\/wp-json\/wp\/v2\/product\/3242\/revisions\/3247"}],"wp:featuredmedia":[{"embeddable":true,"href":"https:\/\/rfid-laundry-tag.com\/sv\/wp-json\/wp\/v2\/media\/3243"}],"wp:attachment":[{"href":"https:\/\/rfid-laundry-tag.com\/sv\/wp-json\/wp\/v2\/media?parent=3242"}],"wp:term":[{"taxonomy":"product_brand","embeddable":true,"href":"https:\/\/rfid-laundry-tag.com\/sv\/wp-json\/wp\/v2\/product_brand?post=3242"},{"taxonomy":"product_cat","embeddable":true,"href":"https:\/\/rfid-laundry-tag.com\/sv\/wp-json\/wp\/v2\/product_cat?post=3242"},{"taxonomy":"product_tag","embeddable":true,"href":"https:\/\/rfid-laundry-tag.com\/sv\/wp-json\/wp\/v2\/product_tag?post=3242"}],"curies":[{"name":"wp","href":"https:\/\/api.w.org\/{rel}","templated":true}]}}