{"id":324,"date":"2024-06-28T06:46:40","date_gmt":"2024-06-28T06:46:40","guid":{"rendered":"https:\/\/rfid-laundry-tag.com\/?post_type=product&#038;p=324"},"modified":"2024-08-14T16:46:59","modified_gmt":"2024-08-14T16:46:59","slug":"nxp-ntag213-nfc-inlay-144byte","status":"publish","type":"product","link":"https:\/\/rfid-laundry-tag.com\/sv\/nxp-ntag213-nfc-inlay-144byte\/","title":{"rendered":"NXP Ntag213 NFC Inlay 144Byte"},"content":{"rendered":"<div>\n<div>NXP Ntag213 NFC Inlay 144Byte<\/div>\n<div><\/div>\n<div>RFID NFC-inl\u00e4gg spelar en viktig roll i den optimerade driften av radiofrekvensbaserade system.<\/div>\n<div>I samband med NXP Ntag213 NFC Inlay med en kapacitet p\u00e5 144 byte kan detta vara s\u00e4rskilt sant.<\/div>\n<div>Dessa inl\u00e4gg finns i tv\u00e5 former, v\u00e5ta och torra, som var och en har ett unikt syfte.<\/div>\n<div><\/div>\n<div><\/div>\n<div class=\"auto-hide-last-sibling-br paragraph_9dc5f paragraph-element\">NTAG213-chippet erbjuder en m\u00e4ngd f\u00f6rdelar, s\u00e5som:<\/div>\n<p>&nbsp;<\/p>\n<ul class=\"auto-hide-last-sibling-br\">\n<li>Kontaktl\u00f6s energi- och data\u00f6verf\u00f6ring<\/li>\n<li>Snabb l\u00e4sning<\/li>\n<li>F\u00f6rb\u00e4ttrad RF-prestanda<\/li>\n<li>S\u00e4kerhetsfunktioner, inklusive l\u00f6senordsskydd och antikollisionsfunktioner<\/li>\n<li>Full \u00f6verensst\u00e4mmelse med specifikationerna f\u00f6r NFC Forum Tag Type 2<\/li>\n<\/ul>\n<\/div>\n<div>\n<table class=\"all magic-9\">\n<tbody>\n<tr>\n<td colspan=\"1\" rowspan=\"1\">\n<div class=\"magic-10\">Material<\/div>\n<\/td>\n<td colspan=\"1\" rowspan=\"1\">\n<div class=\"magic-11\" data-spm-anchor-id=\"a2700.details.0.i85.504d267eS1Hb6u\">PET, PVC, bestruket papper, etc.<\/div>\n<\/td>\n<\/tr>\n<tr>\n<td colspan=\"1\" rowspan=\"1\">\n<div class=\"magic-10\">Chips<\/div>\n<\/td>\n<td colspan=\"1\" rowspan=\"1\">\n<div class=\"magic-11\">Ntag213\/Ntag215\/Ntag216 etc<\/div>\n<\/td>\n<\/tr>\n<tr>\n<td colspan=\"1\" rowspan=\"1\">\n<div class=\"magic-10\">Frekvens<\/div>\n<\/td>\n<td colspan=\"1\" rowspan=\"1\">\n<div class=\"magic-11\">13,56 MHz<\/div>\n<\/td>\n<\/tr>\n<tr>\n<td colspan=\"1\" rowspan=\"1\">\n<div class=\"magic-10\">Protokoll<\/div>\n<\/td>\n<td colspan=\"1\" rowspan=\"1\">\n<div class=\"magic-11\">ISO 14443A<\/div>\n<\/td>\n<\/tr>\n<tr>\n<td colspan=\"1\" rowspan=\"1\">\n<div class=\"magic-10\">Storlek<\/div>\n<\/td>\n<td colspan=\"1\" rowspan=\"1\">\n<div class=\"magic-11\">Diameter 25, 30, 35 mm eller anpassad storlek<\/div>\n<\/td>\n<\/tr>\n<tr>\n<td colspan=\"1\" rowspan=\"1\">\n<div class=\"magic-10\">S\u00e4rdrag<\/div>\n<\/td>\n<td colspan=\"1\" rowspan=\"1\">\n<div class=\"magic-11\">Vattent\u00e4t, kraftig, tryck anpassat<\/div>\n<\/td>\n<\/tr>\n<tr>\n<td colspan=\"1\" rowspan=\"1\">\n<div class=\"magic-10\">Prov<\/div>\n<\/td>\n<td colspan=\"1\" rowspan=\"1\">\n<div class=\"magic-11\">gratis tillg\u00e4nglig<\/div>\n<\/td>\n<\/tr>\n<tr>\n<td colspan=\"1\" rowspan=\"1\">\n<div class=\"magic-10\">L\u00e4s avst\u00e5nd<\/div>\n<\/td>\n<td colspan=\"1\" rowspan=\"1\">\n<div class=\"magic-11\" data-spm-anchor-id=\"a2700.details.0.i84.504d267eS1Hb6u\">0-10 cm<\/div>\n<\/td>\n<\/tr>\n<\/tbody>\n<\/table>\n<\/div>\n<div><\/div>\n<div><\/div>\n<div><strong>RFID NFC-inl\u00e4gg<\/strong> finns i tv\u00e5 typer, v\u00e5t och torr. En v\u00e5t RFID NFC-inl\u00e4gg kommer med en klibbig baksida, medan en torr inte g\u00f6r det. De tillhandah\u00e5ller ett taggalternativ som fungerar p\u00e5 13,56 MHz speciellt designat f\u00f6r originalutrustningstillverkare (OEM). B\u00e5de ISO 15693 och 14443 NFC minneskretsar finns tillg\u00e4ngliga f\u00f6r dessa inl\u00e4gg.<\/div>\n<div><\/div>\n<div class=\"text-title\"><strong><span class=\"magic-26\" style=\"font-family: Arial;\" data-spm-anchor-id=\"a2700.details.0.i47.6f4d7d7dnursE7\">Torr inl\u00e4gg<\/span><\/strong><\/div>\n<div class=\"text-content\">\n<p><span class=\"magic-6\" style=\"font-family: Arial;\">Enkelt sagt, RFID torr inl\u00e4gg \u00e4r en kombination av RFID-chip och antenn. Det kan anv\u00e4ndas f\u00f6r att g\u00f6ra NFC-klisterm\u00e4rken, RFID-etikett, RFID-biljett och olika RFID-taggar. <\/span><\/p>\n<div data-spm-anchor-id=\"a2700.details.0.i46.6f4d7d7dnursE7\">\n<p><span class=\"magic-6\" style=\"font-family: Arial;\"> Antenn av torrt inl\u00e4gg \u00e4r aluminiumetsning, som \u00e4r tunnare j\u00e4mf\u00f6rt med kopparspiral. Antennens form kan anpassas och designas om p\u00e5 beg\u00e4ran.<\/span><\/p>\n<p>&nbsp;<\/p>\n<\/div>\n<\/div>\n<div>\n<div class=\"text-title\"><strong><span class=\"magic-26\" style=\"font-family: Arial;\">Bl\u00f6t inl\u00e4gg<\/span><\/strong><\/div>\n<div class=\"text-content\">\n<p><span class=\"magic-6\" style=\"font-family: Arial;\" data-spm-anchor-id=\"a2700.details.0.i49.6f4d7d7dnursE7\">RFID torra inl\u00e4gg tillsatt med ett lim kallas v\u00e5t inl\u00e4gg. Den kan anv\u00e4ndas som en RFID-etikett eller NFC-dekal direkt om du inte beh\u00f6ver n\u00e5gon utskrift p\u00e5 ytan. Att klistras p\u00e5 f\u00f6rem\u00e5len kan spara kostnader och uppn\u00e5 samma syfte. Det anv\u00e4nds ocks\u00e5 i stor utstr\u00e4ckning vid tillverkning av RFID-taggar. Antenn av v\u00e5t inl\u00e4gg \u00e4r aluminiumetsning, som \u00e4r tunnare j\u00e4mf\u00f6rt med kopparspiral. Antennens form kan anpassas och designas om p\u00e5 beg\u00e4ran.<\/span><\/p>\n<div><span class=\"magic-6\" style=\"font-family: Arial;\">\u00a0<\/span><\/div>\n<div data-spm-anchor-id=\"a2700.details.0.i48.6f4d7d7dnursE7\"><\/div>\n<\/div>\n<\/div>","protected":false},"excerpt":{"rendered":"<p>NXP Ntag213 NFC Inlay 144Byte \u00e4r en specifik typ av IC-kompatibel med NFC Forum Type 2 Tag, med 144 byte anv\u00e4ndarminne. Den \u00e4r designad med m\u00e5ngsidighet i \u00e5tanke, l\u00e4mplig f\u00f6r olika applikationer inom industrier som detaljhandel, spel och hemelektronik, bland annat.<\/p>","protected":false},"featured_media":326,"template":"","meta":{"_kad_post_transparent":"default","_kad_post_title":"","_kad_post_layout":"default","_kad_post_sidebar_id":"","_kad_post_content_style":"default","_kad_post_vertical_padding":"default","_kad_post_feature":"","_kad_post_feature_position":"","_kad_post_header":false,"_kad_post_footer":false,"_kad_post_classname":""},"product_brand":[],"product_cat":[54,189],"product_tag":[111,140,110],"class_list":{"0":"post-324","1":"product","2":"type-product","3":"status-publish","4":"has-post-thumbnail","6":"product_cat-hot-selling-rfid-tags","7":"product_cat-rfid-inlay","8":"product_tag-nfc-inlay","9":"product_tag-nxp-ntag213-nfc-inlay-144byte","10":"product_tag-rfid-nfc-inlay","12":"first","13":"instock","14":"shipping-taxable","15":"product-type-simple","16":"entry","17":"content-bg","18":"loop-entry"},"_links":{"self":[{"href":"https:\/\/rfid-laundry-tag.com\/sv\/wp-json\/wp\/v2\/product\/324","targetHints":{"allow":["GET"]}}],"collection":[{"href":"https:\/\/rfid-laundry-tag.com\/sv\/wp-json\/wp\/v2\/product"}],"about":[{"href":"https:\/\/rfid-laundry-tag.com\/sv\/wp-json\/wp\/v2\/types\/product"}],"version-history":[{"count":3,"href":"https:\/\/rfid-laundry-tag.com\/sv\/wp-json\/wp\/v2\/product\/324\/revisions"}],"predecessor-version":[{"id":1336,"href":"https:\/\/rfid-laundry-tag.com\/sv\/wp-json\/wp\/v2\/product\/324\/revisions\/1336"}],"wp:featuredmedia":[{"embeddable":true,"href":"https:\/\/rfid-laundry-tag.com\/sv\/wp-json\/wp\/v2\/media\/326"}],"wp:attachment":[{"href":"https:\/\/rfid-laundry-tag.com\/sv\/wp-json\/wp\/v2\/media?parent=324"}],"wp:term":[{"taxonomy":"product_brand","embeddable":true,"href":"https:\/\/rfid-laundry-tag.com\/sv\/wp-json\/wp\/v2\/product_brand?post=324"},{"taxonomy":"product_cat","embeddable":true,"href":"https:\/\/rfid-laundry-tag.com\/sv\/wp-json\/wp\/v2\/product_cat?post=324"},{"taxonomy":"product_tag","embeddable":true,"href":"https:\/\/rfid-laundry-tag.com\/sv\/wp-json\/wp\/v2\/product_tag?post=324"}],"curies":[{"name":"wp","href":"https:\/\/api.w.org\/{rel}","templated":true}]}}