{"id":321,"date":"2024-06-28T06:45:35","date_gmt":"2024-06-28T06:45:35","guid":{"rendered":"https:\/\/rfid-laundry-tag.com\/?post_type=product&#038;p=321"},"modified":"2024-06-28T06:45:35","modified_gmt":"2024-06-28T06:45:35","slug":"i-code-slix-rfid-library-book-sticker-5050mm","status":"publish","type":"product","link":"https:\/\/rfid-laundry-tag.com\/sv\/i-code-slix-rfid-library-book-sticker-5050mm\/","title":{"rendered":"I CODE SLIX RFID Library Book Sticker 50*50mm"},"content":{"rendered":"<table style=\"font-family: var(--global-body-font-family);\" width=\"772\">\n<tbody>\n<tr>\n<td width=\"153\"><strong>Produktnamn<\/strong><\/td>\n<td width=\"619\"><strong>\u00a0JAG KODER SLIX RFID biblioteksbokklisterm\u00e4rke\u00a0<\/strong><\/td>\n<\/tr>\n<tr>\n<td width=\"153\">Material<\/td>\n<td width=\"619\">PET+Al+Papper\/PVC\/PET<\/td>\n<\/tr>\n<tr>\n<td width=\"153\">F\u00e4rg<\/td>\n<td width=\"619\">cmyk, fyrf\u00e4rgstryck<\/td>\n<\/tr>\n<tr>\n<td width=\"153\">Etikettdimension<\/td>\n<td width=\"619\">45*45mm, 50*50mm, etc<\/td>\n<\/tr>\n<tr>\n<td width=\"153\">Chips<\/td>\n<td width=\"619\">\u00a0JAG KODER SLIX ,ICODE\u00ae SLIX-S etc<\/td>\n<\/tr>\n<tr>\n<td width=\"153\">Protokoll<\/td>\n<td width=\"619\">ISO15693<\/td>\n<\/tr>\n<tr>\n<td width=\"153\">Frekvens<\/td>\n<td width=\"619\">13,56 MHz<\/td>\n<\/tr>\n<tr>\n<td width=\"153\">L\u00e4savst\u00e5nd<\/td>\n<td width=\"619\">HF :1-30cm beror p\u00e5 l\u00e4sare och milj\u00f6<\/td>\n<\/tr>\n<tr>\n<td width=\"153\">Utskrift<\/td>\n<td width=\"619\">CMYK, anpassad utskrift, blank<\/td>\n<\/tr>\n<tr>\n<td width=\"153\">Paket<\/td>\n<td width=\"619\">2000 st\/rulle, 16000 st\/ctn, anpassad<\/td>\n<\/tr>\n<tr>\n<td width=\"153\">Gratis prov<\/td>\n<td width=\"619\">Ja<\/td>\n<\/tr>\n<\/tbody>\n<\/table>\n<p>&nbsp;<\/p>\n<p>Systemet, fr\u00e4mst utformat f\u00f6r att f\u00f6rb\u00e4ttra effektiviteten i bok- och filhanteringsprocedurer, hj\u00e4lper till med lagerkontroller, sp\u00e5rning av platser, m\u00f6jligg\u00f6r sj\u00e4lvbetj\u00e4ningssystem f\u00f6r bokreturer och f\u00f6rhindrar st\u00f6ld, f\u00f6r att n\u00e4mna n\u00e5gra funktioner. Dess anv\u00e4ndning optimerar biblioteksverksamheten avsev\u00e4rt, vilket g\u00f6r det till ett smart val f\u00f6r moderna bibliotek.<\/p>\n<div class=\"auto-hide-last-sibling-br paragraph_9dc5f paragraph-element\">I CODE SLIX RFID Library Book Sticker \u00e4r en effektiv l\u00f6sning f\u00f6r smart hantering av biblioteksresurser. H\u00e4r \u00e4r dess funktioner och svar p\u00e5 n\u00e5gra vanliga fr\u00e5gor:<\/div>\n<p>&nbsp;<\/p>\n<div class=\"auto-hide-last-sibling-br paragraph_9dc5f paragraph-element\"><strong>Funktioner hos I CODE SLIX RFID Library Book Sticker:<\/strong><\/div>\n<ol class=\"auto-hide-last-sibling-br\">\n<li>Denna ISO15693 RFID-tagg \u00e4r speciellt utformad f\u00f6r bibliotekshanteringssystem.<\/li>\n<li>Den arbetar vid 13,56 MHz i h\u00f6gfrekvensomr\u00e5det (HF).<\/li>\n<li>Dessa klisterm\u00e4rken finns i olika storlekar, s\u00e4rskilt 85*<em>50 mm och 50*<\/em>50 mm.<\/li>\n<li>De har vattent\u00e4ta egenskaper och \u00e4r \u00e4ven sj\u00e4lvh\u00e4ftande.<\/li>\n<li>De kan erbjuda ett l\u00e4savst\u00e5nd fr\u00e5n 1-15 cm, med anv\u00e4ndarminne p\u00e5 896 bitar.<\/li>\n<li>De \u00e4r idealiska f\u00f6r till\u00e4mpningar som begr\u00e4nsas av begr\u00e4nsat utrymme, oftast i dokumenthanteringssystem.<\/li>\n<\/ol>\n<p>&nbsp;<\/p>\n<div class=\"auto-hide-last-sibling-br paragraph_9dc5f paragraph-element\"><strong>Vanliga fr\u00e5gor (FAQs):<\/strong><\/div>\n<ul class=\"auto-hide-last-sibling-br\">\n<li>\n<div class=\"auto-hide-last-sibling-br paragraph_9dc5f paragraph-element\"><strong>Q1:<\/strong>\u00a0Hur kan jag l\u00e4gga en best\u00e4llning?<\/div>\n<ul class=\"auto-hide-last-sibling-br\">\n<li>S: Du kan kommunicera dina krav till kundtj\u00e4nst, slutf\u00f6ra produktspecifikationerna, g\u00f6ra din betalning och sedan ordna med produktleverans.<\/li>\n<\/ul>\n<\/li>\n<li>\n<div class=\"auto-hide-last-sibling-br paragraph_9dc5f paragraph-element\"><strong>Q2:<\/strong>\u00a0Vad \u00e4r den f\u00f6rv\u00e4ntade produktions-\/leveranstiden?<\/div>\n<ul class=\"auto-hide-last-sibling-br\">\n<li>S: Den f\u00f6rv\u00e4ntade tidsramen f\u00f6r produktion och leverans \u00e4r vanligtvis inom 20 dagar. Detta kan dock \u00e4ndras baserat p\u00e5 specifika best\u00e4llningskonfigurationer.<\/li>\n<\/ul>\n<\/li>\n<li>\n<div class=\"auto-hide-last-sibling-br paragraph_9dc5f paragraph-element\"><strong>Q3:<\/strong>\u00a0G\u00e5r alla f\u00f6rem\u00e5l genom testning innan de skickas?<\/div>\n<ul class=\"auto-hide-last-sibling-br\">\n<li>S: Alla artiklar genomg\u00e5r faktiskt omfattande tester innan de skickas, inklusive kontroller av grundl\u00e4ggande utrustning.<\/li>\n<\/ul>\n<\/li>\n<li>\n<div class=\"auto-hide-last-sibling-br paragraph_9dc5f paragraph-element\"><strong>F4:<\/strong>\u00a0\u00c4r det m\u00f6jligt att f\u00e5 provleverans?<\/div>\n<ul class=\"auto-hide-last-sibling-br\">\n<li>A: Ja, vi tillhandah\u00e5ller de faktiska produkterna som prover till v\u00e5ra kunder.<\/li>\n<\/ul>\n<\/li>\n<\/ul>","protected":false},"excerpt":{"rendered":"<p>I CODE SLIX RFID Library Book Sticker, med sina dimensioner p\u00e5 50*50 mm, spelar en avg\u00f6rande roll f\u00f6r att hantera bibliotekets b\u00f6cker och filer. I kombination med en RFID-antenn och l\u00e4sare bidrar den till smart hantering av biblioteksresurser.<\/p>","protected":false},"featured_media":323,"template":"","meta":{"_kad_post_transparent":"default","_kad_post_title":"","_kad_post_layout":"default","_kad_post_sidebar_id":"","_kad_post_content_style":"default","_kad_post_vertical_padding":"default","_kad_post_feature":"","_kad_post_feature_position":"","_kad_post_header":false,"_kad_post_footer":false,"_kad_post_classname":""},"product_brand":[],"product_cat":[54],"product_tag":[138,139],"class_list":{"0":"post-321","1":"product","2":"type-product","3":"status-publish","4":"has-post-thumbnail","6":"product_cat-hot-selling-rfid-tags","7":"product_tag-i-code-slix-rfid-library-book-sticker","8":"product_tag-i-code-slix-rfid-sticker","10":"first","11":"instock","12":"shipping-taxable","13":"product-type-simple","14":"entry","15":"content-bg","16":"loop-entry"},"_links":{"self":[{"href":"https:\/\/rfid-laundry-tag.com\/sv\/wp-json\/wp\/v2\/product\/321","targetHints":{"allow":["GET"]}}],"collection":[{"href":"https:\/\/rfid-laundry-tag.com\/sv\/wp-json\/wp\/v2\/product"}],"about":[{"href":"https:\/\/rfid-laundry-tag.com\/sv\/wp-json\/wp\/v2\/types\/product"}],"version-history":[{"count":0,"href":"https:\/\/rfid-laundry-tag.com\/sv\/wp-json\/wp\/v2\/product\/321\/revisions"}],"wp:featuredmedia":[{"embeddable":true,"href":"https:\/\/rfid-laundry-tag.com\/sv\/wp-json\/wp\/v2\/media\/323"}],"wp:attachment":[{"href":"https:\/\/rfid-laundry-tag.com\/sv\/wp-json\/wp\/v2\/media?parent=321"}],"wp:term":[{"taxonomy":"product_brand","embeddable":true,"href":"https:\/\/rfid-laundry-tag.com\/sv\/wp-json\/wp\/v2\/product_brand?post=321"},{"taxonomy":"product_cat","embeddable":true,"href":"https:\/\/rfid-laundry-tag.com\/sv\/wp-json\/wp\/v2\/product_cat?post=321"},{"taxonomy":"product_tag","embeddable":true,"href":"https:\/\/rfid-laundry-tag.com\/sv\/wp-json\/wp\/v2\/product_tag?post=321"}],"curies":[{"name":"wp","href":"https:\/\/api.w.org\/{rel}","templated":true}]}}