{"id":3191,"date":"2026-01-09T13:46:57","date_gmt":"2026-01-09T13:46:57","guid":{"rendered":"https:\/\/rfid-laundry-tag.com\/?post_type=product&#038;p=3191"},"modified":"2026-01-09T13:46:57","modified_gmt":"2026-01-09T13:46:57","slug":"uhf-wash-care-label-rfid-chips-in-garment","status":"publish","type":"product","link":"https:\/\/rfid-laundry-tag.com\/sv\/uhf-wash-care-label-rfid-chips-in-garment\/","title":{"rendered":"UHF-tv\u00e4ttetikett RFID-chip i plagg"},"content":{"rendered":"<div class=\"J_module\">\n<div class=\"ife-detail-decorate-table\">\n<table class=\"hight-light-first-column all magic-14\">\n<tbody>\n<tr>\n<td colspan=\"1\" rowspan=\"1\">\n<div class=\"magic-15\" data-spm-anchor-id=\"a2700.details.0.i95.236a58c1ycsfva\">Produktionsnamn:<\/div>\n<\/td>\n<td colspan=\"1\" rowspan=\"1\">\n<div class=\"magic-16\"><strong>UHF-tv\u00e4ttetikett RFID-chip i plagg<\/strong><\/div>\n<\/td>\n<\/tr>\n<tr>\n<td colspan=\"1\" rowspan=\"1\">\n<div class=\"magic-15\"><span class=\"magic-17\">Material:<\/span><\/div>\n<\/td>\n<td colspan=\"1\" rowspan=\"1\">\n<div class=\"magic-16\">Polyester\/sammans\u00e4ttning\/sat\u00e4ng\/bomull\/non-woven\/PET etc.<\/div>\n<\/td>\n<\/tr>\n<tr>\n<td colspan=\"1\" rowspan=\"1\">\n<div class=\"magic-15\"><span class=\"magic-17\">Storlek:<\/span><\/div>\n<\/td>\n<td colspan=\"1\" rowspan=\"1\">\n<div class=\"magic-16\"><span class=\"magic-17\">80 * 38 mm \/ 60 * 30 mm \/ 61 * 26 mm \/ 60 * 22 mm \/ etc. eller anpassade<\/span><\/div>\n<\/td>\n<\/tr>\n<tr>\n<td colspan=\"1\" rowspan=\"1\">\n<div class=\"magic-15\"><span class=\"magic-17\">Typ:<\/span><\/div>\n<\/td>\n<td colspan=\"1\" rowspan=\"1\">\n<div class=\"magic-16\"><span class=\"magic-17\">Passiv, RFID<\/span><\/div>\n<\/td>\n<\/tr>\n<tr>\n<td colspan=\"1\" rowspan=\"1\">\n<div class=\"magic-15\">RF-protokoll:<\/div>\n<\/td>\n<td colspan=\"1\" rowspan=\"1\">\n<div class=\"magic-16\">ISO 18000-6C; EPC klass 1 Gen 2<\/div>\n<\/td>\n<\/tr>\n<tr>\n<td colspan=\"1\" rowspan=\"1\">\n<div class=\"magic-15\"><span class=\"magic-17\">Frekvens:<\/span><\/div>\n<\/td>\n<td colspan=\"1\" rowspan=\"1\">\n<div class=\"magic-16\"><span class=\"magic-17\">860~960MHz<\/span><\/div>\n<\/td>\n<\/tr>\n<tr>\n<td colspan=\"1\" rowspan=\"1\">\n<div class=\"magic-15\">Chips<\/div>\n<\/td>\n<td colspan=\"1\" rowspan=\"1\">\n<div class=\"magic-16\">U8,U9,Alien Higgs, Monza 4D, Monza 4QT, Monza R6, Monza R6-P, Impinj M730 ,Impinj M750 etc.<\/div>\n<\/td>\n<\/tr>\n<tr>\n<td colspan=\"1\" rowspan=\"1\">\n<div class=\"magic-15\"><span class=\"magic-17\">L\u00e4s avst\u00e5nd:<\/span><\/div>\n<\/td>\n<td colspan=\"1\" rowspan=\"1\">\n<div class=\"magic-16\"><span class=\"magic-17\">UHF: 1~10m (beror p\u00e5 l\u00e4saren och antennen)<\/span><\/div>\n<\/td>\n<\/tr>\n<tr>\n<td colspan=\"1\" rowspan=\"1\">\n<div class=\"magic-15\"><span class=\"magic-17\">Fast s\u00e4tt:<\/span><\/div>\n<\/td>\n<td colspan=\"1\" rowspan=\"1\">\n<div class=\"magic-16\"><span class=\"magic-17\">Sy \/ stryka<\/span><\/div>\n<\/td>\n<\/tr>\n<tr>\n<td colspan=\"1\" rowspan=\"1\">\n<div class=\"magic-15\"><span class=\"magic-17\">Utskrift:<\/span><\/div>\n<\/td>\n<td colspan=\"1\" rowspan=\"1\">\n<div class=\"magic-16\"><span class=\"magic-17\">Utskrift, kodning, serienummer, design, etc.<\/span><\/div>\n<\/td>\n<\/tr>\n<tr>\n<td colspan=\"1\" rowspan=\"1\">\n<div class=\"magic-15\"><span class=\"magic-17\">IC-liv:<\/span><\/div>\n<\/td>\n<td colspan=\"1\" rowspan=\"1\">\n<div class=\"magic-16\" data-spm-anchor-id=\"a2700.details.0.i94.236a58c1ycsfva\"><span class=\"magic-17\">100 000 programmeringscykler<br \/>\n10 \u00e5rs datalagring<\/span><\/div>\n<\/td>\n<\/tr>\n<tr>\n<td colspan=\"1\" rowspan=\"1\">\n<div class=\"magic-15\"><span class=\"magic-17\">Exempeltillg\u00e4nglighet:<\/span><\/div>\n<\/td>\n<td colspan=\"1\" rowspan=\"1\">\n<div class=\"magic-16\"><span class=\"magic-17\">Gratis prover finns tillg\u00e4ngliga p\u00e5 beg\u00e4ran<\/span><\/div>\n<\/td>\n<\/tr>\n<tr>\n<td colspan=\"1\" rowspan=\"1\">\n<div class=\"magic-15\"><span class=\"magic-17\">Applikationer:\u00a0<\/span><\/div>\n<\/td>\n<td colspan=\"1\" rowspan=\"1\">\n<div class=\"magic-16\"><span class=\"magic-17\">\u00b7 Lagerhantering<br \/>\n\u00b7 Supply Chain<br \/>\n\u00b7 Detaljhandel<\/span><\/div>\n<\/td>\n<\/tr>\n<tr>\n<td colspan=\"1\" rowspan=\"1\">\n<div class=\"magic-15\"><span class=\"magic-17\">Anv\u00e4nda<\/span><\/div>\n<\/td>\n<td colspan=\"1\" rowspan=\"1\">\n<div class=\"magic-16\"><span class=\"magic-17\">Plagg, kl\u00e4der, v\u00e4skor, skor, etc.<\/span><\/div>\n<\/td>\n<\/tr>\n<\/tbody>\n<\/table>\n<\/div>\n<\/div>\n<div class=\"J_module\">\n<div class=\"detail-decorate-json-renderer-container\">\n<div class=\"magic-1\">\n<div class=\"magic-5\">\n<div class=\"magic-6\">\n<div><\/div>\n<\/div>\n<div>\n<div class=\"auto-hide-last-sibling-br paragraph_1252f paragraph-element\">\n<div class=\"auto-hide-last-sibling-br paragraph_1252f paragraph-element\">\n<div class=\"auto-hide-last-sibling-br paragraph_1252f paragraph-element\">\n<p>&nbsp;<\/p>\n<div class=\"auto-hide-last-sibling-br paragraph_1252f paragraph-element\">\n<p><a href=\"https:\/\/rfid-laundry-tag.com\/sv\/\"><strong>UHF-tv\u00e4ttetikett RFID-chip<\/strong>\u00a0<\/a>erbjuder ett bekv\u00e4mare och hudv\u00e4nligare alternativ till traditionella kl\u00e4detiketter. Dessa etiketter \u00e4r utformade f\u00f6r enkel integration i plagg och effektiviserar kl\u00e4dhanteringen.<\/p>\n<\/div>\n<\/div>\n<\/div>\n<div><\/div>\n<div class=\"auto-hide-last-sibling-br paragraph_1252f paragraph-element\">\n<div class=\"auto-hide-last-sibling-br paragraph_1252f paragraph-element\">\n<h2 class=\"AnswerParser_AnswerParserH2__SIHnF\">F\u00f6rb\u00e4ttra din f\u00f6rs\u00f6rjningskedjas synlighet<\/h2>\n<p><span class=\"AnswerParser_TextContainer__z_Iiv\" data-testid=\"youchat-text\">Genom att integrera v\u00e5ra UHF-tv\u00e4ttetiketter med RFID-chip i dina kl\u00e4der f\u00e5r du o\u00f6vertr\u00e4ffad insyn i din leveranskedja. Sp\u00e5ra dina kl\u00e4der fr\u00e5n tillverkning till f\u00f6rs\u00e4ljning, och till och med genom flera tv\u00e4ttcykler i industriella tv\u00e4tterier.<\/span><span class=\"AnswerParser_TextContainer__z_Iiv\" data-testid=\"youchat-text\">Denna f\u00f6rb\u00e4ttrade synlighet l\u00e5ter dig:<\/span><\/p>\n<ul class=\"AnswerParser_AnswerParserUnorderedList__P_1FW\">\n<li class=\"AnswerParser_ListItem__XqLOV\" translate=\"yes\">Minska krympning och f\u00f6rlust<\/li>\n<li class=\"AnswerParser_ListItem__XqLOV\" translate=\"yes\">F\u00f6rb\u00e4ttra produkters\u00e4ttningseffektiviteten<\/li>\n<li class=\"AnswerParser_ListItem__XqLOV\" translate=\"yes\">Optimera lagerniv\u00e5er<\/li>\n<li class=\"AnswerParser_ListItem__XqLOV\" translate=\"yes\">F\u00f6rb\u00e4ttra kundn\u00f6jdheten genom b\u00e4ttre produkttillg\u00e4nglighet<\/li>\n<\/ul>\n<h2 class=\"AnswerParser_AnswerParserH2__SIHnF\">Enkel installation och anv\u00e4ndning<\/h2>\n<p><span class=\"AnswerParser_TextContainer__z_Iiv\" data-testid=\"youchat-text\">V\u00e5ra RFID tv\u00e4ttv\u00e5rdsetiketter \u00e4r designade f\u00f6r s\u00f6ml\u00f6s integrering i dina plagg:<\/span><\/p>\n<ol class=\"AnswerParser_AnswerParserOrderedList__kl_2Y\">\n<li class=\"AnswerParser_ListItem__XqLOV\" translate=\"yes\"><strong>Ins\u00f6mningsalternativ<\/strong>: Traditionell f\u00e4stmetod f\u00f6r h\u00e5llbarhet.<\/li>\n<li class=\"AnswerParser_ListItem__XqLOV\" translate=\"yes\"><strong>Iron-On Applikation<\/strong>: Snabb och enkel installation med v\u00e4rme\u00f6verf\u00f6ringsteknik.<\/li>\n<\/ol>\n<p><span class=\"AnswerParser_TextContainer__z_Iiv\" data-testid=\"youchat-text\">B\u00e5da metoderna s\u00e4kerst\u00e4ller att etiketten sitter ordentligt fast under hela plaggets livscykel.<\/span><\/p>\n<h3 class=\"auto-hide-last-sibling-br paragraph_1252f paragraph-element\"><strong>H\u00e4r \u00e4r n\u00e5gra exempel p\u00e5 hur f\u00f6rstklassiga kl\u00e4dm\u00e4rken framg\u00e5ngsrikt har implementerat RFID UHF-taggar:<\/strong><\/h3>\n<ol class=\"auto-hide-last-sibling-br\">\n<li>\n<div class=\"auto-hide-last-sibling-br paragraph_1252f paragraph-element\"><strong>Prada<\/strong>: Detta ber\u00f6mda italienska lyxm\u00e4rke antog RFID-taggar 2001, vilket m\u00f6jligg\u00f6r detaljerad registrering av information som stil, storlek, f\u00e4rg och pris. Intressant nog, n\u00e4r konsumenter som b\u00e4r Prada-kl\u00e4der passerar genom sina butiker, visas motsvarande kl\u00e4der p\u00e5 butiksmodellerna, som efterliknar en high-fashion landningsbana i Milano. Denna innovativa anv\u00e4ndning av RFID-teknik \u00f6kar Prada-konsumenternas tillfredsst\u00e4llelse efter k\u00f6pet.<\/div>\n<\/li>\n<li>\n<div class=\"auto-hide-last-sibling-br paragraph_1252f paragraph-element\"><strong>H&amp;M<\/strong>: Detta internationella varum\u00e4rke b\u00f6rjade anv\u00e4nda RFID-teknik 2014. I planerade 1 800 butiker till\u00e5ter RFID-teknik automatisk sp\u00e5rning av produktkategorier, kvantiteter och konsumtion.<\/div>\n<\/li>\n<li>\n<div class=\"auto-hide-last-sibling-br paragraph_1252f paragraph-element\"><strong>ZARA<\/strong>Under f\u00f6rsta halv\u00e5ret 2016 uppgav ZARAS moderbolag, Inditex, att till\u00e4mpningen av RFID-teknik f\u00f6rb\u00e4ttrade lager- och leveranshanteringen f\u00f6r cirka 70% av deras varum\u00e4rken. Denna implementering resulterade i en f\u00f6rs\u00e4ljnings\u00f6kning p\u00e5 11,1% och en vinst\u00f6kning p\u00e5 7,5%, vilket uppgick till 1,26 miljarder euro.<\/div>\n<\/li>\n<li>\n<div class=\"auto-hide-last-sibling-br paragraph_1252f paragraph-element\"><strong>Uniqlo<\/strong>: Under 2017 tillk\u00e4nnagav Uniqlo sin plan att distribuera RFID UHF-taggar i 3 000 butiker globalt, vilket markerar det som den f\u00f6rsta japanska \u00e5terf\u00f6rs\u00e4ljaren att anv\u00e4nda elektroniska taggar \u00f6ver hela v\u00e4rlden.<\/div>\n<\/li>\n<\/ol>\n<div class=\"auto-hide-last-sibling-br paragraph_1252f paragraph-element\">Detta \u00e4r bara n\u00e5gra inblickar i hur ledande kl\u00e4dm\u00e4rken anv\u00e4nder RFID-taggar. Fr\u00e5n och med 2019 hade praktiskt taget alla v\u00e4rldsledande varum\u00e4rken applicerat RFID-taggar p\u00e5 sina plagg, vilket resulterade i \u00f6ver 20 miljarder taggade kl\u00e4desplagg \u2013 en siffra som forts\u00e4tter att v\u00e4xa avsev\u00e4rt. Andra anm\u00e4rkningsv\u00e4rda varum\u00e4rken som har anammat denna teknik inkluderar NIKE och Walmart.<\/div>\n<\/div>\n<\/div>\n<\/div>\n<h2 class=\"AnswerParser_AnswerParserH2__SIHnF\">Kontakta oss f\u00f6r en skr\u00e4ddarsydd l\u00f6sning<\/h2>\n<p><span class=\"AnswerParser_TextContainer__z_Iiv\" data-testid=\"youchat-text\">Redo att revolutionera din kl\u00e4dhantering med v\u00e5ra UHF RFID-tv\u00e4ttr\u00e5d? Vi finns h\u00e4r f\u00f6r att hj\u00e4lpa dig hitta den perfekta l\u00f6sningen f\u00f6r dina behov.<\/span><\/p>\n<ul class=\"AnswerParser_AnswerParserUnorderedList__P_1FW\">\n<li class=\"AnswerParser_ListItem__XqLOV\" translate=\"yes\"><strong>Gratis prover<\/strong>: Beg\u00e4r gratis prover f\u00f6r att testa i din milj\u00f6.<\/li>\n<li class=\"AnswerParser_ListItem__XqLOV\" translate=\"yes\"><strong>Anpassning<\/strong>: L\u00e5t oss veta dina specifika krav p\u00e5 en skr\u00e4ddarsydd l\u00f6sning.<\/li>\n<li class=\"AnswerParser_ListItem__XqLOV\" translate=\"yes\"><strong>Expertkonsultation<\/strong>: V\u00e5rt team av RFID-specialister \u00e4r redo att svara p\u00e5 dina fr\u00e5gor.<\/li>\n<\/ul>\n<p>Sammanfattningsvis kombinerar UHF-tv\u00e4ttetiketter i satin komfort, bekv\u00e4mlighet och avancerad teknik, vilket g\u00f6r dem till ett utm\u00e4rkt val f\u00f6r b\u00e5de tillverkare och konsumenter som s\u00f6ker en b\u00e4ttre m\u00e4rkningsl\u00f6sning.<\/p>\n<p>&nbsp;<\/p>\n<\/div>\n<\/div>\n<\/div>\n<\/div>\n<\/div>","protected":false},"excerpt":{"rendered":"<p><strong>UHF-tv\u00e4ttetikett RFID-chip i plagg<\/strong>\u00a0erbjuder ett bekv\u00e4mare och hudv\u00e4nligt alternativ till traditionella kl\u00e4dm\u00e4rken, med \u00f6ver 15 \u00e5rs expertis!<\/p>","protected":false},"featured_media":3192,"template":"","meta":{"_kad_post_transparent":"default","_kad_post_title":"","_kad_post_layout":"default","_kad_post_sidebar_id":"","_kad_post_content_style":"default","_kad_post_vertical_padding":"default","_kad_post_feature":"","_kad_post_feature_position":"","_kad_post_header":false,"_kad_post_footer":false,"_kad_post_classname":""},"product_brand":[],"product_cat":[81],"product_tag":[389,390,388,391],"class_list":{"0":"post-3191","1":"product","2":"type-product","3":"status-publish","4":"has-post-thumbnail","6":"product_cat-rfid-wash-care-clothing-label","7":"product_tag-rfid-chips-in-garment","8":"product_tag-uhf-wash-care-labe","9":"product_tag-uhf-wash-care-label-rfid-chips-in-garment","10":"product_tag-wash-care-label-rfid","12":"first","13":"instock","14":"shipping-taxable","15":"product-type-simple","16":"entry","17":"content-bg","18":"loop-entry"},"_links":{"self":[{"href":"https:\/\/rfid-laundry-tag.com\/sv\/wp-json\/wp\/v2\/product\/3191","targetHints":{"allow":["GET"]}}],"collection":[{"href":"https:\/\/rfid-laundry-tag.com\/sv\/wp-json\/wp\/v2\/product"}],"about":[{"href":"https:\/\/rfid-laundry-tag.com\/sv\/wp-json\/wp\/v2\/types\/product"}],"version-history":[{"count":1,"href":"https:\/\/rfid-laundry-tag.com\/sv\/wp-json\/wp\/v2\/product\/3191\/revisions"}],"predecessor-version":[{"id":3194,"href":"https:\/\/rfid-laundry-tag.com\/sv\/wp-json\/wp\/v2\/product\/3191\/revisions\/3194"}],"wp:featuredmedia":[{"embeddable":true,"href":"https:\/\/rfid-laundry-tag.com\/sv\/wp-json\/wp\/v2\/media\/3192"}],"wp:attachment":[{"href":"https:\/\/rfid-laundry-tag.com\/sv\/wp-json\/wp\/v2\/media?parent=3191"}],"wp:term":[{"taxonomy":"product_brand","embeddable":true,"href":"https:\/\/rfid-laundry-tag.com\/sv\/wp-json\/wp\/v2\/product_brand?post=3191"},{"taxonomy":"product_cat","embeddable":true,"href":"https:\/\/rfid-laundry-tag.com\/sv\/wp-json\/wp\/v2\/product_cat?post=3191"},{"taxonomy":"product_tag","embeddable":true,"href":"https:\/\/rfid-laundry-tag.com\/sv\/wp-json\/wp\/v2\/product_tag?post=3191"}],"curies":[{"name":"wp","href":"https:\/\/api.w.org\/{rel}","templated":true}]}}