{"id":319,"date":"2024-06-28T06:17:02","date_gmt":"2024-06-28T06:17:02","guid":{"rendered":"https:\/\/rfid-laundry-tag.com\/?post_type=product&#038;p=319"},"modified":"2024-09-23T10:21:27","modified_gmt":"2024-09-23T10:21:27","slug":"iso15693-i-code-slix-rfid-inlay","status":"publish","type":"product","link":"https:\/\/rfid-laundry-tag.com\/sv\/iso15693-i-code-slix-rfid-inlay\/","title":{"rendered":"ISO15693 ICODE SLIX RFID-inl\u00e4gg"},"content":{"rendered":"<table class=\"hight-light-first-column all magic-1\">\n<tbody>\n<tr>\n<td colspan=\"1\" rowspan=\"1\">\n<div class=\"magic-2\">\n<div class=\"magic-3\" data-spm-anchor-id=\"a2700.pc-decorate.0.i24.7f543333WPG8F0\"><span class=\"magic-4\" data-spm-anchor-id=\"a2700.pc-decorate.0.i23.7f543333WPG8F0\"><span class=\"magic-5\" style=\"color: #000000; font-family: Roboto;\"><b class=\"magic-4\" data-spm-anchor-id=\"a2700.pc-decorate.0.i114.7f543333WPG8F0\">Punkt<\/b><\/span><\/span><\/div>\n<\/div>\n<\/td>\n<td colspan=\"4\" rowspan=\"1\">\n<div class=\"magic-6\"><strong>ISO15693 ICODE SLIX RFID-inl\u00e4gg<\/strong><\/div>\n<\/td>\n<\/tr>\n<tr>\n<td colspan=\"1\" rowspan=\"1\">\n<div class=\"magic-2\">\n<div class=\"magic-3\" data-spm-anchor-id=\"a2700.pc-decorate.0.i22.7f543333WPG8F0\"><span class=\"magic-4\" data-spm-anchor-id=\"a2700.pc-decorate.0.i10.7f543333WPG8F0\"><b class=\"magic-4\"><span class=\"magic-5\" style=\"color: #000000; font-family: Roboto;\">Material<\/span><\/b><\/span><\/div>\n<\/div>\n<\/td>\n<td colspan=\"4\" rowspan=\"1\">\n<div class=\"magic-9\"><span class=\"magic-5\" style=\"color: #000000;\">Papper \/ PP-film \/PET \/Inl\u00e4gg<\/span><\/div>\n<\/td>\n<\/tr>\n<tr>\n<td colspan=\"1\" rowspan=\"1\">\n<div class=\"magic-2\">\n<div class=\"magic-3\" data-spm-anchor-id=\"a2700.pc-decorate.0.i34.7f543333WPG8F0\"><b class=\"magic-13\" data-spm-anchor-id=\"a2700.pc-decorate.0.i111.7f543333WPG8F0\"><span class=\"magic-5\" style=\"color: #000000; font-family: Roboto;\">Frekvens<\/span><\/b><\/div>\n<\/div>\n<\/td>\n<td colspan=\"4\" rowspan=\"1\">\n<div class=\"magic-6\"><span class=\"magic-5\" style=\"color: #000000; font-family: Roboto;\" data-spm-anchor-id=\"a2700.details.0.i25.244e512bmtbZH7\">13,56 MHz<\/span><\/div>\n<\/td>\n<\/tr>\n<tr>\n<td colspan=\"1\" rowspan=\"1\">\n<div class=\"magic-2\">\n<div class=\"magic-3\" data-spm-anchor-id=\"a2700.pc-decorate.0.i33.7f543333WPG8F0\"><b class=\"magic-4\"><span class=\"magic-5\" style=\"color: #000000; font-family: Roboto;\">Storlek<\/span><\/b><\/div>\n<\/div>\n<\/td>\n<td colspan=\"4\" rowspan=\"1\">\n<div class=\"magic-9\"><span class=\"magic-5\" style=\"color: #000000;\">50*50\/45*45\/30*15\/40*25\/ Dia 25\/30 eller anpassad storlek<\/span><\/div>\n<\/td>\n<\/tr>\n<tr>\n<td colspan=\"1\" rowspan=\"1\">\n<div class=\"magic-2\">\n<div class=\"magic-3\"><b class=\"magic-14\">Ans\u00f6kningar<\/b><\/div>\n<\/div>\n<\/td>\n<td colspan=\"4\" rowspan=\"1\">\n<div class=\"magic-6\" data-spm-anchor-id=\"a2700.details.0.i24.244e512bmtbZH7\"><span class=\"magic-5\" style=\"color: #000000; font-family: Roboto;\">Anv\u00e4nds i stor utstr\u00e4ckning inom kapitalf\u00f6rvaltning, kl\u00e4dhantering, inventering, bibliotek, smycken, logistik etc.<\/span><\/div>\n<\/td>\n<\/tr>\n<\/tbody>\n<\/table>\n<p>&nbsp;<\/p>\n<p>ICODE SLIX IC \u00e4r ett dedikerat chip f\u00f6r intelligenta etikettapplikationer som bibliotek, produktautentisering inom olika branscher som l\u00e4kemedel, medicintekniska produkter och alkohol, samt produktionsledning inom olika delar av branschen. Denna IC \u00e4r den tredje generationen av en produktfamilj av smarta etikett-IC:er baserade p\u00e5 ISO-standarderna ISO\/IEC 15693 och ISO\/IEC 18000-3, vilket f\u00f6rl\u00e4nger en framg\u00e5ngsrik historia om NXP<sup>\u00ae<\/sup>\u00a0inom omr\u00e5det f\u00f6r n\u00e4rhetsidentifieringssystem.<\/p>\n<h3>Kontaktl\u00f6s energi- och data\u00f6verf\u00f6ring<\/h3>\n<p>N\u00e4rhelst den \u00e4r ansluten till en mycket enkel och l\u00e4tttillverkad typ av antenn (som ett resultat av 13,56 MHz b\u00e4rfrekvens) gjord av ett f\u00e5tal lindningar tryckta, lindade, etsade eller stansade spole, kan ICODE SLIX IC anv\u00e4ndas utan siktlinje upp till ett avst\u00e5nd av 1,5 m (portens bredd). Inget batteri beh\u00f6vs. N\u00e4r den smarta etiketten \u00e4r placerad i f\u00e4ltet av en fr\u00e5geantenn, g\u00f6r det h\u00f6ghastighets-RF-kommunikationsgr\u00e4nssnittet att data kan \u00f6verf\u00f6ras upp till 53 kbit\/s.<\/p>\n<h3>Antikollision<\/h3>\n<p>En intelligent anti-kollisionsfunktion g\u00f6r att flera taggar kan arbeta i f\u00e4lt samtidigt. Antikollisionsalgoritmen v\u00e4ljer varje tagg individuellt och s\u00e4kerst\u00e4ller att exekveringen av en transaktion med en vald tagg utf\u00f6rs korrekt utan att datakorruption beror p\u00e5 andra taggar i f\u00e4ltet.<\/p>\n<h3>Funktioner hos ISO15693 ICODE SLIX RFID Inlay Chip<\/h3>\n<div id=\"featuresXsp\" class=\"features-list\">\n<div class=\"features-xsp\">\n<div class=\"collapse-mobile ste-list\">\n<h3>ICODE SLIX RF-gr\u00e4nssnitt (ISO\/IEC 15693)<\/h3>\n<ul class=\"boxes\">\n<li>Kontaktl\u00f6s \u00f6verf\u00f6ring av data och f\u00f6rs\u00f6rjningsenergi (inget batteri beh\u00f6vs)<\/li>\n<li>Driftavst\u00e5nd: upp till 1,5 m (beroende p\u00e5 antenngeometri)<\/li>\n<li>Driftsfrekvens: 13,56 MHz (ISM, v\u00e4rldsomsp\u00e4nnande licens fritt tillg\u00e4nglig)<\/li>\n<li>Snabb data\u00f6verf\u00f6ring: upp till 53 kbit\/s<\/li>\n<li>H\u00f6g dataintegritet: 16-bitars CRC, inramning<\/li>\n<li>Sann antikollision<\/li>\n<li>L\u00f6senordsskyddad elektronisk artikel\u00f6vervakning (EAS)<\/li>\n<li>L\u00f6senordsskyddad Application Family Identifier (AFI)<\/li>\n<li>Data Storage Format IDentifier (DSFID)<\/li>\n<li>Ytterligare snabb antikollisionsavl\u00e4sning<\/li>\n<li>Skrivavst\u00e5nd lika med l\u00e4savst\u00e5nd<\/li>\n<\/ul>\n<\/div>\n<div class=\"collapse-mobile ste-list\">\n<h3>EEPROM<\/h3>\n<ul class=\"boxes\">\n<li>1024 bitar, organiserade i 32 block med 4 byte vardera<\/li>\n<li>50 \u00e5rs datalagring<\/li>\n<li>Skriv uth\u00e5llighet p\u00e5 100 000 cykler<\/li>\n<\/ul>\n<\/div>\n<div class=\"collapse-mobile ste-list\">\n<h3>S\u00e4kerhet<\/h3>\n<ul class=\"boxes\">\n<li>Unik identifierare f\u00f6r varje enhet<\/li>\n<li>L\u00e5smekanism f\u00f6r varje anv\u00e4ndarminnesblock (skrivskydd)<\/li>\n<li>L\u00e5smekanism f\u00f6r DSFID, AFI, EAS<\/li>\n<li>L\u00f6senordsskyddad (32-bitars) EAS- och AFI-funktionalitet<\/li>\n<\/ul>\n<\/div>\n<\/div>\n<\/div>\n<div class=\"auto-hide-last-sibling-br paragraph_9dc5f paragraph-element\"><strong>ISO15693 ICODE SLIX RFID-inl\u00e4gg:<\/strong>\u00a0Ett RFID-inl\u00e4gg best\u00e5r av en antenn och ett mikrochip, d\u00e4r chipet lagrar data och antennen ansvarar f\u00f6r att \u00f6verf\u00f6ra denna data till RFID-l\u00e4saren.<\/div>\n<p>&nbsp;<\/p>\n<div class=\"auto-hide-last-sibling-br paragraph_9dc5f paragraph-element\"><strong>V\u00e5ta inl\u00e4gg:<\/strong>\u00a0Dessa \u00e4r RFID-inl\u00e4gg som placeras ovanp\u00e5 ett limskikt och ett klart PET-skikt (polyetylentereftalat). PET-skiktet anv\u00e4nds f\u00f6r att skydda mot fysisk skada. Med den sj\u00e4lvh\u00e4ftande sidan v\u00e4nd bort fr\u00e5n etiketten eller materialet kan dessa bekv\u00e4mt anv\u00e4ndas f\u00f6r att konstruera RFID-etiketter, d\u00e4rav deras breda till\u00e4mpning vid etikettskapande f\u00f6r olika sektorer.<\/div>\n<div><\/div>\n<div>\n<div class=\"auto-hide-last-sibling-br paragraph_9dc5f paragraph-element\">\u00a0ISO15693 ICODE SLIX NFC Tag, gjord av olika material som papper, PP-film, PET eller inlay, och i olika storlekar, anv\u00e4nds brett. Du hittar dem ofta i branscher som:<\/div>\n<p>&nbsp;<\/p>\n<ul class=\"auto-hide-last-sibling-br\">\n<li><strong>Asset Management:<\/strong>\u00a0Taggar anv\u00e4nds f\u00f6r att sp\u00e5ra fysiska tillg\u00e5ngar i en m\u00e4ngd olika inst\u00e4llningar, s\u00e5som \u00f6vervakningsutrustning inom h\u00e4lso- och sjukv\u00e5rd eller IT.<\/li>\n<li><strong>Kl\u00e4dhantering:<\/strong>\u00a0Inom modedetaljhandeln underl\u00e4ttar dessa taggar lagersp\u00e5rning, st\u00f6ldskydds\u00e5tg\u00e4rder och f\u00f6rb\u00e4ttrar kundupplevelsen i butik.<\/li>\n<li><strong>Lagerhantering:<\/strong>\u00a0I lager och detaljhandeln anv\u00e4nds RFID-taggar f\u00f6r att effektivt hantera lager, minska manuellt arbete och minimera fel.<\/li>\n<li><strong>Bibliotekshantering:<\/strong>\u00a0De anv\u00e4nds f\u00f6r att automatisera uppl\u00e5nings- och returprocesser, f\u00f6rb\u00e4ttra lagerhanteringen och erbjuda s\u00e4kerhet mot st\u00f6ld.<\/li>\n<li><strong>Smyckeshantering:<\/strong>\u00a0Dessa taggar \u00e4r l\u00e4tta och exakta och erbjuder s\u00e4ker och effektiv lagerkontroll inom smyckesindustrin.<\/li>\n<li><strong>Logistik:<\/strong> RFID-taggar anv\u00e4nds f\u00f6r att sp\u00e5ra gods under transport, f\u00f6rb\u00e4ttra leveransnoggrannheten och f\u00f6rb\u00e4ttra synligheten i leveranskedjan.<\/li>\n<\/ul>\n<div class=\"auto-hide-last-sibling-br paragraph_9dc5f paragraph-element\">Storleken och formen p\u00e5 taggen kan anpassas efter den specifika applikationen, vilket f\u00f6rb\u00e4ttrar deras flexibilitet och anpassningsf\u00f6rm\u00e5ga i olika anv\u00e4ndningsfall.<\/div>\n<\/div>\n<div><\/div>\n<div>\n<h2 class=\"AnswerParser_AnswerParserH2__SIHnF\">Kom ig\u00e5ng med NXP ICODE SLIX RFID idag<\/h2>\n<p><span class=\"AnswerParser_TextContainer__z_Iiv\" data-testid=\"youchat-text\">\u00c4r du redo att revolutionera dina tillg\u00e5ngshanterings- och autentiseringsprocesser? Ta det f\u00f6rsta steget mot en effektivare framtid:<\/span><\/p>\n<ol class=\"AnswerParser_AnswerParserOrderedList__kl_2Y\">\n<li class=\"AnswerParser_ListItem__XqLOV\" translate=\"yes\"><strong>Beg\u00e4r ett gratisprov<\/strong>: Upplev kvaliteten och prestandan p\u00e5 egen hand<\/li>\n<li class=\"AnswerParser_ListItem__XqLOV\" translate=\"yes\"><strong>R\u00e5dg\u00f6r med v\u00e5ra experter<\/strong>: F\u00e5 personlig r\u00e5dgivning om implementering av RFID i ditt f\u00f6retag<\/li>\n<li class=\"AnswerParser_ListItem__XqLOV\" translate=\"yes\"><strong>Anpassat citat<\/strong>: F\u00e5 en skr\u00e4ddarsydd prisplan baserat p\u00e5 dina specifika behov och volymkrav<\/li>\n<\/ol>\n<p><span class=\"AnswerParser_TextContainer__z_Iiv\" data-testid=\"youchat-text\">L\u00e5t inte f\u00f6r\u00e5ldrade sp\u00e5rningsmetoder h\u00e5lla tillbaka ditt f\u00f6retag. Omfamna kraften i NXP ICODE SLIX RFID-teknik och h\u00e5ll dig f\u00f6re konkurrenterna. Fyll i v\u00e5rt f\u00f6rfr\u00e5gningsformul\u00e4r idag f\u00f6r att b\u00f6rja din resa mot smartare och effektivare verksamhet.<\/span><\/div>","protected":false},"excerpt":{"rendered":"<p>Revolutionera tillg\u00e5ngsf\u00f6rvaltningen med NXP ICODE SLIX 13,56MHz RFID-inl\u00e4gg, vilket f\u00f6rb\u00e4ttrar lagereffektiviteten och produktautentiseringen inom olika branscher.<\/p>","protected":false},"featured_media":320,"template":"","meta":{"_kad_post_transparent":"default","_kad_post_title":"","_kad_post_layout":"default","_kad_post_sidebar_id":"","_kad_post_content_style":"default","_kad_post_vertical_padding":"default","_kad_post_feature":"","_kad_post_feature_position":"","_kad_post_header":false,"_kad_post_footer":false,"_kad_post_classname":""},"product_brand":[],"product_cat":[54,189],"product_tag":[306,111,108],"class_list":{"0":"post-319","1":"product","2":"type-product","3":"status-publish","4":"has-post-thumbnail","6":"product_cat-hot-selling-rfid-tags","7":"product_cat-rfid-inlay","8":"product_tag-icode-slix-rfid-inlay","9":"product_tag-nfc-inlay","10":"product_tag-rfid-inlay","12":"first","13":"instock","14":"shipping-taxable","15":"product-type-simple","16":"entry","17":"content-bg","18":"loop-entry"},"_links":{"self":[{"href":"https:\/\/rfid-laundry-tag.com\/sv\/wp-json\/wp\/v2\/product\/319","targetHints":{"allow":["GET"]}}],"collection":[{"href":"https:\/\/rfid-laundry-tag.com\/sv\/wp-json\/wp\/v2\/product"}],"about":[{"href":"https:\/\/rfid-laundry-tag.com\/sv\/wp-json\/wp\/v2\/types\/product"}],"version-history":[{"count":3,"href":"https:\/\/rfid-laundry-tag.com\/sv\/wp-json\/wp\/v2\/product\/319\/revisions"}],"predecessor-version":[{"id":2656,"href":"https:\/\/rfid-laundry-tag.com\/sv\/wp-json\/wp\/v2\/product\/319\/revisions\/2656"}],"wp:featuredmedia":[{"embeddable":true,"href":"https:\/\/rfid-laundry-tag.com\/sv\/wp-json\/wp\/v2\/media\/320"}],"wp:attachment":[{"href":"https:\/\/rfid-laundry-tag.com\/sv\/wp-json\/wp\/v2\/media?parent=319"}],"wp:term":[{"taxonomy":"product_brand","embeddable":true,"href":"https:\/\/rfid-laundry-tag.com\/sv\/wp-json\/wp\/v2\/product_brand?post=319"},{"taxonomy":"product_cat","embeddable":true,"href":"https:\/\/rfid-laundry-tag.com\/sv\/wp-json\/wp\/v2\/product_cat?post=319"},{"taxonomy":"product_tag","embeddable":true,"href":"https:\/\/rfid-laundry-tag.com\/sv\/wp-json\/wp\/v2\/product_tag?post=319"}],"curies":[{"name":"wp","href":"https:\/\/api.w.org\/{rel}","templated":true}]}}