{"id":3180,"date":"2026-01-09T13:29:20","date_gmt":"2026-01-09T13:29:20","guid":{"rendered":"https:\/\/rfid-laundry-tag.com\/?post_type=product&#038;p=3180"},"modified":"2026-01-09T13:29:20","modified_gmt":"2026-01-09T13:29:20","slug":"rfid-garment-tag-for-apparel-and-fashion","status":"publish","type":"product","link":"https:\/\/rfid-laundry-tag.com\/sv\/rfid-garment-tag-for-apparel-and-fashion\/","title":{"rendered":"RFID-plaggetikett f\u00f6r kl\u00e4der och mode"},"content":{"rendered":"<h2 class=\"ng-star-inserted\"><strong class=\"ng-star-inserted\"><span class=\"ng-star-inserted\">RFID-plaggetikett f\u00f6r kl\u00e4der och mode<\/span><\/strong><\/h2>\n<h2 class=\"ng-star-inserted\"><strong class=\"ng-star-inserted\"><span class=\"ng-star-inserted\">RFID:s uppg\u00e5ng inom kl\u00e4der och mode<\/span><\/strong><\/h2>\n<p class=\"ng-star-inserted\"><span class=\"ng-star-inserted\">De\u00a0<\/span><strong class=\"ng-star-inserted\"><span class=\"ng-star-inserted\">kl\u00e4der<\/span><\/strong><span class=\"ng-star-inserted\">\u00a0och modebranschen anammar snabbt\u00a0<\/span><strong class=\"ng-star-inserted\"><span class=\"ng-star-inserted\">RFID<\/span><\/strong><span class=\"ng-star-inserted\">\u00a0(<\/span><strong class=\"ng-star-inserted\"><span class=\"ng-star-inserted\">radiofrekvens<\/span><\/strong><span class=\"ng-star-inserted\">\u00a0identifiering)\u00a0<\/span><strong class=\"ng-star-inserted\"><span class=\"ng-star-inserted\">teknologi<\/span><\/strong><span class=\"ng-star-inserted\">\u00a0f\u00f6r att optimera verksamheten och f\u00f6rb\u00e4ttra kundupplevelsen.\u00a0<\/span><strong class=\"ng-star-inserted\"><span class=\"ng-star-inserted\">RFID<\/span><\/strong><span class=\"ng-star-inserted\">\u00a0<\/span><strong class=\"ng-star-inserted\"><span class=\"ng-star-inserted\">plagg<\/span><\/strong><span class=\"ng-star-inserted\">\u00a0<\/span><strong class=\"ng-star-inserted\"><span class=\"ng-star-inserted\">taggar<\/span><\/strong><span class=\"ng-star-inserted\">\u00a0erbjuder ett kraftfullt s\u00e4tt att sp\u00e5ra varor under hela deras livscykel, fr\u00e5n tillverkning till f\u00f6rs\u00e4ljning och d\u00e4refter.\u00a0<\/span><strong class=\"ng-star-inserted\"><span class=\"ng-star-inserted\">RFID<\/span><\/strong><span class=\"ng-star-inserted\">\u00a0m\u00f6jligg\u00f6r en\u00a0<\/span><strong class=\"ng-star-inserted\"><span class=\"ng-star-inserted\">ny<\/span><\/strong><span class=\"ng-star-inserted\">\u00a0en era av effektivitet, synlighet och datadrivet beslutsfattande.<\/span><\/p>\n<p class=\"ng-star-inserted\"><span class=\"ng-star-inserted\">Till skillnad fr\u00e5n traditionella\u00a0<\/span><strong class=\"ng-star-inserted\"><span class=\"ng-star-inserted\">streckkod<\/span><\/strong><span class=\"ng-star-inserted\">s,\u00a0<\/span><strong class=\"ng-star-inserted\"><span class=\"ng-star-inserted\">RFID<\/span><\/strong><span class=\"ng-star-inserted\">\u00a0<\/span><strong class=\"ng-star-inserted\"><span class=\"ng-star-inserted\">m\u00e4rka<\/span><\/strong><span class=\"ng-star-inserted\">kr\u00e4ver inte skanning i siktlinje. Detta m\u00f6jligg\u00f6r snabbare och effektivare datainsamling, \u00e4ven i kr\u00e4vande milj\u00f6er som tr\u00e5nga lager eller hektiska butiker. M\u00f6jligheten att l\u00e4sa flera\u00a0<\/span><strong class=\"ng-star-inserted\"><span class=\"ng-star-inserted\">taggar<\/span><\/strong><span class=\"ng-star-inserted\">\u00a0samtidigt \u00e4r en viktig f\u00f6rdel med\u00a0<\/span><strong class=\"ng-star-inserted\"><span class=\"ng-star-inserted\">RFID<\/span><\/strong><span class=\"ng-star-inserted\">, vilket avsev\u00e4rt accelererar processer som lagerinventeringar och\u00a0<\/span><strong class=\"ng-star-inserted\"><span class=\"ng-star-inserted\">kassa<\/span><\/strong><span class=\"ng-star-inserted\">. Den kan identifiera objekt som r\u00f6r sig h\u00f6g hastighet och flera elektroniska\u00a0<\/span><strong class=\"ng-star-inserted\"><span class=\"ng-star-inserted\">taggar<\/span><\/strong><span class=\"ng-star-inserted\">\u00a0samtidigt\u00a0<\/span><strong class=\"ng-star-inserted\"><span class=\"ng-star-inserted\">tid<\/span><\/strong><span class=\"ng-star-inserted\">\u00a0genom\u00a0<\/span><strong class=\"ng-star-inserted\"><span class=\"ng-star-inserted\">RFID<\/span><\/strong><span class=\"ng-star-inserted\">\u00a0<\/span><strong class=\"ng-star-inserted\"><span class=\"ng-star-inserted\">teknologi<\/span><\/strong><span class=\"ng-star-inserted\">.<\/span><\/p>\n<h2 class=\"ng-star-inserted\"><strong class=\"ng-star-inserted\"><span class=\"ng-star-inserted\">RFID-etiketter: Revolutionerar detaljhandeln<\/span><\/strong><\/h2>\n<p class=\"ng-star-inserted\"><strong class=\"ng-star-inserted\"><span class=\"ng-star-inserted\">RFID h\u00e4ngetiketter<\/span><\/strong><span class=\"ng-star-inserted\">\u00a0f\u00f6r\u00e4ndrar detaljhandelslandskapet genom att ge o\u00f6vertr\u00e4ffad insyn i lager och f\u00f6rb\u00e4ttra s\u00e4kerheten.\u00a0<\/span><strong class=\"ng-star-inserted\"><span class=\"ng-star-inserted\">taggar<\/span><\/strong><span class=\"ng-star-inserted\">, vanligtvis f\u00e4sta p\u00e5 kl\u00e4der, hattar, v\u00e4skor och skor, inneh\u00e5ller ett mikrochip som lagrar produktinformation och en unik identifierare. Genom att b\u00e4dda in\u00a0<\/span><strong class=\"ng-star-inserted\"><span class=\"ng-star-inserted\">RFID<\/span><\/strong><span class=\"ng-star-inserted\">\u00a0<\/span><strong class=\"ng-star-inserted\"><span class=\"ng-star-inserted\">teknologi<\/span><\/strong><span class=\"ng-star-inserted\">\u00a0i\u00a0<\/span><strong class=\"ng-star-inserted\"><span class=\"ng-star-inserted\">h\u00e4nga<\/span><\/strong><span class=\"ng-star-inserted\">\u00a0<\/span><strong class=\"ng-star-inserted\"><span class=\"ng-star-inserted\">m\u00e4rka<\/span><\/strong><span class=\"ng-star-inserted\">s, detta problem kan l\u00f6sas effektivt.<\/span><\/p>\n<p class=\"ng-star-inserted\"><strong class=\"ng-star-inserted\"><span class=\"ng-star-inserted\">RFID h\u00e4ngetiketter<\/span><\/strong><span class=\"ng-star-inserted\">\u00a0erbjuder m\u00e5nga f\u00f6rdelar, inklusive:<\/span><\/p>\n<ul class=\"ng-star-inserted\">\n<li class=\"ng-star-inserted\">\n<p class=\"ng-star-inserted\"><strong class=\"ng-star-inserted\"><span class=\"ng-star-inserted\">F\u00f6rb\u00e4ttrad lagernoggrannhet:<\/span><\/strong><span class=\"ng-star-inserted\">\u00a0<\/span><strong class=\"ng-star-inserted\"><span class=\"ng-star-inserted\">Realtid<\/span><\/strong><span class=\"ng-star-inserted\">\u00a0uppf\u00f6ljning av lagerniv\u00e5er, minska lagerbrist och \u00f6verlager.<\/span><\/p>\n<\/li>\n<li class=\"ng-star-inserted\">\n<p class=\"ng-star-inserted\"><strong class=\"ng-star-inserted\"><span class=\"ng-star-inserted\">F\u00f6rebyggande av f\u00f6rlust:<\/span><\/strong><span class=\"ng-star-inserted\">\u00a0<\/span><strong class=\"ng-star-inserted\"><span class=\"ng-star-inserted\">RFID<\/span><\/strong><span class=\"ng-star-inserted\">\u00a0<\/span><strong class=\"ng-star-inserted\"><span class=\"ng-star-inserted\">m\u00e4rka<\/span><\/strong><span class=\"ng-star-inserted\">kan anv\u00e4ndas som en del av ett elektroniskt artikel\u00f6vervakningssystem (EAS) f\u00f6r att avskr\u00e4cka st\u00f6ld. De kan ocks\u00e5 bidra till att f\u00f6rhindra f\u00f6rfalskning.\u00a0<\/span><strong class=\"ng-star-inserted\"><span class=\"ng-star-inserted\">plagg<\/span><\/strong><span class=\"ng-star-inserted\">s.<\/span><\/p>\n<\/li>\n<li class=\"ng-star-inserted\">\n<p class=\"ng-star-inserted\"><strong class=\"ng-star-inserted\"><span class=\"ng-star-inserted\">Varum\u00e4rkesautentisering:<\/span><\/strong><span class=\"ng-star-inserted\">\u00a0<\/span><strong class=\"ng-star-inserted\"><span class=\"ng-star-inserted\">RFID<\/span><\/strong><span class=\"ng-star-inserted\">\u00a0hj\u00e4lper till att verifiera produkternas \u00e4kthet, vilket skyddar ditt varum\u00e4rke och dina kunder.<\/span><\/p>\n<\/li>\n<li class=\"ng-star-inserted\">\n<p class=\"ng-star-inserted\"><strong class=\"ng-star-inserted\"><span class=\"ng-star-inserted\">F\u00f6rb\u00e4ttrad kundupplevelse:<\/span><\/strong><span class=\"ng-star-inserted\">\u00a0Snabbare\u00a0<\/span><strong class=\"ng-star-inserted\"><span class=\"ng-star-inserted\">kassa<\/span><\/strong><span class=\"ng-star-inserted\">\u00a0processer och personliga rekommendationer genom smarta hyllor och provrum.<\/span><\/p>\n<\/li>\n<\/ul>\n<p class=\"ng-star-inserted\">\n<h2 class=\"ng-star-inserted\"><strong class=\"ng-star-inserted\"><span class=\"ng-star-inserted\">Teknisk\u00a0<\/span><\/strong><\/h2>\n<div class=\"table-container ng-star-inserted\">\n<table>\n<tbody>\n<tr class=\"table-header ng-star-inserted\">\n<td class=\"ng-star-inserted\"><span class=\"ng-star-inserted\">S\u00e4rdrag<\/span><\/td>\n<td class=\"ng-star-inserted\"><span class=\"ng-star-inserted\">Specifikation<\/span><\/td>\n<\/tr>\n<tr class=\"ng-star-inserted\">\n<td class=\"ng-star-inserted\"><strong class=\"ng-star-inserted\"><span class=\"ng-star-inserted\">Frekvens<\/span><\/strong><\/td>\n<td class=\"ng-star-inserted\"><strong class=\"ng-star-inserted\"><span class=\"ng-star-inserted\">UHF RFID<\/span><\/strong><span class=\"ng-star-inserted\">\u00a0(860\u2013960 MHz),\u00a0<\/span><strong class=\"ng-star-inserted\"><span class=\"ng-star-inserted\">RAIN RFID<\/span><\/strong><\/td>\n<\/tr>\n<tr class=\"ng-star-inserted\">\n<td class=\"ng-star-inserted\"><strong class=\"ng-star-inserted\"><span class=\"ng-star-inserted\">Protokoll<\/span><\/strong><\/td>\n<td class=\"ng-star-inserted\"><strong class=\"ng-star-inserted\"><span class=\"ng-star-inserted\">ISO 18000-6C<\/span><\/strong><span class=\"ng-star-inserted\">\u00a0(<\/span><strong class=\"ng-star-inserted\"><span class=\"ng-star-inserted\">EPC Klass 1 Gen2<\/span><\/strong><span class=\"ng-star-inserted\">)<\/span><\/td>\n<\/tr>\n<tr class=\"ng-star-inserted\">\n<td class=\"ng-star-inserted\"><strong class=\"ng-star-inserted\"><span class=\"ng-star-inserted\">Chip typ<\/span><\/strong><\/td>\n<td class=\"ng-star-inserted\"><span class=\"ng-star-inserted\">Impinj Monza, NXP UCODE, Alien Higgs<\/span><\/td>\n<\/tr>\n<tr class=\"ng-star-inserted\">\n<td class=\"ng-star-inserted\"><strong class=\"ng-star-inserted\"><span class=\"ng-star-inserted\">Minne<\/span><\/strong><\/td>\n<td class=\"ng-star-inserted\"><strong class=\"ng-star-inserted\"><span class=\"ng-star-inserted\">EPC<\/span><\/strong><span class=\"ng-star-inserted\">\u00a096-bitars,\u00a0<\/span><strong class=\"ng-star-inserted\"><span class=\"ng-star-inserted\">datalagring<\/span><\/strong><span class=\"ng-star-inserted\">\u00a0Anv\u00e4ndarminne 512-bitars (varierar beroende p\u00e5 chip)<\/span><\/td>\n<\/tr>\n<tr class=\"ng-star-inserted\">\n<td class=\"ng-star-inserted\"><strong class=\"ng-star-inserted\"><span class=\"ng-star-inserted\">L\u00e4somr\u00e5de<\/span><\/strong><\/td>\n<td class=\"ng-star-inserted\"><span class=\"ng-star-inserted\">Upp till 10 meter (varierar beroende p\u00e5 l\u00e4sare och milj\u00f6)<\/span><\/td>\n<\/tr>\n<tr class=\"ng-star-inserted\">\n<td class=\"ng-star-inserted\"><strong class=\"ng-star-inserted\"><span class=\"ng-star-inserted\">Datalagring<\/span><\/strong><\/td>\n<td class=\"ng-star-inserted\"><span class=\"ng-star-inserted\">10 \u00e5r<\/span><\/td>\n<\/tr>\n<tr class=\"ng-star-inserted\">\n<td class=\"ng-star-inserted\"><strong class=\"ng-star-inserted\"><span class=\"ng-star-inserted\">Skriv uth\u00e5llighet<\/span><\/strong><\/td>\n<td class=\"ng-star-inserted\"><span class=\"ng-star-inserted\">100 000 cykler<\/span><\/td>\n<\/tr>\n<tr class=\"ng-star-inserted\">\n<td class=\"ng-star-inserted\"><strong class=\"ng-star-inserted\"><span class=\"ng-star-inserted\">Drifttemp<\/span><\/strong><\/td>\n<td class=\"ng-star-inserted\"><span class=\"ng-star-inserted\">-40\u00b0C till +85\u00b0C (varierar beroende p\u00e5\u00a0<\/span><strong class=\"ng-star-inserted\"><span class=\"ng-star-inserted\">m\u00e4rka<\/span><\/strong><span class=\"ng-star-inserted\">\u00a0typ)<\/span><\/td>\n<\/tr>\n<tr class=\"ng-star-inserted\">\n<td class=\"ng-star-inserted\"><strong class=\"ng-star-inserted\"><span class=\"ng-star-inserted\">Material<\/span><\/strong><\/td>\n<td class=\"ng-star-inserted\"><span class=\"ng-star-inserted\">Papper, satin, nylon etc.<\/span><\/td>\n<\/tr>\n<tr class=\"ng-star-inserted\">\n<td class=\"ng-star-inserted\"><strong class=\"ng-star-inserted\"><span class=\"ng-star-inserted\">Fasts\u00e4ttning<\/span><\/strong><\/td>\n<td class=\"ng-star-inserted\"><strong class=\"ng-star-inserted\"><span class=\"ng-star-inserted\">Lim<\/span><\/strong><span class=\"ng-star-inserted\">, V\u00e4rmef\u00f6rsegling, Ins\u00f6mning,\u00a0<\/span><strong class=\"ng-star-inserted\"><span class=\"ng-star-inserted\">H\u00e4ngetikett<\/span><\/strong><\/td>\n<\/tr>\n<tr class=\"ng-star-inserted\">\n<td class=\"ng-star-inserted\"><strong class=\"ng-star-inserted\"><span class=\"ng-star-inserted\">Anpassning<\/span><\/strong><\/td>\n<td class=\"ng-star-inserted\"><span class=\"ng-star-inserted\">Utskrift, kodning,\u00a0<\/span><strong class=\"ng-star-inserted\"><span class=\"ng-star-inserted\">Streckkod<\/span><\/strong><span class=\"ng-star-inserted\">, Logotyp<\/span><\/td>\n<\/tr>\n<tr class=\"ng-star-inserted\">\n<td class=\"ng-star-inserted\"><strong class=\"ng-star-inserted\"><span class=\"ng-star-inserted\">Formfaktor<\/span><\/strong><\/td>\n<td class=\"ng-star-inserted\"><strong class=\"ng-star-inserted\"><span class=\"ng-star-inserted\">H\u00e4ngetikett<\/span><\/strong><span class=\"ng-star-inserted\">,\u00a0<\/span><strong class=\"ng-star-inserted\"><span class=\"ng-star-inserted\">Klisterm\u00e4rke<\/span><\/strong><span class=\"ng-star-inserted\">,\u00a0<\/span><strong class=\"ng-star-inserted\"><span class=\"ng-star-inserted\">V\u00e4vd etikett<\/span><\/strong><span class=\"ng-star-inserted\">,\u00a0<\/span><strong class=\"ng-star-inserted\"><span class=\"ng-star-inserted\">Intarsia<\/span><\/strong><\/td>\n<\/tr>\n<tr class=\"ng-star-inserted\">\n<td class=\"ng-star-inserted\"><strong class=\"ng-star-inserted\"><span class=\"ng-star-inserted\">Milj\u00f6<\/span><\/strong><\/td>\n<td class=\"ng-star-inserted\"><span class=\"ng-star-inserted\">100% milj\u00f6v\u00e4nlig pappersbaserad antenn\u00a0<\/span><strong class=\"ng-star-inserted\"><span class=\"ng-star-inserted\">alternativ<\/span><\/strong><span class=\"ng-star-inserted\">\u00a0tillg\u00e4nglig<\/span><\/td>\n<\/tr>\n<\/tbody>\n<\/table>\n<p>&nbsp;<\/p>\n<\/div>\n<p class=\"ng-star-inserted\"><strong class=\"ng-star-inserted\"><span class=\"ng-star-inserted\">RFID-plaggetikett<\/span><\/strong><span class=\"ng-star-inserted\">\u00a0\u00e4r den mest framst\u00e5ende applikationen d\u00e4r\u00a0<\/span><strong class=\"ng-star-inserted\"><span class=\"ng-star-inserted\">RFID<\/span><\/strong><span class=\"ng-star-inserted\">\u00a0<\/span><strong class=\"ng-star-inserted\"><span class=\"ng-star-inserted\">teknologi<\/span><\/strong><span class=\"ng-star-inserted\">\u00a0p\u00e5verkar kl\u00e4dindustrin. Genom\u00a0<\/span><strong class=\"ng-star-inserted\"><span class=\"ng-star-inserted\">radiofrekvens<\/span><\/strong><span class=\"ng-star-inserted\">\u00a0signaler, de\u00a0<\/span><strong class=\"ng-star-inserted\"><span class=\"ng-star-inserted\">RFID<\/span><\/strong><span class=\"ng-star-inserted\">\u00a0<\/span><strong class=\"ng-star-inserted\"><span class=\"ng-star-inserted\">plagg<\/span><\/strong><span class=\"ng-star-inserted\">\u00a0<\/span><strong class=\"ng-star-inserted\"><span class=\"ng-star-inserted\">m\u00e4rka<\/span><\/strong><span class=\"ng-star-inserted\">\u00a0kan automatiskt identifiera m\u00e5lobjekt och h\u00e4mta relevant data och identifiera arbete utan manuell inblandning. Den kan fungera i alla typer av d\u00e5liga milj\u00f6er. Dessa\u00a0<\/span><strong class=\"ng-star-inserted\"><span class=\"ng-star-inserted\">etiketter \u00e4r utformade<\/span><\/strong><span class=\"ng-star-inserted\">\u00a0f\u00f6r att m\u00f6ta olika behov.<\/span><\/p>\n<h2 class=\"ng-star-inserted\"><strong class=\"ng-star-inserted\"><span class=\"ng-star-inserted\">Anpassning och integration<\/span><\/strong><\/h2>\n<p class=\"ng-star-inserted\"><strong class=\"ng-star-inserted\"><span class=\"ng-star-inserted\">RFID<\/span><\/strong><span class=\"ng-star-inserted\">\u00a0<\/span><strong class=\"ng-star-inserted\"><span class=\"ng-star-inserted\">plagg<\/span><\/strong><span class=\"ng-star-inserted\">\u00a0<\/span><strong class=\"ng-star-inserted\"><span class=\"ng-star-inserted\">taggar<\/span><\/strong><span class=\"ng-star-inserted\">\u00a0kan skr\u00e4ddarsys f\u00f6r att m\u00f6ta de specifika behoven hos ditt varum\u00e4rke och din verksamhet.\u00a0<\/span><strong class=\"ng-star-inserted\"><span class=\"ng-star-inserted\">H\u00e4ngetikett<\/span><\/strong><span class=\"ng-star-inserted\">kan anpassas med din logotyp, varum\u00e4rkesf\u00e4rger och produktinformation. Sk\u00f6tselr\u00e5d med\u00a0<\/span><strong class=\"ng-star-inserted\"><span class=\"ng-star-inserted\">RFID<\/span><\/strong><span class=\"ng-star-inserted\">\u00a0<\/span><strong class=\"ng-star-inserted\"><span class=\"ng-star-inserted\">intarsia<\/span><\/strong><span class=\"ng-star-inserted\">kan utformas f\u00f6r att s\u00f6ml\u00f6st integreras med dina befintliga\u00a0<\/span><strong class=\"ng-star-inserted\"><span class=\"ng-star-inserted\">plagg<\/span><\/strong><span class=\"ng-star-inserted\">\u00a0tillverkningsprocesser.<\/span><\/p>\n<h2 class=\"ng-star-inserted\"><strong class=\"ng-star-inserted\"><span class=\"ng-star-inserted\">Kontakta oss f\u00f6r att implementera din RFID-strategi<\/span><\/strong><\/h2>\n<p class=\"ng-star-inserted\"><span class=\"ng-star-inserted\">Redo att utnyttja kraften i\u00a0<\/span><strong class=\"ng-star-inserted\"><span class=\"ng-star-inserted\">RFID<\/span><\/strong><span class=\"ng-star-inserted\">\u00a0<\/span><strong class=\"ng-star-inserted\"><span class=\"ng-star-inserted\">teknologi<\/span><\/strong><span class=\"ng-star-inserted\">\u00a0att f\u00f6rvandla din\u00a0<\/span><strong class=\"ng-star-inserted\"><span class=\"ng-star-inserted\">kl\u00e4der<\/span><\/strong><span class=\"ng-star-inserted\">\u00a0f\u00f6retag?\u00a0<\/span><strong class=\"ng-star-inserted\"><span class=\"ng-star-inserted\">Kontakta oss<\/span><\/strong><span class=\"ng-star-inserted\">\u00a0idag f\u00f6r att diskutera dina specifika behov och l\u00e4ra dig mer om v\u00e5r omfattande\u00a0<\/span><strong class=\"ng-star-inserted\"><span class=\"ng-star-inserted\">RFID<\/span><\/strong><span class=\"ng-star-inserted\">\u00a0l\u00f6sningar, inklusive\u00a0<\/span><strong class=\"ng-star-inserted\"><span class=\"ng-star-inserted\">RFID<\/span><\/strong><span class=\"ng-star-inserted\">\u00a0<\/span><strong class=\"ng-star-inserted\"><span class=\"ng-star-inserted\">plagg<\/span><\/strong><span class=\"ng-star-inserted\">\u00a0<\/span><strong class=\"ng-star-inserted\"><span class=\"ng-star-inserted\">taggar<\/span><\/strong><span class=\"ng-star-inserted\">,\u00a0<\/span><strong class=\"ng-star-inserted\"><span class=\"ng-star-inserted\">RFID<\/span><\/strong><span class=\"ng-star-inserted\">\u00a0l\u00e4sare och programvara.<\/span><\/p>","protected":false},"excerpt":{"rendered":"<p><span class=\"ng-star-inserted\">Vi erbjuder\u00a0<\/span><strong class=\"ng-star-inserted\"><span class=\"ng-star-inserted\">gratisprover<\/span><\/strong><span class=\"ng-star-inserted\"> av\u00a0 <\/span><strong class=\"ng-star-inserted\"><span class=\"ng-star-inserted\">RFID-plagg<\/span><\/strong><span class=\"ng-star-inserted\">\u00a0<\/span><strong class=\"ng-star-inserted\"><span class=\"ng-star-inserted\">taggar<\/span><\/strong><span class=\"ng-star-inserted\">\u00a0s\u00e5 att du kan utv\u00e4rdera deras prestanda i din egen milj\u00f6. V\u00e5r produktionsfabrik \u00e4r utrustad med\u00a0<\/span><strong class=\"ng-star-inserted\"><span class=\"ng-star-inserted\">senast<\/span><\/strong><span class=\"ng-star-inserted\">\u00a0<\/span><strong class=\"ng-star-inserted\"><span class=\"ng-star-inserted\">teknologi<\/span><\/strong><span class=\"ng-star-inserted\">\u00a0att s\u00e4kerst\u00e4lla\u00a0<\/span><strong class=\"ng-star-inserted\"><span class=\"ng-star-inserted\">h\u00f6gkvalitativ<\/span><\/strong><span class=\"ng-star-inserted\">\u00a0<\/span><strong class=\"ng-star-inserted\"><span class=\"ng-star-inserted\">m\u00e4rka<\/span><\/strong><span class=\"ng-star-inserted\">till konkurrenskraftiga priser.<\/span><\/p>","protected":false},"featured_media":3181,"template":"","meta":{"_kad_post_transparent":"default","_kad_post_title":"","_kad_post_layout":"default","_kad_post_sidebar_id":"","_kad_post_content_style":"default","_kad_post_vertical_padding":"default","_kad_post_feature":"","_kad_post_feature_position":"","_kad_post_header":false,"_kad_post_footer":false,"_kad_post_classname":""},"product_brand":[],"product_cat":[53],"product_tag":[385,383,384],"class_list":{"0":"post-3180","1":"product","2":"type-product","3":"status-publish","4":"has-post-thumbnail","6":"product_cat-rfid-clothes-tag","7":"product_tag-rfid-garment-paper-tag","8":"product_tag-rfid-garment-tag","9":"product_tag-rfid-hang-tag","11":"first","12":"instock","13":"shipping-taxable","14":"product-type-simple","15":"entry","16":"content-bg","17":"loop-entry"},"_links":{"self":[{"href":"https:\/\/rfid-laundry-tag.com\/sv\/wp-json\/wp\/v2\/product\/3180","targetHints":{"allow":["GET"]}}],"collection":[{"href":"https:\/\/rfid-laundry-tag.com\/sv\/wp-json\/wp\/v2\/product"}],"about":[{"href":"https:\/\/rfid-laundry-tag.com\/sv\/wp-json\/wp\/v2\/types\/product"}],"version-history":[{"count":1,"href":"https:\/\/rfid-laundry-tag.com\/sv\/wp-json\/wp\/v2\/product\/3180\/revisions"}],"predecessor-version":[{"id":3185,"href":"https:\/\/rfid-laundry-tag.com\/sv\/wp-json\/wp\/v2\/product\/3180\/revisions\/3185"}],"wp:featuredmedia":[{"embeddable":true,"href":"https:\/\/rfid-laundry-tag.com\/sv\/wp-json\/wp\/v2\/media\/3181"}],"wp:attachment":[{"href":"https:\/\/rfid-laundry-tag.com\/sv\/wp-json\/wp\/v2\/media?parent=3180"}],"wp:term":[{"taxonomy":"product_brand","embeddable":true,"href":"https:\/\/rfid-laundry-tag.com\/sv\/wp-json\/wp\/v2\/product_brand?post=3180"},{"taxonomy":"product_cat","embeddable":true,"href":"https:\/\/rfid-laundry-tag.com\/sv\/wp-json\/wp\/v2\/product_cat?post=3180"},{"taxonomy":"product_tag","embeddable":true,"href":"https:\/\/rfid-laundry-tag.com\/sv\/wp-json\/wp\/v2\/product_tag?post=3180"}],"curies":[{"name":"wp","href":"https:\/\/api.w.org\/{rel}","templated":true}]}}