{"id":3174,"date":"2026-01-09T13:11:22","date_gmt":"2026-01-09T13:11:22","guid":{"rendered":"https:\/\/rfid-laundry-tag.com\/?post_type=product&#038;p=3174"},"modified":"2026-01-09T13:11:23","modified_gmt":"2026-01-09T13:11:23","slug":"rfid-mifare-desfire-ev3-2k-4k-8k-inlay","status":"publish","type":"product","link":"https:\/\/rfid-laundry-tag.com\/sv\/rfid-mifare-desfire-ev3-2k-4k-8k-inlay\/","title":{"rendered":"RFID Mifare Desfire EV3 2K 4K 8K Inl\u00e4gg"},"content":{"rendered":"<h2>RFID Mifare Desfire EV3 2K 4K 8K Inl\u00e4gg<\/h2>\n<p>De\u00a0<strong>MIFARE\u00ae DESFire\u00ae EV3<\/strong>\u00a0Serien fr\u00e5n NXP Semiconductors representerar en banbrytande l\u00f6sning inom s\u00e4ker, kontaktl\u00f6s RFID-teknik, idealisk f\u00f6r olika till\u00e4mpningar som kr\u00e4ver h\u00f6g s\u00e4kerhet och flexibilitet. H\u00e4r \u00e4r en kortfattad \u00f6versikt \u00f6ver dess funktioner, minnesalternativ, s\u00e4kerhetsf\u00f6rb\u00e4ttringar, till\u00e4mpningar och anpassningsm\u00f6jligheter:<\/p>\n<h3>Minnesalternativ<\/h3>\n<p>MIFARE\u00ae DESFire\u00ae EV3 finns i tre minneskonfigurationer:<\/p>\n<ul>\n<li><strong>2K<\/strong>B\u00e4st f\u00f6r enkla till\u00e4mpningar som \u00e5tkomstkontroll eller eng\u00e5ngsbiljetter.<\/li>\n<li><strong>4K<\/strong>L\u00e4mplig f\u00f6r mellanstora till\u00e4mpningar, s\u00e5som lojalitetsprogram och sm\u00e5 kollektivtrafiksystem.<\/li>\n<li><strong>8K<\/strong>Utformad f\u00f6r komplexa milj\u00f6er med flera applikationer, som smarta st\u00e4der och stora f\u00f6retag.<\/li>\n<\/ul>\n<p>Varje konfiguration st\u00f6der flera applikationer, med m\u00f6jlighet att lagra upp till\u00a0<strong>32 filer per applikation<\/strong>, vilket g\u00f6r det m\u00f6jligt f\u00f6r f\u00f6retag att skr\u00e4ddarsy l\u00f6sningar efter sina behov.<\/p>\n<h3>F\u00f6rb\u00e4ttrade s\u00e4kerhetsfunktioner<\/h3>\n<p>S\u00e4kerhet \u00e4r ett viktigt fokus f\u00f6r EV3, med bland annat:<\/p>\n<ul>\n<li><strong>AES-kryptering<\/strong>Skyddar data under \u00f6verf\u00f6ring.<\/li>\n<li><strong>EAL5+-certifiering<\/strong>Garanterar h\u00f6g s\u00e4kerhetsniv\u00e5 f\u00f6r k\u00e4nsliga uppgifter.<\/li>\n<li><strong>S\u00e4ker unik NFC-autentisering<\/strong>Varje kort har en unik identifierare f\u00f6r att f\u00f6rhindra duplicering.<\/li>\n<li><strong>Flerskiktad s\u00e4kerhet<\/strong>St\u00f6der olika krypteringsprotokoll, inklusive AES och DES\/Triple-DES.<\/li>\n<\/ul>\n<p>Dessa funktioner g\u00f6r EV3 l\u00e4mplig f\u00f6r h\u00f6gs\u00e4kerhetstill\u00e4mpningar som \u00e5tkomstkontroll, kontantl\u00f6sa betalningar och smarta l\u00e5s.<\/p>\n<h3>Ans\u00f6kningar<\/h3>\n<p>M\u00e5ngsidigheten hos <a href=\"https:\/\/rfid-laundry-tag.com\/sv\/rfid-inlay\/\">RFID Mifare Desfire EV3 2K 4K 8K Inl\u00e4gg<\/a>\u00a0g\u00f6r det m\u00f6jligt att anv\u00e4nda det inom olika sektorer:<\/p>\n<ul>\n<li><strong>\u00c5tkomstkontroll<\/strong>S\u00e4ker tilltr\u00e4deshantering f\u00f6r byggnader och omr\u00e5den med begr\u00e4nsat tilltr\u00e4de.<\/li>\n<li><strong>Kollektivtrafik<\/strong>Underl\u00e4ttar effektiv biljetthantering och biljettinsamling.<\/li>\n<li><strong>Lojalitetsprogram<\/strong>Lagrar kunddata och bel\u00f6ningar s\u00e4kert.<\/li>\n<li><strong>Smarta st\u00e4der<\/strong>St\u00f6der infrastruktur med robust prestanda och kompatibilitet med NFC- och RFID-teknik.<\/li>\n<\/ul>\n<h3>Anpassning och support<\/h3>\n<p>NXP erbjuder omfattande anpassningsalternativ f\u00f6r att m\u00f6ta specifika aff\u00e4rsbehov:<\/p>\n<ul>\n<li><strong>Anpassad utskrift<\/strong>Anpassa kort med logotyper och varum\u00e4rke.<\/li>\n<li><strong>Anpassad minnesallokering<\/strong>Skr\u00e4ddarsy minneskonfigurationer f\u00f6r specifika applikationer.<\/li>\n<li><strong>Anpassningsbara s\u00e4kerhetsinst\u00e4llningar<\/strong>Justera krypterings- och autentiseringsmetoder.<\/li>\n<\/ul>\n<p>F\u00f6retag kan f\u00e5 prover med en ledtid p\u00e5 bara\u00a0<strong>1\u20132 dagar<\/strong>, vilket m\u00f6jligg\u00f6r snabb utv\u00e4rdering och implementering.<\/p>\n<h2><strong><b>Tekniska specifikationer<\/b><\/strong><\/h2>\n<div class=\"collapse-mobile ste-list\">\n<h3>RF-gr\u00e4nssnitt: ISO\/IEC 14443 Typ A<\/h3>\n<ul class=\"boxes\">\n<li>Kontaktl\u00f6st gr\u00e4nssnitt kompatibelt med ISO\/IEC 14443-2\/3 A<\/li>\n<li>L\u00e5g Hmin m\u00f6jligg\u00f6r driftavst\u00e5nd upp till 100 mm (beroende p\u00e5 effekt fr\u00e5n PCD och antenngeometri)<\/li>\n<li>Snabb data\u00f6verf\u00f6ring: 106 kbit\/s, 212 kbit\/s, 424 kbit\/s, 848 kbit\/s<\/li>\n<li>7 byte unik identifierare (alternativ f\u00f6r Random ID)<\/li>\n<li>Anv\u00e4nder ISO\/IEC 14443-4 \u00f6verf\u00f6ringsprotokoll<\/li>\n<li>Konfigurerbar FSCI f\u00f6r att st\u00f6dja upp till 256 byte ramstorlek<\/li>\n<\/ul>\n<\/div>\n<div class=\"collapse-mobile ste-list\">\n<h3>Icke-flyktigt minne<\/h3>\n<ul class=\"boxes\">\n<li>2 kB, 4 kB, 8 kB och 16 kB<\/li>\n<li>Datalagring i 25 \u00e5r<\/li>\n<li>Skrivh\u00e5llfasthet typisk 1 000 000 cykler<\/li>\n<li>Snabba programmeringscykler<\/li>\n<\/ul>\n<\/div>\n<div class=\"collapse-mobile ste-list\">\n<h3>NV-minnesorganisation och st\u00f6d f\u00f6r flera applikationer<\/h3>\n<ul class=\"boxes\">\n<li>Flexibelt filsystem: anv\u00e4ndaren kan fritt definiera applikationsstrukturer p\u00e5 PICC<\/li>\n<li>S\u00e5 m\u00e5nga applikationer som minnesstorleken st\u00f6der<\/li>\n<li>Upp till 32 filer i varje applikation (6 filtyper tillg\u00e4ngliga: Standarddatafil, s\u00e4kerhetskopieringsdatafil, v\u00e4rdefil, linj\u00e4r postfil, cyklisk postfil och transaktions-MAC-fil)<\/li>\n<li>Filstorleken best\u00e4ms under skapandet (inte f\u00f6r transaktions MAC-fil)<\/li>\n<li>MlsmartApp (Delegerad applikationshantering)<\/li>\n<li>\u00c5teranv\u00e4ndning av minne i DAM-applikationer (Format Application)<\/li>\n<li>Fabriksinstallerade NXP:s DAM-nycklar f\u00f6r AppXplorer-tj\u00e4nstsupport<\/li>\n<li>\u00c5tkomst till filer fr\u00e5n tv\u00e5 valfria program under en och samma transaktion<\/li>\n<\/ul>\n<\/div>\n<div class=\"collapse-mobile ste-list\">\n<h3>S\u00e4kerhet och integritet<\/h3>\n<ul class=\"boxes\">\n<li>Common Criteria-certifiering: EAL5+ (h\u00e5rdvara och mjukvara)<\/li>\n<li>Unikt serienummer p\u00e5 7 byte f\u00f6r varje enhet<\/li>\n<li>Valfritt &quot;RANDOM&quot;-ID f\u00f6r f\u00f6rb\u00e4ttrad s\u00e4kerhet och integritet<\/li>\n<li>\u00d6msesidig autentisering i tre pass<\/li>\n<li>\u00d6msesidig autentisering enligt ISO\/IEC 7816-4<\/li>\n<li>Flexibel nyckelhantering: 1 kort\u00a0<span class=\"Footnote\" data-id=\"Inclusive Language\">ledare<\/span>\u00a0nyckel och upp till 14 nycklar per applikation<\/li>\n<li>Flera tangenttilldelningar f\u00f6r varje fil\u00e5tkomstr\u00e4ttighet (upp till 8)<\/li>\n<li>Flera nyckelupps\u00e4ttningar per applikation med snabb nyckelrullningsmekanism (upp till 16 upps\u00e4ttningar)<\/li>\n<li>H\u00e5rdvaru-DES med 56\/112\/168-bitars nycklar med nyckelversion<\/li>\n<li>H\u00e5rdvaru-AES med 128-bitars nycklar med nyckelversion<\/li>\n<li>Dataautentitet med 8 byte CMAC<\/li>\n<li>MF3ICD40-kompatibelt l\u00e4ge: 4 byte MAC, CRC 16<\/li>\n<li>Datakryptering p\u00e5 RF-kanal<\/li>\n<li>Autentisering p\u00e5 applikationsniv\u00e5<\/li>\n<li>Sensorer f\u00f6r h\u00e5rdvaruundantag<\/li>\n<li>Sj\u00e4lvs\u00e4krande filsystem<\/li>\n<li>Transaktions-MAC signerad med hemlig nyckel per applikation<\/li>\n<li>Virtuell kortarkitektur f\u00f6r f\u00f6rb\u00e4ttrat kort-\/applikationsval p\u00e5 enheter med flera virtuella vyer med integritetsskydd<\/li>\n<li>N\u00e4rhetskontroll f\u00f6r skydd mot rel\u00e4attacker<\/li>\n<li>Originalitetskontroll f\u00f6r att bevisa \u00e4kta NXP-produkt<\/li>\n<\/ul>\n<\/div>","protected":false},"excerpt":{"rendered":"<p><strong>RFID Mifare Desfire EV3 2K 4K 8K Inl\u00e4gg<\/strong> \u00e4r en avancerad RFID-l\u00f6sning som erbjuder h\u00f6g s\u00e4kerhet, snabb data\u00f6verf\u00f6ring, flexibla minnesalternativ och s\u00f6ml\u00f6s integration f\u00f6r flera applikationer.<\/p>","protected":false},"featured_media":3175,"template":"","meta":{"_kad_post_transparent":"default","_kad_post_title":"","_kad_post_layout":"default","_kad_post_sidebar_id":"","_kad_post_content_style":"default","_kad_post_vertical_padding":"default","_kad_post_feature":"","_kad_post_feature_position":"","_kad_post_header":false,"_kad_post_footer":false,"_kad_post_classname":""},"product_brand":[],"product_cat":[189],"product_tag":[111,108,382],"class_list":{"0":"post-3174","1":"product","2":"type-product","3":"status-publish","4":"has-post-thumbnail","6":"product_cat-rfid-inlay","7":"product_tag-nfc-inlay","8":"product_tag-rfid-inlay","9":"product_tag-rfid-mifare-desfire-ev3-2k-4k-8k-inlay","11":"first","12":"instock","13":"shipping-taxable","14":"product-type-simple","15":"entry","16":"content-bg","17":"loop-entry"},"_links":{"self":[{"href":"https:\/\/rfid-laundry-tag.com\/sv\/wp-json\/wp\/v2\/product\/3174","targetHints":{"allow":["GET"]}}],"collection":[{"href":"https:\/\/rfid-laundry-tag.com\/sv\/wp-json\/wp\/v2\/product"}],"about":[{"href":"https:\/\/rfid-laundry-tag.com\/sv\/wp-json\/wp\/v2\/types\/product"}],"version-history":[{"count":1,"href":"https:\/\/rfid-laundry-tag.com\/sv\/wp-json\/wp\/v2\/product\/3174\/revisions"}],"predecessor-version":[{"id":3179,"href":"https:\/\/rfid-laundry-tag.com\/sv\/wp-json\/wp\/v2\/product\/3174\/revisions\/3179"}],"wp:featuredmedia":[{"embeddable":true,"href":"https:\/\/rfid-laundry-tag.com\/sv\/wp-json\/wp\/v2\/media\/3175"}],"wp:attachment":[{"href":"https:\/\/rfid-laundry-tag.com\/sv\/wp-json\/wp\/v2\/media?parent=3174"}],"wp:term":[{"taxonomy":"product_brand","embeddable":true,"href":"https:\/\/rfid-laundry-tag.com\/sv\/wp-json\/wp\/v2\/product_brand?post=3174"},{"taxonomy":"product_cat","embeddable":true,"href":"https:\/\/rfid-laundry-tag.com\/sv\/wp-json\/wp\/v2\/product_cat?post=3174"},{"taxonomy":"product_tag","embeddable":true,"href":"https:\/\/rfid-laundry-tag.com\/sv\/wp-json\/wp\/v2\/product_tag?post=3174"}],"curies":[{"name":"wp","href":"https:\/\/api.w.org\/{rel}","templated":true}]}}