{"id":317,"date":"2024-06-28T04:00:12","date_gmt":"2024-06-28T04:00:12","guid":{"rendered":"https:\/\/rfid-laundry-tag.com\/?post_type=product&#038;p=317"},"modified":"2024-06-28T04:00:12","modified_gmt":"2024-06-28T04:00:12","slug":"iso15693-i-code-slix-nfc-tag","status":"publish","type":"product","link":"https:\/\/rfid-laundry-tag.com\/sv\/iso15693-i-code-slix-nfc-tag\/","title":{"rendered":"ISO15693 I CODE SLIX NFC Tag"},"content":{"rendered":"<table class=\"hight-light-first-column all magic-1\">\n<tbody>\n<tr>\n<td colspan=\"1\" rowspan=\"1\">\n<div class=\"magic-2\">\n<div class=\"magic-3\" data-spm-anchor-id=\"a2700.pc-decorate.0.i24.7f543333WPG8F0\"><span class=\"magic-4\" data-spm-anchor-id=\"a2700.pc-decorate.0.i23.7f543333WPG8F0\"><span class=\"magic-5\" style=\"color: #000000; font-family: Roboto;\"><b class=\"magic-4\" data-spm-anchor-id=\"a2700.pc-decorate.0.i114.7f543333WPG8F0\">Punkt<\/b><\/span><\/span><\/div>\n<\/div>\n<\/td>\n<td colspan=\"4\" rowspan=\"1\">\n<div class=\"magic-6\">\u00a0ISO15693 I CODE SLIX NFC Tag<\/div>\n<\/td>\n<\/tr>\n<tr>\n<td colspan=\"1\" rowspan=\"1\">\n<div class=\"magic-2\">\n<div class=\"magic-3\" data-spm-anchor-id=\"a2700.pc-decorate.0.i22.7f543333WPG8F0\"><span class=\"magic-4\" data-spm-anchor-id=\"a2700.pc-decorate.0.i10.7f543333WPG8F0\"><b class=\"magic-4\"><span class=\"magic-5\" style=\"color: #000000; font-family: Roboto;\">Material<\/span><\/b><\/span><\/div>\n<\/div>\n<\/td>\n<td colspan=\"4\" rowspan=\"1\">\n<div class=\"magic-9\"><span class=\"magic-5\" style=\"color: #000000;\">Papper \/ PP-film \/PET \/Inl\u00e4gg<\/span><\/div>\n<\/td>\n<\/tr>\n<tr>\n<td colspan=\"1\" rowspan=\"1\">\n<div class=\"magic-2\">\n<div class=\"magic-3\" data-spm-anchor-id=\"a2700.pc-decorate.0.i34.7f543333WPG8F0\"><b class=\"magic-13\" data-spm-anchor-id=\"a2700.pc-decorate.0.i111.7f543333WPG8F0\"><span class=\"magic-5\" style=\"color: #000000; font-family: Roboto;\">Frekvens<\/span><\/b><\/div>\n<\/div>\n<\/td>\n<td colspan=\"4\" rowspan=\"1\">\n<div class=\"magic-6\"><span class=\"magic-5\" style=\"color: #000000; font-family: Roboto;\" data-spm-anchor-id=\"a2700.details.0.i25.244e512bmtbZH7\">13,56 MHz<\/span><\/div>\n<\/td>\n<\/tr>\n<tr>\n<td colspan=\"1\" rowspan=\"1\">\n<div class=\"magic-2\">\n<div class=\"magic-3\" data-spm-anchor-id=\"a2700.pc-decorate.0.i33.7f543333WPG8F0\"><b class=\"magic-4\"><span class=\"magic-5\" style=\"color: #000000; font-family: Roboto;\">Storlek<\/span><\/b><\/div>\n<\/div>\n<\/td>\n<td colspan=\"4\" rowspan=\"1\">\n<div class=\"magic-9\"><span class=\"magic-5\" style=\"color: #000000;\">50*50\/45*45\/30*15\/40*25\/ Dia 25\/30 eller anpassad storlek<\/span><\/div>\n<\/td>\n<\/tr>\n<tr>\n<td colspan=\"1\" rowspan=\"1\">\n<div class=\"magic-2\">\n<div class=\"magic-3\"><b class=\"magic-14\">Ans\u00f6kningar<\/b><\/div>\n<\/div>\n<\/td>\n<td colspan=\"4\" rowspan=\"1\">\n<div class=\"magic-6\" data-spm-anchor-id=\"a2700.details.0.i24.244e512bmtbZH7\"><span class=\"magic-5\" style=\"color: #000000; font-family: Roboto;\">Anv\u00e4nds i stor utstr\u00e4ckning inom kapitalf\u00f6rvaltning, kl\u00e4dhantering, inventering, bibliotek, smycken, logistik etc.<\/span><\/div>\n<\/td>\n<\/tr>\n<\/tbody>\n<\/table>\n<p>&nbsp;<\/p>\n<div class=\"auto-hide-last-sibling-br paragraph_9dc5f paragraph-element\"><strong>RFID-inl\u00e4gg:<\/strong>\u00a0Ett RFID-inl\u00e4gg best\u00e5r av en antenn och ett mikrochip, d\u00e4r chipet lagrar data och antennen ansvarar f\u00f6r att \u00f6verf\u00f6ra denna data till RFID-l\u00e4saren.<\/div>\n<p>&nbsp;<\/p>\n<div class=\"auto-hide-last-sibling-br paragraph_9dc5f paragraph-element\"><strong>V\u00e5ta inl\u00e4gg:<\/strong>\u00a0Dessa \u00e4r RFID-inl\u00e4gg som placeras ovanp\u00e5 ett limskikt och ett klart PET-skikt (polyetylentereftalat). PET-skiktet anv\u00e4nds f\u00f6r att skydda mot fysisk skada. Med den sj\u00e4lvh\u00e4ftande sidan v\u00e4nd bort fr\u00e5n etiketten eller materialet kan dessa bekv\u00e4mt anv\u00e4ndas f\u00f6r att konstruera RFID-etiketter, d\u00e4rav deras breda till\u00e4mpning vid etikettskapande f\u00f6r olika sektorer.<\/div>\n<div><\/div>\n<div>\n<div class=\"auto-hide-last-sibling-br paragraph_9dc5f paragraph-element\">\u00a0ISO15693 I CODE SLIX NFC Tag, gjord av olika material som papper, PP-film, PET eller inlay, och i olika storlekar, anv\u00e4nds brett. Du hittar dem ofta i branscher som:<\/div>\n<p><br class=\"container_21264 wrapper_661ac undefined\" \/><\/p>\n<ul class=\"auto-hide-last-sibling-br\">\n<li><strong>Asset Management:<\/strong>\u00a0Taggar anv\u00e4nds f\u00f6r att sp\u00e5ra fysiska tillg\u00e5ngar i en m\u00e4ngd olika inst\u00e4llningar, s\u00e5som \u00f6vervakningsutrustning inom h\u00e4lso- och sjukv\u00e5rd eller IT.<\/li>\n<li><strong>Kl\u00e4dhantering:<\/strong>\u00a0Inom modedetaljhandeln underl\u00e4ttar dessa taggar lagersp\u00e5rning, st\u00f6ldskydds\u00e5tg\u00e4rder och f\u00f6rb\u00e4ttrar kundupplevelsen i butik.<\/li>\n<li><strong>Lagerhantering:<\/strong>\u00a0I lager och detaljhandeln anv\u00e4nds RFID-taggar f\u00f6r att effektivt hantera lager, minska manuellt arbete och minimera fel.<\/li>\n<li><strong>Bibliotekshantering:<\/strong>\u00a0De anv\u00e4nds f\u00f6r att automatisera uppl\u00e5nings- och returprocesser, f\u00f6rb\u00e4ttra lagerhanteringen och erbjuda s\u00e4kerhet mot st\u00f6ld.<\/li>\n<li><strong>Smyckeshantering:<\/strong>\u00a0Dessa taggar \u00e4r l\u00e4tta och exakta och erbjuder s\u00e4ker och effektiv lagerkontroll inom smyckesindustrin.<\/li>\n<li><strong>Logistik:<\/strong> RFID-taggar anv\u00e4nds f\u00f6r att sp\u00e5ra gods under transport, f\u00f6rb\u00e4ttra leveransnoggrannheten och f\u00f6rb\u00e4ttra synligheten i leveranskedjan.<\/li>\n<\/ul>\n<div class=\"auto-hide-last-sibling-br paragraph_9dc5f paragraph-element\">Storleken och formen p\u00e5 taggen kan anpassas efter den specifika applikationen, vilket f\u00f6rb\u00e4ttrar deras flexibilitet och anpassningsf\u00f6rm\u00e5ga i olika anv\u00e4ndningsfall.<\/div>\n<\/div>","protected":false},"excerpt":{"rendered":"<p><strong>ISO15693 I CODE SLIX NFC Tag:<\/strong>\u00a0Dessa taggar \u00e4r h\u00f6gfrekventa (13,56MHz) RFID-taggar som \u00f6verensst\u00e4mmer med ISO15693-standarden. I CODE SLIX-chippet \u00e4r k\u00e4nt f\u00f6r sitt anm\u00e4rkningsv\u00e4rda l\u00e4s-\/skrivomr\u00e5de, idealiskt f\u00f6r tillg\u00e5ngshanteringsapplikationer.<\/p>","protected":false},"featured_media":318,"template":"","meta":{"_kad_post_transparent":"default","_kad_post_title":"","_kad_post_layout":"default","_kad_post_sidebar_id":"","_kad_post_content_style":"default","_kad_post_vertical_padding":"default","_kad_post_feature":"","_kad_post_feature_position":"","_kad_post_header":false,"_kad_post_footer":false,"_kad_post_classname":""},"product_brand":[],"product_cat":[54],"product_tag":[133,132],"class_list":{"0":"post-317","1":"product","2":"type-product","3":"status-publish","4":"has-post-thumbnail","6":"product_cat-hot-selling-rfid-tags","7":"product_tag-i-code-slix-nfc-tag","8":"product_tag-iso15693-i-code-slix-nfc-tag","10":"first","11":"instock","12":"shipping-taxable","13":"product-type-simple","14":"entry","15":"content-bg","16":"loop-entry"},"_links":{"self":[{"href":"https:\/\/rfid-laundry-tag.com\/sv\/wp-json\/wp\/v2\/product\/317","targetHints":{"allow":["GET"]}}],"collection":[{"href":"https:\/\/rfid-laundry-tag.com\/sv\/wp-json\/wp\/v2\/product"}],"about":[{"href":"https:\/\/rfid-laundry-tag.com\/sv\/wp-json\/wp\/v2\/types\/product"}],"version-history":[{"count":0,"href":"https:\/\/rfid-laundry-tag.com\/sv\/wp-json\/wp\/v2\/product\/317\/revisions"}],"wp:featuredmedia":[{"embeddable":true,"href":"https:\/\/rfid-laundry-tag.com\/sv\/wp-json\/wp\/v2\/media\/318"}],"wp:attachment":[{"href":"https:\/\/rfid-laundry-tag.com\/sv\/wp-json\/wp\/v2\/media?parent=317"}],"wp:term":[{"taxonomy":"product_brand","embeddable":true,"href":"https:\/\/rfid-laundry-tag.com\/sv\/wp-json\/wp\/v2\/product_brand?post=317"},{"taxonomy":"product_cat","embeddable":true,"href":"https:\/\/rfid-laundry-tag.com\/sv\/wp-json\/wp\/v2\/product_cat?post=317"},{"taxonomy":"product_tag","embeddable":true,"href":"https:\/\/rfid-laundry-tag.com\/sv\/wp-json\/wp\/v2\/product_tag?post=317"}],"curies":[{"name":"wp","href":"https:\/\/api.w.org\/{rel}","templated":true}]}}