{"id":315,"date":"2024-06-28T01:50:42","date_gmt":"2024-06-28T01:50:42","guid":{"rendered":"https:\/\/rfid-laundry-tag.com\/?post_type=product&#038;p=315"},"modified":"2024-08-19T15:48:20","modified_gmt":"2024-08-19T15:48:20","slug":"tamper-proof-nfc-sticker-ntag424-dna-tt","status":"publish","type":"product","link":"https:\/\/rfid-laundry-tag.com\/sv\/tamper-proof-nfc-sticker-ntag424-dna-tt\/","title":{"rendered":"S\u00e4kert NFC-dekal NTAG424 DNA TT"},"content":{"rendered":"<h2>S\u00e4kert NFC-dekal NTAG424 DNA TT<\/h2>\n<table class=\"all magic-15\">\n<tbody>\n<tr>\n<td colspan=\"1\" rowspan=\"1\">\n<div class=\"magic-16\" data-spm-anchor-id=\"a2700.details.0.i75.2d9c3353FQLlpS\">Material<\/div>\n<\/td>\n<td colspan=\"4\" rowspan=\"1\">\n<div class=\"magic-17\">Br\u00e4ckligt papper+Sk\u00f6tt antenn<\/div>\n<\/td>\n<\/tr>\n<tr>\n<td colspan=\"1\" rowspan=\"1\">\n<div class=\"magic-16\">Storlek<\/div>\n<\/td>\n<td colspan=\"4\" rowspan=\"1\">\n<div class=\"magic-17\">24*60mm, 20*70mm, 27*77mm, 35*66mm, 35mm*80mm etc.<\/div>\n<\/td>\n<\/tr>\n<tr>\n<td colspan=\"1\" rowspan=\"1\">\n<div class=\"magic-16\">Utskrift<\/div>\n<\/td>\n<td colspan=\"4\" rowspan=\"1\">\n<div class=\"magic-17\">Fullf\u00e4rgstryck<\/div>\n<\/td>\n<\/tr>\n<tr>\n<td colspan=\"1\" rowspan=\"1\">\n<div class=\"magic-16\">Frekvens<\/div>\n<\/td>\n<td colspan=\"4\" rowspan=\"1\">\n<div class=\"magic-17\" data-spm-anchor-id=\"a2700.details.0.i74.2d9c3353FQLlpS\">13,56 MHz<\/div>\n<\/td>\n<\/tr>\n<tr>\n<td colspan=\"1\" rowspan=\"1\">\n<div class=\"magic-16\">Protokoll<\/div>\n<\/td>\n<td colspan=\"4\" rowspan=\"1\">\n<div class=\"magic-17\">ISO14443A<\/div>\n<\/td>\n<\/tr>\n<tr>\n<td colspan=\"1\" rowspan=\"2\">\n<div class=\"magic-16\">Chips<\/div>\n<\/td>\n<td colspan=\"4\" rowspan=\"1\">\n<div class=\"magic-17\">\n<p>NTAG213 TT<\/p>\n<p>* 184 byte organiserade p\u00e5 46 sidor med 4 byte per sida<br \/>\n* 144 byte fritt tillg\u00e4ngligt l\u00e4s-\/skrivomr\u00e5de f\u00f6r anv\u00e4ndare (36 sidor)<\/p>\n<\/div>\n<\/td>\n<\/tr>\n<tr>\n<td colspan=\"4\" rowspan=\"1\">\n<div class=\"magic-17\">\n<p>NTAG424 DNA TT sabotage (416 byte)<\/p>\n<p>416 byte minne organiserat i ett ISO\/IEC 7816-4 filsystem:<br \/>\n* 32 byte kapacitet beh\u00e5llare<br \/>\n* 256 bytes NDEF-fil<br \/>\n* 128 byte skyddad datafil<\/p>\n<\/div>\n<\/td>\n<\/tr>\n<tr>\n<td colspan=\"1\" rowspan=\"1\">\n<div class=\"magic-16\">L\u00e4s avst\u00e5nd<\/div>\n<\/td>\n<td colspan=\"4\" rowspan=\"1\">\n<div class=\"magic-17\" data-spm-anchor-id=\"a2700.details.0.i76.2d9c3353FQLlpS\">1-10CM (Relaterat till l\u00e4sarens prestanda och arbetsmilj\u00f6)<\/div>\n<\/td>\n<\/tr>\n<tr>\n<td colspan=\"1\" rowspan=\"1\">\n<div class=\"magic-16\">S\u00e4rdrag<\/div>\n<\/td>\n<td colspan=\"4\" rowspan=\"1\">\n<div class=\"magic-17\">Anti-f\u00f6rfalskning, manipuleringss\u00e4ker, eng\u00e5ngsanv\u00e4ndning<\/div>\n<\/td>\n<\/tr>\n<tr>\n<td colspan=\"1\" rowspan=\"1\">\n<div class=\"magic-16\">Anpassad support<\/div>\n<\/td>\n<td colspan=\"4\" rowspan=\"1\">\n<div class=\"magic-17\">Material, storlek, chip, utskrift, kodning, serienummer, form, paket etc.<\/div>\n<\/td>\n<\/tr>\n<tr>\n<td colspan=\"1\" rowspan=\"1\">\n<div class=\"magic-16\">Certifikat<\/div>\n<\/td>\n<td colspan=\"4\" rowspan=\"1\">\n<div class=\"magic-17\">CE RoHS ISO<\/div>\n<\/td>\n<\/tr>\n<\/tbody>\n<\/table>\n<h3>Hur TAG (NTAG213 TagTamper \/ 424 DNA TagTamper) fungerar<\/h3>\n<p><strong>Allm\u00e4n princip:<\/strong><\/p>\n<p>TAG-systemet anv\u00e4nder\u00a0<strong>RFID-teknik<\/strong>\u00a0med en specialiserad\u00a0<strong>Tag Tamper<\/strong>\u00a0funktionalitet f\u00f6r att uppt\u00e4cka obeh\u00f6rig f\u00f6rpacknings\u00f6ppning. Den best\u00e5r av tv\u00e5 prim\u00e4ra komponenter:<\/p>\n<ol>\n<li><strong>RFID-tagg:<\/strong>\n<ul>\n<li><strong>Huvudantennslinga:<\/strong>\u00a0S\u00e4nder radiov\u00e5gor mellan RFID-l\u00e4saren och IC-kretsen.<\/li>\n<li><strong>Detektionsslinga\/tr\u00e5d:<\/strong>\u00a0En separat tr\u00e5d utformad f\u00f6r att g\u00e5 s\u00f6nder vid manipulering. Detta avbrott registreras permanent av IC-kretsen.<\/li>\n<\/ul>\n<\/li>\n<li><strong>RFID-l\u00e4sare:<\/strong>\n<ul>\n<li><strong>L\u00e4ser data fr\u00e5n RFID-taggen<\/strong>, inklusive status f\u00f6r detektionskabeln.<\/li>\n<li><strong>\u00d6verf\u00f6r data till en server<\/strong>, d\u00e4r den kan analyseras och anv\u00e4ndas f\u00f6r olika applikationer.<\/li>\n<\/ul>\n<\/li>\n<\/ol>\n<p><strong>Taggmanipuleringsfunktion:<\/strong><\/p>\n<ul>\n<li>Detekteringskabeln \u00e4r ansluten till IC-kretsen.<\/li>\n<li>N\u00e4r tr\u00e5den \u00e4r bruten, chipet\u00a0<strong>lagrar ett permanent register \u00f6ver manipuleringsh\u00e4ndelsen<\/strong>.<\/li>\n<li>Denna information kan vara\u00a0<strong>speglas i ASCII-koden i anv\u00e4ndarminnet<\/strong>\u00a0och\u00a0<strong>rapporteras till molnet<\/strong>\u00a0f\u00f6r vidare analys.<\/li>\n<\/ul>\n<p><strong>424 DNA TagTamper med AES-128 Kryptografi:<\/strong><\/p>\n<ul>\n<li><strong>Unikt NFC-autentiseringsmeddelande (SUN):<\/strong>\u00a0Varje g\u00e5ng 424 DNA TagTamper avlyssnas med en NFC-mobil eller l\u00e4sare, genererar den en unik SUN.<\/li>\n<li><strong>S\u00e4ker autentisering:<\/strong>\n<ul>\n<li>SUN skickas till en v\u00e4rdserver tillsammans med en unik URL.<\/li>\n<li>V\u00e4rden utf\u00f6r autentisering med AES-128-kryptering.<\/li>\n<li><strong>Kontroll<\/strong>\u00a0returneras till l\u00e4saren\/mobilenheten.<\/li>\n<\/ul>\n<\/li>\n<\/ul>\n<p><strong>Applikationer:<\/strong><\/p>\n<ul>\n<li><strong>Avancerad anti-f\u00f6rfalskning (produktautentisering):<\/strong>\n<ul>\n<li>Verifierar \u00e4ktheten av fysiska varor.<\/li>\n<li>Identifierar f\u00f6rs\u00e4ljning utanf\u00f6r auktoriserade marknader.<\/li>\n<\/ul>\n<\/li>\n<li><strong>Detektering och bevis f\u00f6r sabotage (smart f\u00f6rpackning):<\/strong>\n<ul>\n<li>Uppt\u00e4cker obeh\u00f6rig produkt\u00f6ppning.<\/li>\n<li>S\u00e4krar produktens integritet.<\/li>\n<\/ul>\n<\/li>\n<li><strong>S\u00e4krade exklusiva anv\u00e4ndarupplevelser baserat p\u00e5 produktstatus:<\/strong>\n<ul>\n<li>M\u00f6jligg\u00f6r avancerade anv\u00e4ndarinteraktioner (f\u00f6re och efter f\u00f6rs\u00e4ljning).<\/li>\n<li>Bel\u00f6nar kunder med personligt inneh\u00e5ll, erbjudanden och privilegier.<\/li>\n<\/ul>\n<\/li>\n<li><strong>S\u00e4krade k\u00e4nsliga dataapplikationer:<\/strong>\n<ul>\n<li>Skyddar k\u00e4nslig produkt- och anv\u00e4ndardata.<\/li>\n<li>Utl\u00f6ser en \u00e5tg\u00e4rd vid en verifierad f\u00f6rekomst (t.ex. betalning).<\/li>\n<\/ul>\n<\/li>\n<li><strong>S\u00e4ker autentisering och konfiguration av enheter med sluten slinga:<\/strong>\n<ul>\n<li>Autentiserar f\u00f6rbrukningsvaror och delar.<\/li>\n<li>Aktiverar en integritetskontroll.<\/li>\n<li>\u00d6verf\u00f6r automatiskt enhetsinst\u00e4llningar.<\/li>\n<\/ul>\n<\/li>\n<\/ul>\n<p><strong>Viktiga f\u00f6rdelar:<\/strong><\/p>\n<ul>\n<li><strong>H\u00f6g s\u00e4kerhet:<\/strong>\u00a0Funktionen f\u00f6r sabotagedetektering och AES-128-kryptering s\u00e4kerst\u00e4ller dataintegritet och f\u00f6rhindrar obeh\u00f6rig \u00e5tkomst.<\/li>\n<li><strong>M\u00e5ngsidiga applikationer:<\/strong>\u00a0Systemet kan anv\u00e4ndas f\u00f6r olika \u00e4ndam\u00e5l, fr\u00e5n produktautentisering till datas\u00e4kerhet.<\/li>\n<li><strong>Realtidssp\u00e5rning:<\/strong>\u00a0Informationen skickas till molnet i realtid, vilket m\u00f6jligg\u00f6r omedelbar handling och sp\u00e5rning.<\/li>\n<\/ul>","protected":false},"excerpt":{"rendered":"<p>NTAG 424 DNA \u00e4r h\u00f6gs\u00e4kerhet, kraftfull manipuleringss\u00e4ker NFC-dekal NTAG424 DNA TT fr\u00e5n NXP-halvledare. Taggen \u00e4r idealisk f\u00f6r att skydda tillg\u00e5ngar och information eftersom den har avancerade funktioner, s\u00e5som AES-kryptering och SUN-meddelandeautentisering, och skyddar lagring av k\u00e4nslig data.<\/p>","protected":false},"featured_media":316,"template":"","meta":{"_kad_post_transparent":"default","_kad_post_title":"","_kad_post_layout":"default","_kad_post_sidebar_id":"","_kad_post_content_style":"default","_kad_post_vertical_padding":"default","_kad_post_feature":"","_kad_post_feature_position":"","_kad_post_header":false,"_kad_post_footer":false,"_kad_post_classname":""},"product_brand":[],"product_cat":[54],"product_tag":[135,134],"class_list":{"0":"post-315","1":"product","2":"type-product","3":"status-publish","4":"has-post-thumbnail","6":"product_cat-hot-selling-rfid-tags","7":"product_tag-tamper-proof-nfc-sticker","8":"product_tag-tamper-proof-nfc-sticker-ntag424-dna-tt","10":"first","11":"instock","12":"shipping-taxable","13":"product-type-simple","14":"entry","15":"content-bg","16":"loop-entry"},"_links":{"self":[{"href":"https:\/\/rfid-laundry-tag.com\/sv\/wp-json\/wp\/v2\/product\/315","targetHints":{"allow":["GET"]}}],"collection":[{"href":"https:\/\/rfid-laundry-tag.com\/sv\/wp-json\/wp\/v2\/product"}],"about":[{"href":"https:\/\/rfid-laundry-tag.com\/sv\/wp-json\/wp\/v2\/types\/product"}],"version-history":[{"count":1,"href":"https:\/\/rfid-laundry-tag.com\/sv\/wp-json\/wp\/v2\/product\/315\/revisions"}],"predecessor-version":[{"id":1566,"href":"https:\/\/rfid-laundry-tag.com\/sv\/wp-json\/wp\/v2\/product\/315\/revisions\/1566"}],"wp:featuredmedia":[{"embeddable":true,"href":"https:\/\/rfid-laundry-tag.com\/sv\/wp-json\/wp\/v2\/media\/316"}],"wp:attachment":[{"href":"https:\/\/rfid-laundry-tag.com\/sv\/wp-json\/wp\/v2\/media?parent=315"}],"wp:term":[{"taxonomy":"product_brand","embeddable":true,"href":"https:\/\/rfid-laundry-tag.com\/sv\/wp-json\/wp\/v2\/product_brand?post=315"},{"taxonomy":"product_cat","embeddable":true,"href":"https:\/\/rfid-laundry-tag.com\/sv\/wp-json\/wp\/v2\/product_cat?post=315"},{"taxonomy":"product_tag","embeddable":true,"href":"https:\/\/rfid-laundry-tag.com\/sv\/wp-json\/wp\/v2\/product_tag?post=315"}],"curies":[{"name":"wp","href":"https:\/\/api.w.org\/{rel}","templated":true}]}}