{"id":312,"date":"2024-06-26T17:16:17","date_gmt":"2024-06-26T17:16:17","guid":{"rendered":"https:\/\/rfid-laundry-tag.com\/?post_type=product&#038;p=312"},"modified":"2024-06-26T17:19:23","modified_gmt":"2024-06-26T17:19:23","slug":"ntag213-nfc-inlay-dia25mm","status":"publish","type":"product","link":"https:\/\/rfid-laundry-tag.com\/sv\/ntag213-nfc-inlay-dia25mm\/","title":{"rendered":"Ntag213 NFC Inlay Dia25mm"},"content":{"rendered":"<div class=\"text-title\"><strong><span class=\"magic-26\" style=\"font-family: Arial;\" data-spm-anchor-id=\"a2700.details.0.i47.6f4d7d7dnursE7\">NFC torrt inl\u00e4gg<\/span><\/strong><\/div>\n<div class=\"text-content\">\n<p><span class=\"magic-6\" style=\"font-family: Arial;\">Enkelt sagt, RFID torr inl\u00e4gg \u00e4r en kombination av RFID-chip och antenn. Det kan anv\u00e4ndas f\u00f6r att g\u00f6ra NFC-klisterm\u00e4rken, RFID-etikett, RFID-biljett och olika RFID-taggar. <\/span><\/p>\n<div data-spm-anchor-id=\"a2700.details.0.i46.6f4d7d7dnursE7\">\n<p><span class=\"magic-6\" style=\"font-family: Arial;\"> Antenn av torrt inl\u00e4gg \u00e4r aluminiumetsning, som \u00e4r tunnare j\u00e4mf\u00f6rt med kopparspiral. Antennens form kan anpassas och designas om p\u00e5 beg\u00e4ran.<\/span><\/p>\n<div><\/div>\n<\/div>\n<\/div>\n<div>\n<div class=\"text-title\"><strong><span class=\"magic-26\" style=\"font-family: Arial;\">NFC v\u00e5t inl\u00e4gg<\/span><\/strong><\/div>\n<div class=\"text-content\">\n<p><span class=\"magic-6\" style=\"font-family: Arial;\" data-spm-anchor-id=\"a2700.details.0.i49.6f4d7d7dnursE7\">RFID torra inl\u00e4gg tillsatt med ett lim kallas v\u00e5t inl\u00e4gg. Den kan anv\u00e4ndas som en RFID-etikett eller NFC-dekal direkt om du inte beh\u00f6ver n\u00e5gon utskrift p\u00e5 ytan. Att klistras p\u00e5 f\u00f6rem\u00e5len kan spara kostnader och uppn\u00e5 samma syfte. Det anv\u00e4nds ocks\u00e5 i stor utstr\u00e4ckning vid tillverkning av RFID-taggar. Antenn av v\u00e5t inl\u00e4gg \u00e4r aluminiumetsning, som \u00e4r tunnare j\u00e4mf\u00f6rt med kopparspiral. Antennens form kan anpassas och designas om p\u00e5 beg\u00e4ran.<\/span><\/p>\n<div>\n<h2>Ntag213 NFC Inlay Dia25mm<\/h2>\n<p>Denna specifikation beskriver ett Ntag213 NFC-inl\u00e4gg med en diameter p\u00e5 25 mm. Det \u00e4r ett torrt inl\u00e4gg, vilket inneb\u00e4r att det inte har en sj\u00e4lvh\u00e4ftande baksida och kr\u00e4ver ytterligare steg f\u00f6r att f\u00e4sta p\u00e5 ett f\u00f6rem\u00e5l.<\/p>\n<p><strong>Nyckelfunktioner:<\/strong><\/p>\n<ul>\n<li><strong>Chips:<\/strong>\u00a0Ntag213<\/li>\n<li><strong>Diameter:<\/strong>\u00a025 mm<\/li>\n<li><strong>Typ:<\/strong>\u00a0Torr inl\u00e4gg<\/li>\n<li><strong>Protokoll:<\/strong>\u00a0ISO\/IEC 14443 Typ A<\/li>\n<li><strong>Frekvens:<\/strong>\u00a013,56 MHz<\/li>\n<li><strong>Minne:<\/strong>\u00a0144 byte<\/li>\n<\/ul>\n<p><strong>F\u00f6rdelar:<\/strong><\/p>\n<ul>\n<li><strong>Kostnadseffektivt:<\/strong>\u00a0Ntag213 \u00e4r ett mycket anv\u00e4nt och prisv\u00e4rt NFC-chip.<\/li>\n<li><strong>M\u00e5ngsidig:<\/strong>\u00a0L\u00e4mplig f\u00f6r ett brett spektrum av applikationer p\u00e5 grund av dess minnesstorlek och funktionalitet.<\/li>\n<li><strong>H\u00e5llbar:<\/strong>\u00a0Torra inl\u00e4gg ger b\u00e4ttre h\u00e5llbarhet j\u00e4mf\u00f6rt med v\u00e5ta inl\u00e4gg.<\/li>\n<li><strong>Anpassningsbar:<\/strong>\u00a0Antennen kan anpassas f\u00f6r specifika applikationer.<\/li>\n<\/ul>\n<p><strong>Applikationer:<\/strong><\/p>\n<ul>\n<li><strong>\u00c5tkomstkontroll:<\/strong>\u00a0Nyckelkort, RFID-brickor och andra s\u00e4kra \u00e5tkomstsystem.<\/li>\n<li><strong>Tillg\u00e5ngssp\u00e5rning:<\/strong>\u00a0Sp\u00e5ra lager, utrustning och andra v\u00e4rdefulla tillg\u00e5ngar.<\/li>\n<li><strong>Marknadsf\u00f6ring och reklam:<\/strong>\u00a0Interaktiva affischer, reklammaterial och lojalitetsprogram.<\/li>\n<li><strong>Betalningssystem:<\/strong>\u00a0Kontaktl\u00f6sa betalkort och mobila pl\u00e5nb\u00f6cker.<\/li>\n<li><strong>Datalagring:<\/strong>\u00a0Lagring av sm\u00e5 m\u00e4ngder data, s\u00e5som produktinformation eller serienummer.<\/li>\n<\/ul>\n<\/div>\n<div data-spm-anchor-id=\"a2700.details.0.i48.6f4d7d7dnursE7\"><\/div>\n<\/div>\n<\/div>","protected":false},"excerpt":{"rendered":"<p><strong>RFID NFC-inl\u00e4gg<\/strong> finns i tv\u00e5 typer, v\u00e5t och torr. En v\u00e5t RFID NFC-inl\u00e4gg kommer med en klibbig baksida, medan en torr inte g\u00f6r det. De tillhandah\u00e5ller ett taggalternativ som fungerar p\u00e5 13,56 MHz speciellt designat f\u00f6r originalutrustningstillverkare (OEM). B\u00e5de ISO 15693 och 14443 NFC minneskretsar finns tillg\u00e4ngliga f\u00f6r dessa inl\u00e4gg.<\/p>","protected":false},"featured_media":287,"template":"","meta":{"_kad_post_transparent":"default","_kad_post_title":"","_kad_post_layout":"default","_kad_post_sidebar_id":"","_kad_post_content_style":"default","_kad_post_vertical_padding":"default","_kad_post_feature":"","_kad_post_feature_position":"","_kad_post_header":false,"_kad_post_footer":false,"_kad_post_classname":""},"product_brand":[],"product_cat":[54],"product_tag":[111,129],"class_list":{"0":"post-312","1":"product","2":"type-product","3":"status-publish","4":"has-post-thumbnail","6":"product_cat-hot-selling-rfid-tags","7":"product_tag-nfc-inlay","8":"product_tag-ntag213-nfc-inlay-dia25mm","10":"first","11":"instock","12":"shipping-taxable","13":"product-type-simple","14":"entry","15":"content-bg","16":"loop-entry"},"_links":{"self":[{"href":"https:\/\/rfid-laundry-tag.com\/sv\/wp-json\/wp\/v2\/product\/312","targetHints":{"allow":["GET"]}}],"collection":[{"href":"https:\/\/rfid-laundry-tag.com\/sv\/wp-json\/wp\/v2\/product"}],"about":[{"href":"https:\/\/rfid-laundry-tag.com\/sv\/wp-json\/wp\/v2\/types\/product"}],"version-history":[{"count":0,"href":"https:\/\/rfid-laundry-tag.com\/sv\/wp-json\/wp\/v2\/product\/312\/revisions"}],"wp:featuredmedia":[{"embeddable":true,"href":"https:\/\/rfid-laundry-tag.com\/sv\/wp-json\/wp\/v2\/media\/287"}],"wp:attachment":[{"href":"https:\/\/rfid-laundry-tag.com\/sv\/wp-json\/wp\/v2\/media?parent=312"}],"wp:term":[{"taxonomy":"product_brand","embeddable":true,"href":"https:\/\/rfid-laundry-tag.com\/sv\/wp-json\/wp\/v2\/product_brand?post=312"},{"taxonomy":"product_cat","embeddable":true,"href":"https:\/\/rfid-laundry-tag.com\/sv\/wp-json\/wp\/v2\/product_cat?post=312"},{"taxonomy":"product_tag","embeddable":true,"href":"https:\/\/rfid-laundry-tag.com\/sv\/wp-json\/wp\/v2\/product_tag?post=312"}],"curies":[{"name":"wp","href":"https:\/\/api.w.org\/{rel}","templated":true}]}}