{"id":3117,"date":"2025-12-18T12:06:28","date_gmt":"2025-12-18T12:06:28","guid":{"rendered":"https:\/\/rfid-laundry-tag.com\/?post_type=product&#038;p=3117"},"modified":"2026-01-04T12:40:55","modified_gmt":"2026-01-04T12:40:55","slug":"textile-iron-durable-heat-sealed-rfid-laundry-tag","status":"publish","type":"product","link":"https:\/\/rfid-laundry-tag.com\/sv\/textile-iron-durable-heat-sealed-rfid-laundry-tag\/","title":{"rendered":"Textilj\u00e4rn h\u00e5llbar v\u00e4rmef\u00f6rseglad RFID-tv\u00e4ttetikett"},"content":{"rendered":"<div>\n<div>\n<h2>Textilj\u00e4rn h\u00e5llbar v\u00e4rmef\u00f6rseglad RFID-tv\u00e4ttetikett<\/h2>\n<p>&nbsp;<\/p>\n<p><strong><a href=\"https:\/\/rfid-laundry-tag.com\/sv\/textile-rfid-laundry-tag\/\">V\u00e4rmef\u00f6rsegling RFID-tv\u00e4ttetikett<\/a>\u00a0\u2013 H\u00e5llbar, h\u00f6gtemperaturbest\u00e4ndig textilsp\u00e5rningsl\u00f6sning<\/strong><\/p>\n<p>V\u00e5r RFID-tv\u00e4ttetikett f\u00f6r v\u00e4rmepress erbjuder en robust och p\u00e5litlig l\u00f6sning f\u00f6r textilidentifiering och sp\u00e5rning inom h\u00e4lso- och sjukv\u00e5rd, industriell tv\u00e4tt och uniformhantering i Europa, USA och Kanada. \u00c4ven k\u00e4nd som v\u00e4rme\u00f6verf\u00f6ringsetikett.\u00a0<a href=\"https:\/\/rfid-laundry-tag.com\/sv\/textile-rfid-laundry-tag\/\">RFID tv\u00e4ttlapp<\/a>, eller v\u00e4rmef\u00f6rseglad RFID-tv\u00e4ttetikett, ger den exceptionell prestanda under tuffa tv\u00e4ttf\u00f6rh\u00e5llanden.<\/p>\n<h2>F\u00f6rdelar:<\/h2>\n<p align=\"left\" data-spm-anchor-id=\"a2700.details-description.0.i1.404eTMiRTMiR6E\">1). Vattent\u00e4t och v\u00e4rmebest\u00e4ndig<br \/>\n2). 200 tv\u00e4ttcykler eller 300 g\u00e5nger<br \/>\n3). L\u00e4savst\u00e5nd p\u00e5 8~12 meter<br \/>\n4). Leveranstiden \u00e4r 3 dagar<\/p>\n<\/div>\n<h3>Nyckelfunktioner<\/h3>\n<ul>\n<li>Vattent\u00e4t och kemikaliebest\u00e4ndig: Utformad f\u00f6r att t\u00e5la tv\u00e4ttmedel, sk\u00f6ljmedel, blekmedel (syre\/klor) och alkalibehandlingar.<\/li>\n<li>V\u00e4rmeaktiverad RFID-tagg: Integreras s\u00f6ml\u00f6st med v\u00e4rmef\u00f6rseglingsmaskiner f\u00f6r snabb och s\u00e4ker fasts\u00e4ttning.<\/li>\n<li>Strykbar RFID-tv\u00e4ttetikett: Enkel att applicera med vanlig v\u00e4rmepress eller s\u00f6mnadsteknik, perfekt f\u00f6r inb\u00e4ddning i textilkanter eller sk\u00f6tselr\u00e5d.<\/li>\n<li>V\u00e4rmepressbar b\u00e4rbar RFID-tagg: S\u00e4kerst\u00e4ller varaktig vidh\u00e4ftning och minskar taggf\u00f6rlust under hela livscykeln.<\/li>\n<li>RFID-tv\u00e4ttetikett f\u00f6r h\u00f6ga temperaturer: Byggd f\u00f6r att motst\u00e5 den intensiva v\u00e4rmen och mekaniska p\u00e5frestningen fr\u00e5n industriella tv\u00e4ttprocesser.<\/li>\n<\/ul>\n<div>\n<table width=\"637\">\n<tbody>\n<tr>\n<td width=\"328\">Artikelnamn:<\/td>\n<td width=\"309\">Textilj\u00e4rn h\u00e5llbar v\u00e4rmef\u00f6rseglad RFID-tv\u00e4ttetikett<\/td>\n<\/tr>\n<tr>\n<td width=\"328\">RFID-standard:<\/td>\n<td width=\"309\">ISO\/IEC 18000-6 TypeC (EPC Gen2)<\/td>\n<\/tr>\n<tr>\n<td width=\"328\">Storlek &amp; Vikt:<\/td>\n<td width=\"309\">\u00a035 mm x 15 mm; 58 mm x 15 mm; 70 mm x 10 mm 70 x 15 mm 75 x 12 mm 75 x 15 mm eller kundanpassade<\/td>\n<\/tr>\n<tr>\n<td width=\"328\">Chiptyp:<\/td>\n<td width=\"309\">Monza 4QT, NXP U CODE 9, Alien H9 etc.<\/td>\n<\/tr>\n<tr>\n<td width=\"328\">EPC-minne:<\/td>\n<td width=\"309\">128 bitar<\/td>\n<\/tr>\n<tr>\n<td width=\"328\">Anv\u00e4ndarminne:<\/td>\n<td width=\"309\">512 bitar<\/td>\n<\/tr>\n<tr>\n<td width=\"328\">L\u00e4somr\u00e5de (2W ERP FCC):<\/td>\n<td width=\"309\">8M~10M<\/td>\n<\/tr>\n<tr>\n<td width=\"328\">L\u00e4somr\u00e5de (2W ERP ETSI):<\/td>\n<td width=\"309\">8M~10M<\/td>\n<\/tr>\n<tr>\n<td width=\"328\">Taggning:<\/td>\n<td width=\"309\">Varmst\u00e4mplingslim, v\u00e4rmet\u00e4tning, h\u00e5l etc.<\/td>\n<\/tr>\n<tr>\n<td width=\"328\">Ber\u00e4knad livsl\u00e4ngd:<\/td>\n<td width=\"309\">200 tv\u00e4ttcykler eller 300 g\u00e5nger<\/td>\n<\/tr>\n<tr>\n<td width=\"328\">Tv\u00e4ttmetod:<\/td>\n<td width=\"309\">Tv\u00e4ttservice, Kemtv\u00e4tt<\/td>\n<\/tr>\n<tr>\n<td width=\"328\">Vattenextraktionstryck:<\/td>\n<td width=\"309\">60 bar<\/td>\n<\/tr>\n<tr>\n<td width=\"328\">Vattent\u00e5lighet:<\/td>\n<td width=\"309\">Vattent\u00e5lig<\/td>\n<\/tr>\n<tr>\n<td width=\"328\">Kemisk best\u00e4ndighet:<\/td>\n<td width=\"309\">Tv\u00e4ttmedel, sk\u00f6ljmedel, blekmedel (syre\/klor), alkali<\/td>\n<\/tr>\n<tr>\n<td width=\"328\">F\u00f6rtorkning i torktumlare:<\/td>\n<td width=\"309\">125 \u00baC i 15-20 minuter<\/td>\n<\/tr>\n<tr>\n<td width=\"328\">Steriliseringstemperatur:<\/td>\n<td width=\"309\">135\u00b0C i 15-20 minuter<\/td>\n<\/tr>\n<tr>\n<td width=\"328\">Tv\u00e4tttemperatur:<\/td>\n<td width=\"309\">90\u00b0C, Upp till 15 min.<\/td>\n<\/tr>\n<tr>\n<td width=\"328\">Fuktighet\/temperaturdrift:<\/td>\n<td width=\"309\">-20 till 110\u00b0C, 8 till 95%RH<\/td>\n<\/tr>\n<tr>\n<td width=\"328\">Fuktighet\/temperatur-lagring:<\/td>\n<td width=\"309\">-40 till 110\u00b0C, 8 till 95%RH<\/td>\n<\/tr>\n<\/tbody>\n<\/table>\n<\/div>\n<\/div>\n<figure id=\"attachment_3280\" class=\"wp-caption alignnone\" aria-describedby=\"caption-attachment-3280\"><figcaption id=\"caption-attachment-3280\" class=\"wp-caption-text\">\n<figure id=\"attachment_3085\" aria-describedby=\"caption-attachment-3085\" style=\"width: 750px\" class=\"wp-caption alignnone\"><a href=\"https:\/\/rfid-laundry-tag.com\/sv\/textile-rfid-laundry-tag\/\"><img fetchpriority=\"high\" decoding=\"async\" class=\"size-full wp-image-3085\" src=\"https:\/\/rfid-laundry-tag.com\/wp-content\/uploads\/2025\/12\/UHF-RFID-washable-laundry-tag-11.jpg\" alt=\"Washable RFID Tags for Laundry Uniform\" width=\"750\" height=\"750\" srcset=\"https:\/\/rfid-laundry-tag.com\/wp-content\/uploads\/2025\/12\/UHF-RFID-washable-laundry-tag-11.jpg 750w, https:\/\/rfid-laundry-tag.com\/wp-content\/uploads\/2025\/12\/UHF-RFID-washable-laundry-tag-11-300x300.jpg 300w, https:\/\/rfid-laundry-tag.com\/wp-content\/uploads\/2025\/12\/UHF-RFID-washable-laundry-tag-11-150x150.jpg 150w, https:\/\/rfid-laundry-tag.com\/wp-content\/uploads\/2025\/12\/UHF-RFID-washable-laundry-tag-11-12x12.jpg 12w, https:\/\/rfid-laundry-tag.com\/wp-content\/uploads\/2025\/12\/UHF-RFID-washable-laundry-tag-11-600x600.jpg 600w, https:\/\/rfid-laundry-tag.com\/wp-content\/uploads\/2025\/12\/UHF-RFID-washable-laundry-tag-11-100x100.jpg 100w\" sizes=\"(max-width: 750px) 100vw, 750px\" \/><\/a><figcaption id=\"caption-attachment-3085\" class=\"wp-caption-text\">Tv\u00e4ttbara RFID-taggar f\u00f6r tv\u00e4ttuniform<\/figcaption><\/figure>\n<\/figcaption><\/figure>\n<p>Tillverkad av v\u00e4vd polyester och premium v\u00e4rmeaktiverade lim, f\u00e4ster denna RFID-v\u00e4rmeaktiverade tv\u00e4ttetikett s\u00e4kert p\u00e5 bomull, polyester och blandade textilier. Etiketten t\u00e5l kr\u00e4vande tv\u00e4ttcykler, inklusive h\u00f6gtemperatursterilisering, vilket g\u00f6r den idealisk f\u00f6r anv\u00e4ndning i RFID-tv\u00e4tthanteringssystem som anv\u00e4nds flitigt p\u00e5 sjukhus och industriella tv\u00e4tterier.<\/p>\n<div class=\"entry-content-asset videofit\"><iframe title=\"Varf\u00f6r anv\u00e4nda RFID i textiltv\u00e4tten?\" src=\"https:\/\/www.youtube.com\/embed\/X_P3EuhS_hE?feature=oembed\" width=\"720\" height=\"405\" frameborder=\"0\" allowfullscreen=\"allowfullscreen\" data-mce-fragment=\"1\"><\/iframe><\/div>\n<div>\n<h3><strong><b>Till\u00e4mpningar p\u00e5 globala marknader<\/b><\/strong><\/h3>\n<p>V\u00e5r\u00a0<strong>RFID-linneetikett f\u00f6r sjukv\u00e5rd<\/strong>\u00a0m\u00f6jligg\u00f6r exakt sp\u00e5rning av lakan, handdukar och uniformer, vilket st\u00f6der infektionskontroll och lagernoggrannhet p\u00e5 sjukhus i Nordamerika och Europa. RFID-taggar i textil f\u00f6r sjukhus f\u00f6rb\u00e4ttrar hanteringen av linnevarans livscykel, minskar svinnet och \u00f6kar den operativa effektiviteten i efterlevnadsdrivna milj\u00f6er.<\/p>\n<p>I industriella tv\u00e4ttmilj\u00f6er,\u00a0<strong>RFID-tv\u00e4ttbar tagg f\u00f6r industriell tv\u00e4tt<\/strong>\u00a0\u00e4r avg\u00f6rande f\u00f6r att hantera storskalig linnebearbetning och erbjuder s\u00f6ml\u00f6s integration i\u00a0<strong>RFID-tv\u00e4tthanteringssystem<\/strong>\u00a0utformad f\u00f6r kr\u00e4vande tv\u00e4ttf\u00f6rh\u00e5llanden.\u00a0<strong>enhetligt RFID-sp\u00e5rningschip<\/strong>\u00a0Inb\u00e4ddade i h\u00e5llbara RFID-taggar f\u00f6r uniformer hj\u00e4lper multinationella f\u00f6retag och v\u00e5rdinr\u00e4ttningar att uppr\u00e4tth\u00e5lla ansvarsskyldighet och optimera cirkulationen av uniformer.<\/p>\n<h3><strong><b>Installation och anv\u00e4ndning<\/b><\/strong><\/h3>\n<ul>\n<li><strong>Stygnm\u00e4rkning:<\/strong>Sy i plaggets f\u00e5llar borta fr\u00e5n viklinjerna f\u00f6r att f\u00f6rhindra skador<\/li>\n<li><strong>V\u00e4rmef\u00f6rsegling:<\/strong>Applicera vid 200 \u00b0C (392 \u00b0F) i 12\u201314 sekunder med v\u00e4rmef\u00f6rseglingsmaskiner av industristandard<\/li>\n<li><strong>I p\u00e5sen:<\/strong>Sy inuti standardtv\u00e4ttsetiketter f\u00f6r att bevara plaggets estetik<\/li>\n<\/ul>\n<figure id=\"attachment_3407\" class=\"wp-caption alignnone\" aria-describedby=\"caption-attachment-3407\"><figcaption id=\"caption-attachment-3407\" class=\"wp-caption-text\">\n<figure id=\"attachment_2970\" aria-describedby=\"caption-attachment-2970\" style=\"width: 1000px\" class=\"wp-caption alignnone\"><a href=\"https:\/\/rfid-laundry-tag.com\/sv\/textile-rfid-laundry-tag\/\"><img decoding=\"async\" class=\"size-full wp-image-2970\" src=\"https:\/\/rfid-laundry-tag.com\/wp-content\/uploads\/2025\/11\/UHF-RFID-washable-laundry-tag-08.jpg\" alt=\"Textile UHF RFID Tags Labels\" width=\"1000\" height=\"1000\" srcset=\"https:\/\/rfid-laundry-tag.com\/wp-content\/uploads\/2025\/11\/UHF-RFID-washable-laundry-tag-08.jpg 1000w, https:\/\/rfid-laundry-tag.com\/wp-content\/uploads\/2025\/11\/UHF-RFID-washable-laundry-tag-08-300x300.jpg 300w, https:\/\/rfid-laundry-tag.com\/wp-content\/uploads\/2025\/11\/UHF-RFID-washable-laundry-tag-08-150x150.jpg 150w, https:\/\/rfid-laundry-tag.com\/wp-content\/uploads\/2025\/11\/UHF-RFID-washable-laundry-tag-08-768x768.jpg 768w, https:\/\/rfid-laundry-tag.com\/wp-content\/uploads\/2025\/11\/UHF-RFID-washable-laundry-tag-08-12x12.jpg 12w, https:\/\/rfid-laundry-tag.com\/wp-content\/uploads\/2025\/11\/UHF-RFID-washable-laundry-tag-08-600x600.jpg 600w, https:\/\/rfid-laundry-tag.com\/wp-content\/uploads\/2025\/11\/UHF-RFID-washable-laundry-tag-08-100x100.jpg 100w\" sizes=\"(max-width: 1000px) 100vw, 1000px\" \/><\/a><figcaption id=\"caption-attachment-2970\" class=\"wp-caption-text\">Etiketter f\u00f6r UHF RFID-etiketter i textil<\/figcaption><\/figure>\n<\/figcaption><\/figure>\n<p>Integrerade med avancerad v\u00e4rmef\u00f6rseglingsteknik ger dessa etiketter konsekvent tryck p\u00e5 lappen och automatisk feedback f\u00f6r att s\u00e4kerst\u00e4lla felfri applicering.<\/p>\n<p>&nbsp;<\/p>\n<\/div>","protected":false},"excerpt":{"rendered":"<p>Vi \u00e4r de 5 b\u00e4sta tillverkarna av UHF RFID-tv\u00e4ttetiketter<strong>.Textilj\u00e4rn h\u00e5llbar v\u00e4rmef\u00f6rseglad RFID-tv\u00e4ttetikett <\/strong>s\u00e4kerst\u00e4ller h\u00e5llbar textilsp\u00e5rning inom sjukv\u00e5rd, tv\u00e4tt och uniformer i Europa, USA och Kanada \u2013 motst\u00e5ndskraftig mot h\u00e5rda tv\u00e4ttcykler.<\/p>","protected":false},"featured_media":3118,"template":"","meta":{"_kad_post_transparent":"default","_kad_post_title":"","_kad_post_layout":"default","_kad_post_sidebar_id":"","_kad_post_content_style":"default","_kad_post_vertical_padding":"default","_kad_post_feature":"","_kad_post_feature_position":"","_kad_post_header":false,"_kad_post_footer":false,"_kad_post_classname":""},"product_brand":[],"product_cat":[16],"product_tag":[24,375,342,339,65,368,30,374,373],"class_list":{"0":"post-3117","1":"product","2":"type-product","3":"status-publish","4":"has-post-thumbnail","6":"product_cat-uhf-rfid-laundry-tags","7":"product_tag-laundry-rfid-tags","8":"product_tag-rfid-laundry-tag-7015mm","9":"product_tag-rfid-laundry-tags","10":"product_tag-rfid-washable-tags","11":"product_tag-textile-rfid-laundry-tags","12":"product_tag-textile-uhf-rfid-tags-labels","13":"product_tag-uhf-rfid-laundry-tag","14":"product_tag-washable-uhf-rfid-labels","15":"product_tag-washable-uhf-rfid-laundry-textile-labels","17":"first","18":"instock","19":"featured","20":"shipping-taxable","21":"product-type-simple","22":"entry","23":"content-bg","24":"loop-entry"},"_links":{"self":[{"href":"https:\/\/rfid-laundry-tag.com\/sv\/wp-json\/wp\/v2\/product\/3117","targetHints":{"allow":["GET"]}}],"collection":[{"href":"https:\/\/rfid-laundry-tag.com\/sv\/wp-json\/wp\/v2\/product"}],"about":[{"href":"https:\/\/rfid-laundry-tag.com\/sv\/wp-json\/wp\/v2\/types\/product"}],"version-history":[{"count":3,"href":"https:\/\/rfid-laundry-tag.com\/sv\/wp-json\/wp\/v2\/product\/3117\/revisions"}],"predecessor-version":[{"id":3168,"href":"https:\/\/rfid-laundry-tag.com\/sv\/wp-json\/wp\/v2\/product\/3117\/revisions\/3168"}],"wp:featuredmedia":[{"embeddable":true,"href":"https:\/\/rfid-laundry-tag.com\/sv\/wp-json\/wp\/v2\/media\/3118"}],"wp:attachment":[{"href":"https:\/\/rfid-laundry-tag.com\/sv\/wp-json\/wp\/v2\/media?parent=3117"}],"wp:term":[{"taxonomy":"product_brand","embeddable":true,"href":"https:\/\/rfid-laundry-tag.com\/sv\/wp-json\/wp\/v2\/product_brand?post=3117"},{"taxonomy":"product_cat","embeddable":true,"href":"https:\/\/rfid-laundry-tag.com\/sv\/wp-json\/wp\/v2\/product_cat?post=3117"},{"taxonomy":"product_tag","embeddable":true,"href":"https:\/\/rfid-laundry-tag.com\/sv\/wp-json\/wp\/v2\/product_tag?post=3117"}],"curies":[{"name":"wp","href":"https:\/\/api.w.org\/{rel}","templated":true}]}}