{"id":310,"date":"2024-06-26T17:12:34","date_gmt":"2024-06-26T17:12:34","guid":{"rendered":"https:\/\/rfid-laundry-tag.com\/?post_type=product&#038;p=310"},"modified":"2024-06-26T17:15:58","modified_gmt":"2024-06-26T17:15:58","slug":"anti-metal-uhf-rfid-tag","status":"publish","type":"product","link":"https:\/\/rfid-laundry-tag.com\/sv\/anti-metal-uhf-rfid-tag\/","title":{"rendered":"Antimetall UHF RFID-tagg"},"content":{"rendered":"<h2>Antimetall UHF RFID-tagg<\/h2>\n<h2>Tillg\u00e4ngliga anpassningar:<\/h2>\n<p><strong>Utskrift:<\/strong><\/p>\n<ul>\n<li><strong>F\u00e4rgalternativ:<\/strong>\n<ul>\n<li>Monokromt tryck<\/li>\n<li>4-f\u00e4rgs offsettryck<\/li>\n<\/ul>\n<\/li>\n<li><strong>Input:<\/strong>\n<ul>\n<li>Grafisk layout tillhandah\u00e5llen av kunden i vektorformat<\/li>\n<\/ul>\n<\/li>\n<li><strong>Inneh\u00e5ll:<\/strong>\n<ul>\n<li>EPC-kod utskrift<\/li>\n<li>Progressiv seriell kodutskrift:\n<ul>\n<li>Fr\u00e5n databasen<\/li>\n<li>Fr\u00e5n .xls-fil<\/li>\n<\/ul>\n<\/li>\n<li>Utskrift av streckkoder<\/li>\n<li>QRCode utskrift<\/li>\n<\/ul>\n<\/li>\n<li><strong>Ytterligare anpassningsalternativ tillg\u00e4ngliga p\u00e5 beg\u00e4ran.<\/strong><\/li>\n<\/ul>\n<p><strong>Chipminneskodning:<\/strong><\/p>\n<ul>\n<li><strong>RFID UHF-transponderkodning:<\/strong>\n<ul>\n<li>EPC-kodning<\/li>\n<li>UHF-taggminne skriver:\n<ul>\n<li>Fr\u00e5n databas tillhandah\u00e5llen av klienten<\/li>\n<\/ul>\n<\/li>\n<\/ul>\n<\/li>\n<li><strong>Minnesl\u00e5sning:<\/strong>\n<ul>\n<li>Tillf\u00e4llig eller permanent l\u00e5sning genom l\u00f6senord<\/li>\n<\/ul>\n<\/li>\n<li><strong>Dataassociation:<\/strong>\n<ul>\n<li>EPC-kod och TID-kodassociation i databas<\/li>\n<li>TID-kod och progressiv\/streckkodsf\u00f6rening<\/li>\n<\/ul>\n<\/li>\n<\/ul>\n<table class=\"has-title all magic-4\">\n<tbody>\n<tr>\n<td colspan=\"1\" rowspan=\"1\">\n<div class=\"magic-5\" data-spm-anchor-id=\"a2700.details.0.i72.6b4c1284vyugjJ\">Material<\/div>\n<\/td>\n<td colspan=\"1\" rowspan=\"1\">\n<div class=\"magic-6\">ABS<\/div>\n<\/td>\n<\/tr>\n<tr>\n<td colspan=\"1\" rowspan=\"1\">\n<div class=\"magic-5\">Storlek<\/div>\n<\/td>\n<td colspan=\"1\" rowspan=\"1\">\n<div class=\"magic-6\">78x31x10mm eller anpassad<\/div>\n<\/td>\n<\/tr>\n<tr>\n<td colspan=\"1\" rowspan=\"1\">\n<div class=\"magic-5\">Frekvens<\/div>\n<\/td>\n<td colspan=\"1\" rowspan=\"1\">\n<div class=\"magic-6\">860-960mhz<\/div>\n<\/td>\n<\/tr>\n<tr>\n<td colspan=\"1\" rowspan=\"1\">\n<div class=\"magic-5\">IC-typ (chip)<\/div>\n<\/td>\n<td colspan=\"1\" rowspan=\"1\">\n<div class=\"magic-6\">Impinj Monza R6P<\/div>\n<\/td>\n<\/tr>\n<tr>\n<td colspan=\"1\" rowspan=\"1\">\n<div class=\"magic-5\">Protokoll<\/div>\n<\/td>\n<td colspan=\"1\" rowspan=\"1\">\n<div class=\"magic-6\">EPC Global Class 1 Gen2 &amp; ISO18000-6C<\/div>\n<\/td>\n<\/tr>\n<tr>\n<td colspan=\"1\" rowspan=\"1\">\n<div class=\"magic-7\">Minne<\/div>\n<\/td>\n<td colspan=\"1\" rowspan=\"1\">\n<div class=\"magic-6\">EPC 128 bitar, anv\u00e4ndare 32 bitar<\/div>\n<\/td>\n<\/tr>\n<tr>\n<td colspan=\"1\" rowspan=\"1\">\n<div class=\"magic-5\">Tag Form Factor<\/div>\n<\/td>\n<td colspan=\"1\" rowspan=\"1\">\n<div class=\"magic-6\">H\u00e5rd tagg<\/div>\n<\/td>\n<\/tr>\n<tr>\n<td colspan=\"1\" rowspan=\"1\">\n<div class=\"magic-5\">Bifogningsmetod<\/div>\n<\/td>\n<td colspan=\"1\" rowspan=\"1\">\n<div class=\"magic-6\" data-spm-anchor-id=\"a2700.details.0.i73.6b4c1284vyugjJ\">Skruvfixering, filmlim<\/div>\n<\/td>\n<\/tr>\n<tr>\n<td colspan=\"1\" rowspan=\"1\">\n<div class=\"magic-5\">Driftstemperatur<\/div>\n<\/td>\n<td colspan=\"1\" rowspan=\"1\">\n<div class=\"magic-6\">-35 \u00b0C \/ +90 \u00b0C<\/div>\n<\/td>\n<\/tr>\n<tr>\n<td colspan=\"1\" rowspan=\"1\">\n<div class=\"magic-5\">L\u00e4s avst\u00e5nd<\/div>\n<\/td>\n<td colspan=\"1\" rowspan=\"1\">\n<div class=\"magic-6\" data-spm-anchor-id=\"a2700.details.0.i67.6b4c1284vyugjJ\">Upp till 10m<\/div>\n<\/td>\n<\/tr>\n<tr>\n<td colspan=\"1\" rowspan=\"1\">\n<div class=\"magic-8\">Till\u00e4mpliga ytmaterial<\/div>\n<\/td>\n<td colspan=\"1\" rowspan=\"1\">\n<div class=\"magic-6\">Metalliska och icke-metalliska substrat<\/div>\n<\/td>\n<\/tr>\n<tr>\n<td colspan=\"1\" rowspan=\"1\">\n<div class=\"magic-7\">IP-betyg<\/div>\n<\/td>\n<td colspan=\"1\" rowspan=\"1\">\n<div class=\"magic-6\">IP68<\/div>\n<\/td>\n<\/tr>\n<tr>\n<td colspan=\"1\" rowspan=\"1\">\n<div class=\"magic-7\">Ans\u00f6kan<\/div>\n<\/td>\n<td colspan=\"1\" rowspan=\"1\">\n<div class=\"magic-6\">F\u00f6r tillg\u00e5ngar, tung industri och utomhusbruk<\/div>\n<\/td>\n<\/tr>\n<\/tbody>\n<\/table>\n<p>&nbsp;<\/p>\n<p><strong>Slutsats:<\/strong><\/p>\n<p>ABS RFID-taggen \u00e4r en m\u00e5ngsidig och anpassningsbar l\u00f6sning f\u00f6r olika applikationer, som erbjuder en kombination av robust prestanda och flexibla alternativ f\u00f6r att m\u00f6ta specifika behov.<\/p>","protected":false},"excerpt":{"rendered":"<p>Anti-metall UHF RFID-taggen \u00e4r en kraftfull passiv UHF RFID-tagg med l\u00e5ng r\u00e4ckvidd designad f\u00f6r att utm\u00e4rka sig i kr\u00e4vande milj\u00f6er. Den kan l\u00e4sas tillf\u00f6rlitligt p\u00e5, av och till och med n\u00e4ra metallytor, vilket ger exceptionell flexibilitet f\u00f6r tillg\u00e5ngssp\u00e5rning. Dess kompakta storlek och robusta, vattent\u00e4ta konstruktion s\u00e4kerst\u00e4ller l\u00e5ngvarig prestanda i utomhus- och industriella applikationer.<\/p>","protected":false},"featured_media":311,"template":"","meta":{"_kad_post_transparent":"default","_kad_post_title":"","_kad_post_layout":"default","_kad_post_sidebar_id":"","_kad_post_content_style":"default","_kad_post_vertical_padding":"default","_kad_post_feature":"","_kad_post_feature_position":"","_kad_post_header":false,"_kad_post_footer":false,"_kad_post_classname":""},"product_brand":[],"product_cat":[54],"product_tag":[128,119],"class_list":{"0":"post-310","1":"product","2":"type-product","3":"status-publish","4":"has-post-thumbnail","6":"product_cat-hot-selling-rfid-tags","7":"product_tag-anti-metal-uhf-rfid-tag","8":"product_tag-on-metal-abs-uhf-rfid-tag","10":"first","11":"instock","12":"shipping-taxable","13":"product-type-simple","14":"entry","15":"content-bg","16":"loop-entry"},"_links":{"self":[{"href":"https:\/\/rfid-laundry-tag.com\/sv\/wp-json\/wp\/v2\/product\/310","targetHints":{"allow":["GET"]}}],"collection":[{"href":"https:\/\/rfid-laundry-tag.com\/sv\/wp-json\/wp\/v2\/product"}],"about":[{"href":"https:\/\/rfid-laundry-tag.com\/sv\/wp-json\/wp\/v2\/types\/product"}],"version-history":[{"count":0,"href":"https:\/\/rfid-laundry-tag.com\/sv\/wp-json\/wp\/v2\/product\/310\/revisions"}],"wp:featuredmedia":[{"embeddable":true,"href":"https:\/\/rfid-laundry-tag.com\/sv\/wp-json\/wp\/v2\/media\/311"}],"wp:attachment":[{"href":"https:\/\/rfid-laundry-tag.com\/sv\/wp-json\/wp\/v2\/media?parent=310"}],"wp:term":[{"taxonomy":"product_brand","embeddable":true,"href":"https:\/\/rfid-laundry-tag.com\/sv\/wp-json\/wp\/v2\/product_brand?post=310"},{"taxonomy":"product_cat","embeddable":true,"href":"https:\/\/rfid-laundry-tag.com\/sv\/wp-json\/wp\/v2\/product_cat?post=310"},{"taxonomy":"product_tag","embeddable":true,"href":"https:\/\/rfid-laundry-tag.com\/sv\/wp-json\/wp\/v2\/product_tag?post=310"}],"curies":[{"name":"wp","href":"https:\/\/api.w.org\/{rel}","templated":true}]}}