{"id":3084,"date":"2025-12-18T10:22:25","date_gmt":"2025-12-18T10:22:25","guid":{"rendered":"https:\/\/rfid-laundry-tag.com\/?post_type=product&#038;p=3084"},"modified":"2025-12-18T10:22:26","modified_gmt":"2025-12-18T10:22:26","slug":"washable-rfid-tags-for-laundry-uniform","status":"publish","type":"product","link":"https:\/\/rfid-laundry-tag.com\/sv\/washable-rfid-tags-for-laundry-uniform\/","title":{"rendered":"Tv\u00e4ttbara RFID-taggar f\u00f6r tv\u00e4ttuniform"},"content":{"rendered":"<h2>Tv\u00e4ttbara RFID-taggar f\u00f6r tv\u00e4ttuniform<\/h2>\n<div class=\"auto-hide-last-sibling-br paragraph_1252f paragraph-element\">\n<div class=\"auto-hide-last-sibling-br paragraph_1252f paragraph-element\">Kl\u00e4der <a href=\"https:\/\/rfid-laundry-tag.com\/sv\/uhf-rfid-laundry-tags\/\">Tv\u00e4ttbar RFID-tagg<\/a> \u00e4r ett m\u00e5ngsidigt alternativ till traditionella RFID-tv\u00e4ttetiketter, speciellt utformade f\u00f6r att klara \u00f6ver 50 tv\u00e4ttcykler i hush\u00e5llet med endast en minimal minskning (10% till 15%) av RFID-prestanda. Denna vattent\u00e4ta RFID-etikett \u00e4r den ideala kostnadseffektiva l\u00f6sningen och perfekt f\u00f6r uthyrning och detaljhandel av kl\u00e4der, skor och lakan.<\/div>\n<div><\/div>\n<div class=\"auto-hide-last-sibling-br paragraph_1252f paragraph-element\">Med en unik struktur och skyddsmekanism f\u00f6r RFID-chipet, kan denna tagg klara mer \u00e4n 50 hush\u00e5llstv\u00e4ttcykler. Den kan stickas in i en s\u00f6m p\u00e5 ett diskret s\u00e4tt eller skjutas in i en sk\u00f6tseletikett, vilket g\u00f6r den praktiskt taget obem\u00e4rkt.<\/div>\n<p>&nbsp;<\/p>\n<div class=\"auto-hide-last-sibling-br paragraph_1252f paragraph-element\">Det som skiljer denna UHF RFID-tagg fr\u00e5n andra tv\u00e4ttbara linnetaggar \u00e4r dess tunna 0,55 mm transparenta design, vilket g\u00f6r den till den tunnaste p\u00e5 marknaden. Sammantaget presenterar detta en innovativ UHF RFID-l\u00f6sning f\u00f6r kl\u00e4der som erbjuder kostnadseffektivitet, h\u00e5llbarhet och diskretion.<\/div>\n<div><\/div>\n<div data-spm-anchor-id=\"a2700.details.0.i57.23b419c7xXORP0\"><span data-spm-anchor-id=\"a2700.details.0.i75.23b419c7xXORP0\"><b>S\u00e4rdrag:<\/b><br \/>\n1) UHF-teknik f\u00f6r att l\u00e4sa hundratals taggar samtidigt.<br \/>\n2) Mer \u00e4n 8 fot l\u00e4savst\u00e5nd.<br \/>\n3) Ny mekanisk design f\u00f6r f\u00f6rb\u00e4ttrad prestanda f\u00f6r platta s\u00e4ngkl\u00e4der.<br \/>\n4) L\u00e4mplig f\u00f6r h\u00f6gtrycksutsug upp till 60 bar.<br \/>\n5) L\u00e4mplig f\u00f6r autoklavsterilisering.<br \/>\n6) Litet, mjukt, flexibelt material idealiskt f\u00f6r textilier, linne, plagg och accessoarer.<\/span><\/div>\n<div data-spm-anchor-id=\"a2700.details.0.i57.23b419c7xXORP0\">7) V\u00e4rmej\u00e4rn av sj\u00e4lvh\u00e4ftande typ, insydd typ, med h\u00e5l etc.<\/div>\n<\/div>\n<div data-spm-anchor-id=\"a2700.details.0.i57.23b419c7xXORP0\">\n<figure id=\"attachment_3030\" aria-describedby=\"caption-attachment-3030\" style=\"width: 790px\" class=\"wp-caption alignnone\"><a href=\"https:\/\/rfid-laundry-tag.com\/sv\/uhf-rfid-laundry-tags\/\"><img fetchpriority=\"high\" decoding=\"async\" class=\"size-full wp-image-3030\" src=\"https:\/\/rfid-laundry-tag.com\/wp-content\/uploads\/2025\/12\/RFID-Laundry-Tag-Installation-Guide.png\" alt=\"RFID Laundry Tag Installation Guide\" width=\"790\" height=\"777\" srcset=\"https:\/\/rfid-laundry-tag.com\/wp-content\/uploads\/2025\/12\/RFID-Laundry-Tag-Installation-Guide.png 790w, https:\/\/rfid-laundry-tag.com\/wp-content\/uploads\/2025\/12\/RFID-Laundry-Tag-Installation-Guide-300x295.png 300w, https:\/\/rfid-laundry-tag.com\/wp-content\/uploads\/2025\/12\/RFID-Laundry-Tag-Installation-Guide-768x755.png 768w, https:\/\/rfid-laundry-tag.com\/wp-content\/uploads\/2025\/12\/RFID-Laundry-Tag-Installation-Guide-12x12.png 12w, https:\/\/rfid-laundry-tag.com\/wp-content\/uploads\/2025\/12\/RFID-Laundry-Tag-Installation-Guide-600x590.png 600w\" sizes=\"(max-width: 790px) 100vw, 790px\" \/><\/a><figcaption id=\"caption-attachment-3030\" class=\"wp-caption-text\">Installationsguide f\u00f6r RFID-tv\u00e4ttetiketter<\/figcaption><\/figure>\n<\/div>\n<div data-spm-anchor-id=\"a2700.details.0.i57.23b419c7xXORP0\">\n<div class=\"text-content\" data-spm-anchor-id=\"a2700.details.0.i54.23b419c7xXORP0\">\n<h2>Fysisk:<\/h2>\n<div>Material: 100% polyester<br \/>\nStorlek: 70 mm\u00d715 mm x1,5 mm<br \/>\nChip: UHF<br \/>\nEtikettinstallationsmetod: s\u00f6mnad, strykning<br \/>\nProtokoll: ISO18ooo-6C EPC C1G2<br \/>\nStrykning: 15 sekunder, vid 210 \u2103<br \/>\nExponering: 2,5 bar<br \/>\nTorkning: 15 minuter vid 180\u00b0C<br \/>\nTv\u00e4tt: 15 minuter i 90\u00b0C<br \/>\nTv\u00e4ttcykler: 200+cykler eller 3 \u00e5r<br \/>\nLagringsf\u00f6rh\u00e5llanden: -20-80 \u2103, 5-95% RH<\/div>\n<\/div>\n<\/div>\n<div>\n<figure id=\"attachment_2943\" aria-describedby=\"caption-attachment-2943\" style=\"width: 800px\" class=\"wp-caption alignnone\"><a href=\"https:\/\/rfid-laundry-tag.com\/sv\/uhf-rfid-laundry-tags\/\"><img decoding=\"async\" class=\"size-full wp-image-2943\" src=\"https:\/\/rfid-laundry-tag.com\/wp-content\/uploads\/2025\/10\/1-1.jpg\" alt=\"Textile UHF RFID Tags Labels\" width=\"800\" height=\"800\" srcset=\"https:\/\/rfid-laundry-tag.com\/wp-content\/uploads\/2025\/10\/1-1.jpg 800w, https:\/\/rfid-laundry-tag.com\/wp-content\/uploads\/2025\/10\/1-1-300x300.jpg 300w, https:\/\/rfid-laundry-tag.com\/wp-content\/uploads\/2025\/10\/1-1-150x150.jpg 150w, https:\/\/rfid-laundry-tag.com\/wp-content\/uploads\/2025\/10\/1-1-768x768.jpg 768w, https:\/\/rfid-laundry-tag.com\/wp-content\/uploads\/2025\/10\/1-1-12x12.jpg 12w, https:\/\/rfid-laundry-tag.com\/wp-content\/uploads\/2025\/10\/1-1-600x600.jpg 600w, https:\/\/rfid-laundry-tag.com\/wp-content\/uploads\/2025\/10\/1-1-100x100.jpg 100w\" sizes=\"(max-width: 800px) 100vw, 800px\" \/><\/a><figcaption id=\"caption-attachment-2943\" class=\"wp-caption-text\">Etiketter f\u00f6r UHF RFID-etiketter i textil<\/figcaption><\/figure>\n<\/div>\n<div>\n<h2>F\u00f6rdelar med tv\u00e4ttbara RFID-taggar f\u00f6r tv\u00e4ttuniformer<\/h2>\n<p>Att v\u00e4lja tv\u00e4ttbara RFID-tv\u00e4ttetiketter inneb\u00e4r att investera i en l\u00f6sning som f\u00f6renklar tv\u00e4tthanteringen. Dessa specialiserade etiketter \u00e4r utformade f\u00f6r att klara industriella tv\u00e4ttprocesser utan att kompromissa med prestandan. Deras viktigaste f\u00f6rdelar inkluderar:<\/p>\n<ol>\n<li><strong>F\u00f6rb\u00e4ttrad sp\u00e5rning<\/strong>RFID-teknik m\u00f6jligg\u00f6r sp\u00e5rning i realtid av varje tv\u00e4ttplagg, vilket s\u00e4kerst\u00e4ller korrekt lagerhantering och minskar svinnet.<\/li>\n<li><strong>Varaktighet<\/strong>Dessa h\u00e5llbara RFID-taggar \u00e4r konstruerade f\u00f6r att t\u00e5la h\u00f6ga temperaturer och tuffa tv\u00e4ttf\u00f6rh\u00e5llanden och garanterar l\u00e5ng livsl\u00e4ngd, vilket g\u00f6r dem till ett kostnadseffektivt val.<\/li>\n<li><strong>F\u00f6rb\u00e4ttrad effektivitet<\/strong>Automatisering av arbetsfl\u00f6den f\u00f6r tv\u00e4tteri minskar manuella fel och snabbar upp in- och utcheckningsprocesserna, vilket f\u00f6rb\u00e4ttrar den totala effektiviteten i tv\u00e4ttinr\u00e4ttningar.<\/li>\n<\/ol>\n<p>Med en omfattande f\u00f6rst\u00e5else f\u00f6r f\u00f6rdelarna och funktionerna hos tv\u00e4ttbara RFID-taggar kan du fatta ett v\u00e4lgrundat beslut f\u00f6r dina tv\u00e4tthanteringsbehov.<\/p>\n<h3>Vad \u00e4r tv\u00e4ttbara RFID-taggar?<\/h3>\n<p>Tv\u00e4ttbara RFID-taggar \u00e4r en specialiserad typ av\u00a0<strong>RFID-tagg<\/strong>\u00a0utformade specifikt f\u00f6r tv\u00e4tttill\u00e4mpningar. Dessa etiketter anv\u00e4nder\u00a0<strong>h\u00f6gpresterande RFID-teknik<\/strong>\u00a0f\u00f6r att m\u00f6jligg\u00f6ra noggrann sp\u00e5rning och hantering av textilartiklar under hela deras livscykel. Tv\u00e4ttbara RFID-taggar \u00e4r tillverkade av slitstarka material och t\u00e5l p\u00e5frestningarna vid industriell tv\u00e4tt, inklusive exponering f\u00f6r h\u00f6ga temperaturer och upprepade tv\u00e4ttcykler.<\/p>\n<h3>F\u00f6rdelar med att anv\u00e4nda RFID-taggar i tv\u00e4tthantering<\/h3>\n<p>Integrering\u00a0<strong>RFID-teknik<\/strong>\u00a0i tv\u00e4ttprocesser erbjuder betydande f\u00f6rdelar. Dessa taggar f\u00f6rb\u00e4ttrar inte bara noggrannheten i sp\u00e5rningen av tv\u00e4ttartiklar utan g\u00f6r det ocks\u00e5 m\u00f6jligt f\u00f6r anl\u00e4ggningar att automatisera lagerkontrollen, vilket minskar arbetskostnaderna och minimerar m\u00e4nskliga fel. Dessutom,\u00a0<strong>tv\u00e4tt RFID<\/strong>\u00a0Systemen m\u00f6jligg\u00f6r s\u00f6ml\u00f6s integration med befintlig programvara f\u00f6r hantering, vilket ger analyser som bidrar till att f\u00f6rb\u00e4ttra den operativa effektiviteten.<\/p>\n<h3>Hur man anv\u00e4nder tv\u00e4ttbara RFID-taggar<\/h3>\n<p>Det \u00e4r enkelt att anv\u00e4nda tv\u00e4ttbara RFID-taggar. Varje tagg kan sys fast\u00a0<strong>kl\u00e4der<\/strong>\u00a0eller linne, vilket ger tydliga identifierare som enkelt kan skannas av\u00a0<strong>RFID-l\u00e4sare<\/strong>. F\u00f6r optimal prestanda \u00e4r det avg\u00f6rande att se till att etiketterna \u00e4r korrekt placerade p\u00e5 artiklarna och \u00e4r kompatibla med\u00a0<strong>RFID-tv\u00e4ttsystem<\/strong>\u00a0i bruk. Regelbundna granskningar av RFID-m\u00e4rkta artiklar hj\u00e4lper till att uppr\u00e4tth\u00e5lla korrekta lagerregister.<\/p>\n<h3>Kundrecensioner<\/h3>\n<p>Kundfeedback belyser den transformerande effekten av v\u00e5ra tv\u00e4ttbara RFID-taggar. M\u00e5nga anv\u00e4ndare rapporterar betydande f\u00f6rb\u00e4ttringar i lagerhanteringen och en minskning av f\u00f6rlorade f\u00f6rem\u00e5l. Ett representativt citat fr\u00e5n en n\u00f6jd kund lyder: \u201cImplementering\u00a0<strong>RFID-taggar<\/strong>\u00a0i v\u00e5r tv\u00e4ttverksamhet har effektiviserat v\u00e5ra processer avsev\u00e4rt och \u00f6kat v\u00e5r totala produktivitet.\u201d<\/p>\n<\/div>\n<h3 class=\"wp-block-heading\">Installation<\/h3>\n<p><strong>Stitch Tagging<\/strong>: Ska sys i f\u00e5llen p\u00e5 en textil. Sy bort tv\u00e4ttlappen fr\u00e5n viklinjerna.<br \/>\n<strong>V\u00e4rmef\u00f6rsegling<\/strong>: F\u00f6r att v\u00e4rmef\u00f6rseglas direkt p\u00e5 textilen vid +200\u00b0C (392\u00b0F), i 12~14s.<br \/>\n<strong>I p\u00e5se<\/strong>: Ska sys som en vanlig sk\u00f6tseletikett. Sy bort tv\u00e4ttlappen fr\u00e5n viklinjerna.<\/p>\n<figure id=\"attachment_3036\" aria-describedby=\"caption-attachment-3036\" style=\"width: 1024px\" class=\"wp-caption alignnone\"><a href=\"https:\/\/rfid-laundry-tag.com\/sv\/uhf-rfid-laundry-tags\/\"><img decoding=\"async\" class=\"size-large wp-image-3036\" src=\"https:\/\/rfid-laundry-tag.com\/wp-content\/uploads\/2025\/12\/RFID-Laundry-Tag-Installation-Guide-03--1024x590.png\" alt=\"How to Sew RFID Laundry Tags into Linens and Garments\" width=\"1024\" height=\"590\" srcset=\"https:\/\/rfid-laundry-tag.com\/wp-content\/uploads\/2025\/12\/RFID-Laundry-Tag-Installation-Guide-03--1024x590.png 1024w, https:\/\/rfid-laundry-tag.com\/wp-content\/uploads\/2025\/12\/RFID-Laundry-Tag-Installation-Guide-03--300x173.png 300w, https:\/\/rfid-laundry-tag.com\/wp-content\/uploads\/2025\/12\/RFID-Laundry-Tag-Installation-Guide-03--768x442.png 768w, https:\/\/rfid-laundry-tag.com\/wp-content\/uploads\/2025\/12\/RFID-Laundry-Tag-Installation-Guide-03--18x10.png 18w, https:\/\/rfid-laundry-tag.com\/wp-content\/uploads\/2025\/12\/RFID-Laundry-Tag-Installation-Guide-03--600x345.png 600w, https:\/\/rfid-laundry-tag.com\/wp-content\/uploads\/2025\/12\/RFID-Laundry-Tag-Installation-Guide-03-.png 1148w\" sizes=\"(max-width: 1024px) 100vw, 1024px\" \/><\/a><figcaption id=\"caption-attachment-3036\" class=\"wp-caption-text\">Hur man syr in RFID-tv\u00e4ttlappar i linne och kl\u00e4der<\/figcaption><\/figure>\n<div class=\"auto-hide-last-sibling-br paragraph_1252f paragraph-element\"><strong>Tv\u00e4ttbara RFID-taggar<\/strong>\u00a0\u00e4r integrerade i ett antal branscher, ger effektiv tillg\u00e5ngssp\u00e5rning, lagerhantering och f\u00f6rb\u00e4ttrar den totala operativa produktiviteten. H\u00e4r \u00e4r n\u00e5gra av dess till\u00e4mpningar inom olika sektorer:<\/div>\n<ol class=\"auto-hide-last-sibling-br\">\n<li>\n<div class=\"auto-hide-last-sibling-br paragraph_1252f paragraph-element\"><strong>Sjukv\u00e5rd<\/strong>: Sjukhus och andra medicinska anl\u00e4ggningar anv\u00e4nder RFID-linneetiketter f\u00f6r att hantera enorma lager av lakan, handdukar, skrubbar, uniformer och kirurgiska s\u00e4ngkl\u00e4der. Detta hj\u00e4lper till att minska f\u00f6rluster, hantera tv\u00e4ttcykler och s\u00e4kerst\u00e4lla att rena, fr\u00e4scha s\u00e4ngkl\u00e4der alltid finns tillg\u00e4ngliga vid behov.<\/div>\n<\/li>\n<li>\n<div class=\"auto-hide-last-sibling-br paragraph_1252f paragraph-element\"><strong>Hotell<\/strong>: Att hantera s\u00e4ngkl\u00e4der \u00e4r en enorm uppgift inom hotellbranschen, d\u00e4r tusentals f\u00f6rem\u00e5l, fr\u00e5n s\u00e4ngkl\u00e4der till handdukar till gardiner och dr\u00e4kter, \u00e4r i omlopp. RFID linneetiketter f\u00f6renklar sp\u00e5rning, s\u00e4kerst\u00e4ller snabb reng\u00f6ring och utbyte och hj\u00e4lper till att uppt\u00e4cka och f\u00f6rhindra st\u00f6ld.<\/div>\n<\/li>\n<li>\n<div class=\"auto-hide-last-sibling-br paragraph_1252f paragraph-element\"><strong>Restauranger<\/strong>Inom livsmedelsbranschen kan RFID-taggar \u00f6vervaka anv\u00e4ndning och reng\u00f6ring av uniformer, dukar, servetter och kockf\u00f6rkl\u00e4den. Detta kan f\u00f6rb\u00e4ttra renlighetsstandarderna och bidra till att uppr\u00e4tth\u00e5lla ett snyggt och professionellt utseende.<\/div>\n<\/li>\n<li>\n<div class=\"auto-hide-last-sibling-br paragraph_1252f paragraph-element\"><strong>Modekl\u00e4derindustrier<\/strong>: RFID-taggar spelar en stor roll f\u00f6r att sp\u00e5ra artiklar genom hela leveranskedjan, fr\u00e5n produktion till detaljhandel. De kan ge v\u00e4rdefull information som ursprung, resehistorik och till och med detaljer om tyget och sk\u00f6tselanvisningar.<\/div>\n<\/li>\n<li>\n<div class=\"auto-hide-last-sibling-br paragraph_1252f paragraph-element\"><strong>Arbetskl\u00e4der\/brandskyddskl\u00e4der<\/strong>: F\u00f6retag kan anv\u00e4nda RFID-taggar f\u00f6r att sp\u00e5ra och hantera specialkl\u00e4der. Detta kan innefatta att se till att brandskyddskl\u00e4der eller andra skyddskl\u00e4der inspekteras regelbundet, reng\u00f6rs ordentligt och byts ut vid behov.<\/div>\n<\/li>\n<li>\n<div class=\"auto-hide-last-sibling-br paragraph_1252f paragraph-element\"><strong>Skor och masker<\/strong>: S\u00e4rskilt viktigt i branscher som sjukv\u00e5rd och konstruktion d\u00e4r s\u00e4kerheten \u00e4r avg\u00f6rande, sp\u00e5rning av anv\u00e4ndning, reng\u00f6ring och underh\u00e5ll av f\u00f6rem\u00e5l som masker och skyddsskor kan f\u00f6renklas med anv\u00e4ndning av RFID-taggar.<\/div>\n<\/li>\n<li>\n<div class=\"auto-hide-last-sibling-br paragraph_1252f paragraph-element\"><strong>Mattor och moppar<\/strong>: F\u00f6r f\u00f6retag som tillhandah\u00e5ller st\u00e4dtj\u00e4nster eller hanterar stora anl\u00e4ggningar kan RFID-taggar p\u00e5 mattor och moppar hj\u00e4lpa till att sp\u00e5ra anv\u00e4ndning och underh\u00e5ll, vilket s\u00e4kerst\u00e4ller rena och effektiva verktyg hela tiden.<\/div>\n<\/li>\n<\/ol>\n<h3>Vanliga fr\u00e5gor om tv\u00e4ttbara RFID-taggar<\/h3>\n<p><strong>F: \u00c4r RFID-taggarna vattent\u00e4ta?<\/strong><br \/>\nA: Ja, v\u00e5ra RFID-tv\u00e4ttlappar \u00e4r utformade f\u00f6r att vara vattent\u00e4ta, vilket garanterar h\u00e5llbarhet i v\u00e5ta milj\u00f6er.<\/p>\n<p><strong>F: Hur m\u00e5nga tv\u00e4ttcykler t\u00e5l dessa etiketter?<\/strong><br \/>\nA: V\u00e5ra tv\u00e4ttbara RFID-taggar t\u00e5l vanligtvis upp till\u00a0<strong>200 tv\u00e4ttcykler<\/strong>\u00a0samtidigt som de bibeh\u00e5ller sin sp\u00e5rningsfunktion.<\/p>\n<p><strong>F: Kan jag anpassa etiketterna efter mina specifika behov?<\/strong><br \/>\nA: Absolut! Vi erbjuder\u00a0<strong>anpassade RFID-l\u00f6sningar<\/strong>\u00a0skr\u00e4ddarsydda efter dina specifika behov av tv\u00e4tthantering.<\/p>","protected":false},"excerpt":{"rendered":"<p><strong>Tv\u00e4ttbara RFID-taggar<\/strong>, ofta kallade RFID-linneetiketter, \u00e4r tillverkade med en mjuk men robust yta av gummi. Dessa kl\u00e4detiketter \u00e4r konstruerade f\u00f6r att vara flexibla och robusta, och t\u00e5la upp till 200 tv\u00e4ttcykler och tryck p\u00e5 upp till 60 bar. V\u00e5ra UHF RFID-tv\u00e4ttetiketter utm\u00e4rker sig i massavl\u00e4sning och detekteras effektivt fr\u00e5n flera meters avst\u00e5nd. De finns i varierande m\u00e5tt fr\u00e5n 3,8 till 7,6 cm i l\u00e4ngd och 2,5 till 2,5 cm i bredd. Dessa tv\u00e4ttbara RFID-etiketter anv\u00e4nds ofta inom sjukv\u00e5rden, ofta f\u00e4sta p\u00e5 skrubbkl\u00e4der som b\u00e4rs av l\u00e4kare och sjuksk\u00f6terskor, s\u00e5v\u00e4l som andra professionella uniformer, dr\u00e4kter och uthyrningsartiklar som mattor.<\/p>","protected":false},"featured_media":3085,"template":"","meta":{"_kad_post_transparent":"default","_kad_post_title":"","_kad_post_layout":"default","_kad_post_sidebar_id":"","_kad_post_content_style":"default","_kad_post_vertical_padding":"default","_kad_post_feature":"","_kad_post_feature_position":"","_kad_post_header":false,"_kad_post_footer":false,"_kad_post_classname":""},"product_brand":[],"product_cat":[16],"product_tag":[24,375,342,339,65,368,30,374,373],"class_list":{"0":"post-3084","1":"product","2":"type-product","3":"status-publish","4":"has-post-thumbnail","6":"product_cat-uhf-rfid-laundry-tags","7":"product_tag-laundry-rfid-tags","8":"product_tag-rfid-laundry-tag-7015mm","9":"product_tag-rfid-laundry-tags","10":"product_tag-rfid-washable-tags","11":"product_tag-textile-rfid-laundry-tags","12":"product_tag-textile-uhf-rfid-tags-labels","13":"product_tag-uhf-rfid-laundry-tag","14":"product_tag-washable-uhf-rfid-labels","15":"product_tag-washable-uhf-rfid-laundry-textile-labels","17":"first","18":"instock","19":"featured","20":"shipping-taxable","21":"product-type-simple","22":"entry","23":"content-bg","24":"loop-entry"},"_links":{"self":[{"href":"https:\/\/rfid-laundry-tag.com\/sv\/wp-json\/wp\/v2\/product\/3084","targetHints":{"allow":["GET"]}}],"collection":[{"href":"https:\/\/rfid-laundry-tag.com\/sv\/wp-json\/wp\/v2\/product"}],"about":[{"href":"https:\/\/rfid-laundry-tag.com\/sv\/wp-json\/wp\/v2\/types\/product"}],"version-history":[{"count":1,"href":"https:\/\/rfid-laundry-tag.com\/sv\/wp-json\/wp\/v2\/product\/3084\/revisions"}],"predecessor-version":[{"id":3087,"href":"https:\/\/rfid-laundry-tag.com\/sv\/wp-json\/wp\/v2\/product\/3084\/revisions\/3087"}],"wp:featuredmedia":[{"embeddable":true,"href":"https:\/\/rfid-laundry-tag.com\/sv\/wp-json\/wp\/v2\/media\/3085"}],"wp:attachment":[{"href":"https:\/\/rfid-laundry-tag.com\/sv\/wp-json\/wp\/v2\/media?parent=3084"}],"wp:term":[{"taxonomy":"product_brand","embeddable":true,"href":"https:\/\/rfid-laundry-tag.com\/sv\/wp-json\/wp\/v2\/product_brand?post=3084"},{"taxonomy":"product_cat","embeddable":true,"href":"https:\/\/rfid-laundry-tag.com\/sv\/wp-json\/wp\/v2\/product_cat?post=3084"},{"taxonomy":"product_tag","embeddable":true,"href":"https:\/\/rfid-laundry-tag.com\/sv\/wp-json\/wp\/v2\/product_tag?post=3084"}],"curies":[{"name":"wp","href":"https:\/\/api.w.org\/{rel}","templated":true}]}}