{"id":3076,"date":"2025-12-18T09:52:47","date_gmt":"2025-12-18T09:52:47","guid":{"rendered":"https:\/\/rfid-laundry-tag.com\/?post_type=product&#038;p=3076"},"modified":"2026-01-04T13:40:48","modified_gmt":"2026-01-04T13:40:48","slug":"fabric-washable-uhf-rfid-laundry-tags","status":"publish","type":"product","link":"https:\/\/rfid-laundry-tag.com\/sv\/fabric-washable-uhf-rfid-laundry-tags\/","title":{"rendered":"Tv\u00e4ttbara UHF RFID-tv\u00e4ttetiketter i tyg"},"content":{"rendered":"<div class=\"auto-hide-last-sibling-br paragraph_1252f paragraph-element\">\n<h2 class=\"auto-hide-last-sibling-br paragraph_1252f paragraph-element\">Tv\u00e4ttbara UHF RFID-tv\u00e4ttetiketter i tyg<\/h2>\n<p><a href=\"https:\/\/rfid-laundry-tag.com\/sv\/textile-rfid-laundry-tag\/\">UHF-etiketter f\u00f6r textiltv\u00e4tt\u00a0<\/a>\u00e4r konstruerade f\u00f6r att uppfylla tv\u00e4ttbranschens sp\u00e5rningsbehov, s\u00e4rskilt p\u00e5 hotell och sjukhus. De \u00e4r byggda f\u00f6r h\u00e5llbarhet och \u00e4r l\u00e4mpliga f\u00f6r olika processer, inklusive tv\u00e4tt, torkning, kemtv\u00e4tt och strykning.<\/p>\n<p>Dessa taggar har h\u00f6g k\u00e4nslighet, vilket g\u00f6r att flera taggar kan l\u00e4sas samtidigt och fungerar effektivt \u00e4ven vid olika signalst\u00f6rningar.<\/p>\n<div data-spm-anchor-id=\"a2700.details.0.i57.23b419c7xXORP0\"><span data-spm-anchor-id=\"a2700.details.0.i75.23b419c7xXORP0\"><b>Funktion hos tv\u00e4ttbara UHF RFID-tv\u00e4ttetiketter av tyg:<\/b><br \/>\n1) UHF-teknik f\u00f6r att l\u00e4sa hundratals taggar samtidigt.<br \/>\n2) L\u00e4savst\u00e5nd p\u00e5 mer \u00e4n 8 m ~ 12 m.<br \/>\n3) Kan tv\u00e4ttas 200 g\u00e5nger ~ 300 g\u00e5nger<\/span><\/div>\n<div data-spm-anchor-id=\"a2700.details.0.i57.23b419c7xXORP0\">\n<div class=\"entry-content-asset videofit\"><iframe title=\"V\u00e4rmande sj\u00e4lvh\u00e4ftande UHF RFID-tv\u00e4ttetiketter fabrik med 12m l\u00e4savst\u00e5ndstest\" src=\"https:\/\/www.youtube.com\/embed\/cOnG5fgEIs4?feature=oembed\" width=\"720\" height=\"405\" frameborder=\"0\" allowfullscreen=\"allowfullscreen\" data-mce-fragment=\"1\"><\/iframe><\/div>\n<\/div>\n<\/div>\n<div data-spm-anchor-id=\"a2700.details.0.i57.23b419c7xXORP0\"><\/div>\n<div data-spm-anchor-id=\"a2700.details.0.i57.23b419c7xXORP0\">\n<div class=\"text-content\" data-spm-anchor-id=\"a2700.details.0.i54.23b419c7xXORP0\">\n<table>\n<tbody>\n<tr>\n<td width=\"139\">Produktnamn<\/td>\n<td width=\"600\">Tv\u00e4ttbara UHF RFID-tv\u00e4ttetiketter i tyg<\/td>\n<\/tr>\n<tr>\n<td width=\"139\">Material<\/td>\n<td width=\"600\">Tyg\/v\u00e4vt etc.<\/td>\n<\/tr>\n<tr>\n<td width=\"139\">Chip modell<\/td>\n<td width=\"600\">UCODE\u00ae 9<\/td>\n<\/tr>\n<tr>\n<td width=\"139\">Minne<\/td>\n<td width=\"600\">EPC: 96 bitar<\/td>\n<\/tr>\n<tr>\n<td width=\"139\">Protokoll<\/td>\n<td width=\"600\">EPC C1 G2<\/td>\n<\/tr>\n<tr>\n<td width=\"139\">Storlek<\/td>\n<td width=\"600\">70*15 mm, 86*16 mm; 50*20 mm; 72*16 mm; 35*15 mm etc.<\/td>\n<\/tr>\n<tr>\n<td width=\"139\">F\u00e4rg<\/td>\n<td width=\"600\">Vit<\/td>\n<\/tr>\n<tr>\n<td width=\"139\">Arbetstider<\/td>\n<td width=\"600\">Genomsnittet \u00e4r 200 g\u00e5nger, vissa kan mer \u00e4n 300 g\u00e5nger.<\/td>\n<\/tr>\n<tr>\n<td width=\"139\">Driftstemperatur<\/td>\n<td width=\"600\">-25\u2103 till +150\u2103<\/td>\n<\/tr>\n<tr>\n<td width=\"139\">L\u00e4s avst\u00e5nd<\/td>\n<td width=\"600\">3\u201310 miljoner<\/td>\n<\/tr>\n<tr>\n<td width=\"139\">Ans\u00f6kan<\/td>\n<td width=\"600\">Tv\u00e4ttl\u00f6sning, tv\u00e4ttbutik, industritv\u00e4tt, hotelltv\u00e4tt, hantering av tyg, stormarknad\/tygbutik etc.<\/td>\n<\/tr>\n<\/tbody>\n<\/table>\n<\/div>\n<\/div>\n<div><\/div>\n<h3 class=\"wp-block-heading\">S\u00e5 h\u00e4r installerar du tv\u00e4ttbara UHF RFID-tv\u00e4ttetiketter i tyg<\/h3>\n<p><strong>Stitch Tagging<\/strong>: Ska sys i f\u00e5llen p\u00e5 en textil. Sy bort tv\u00e4ttlappen fr\u00e5n viklinjerna.<br \/>\n<strong>V\u00e4rmef\u00f6rsegling<\/strong>: F\u00f6r att v\u00e4rmef\u00f6rseglas direkt p\u00e5 textilen vid +200\u00b0C (392\u00b0F), i 12~14s.<br \/>\n<strong>I p\u00e5se<\/strong>: Ska sys som en vanlig sk\u00f6tseletikett. Sy bort tv\u00e4ttlappen fr\u00e5n viklinjerna.<\/p>\n<p><b>RFID-tv\u00e4ttetiketter kan anv\u00e4ndas i stor utstr\u00e4ckning inom f\u00f6ljande omr\u00e5den:<br \/>\n<\/b>1) Sp\u00e5rningshantering<br \/>\n2) Fabrik\/lager\/hotell\/sjukhus\/n\u00f6jespark<br \/>\n3) Sjukhusuniformer\/linne\/pallar\/tygv\u00e4skor<br \/>\n4) Kemtv\u00e4tt<br \/>\n5) Anv\u00e4ndning i hotellakan\/F\u00e4st vid textil\/Arbetskl\u00e4der<br \/>\n6) Tv\u00e4ttfirmor<\/p>\n<h2>Vad \u00e4r RFID-linnechips?<\/h2>\n<p><a href=\"https:\/\/rfid-laundry-tag.com\/sv\/textile-rfid-laundry-tag\/\">RFID-linnechips<\/a> \u00e4r kompakta, h\u00e5llbara taggar inb\u00e4ddade med ett mikrochip och en antenn f\u00f6r radiofrekvensidentifiering (RFID), speciellt utformade f\u00f6r att sp\u00e5ra textilier som lakan, handdukar och uniformer i industriella milj\u00f6er. Dessa chips kan v\u00e4rmef\u00f6rseglas eller sys in i tygartiklar, vilket m\u00f6jligg\u00f6r automatisk identifiering och sp\u00e5rning under hela deras livscykel. Till skillnad fr\u00e5n traditionella streckkoder kr\u00e4ver RFID-chip inte en direkt siktlinje f\u00f6r skanning, vilket m\u00f6jligg\u00f6r effektiv sp\u00e5rning \u00e4ven n\u00e4r artiklar \u00e4r staplade eller f\u00f6rpackade i p\u00e5sar.<\/p>\n<h2>F\u00f6rdelar med RFID i textiltv\u00e4tt:<\/h2>\n<p>I takt med att sektorerna f\u00f6r industriell tv\u00e4tteri och uthyrning av kl\u00e4der v\u00e4xer \u00f6kar behovet av automatisering och exakt lagerhantering. F\u00f6r n\u00e4rvarande anv\u00e4nder f\u00e4rre \u00e4n 11 000 000 av den globala tv\u00e4ttindustrin RFID-teknik, men de som har anammat den rapporterar betydande f\u00f6rdelar. RFID ses som avg\u00f6rande f\u00f6r tekniska uppgraderingar inom tv\u00e4ttsektorn, med f\u00f6rv\u00e4ntningar om \u00f6kad spridning under de n\u00e4rmaste \u00e5ren. De minskande kostnaderna och den f\u00f6rb\u00e4ttrade kvaliteten p\u00e5 RFID-enheter och textiletiketter ger en konkurrensf\u00f6rdel som fr\u00e4mjar innovation.<\/p>\n<ol>\n<li><strong>Str\u00f6mlinjeformad kl\u00e4dklassificering:<\/strong>\u00a0RFID-taggar f\u00e4sta p\u00e5 kl\u00e4der m\u00f6jligg\u00f6r automatiserad sortering under tv\u00e4tt och bearbetning, vilket minskar behovet av manuellt arbete och f\u00f6rb\u00e4ttrar effektiviteten.<\/li>\n<li><strong>Noggranna tv\u00e4ttcykelregister:<\/strong>\u00a0Att sp\u00e5ra tv\u00e4ttcykler hj\u00e4lper till att f\u00f6ruts\u00e4ga plaggs livsl\u00e4ngd. Systemet varnar anv\u00e4ndare n\u00e4r plagg n\u00e4rmar sig slutet av sin livsl\u00e4ngd, vilket underl\u00e4ttar snabb ombest\u00e4llning och lagerhantering.<\/li>\n<li><strong>Snabb lager\u00f6verblick:<\/strong>\u00a0RFID-taggar m\u00f6jligg\u00f6r snabba lagerkontroller, vilket hj\u00e4lper till att f\u00f6rhindra f\u00f6rlust eller st\u00f6ld och s\u00e4kerst\u00e4ller driftseffektivitet.<\/li>\n<li><strong>Minimera f\u00f6rlust och st\u00f6ld:<\/strong>\u00a0Varje RFID-tagg har en unik identifierare, vilket m\u00f6jligg\u00f6r exakt sp\u00e5rning av f\u00f6rlorade eller stulna f\u00f6rem\u00e5l, vilket kan bidra till att t\u00e4cka kostnaderna.<\/li>\n<\/ol>\n<h2>Hur RFID-linnechips fungerar i industriella tv\u00e4tterier:<\/h2>\n<ul>\n<li><strong>M\u00e4rkning och registrering:<\/strong>\u00a0Varje f\u00f6rem\u00e5l \u00e4r inb\u00e4ddat med ett RFID-chip kopplat till en databas som inneh\u00e5ller dess detaljer.<\/li>\n<li><strong>Automatiserad sp\u00e5rning:<\/strong>\u00a0RFID-l\u00e4sare vid viktiga punkter i tv\u00e4ttprocessen samlar in realtidsdata allt eftersom varorna r\u00f6r sig genom insamling, tv\u00e4tt och distribution.<\/li>\n<li><strong>Sortering och bearbetning:<\/strong>\u00a0Systemet automatiserar sortering efter typ eller kund, vilket minskar arbetskostnaderna.<\/li>\n<li><strong>Lagerhantering:<\/strong>\u00a0Kontinuerliga datauppdateringar ger insikter i lagerniv\u00e5er och anv\u00e4ndningsm\u00f6nster, vilket s\u00e4kerst\u00e4ller tillg\u00e4nglighet och f\u00f6rhindrar \u00f6verlager.<\/li>\n<\/ul>\n<p>Total, <a href=\"https:\/\/rfid-laundry-tag.com\/sv\/rfid-chips-for-uniform-and-linen\/\">RFID-linnechips<\/a> optimera industriella tv\u00e4tteriverksamheter genom f\u00f6rb\u00e4ttrad sp\u00e5rning, effektivitet och f\u00f6rlustf\u00f6rebyggande \u00e5tg\u00e4rder.<\/p>","protected":false},"excerpt":{"rendered":"<div class=\"elementor-element elementor-element-4f79c63 e-flex e-con-boxed e-con e-parent e-lazyloaded\" data-id=\"4f79c63\" data-element_type=\"container\" data-settings=\"{&quot;_ha_eqh_enable&quot;:false}\">\n<div class=\"e-con-inner\">\n<div class=\"elementor-element elementor-element-be3873c elementor-widget elementor-widget-woocommerce-product-short-description\" data-id=\"be3873c\" data-element_type=\"widget\" data-widget_type=\"woocommerce-product-short-description.default\">\n<div class=\"elementor-widget-container\">\n<div class=\"woocommerce-product-details__short-description\"><\/div>\n<\/div>\n<\/div>\n<\/div>\n<\/div>\n<div class=\"elementor-element elementor-element-3ad806e e-flex e-con-boxed e-con e-parent e-lazyloaded\" data-id=\"3ad806e\" data-element_type=\"container\" data-settings=\"{&quot;_ha_eqh_enable&quot;:false}\">\n<div class=\"e-con-inner\">\n<div class=\"elementor-element elementor-element-362020f elementor-widget elementor-widget-woocommerce-product-data-tabs\" data-id=\"362020f\" data-element_type=\"widget\" data-widget_type=\"woocommerce-product-data-tabs.default\">\n<div class=\"elementor-widget-container\">\n<div class=\"woocommerce-tabs wc-tabs-wrapper\"><strong>Tv\u00e4ttbara UHF RFID-tv\u00e4ttetiketter i tyg<\/strong> F\u00f6r hotell och sjukhus, tv\u00e4ttbar 200\u2013300 g\u00e5nger, l\u00e4ser hundratals taggar samtidigt fr\u00e5n 8\u201312 m, perfekt f\u00f6r effektiv sp\u00e5rning.<\/div>\n<\/div>\n<\/div>\n<\/div>\n<\/div>","protected":false},"featured_media":3077,"template":"","meta":{"_kad_post_transparent":"default","_kad_post_title":"","_kad_post_layout":"default","_kad_post_sidebar_id":"","_kad_post_content_style":"default","_kad_post_vertical_padding":"default","_kad_post_feature":"","_kad_post_feature_position":"","_kad_post_header":false,"_kad_post_footer":false,"_kad_post_classname":""},"product_brand":[],"product_cat":[19],"product_tag":[381,378,24,342,339,380,65,368,30,379,374,373],"class_list":{"0":"post-3076","1":"product","2":"type-product","3":"status-publish","4":"has-post-thumbnail","6":"product_cat-textile-rfid-laundry-tag","7":"product_tag-industrial-iot","8":"product_tag-laundry-management","9":"product_tag-laundry-rfid-tags","10":"product_tag-rfid-laundry-tags","11":"product_tag-rfid-washable-tags","12":"product_tag-smart-textile","13":"product_tag-textile-rfid-laundry-tags","14":"product_tag-textile-uhf-rfid-tags-labels","15":"product_tag-uhf-rfid-laundry-tag","16":"product_tag-uniform-management","17":"product_tag-washable-uhf-rfid-labels","18":"product_tag-washable-uhf-rfid-laundry-textile-labels","20":"first","21":"instock","22":"featured","23":"shipping-taxable","24":"product-type-simple","25":"entry","26":"content-bg","27":"loop-entry"},"_links":{"self":[{"href":"https:\/\/rfid-laundry-tag.com\/sv\/wp-json\/wp\/v2\/product\/3076","targetHints":{"allow":["GET"]}}],"collection":[{"href":"https:\/\/rfid-laundry-tag.com\/sv\/wp-json\/wp\/v2\/product"}],"about":[{"href":"https:\/\/rfid-laundry-tag.com\/sv\/wp-json\/wp\/v2\/types\/product"}],"version-history":[{"count":3,"href":"https:\/\/rfid-laundry-tag.com\/sv\/wp-json\/wp\/v2\/product\/3076\/revisions"}],"predecessor-version":[{"id":3172,"href":"https:\/\/rfid-laundry-tag.com\/sv\/wp-json\/wp\/v2\/product\/3076\/revisions\/3172"}],"wp:featuredmedia":[{"embeddable":true,"href":"https:\/\/rfid-laundry-tag.com\/sv\/wp-json\/wp\/v2\/media\/3077"}],"wp:attachment":[{"href":"https:\/\/rfid-laundry-tag.com\/sv\/wp-json\/wp\/v2\/media?parent=3076"}],"wp:term":[{"taxonomy":"product_brand","embeddable":true,"href":"https:\/\/rfid-laundry-tag.com\/sv\/wp-json\/wp\/v2\/product_brand?post=3076"},{"taxonomy":"product_cat","embeddable":true,"href":"https:\/\/rfid-laundry-tag.com\/sv\/wp-json\/wp\/v2\/product_cat?post=3076"},{"taxonomy":"product_tag","embeddable":true,"href":"https:\/\/rfid-laundry-tag.com\/sv\/wp-json\/wp\/v2\/product_tag?post=3076"}],"curies":[{"name":"wp","href":"https:\/\/api.w.org\/{rel}","templated":true}]}}