{"id":3074,"date":"2025-12-18T09:36:02","date_gmt":"2025-12-18T09:36:02","guid":{"rendered":"https:\/\/rfid-laundry-tag.com\/?post_type=product&#038;p=3074"},"modified":"2025-12-18T09:36:03","modified_gmt":"2025-12-18T09:36:03","slug":"washable-uhf-rfid-laundry-textile-labels","status":"publish","type":"product","link":"https:\/\/rfid-laundry-tag.com\/sv\/washable-uhf-rfid-laundry-textile-labels\/","title":{"rendered":"Tv\u00e4ttbara UHF RFID-tv\u00e4tttextiletiketter"},"content":{"rendered":"<div class=\"auto-hide-last-sibling-br paragraph_1252f paragraph-element\">\n<h2 class=\"auto-hide-last-sibling-br paragraph_1252f paragraph-element\">Tv\u00e4ttbara UHF RFID-tv\u00e4tttextiletiketter<\/h2>\n<div><\/div>\n<div data-spm-anchor-id=\"a2700.details.0.i57.23b419c7xXORP0\"><span data-spm-anchor-id=\"a2700.details.0.i75.23b419c7xXORP0\"><b>S\u00e4rdrag:<\/b><br \/>\n1) UHF-teknik f\u00f6r att l\u00e4sa hundratals taggar samtidigt.<br \/>\n2) L\u00e4savst\u00e5nd p\u00e5 mer \u00e4n 8 m ~ 12 m.<br \/>\n3) Ny mekanisk design f\u00f6r f\u00f6rb\u00e4ttrad prestanda f\u00f6r platta s\u00e4ngkl\u00e4der.<br \/>\n4) L\u00e4mplig f\u00f6r h\u00f6gtrycksutsug upp till 60 bar.<br \/>\n5) L\u00e4mplig f\u00f6r autoklavsterilisering.<br \/>\n6) Litet, mjukt, flexibelt material idealiskt f\u00f6r textilier, linne, plagg och accessoarer.<\/span><\/div>\n<div data-spm-anchor-id=\"a2700.details.0.i57.23b419c7xXORP0\">\n<div class=\"entry-content-asset videofit\"><iframe title=\"V\u00e4rmande sj\u00e4lvh\u00e4ftande UHF RFID-tv\u00e4ttetiketter fabrik med 12m l\u00e4savst\u00e5ndstest\" src=\"https:\/\/www.youtube.com\/embed\/cOnG5fgEIs4?feature=oembed\" width=\"720\" height=\"405\" frameborder=\"0\" allowfullscreen=\"allowfullscreen\" data-mce-fragment=\"1\"><\/iframe><\/div>\n<\/div>\n<\/div>\n<div data-spm-anchor-id=\"a2700.details.0.i57.23b419c7xXORP0\"><\/div>\n<div data-spm-anchor-id=\"a2700.details.0.i57.23b419c7xXORP0\">\n<div class=\"text-content\" data-spm-anchor-id=\"a2700.details.0.i54.23b419c7xXORP0\">\n<table>\n<tbody>\n<tr>\n<td width=\"139\">Produktnamn<\/td>\n<td width=\"600\">Tv\u00e4ttbara UHF RFID-tv\u00e4tttextiletiketter<\/td>\n<\/tr>\n<tr>\n<td width=\"139\">Material<\/td>\n<td width=\"600\">Tyg\/v\u00e4vt etc.<\/td>\n<\/tr>\n<tr>\n<td width=\"139\">Chip modell<\/td>\n<td width=\"600\">UCODE\u00ae 9<\/td>\n<\/tr>\n<tr>\n<td width=\"139\">Minne<\/td>\n<td width=\"600\">EPC: 96 bitar<\/td>\n<\/tr>\n<tr>\n<td width=\"139\">Protokoll<\/td>\n<td width=\"600\">EPC C1 G2<\/td>\n<\/tr>\n<tr>\n<td width=\"139\">Storlek<\/td>\n<td width=\"600\">70*15 mm, 86*16 mm; 50*20 mm; 72*16 mm; 35*15 mm etc.<\/td>\n<\/tr>\n<tr>\n<td width=\"139\">F\u00e4rg<\/td>\n<td width=\"600\">Vit<\/td>\n<\/tr>\n<tr>\n<td width=\"139\">Arbetstider<\/td>\n<td width=\"600\">Genomsnittet \u00e4r 200 g\u00e5nger, vissa kan mer \u00e4n 300 g\u00e5nger.<\/td>\n<\/tr>\n<tr>\n<td width=\"139\">Driftstemperatur<\/td>\n<td width=\"600\">-25\u2103 till +150\u2103<\/td>\n<\/tr>\n<tr>\n<td width=\"139\">L\u00e4s avst\u00e5nd<\/td>\n<td width=\"600\">3\u201310 miljoner<\/td>\n<\/tr>\n<tr>\n<td width=\"139\">Ans\u00f6kan<\/td>\n<td width=\"600\">Tv\u00e4ttl\u00f6sning, tv\u00e4ttbutik, industritv\u00e4tt, hotelltv\u00e4tt, hantering av tyg, stormarknad\/tygbutik etc.<\/td>\n<\/tr>\n<\/tbody>\n<\/table>\n<\/div>\n<\/div>\n<div><\/div>\n<div>\n<p>&nbsp;<\/p>\n<h3>Vad \u00e4r tv\u00e4ttbara UHF RFID-tv\u00e4tttextiletiketter?<\/h3>\n<p>Tv\u00e4ttbara RFID-taggar \u00e4r en specialiserad typ av\u00a0<strong>RFID-tagg<\/strong>\u00a0utformade specifikt f\u00f6r tv\u00e4tttill\u00e4mpningar. Dessa etiketter anv\u00e4nder\u00a0<strong>h\u00f6gpresterande RFID-teknik<\/strong>\u00a0f\u00f6r att m\u00f6jligg\u00f6ra noggrann sp\u00e5rning och hantering av textilartiklar under hela deras livscykel. Tv\u00e4ttbara RFID-taggar \u00e4r tillverkade av slitstarka material och t\u00e5l p\u00e5frestningarna vid industriell tv\u00e4tt, inklusive exponering f\u00f6r h\u00f6ga temperaturer och upprepade tv\u00e4ttcykler.<\/p>\n<\/div>\n<h3 class=\"wp-block-heading\">S\u00e5 h\u00e4r installerar du<\/h3>\n<p><strong>Stitch Tagging<\/strong>: Ska sys i f\u00e5llen p\u00e5 en textil. Sy bort tv\u00e4ttlappen fr\u00e5n viklinjerna.<br \/>\n<strong>V\u00e4rmef\u00f6rsegling<\/strong>: F\u00f6r att v\u00e4rmef\u00f6rseglas direkt p\u00e5 textilen vid +200\u00b0C (392\u00b0F), i 12~14s.<br \/>\n<strong>I p\u00e5se<\/strong>: Ska sys som en vanlig sk\u00f6tseletikett. Sy bort tv\u00e4ttlappen fr\u00e5n viklinjerna.<\/p>\n<h2>Vanliga fr\u00e5gor (FAQ) \u2013 Tv\u00e4ttbara UHF RFID-etiketter f\u00f6r tv\u00e4tteri<\/h2>\n<p>1. Hur f\u00f6rb\u00e4ttrar de tv\u00e4ttbara UHF RFID-etiketterna f\u00f6r textiltv\u00e4tt lagerhanteringen?<br \/>\nDe tv\u00e4ttbara UHF RFID-etiketterna f\u00f6r tv\u00e4tttextil ger exakt sp\u00e5rning av plagg och automatiserar lagerhanteringsprocessen. Genom att anv\u00e4nda UCODE\u00ae 9-chip kan f\u00f6retag direkt \u00f6vervaka platsen och statusen f\u00f6r varje plagg, vilket f\u00f6rb\u00e4ttrar den operativa effektiviteten och minskar manuella fel.<\/p>\n<p>2. Hur h\u00e5llbara \u00e4r de tv\u00e4ttbara UHF RFID-textiletiketterna?<br \/>\nV\u00e5ra tv\u00e4ttbara RFID-taggar \u00e4r utformade f\u00f6r att klara upp till 200 tv\u00e4ttcykler, och i vissa fall \u00f6ver 300. Denna h\u00e5llbarhet s\u00e4kerst\u00e4ller att taggarna f\u00f6rblir funktionella under hela plaggets livsl\u00e4ngd, vilket minskar utbyteskostnaderna.<\/p>\n<p>3. Vad \u00e4r f\u00f6rdelen med UHF-RFID-teknik f\u00f6r l\u00e5ng r\u00e4ckvidd?<br \/>\nMed UHF-RFID-taggar med l\u00e5ng r\u00e4ckvidd kan plagg sp\u00e5ras \u00f6ver st\u00f6rre avst\u00e5nd, vilket snabbar upp bearbetningstiderna i milj\u00f6er med h\u00f6g volym, som industriella tv\u00e4tterier. Denna teknik f\u00f6rb\u00e4ttrar automatiseringen, f\u00f6rb\u00e4ttrar serviceniv\u00e5erna och den operativa produktiviteten.<\/p>\n<p>4. Hur \u00e5tg\u00e4rdar RFID-m\u00e4rkning vanliga problem inom tv\u00e4ttindustrin?<br \/>\nRFID-taggar minskar manuella sp\u00e5rningsfel, s\u00e4kerst\u00e4ller korrekt tillg\u00e5ngshantering och f\u00f6rb\u00e4ttrar plaggs h\u00e5llbarhet. Genom att automatisera sp\u00e5rning kan f\u00f6retag spara tid, minska f\u00f6rluster och \u00f6ka l\u00f6nsamheten.<\/p>\n<p>5. Varf\u00f6r v\u00e4lja era RFID-taggar framf\u00f6r andra?<br \/>\nSom en av de 5 fr\u00e4msta RFID-taggtillverkarena med \u00f6ver 15 \u00e5rs erfarenhet erbjuder vi h\u00f6gkvalitativa och h\u00e5llbara l\u00f6sningar skr\u00e4ddarsydda f\u00f6r storskalig kl\u00e4dhantering, vilket s\u00e4kerst\u00e4ller kostnadseffektiv och \u00e4ndam\u00e5lsenlig verksamhet.<\/p>","protected":false},"excerpt":{"rendered":"<div class=\"elementor-element elementor-element-4f79c63 e-flex e-con-boxed e-con e-parent e-lazyloaded\" data-id=\"4f79c63\" data-element_type=\"container\" data-settings=\"{&quot;_ha_eqh_enable&quot;:false}\">\n<div class=\"e-con-inner\">\n<div class=\"elementor-element elementor-element-be3873c elementor-widget elementor-widget-woocommerce-product-short-description\" data-id=\"be3873c\" data-element_type=\"widget\" data-widget_type=\"woocommerce-product-short-description.default\">\n<div class=\"elementor-widget-container\">\n<div class=\"woocommerce-product-details__short-description\">\n<p><strong>Tv\u00e4ttbara UHF RFID-tv\u00e4tttextiletiketter<\/strong>, ofta kallade RFID-tv\u00e4ttetiketter, \u00e4r tillverkade med en mjuk men robust gummiyta. Dessa kl\u00e4detiketter \u00e4r konstruerade f\u00f6r att vara flexibla och robusta, och t\u00e5la upp till 200 tv\u00e4ttcykler och tryck p\u00e5 upp till 60 bar.<\/p>\n<\/div>\n<\/div>\n<\/div>\n<\/div>\n<\/div>\n<div class=\"elementor-element elementor-element-3ad806e e-flex e-con-boxed e-con e-parent e-lazyloaded\" data-id=\"3ad806e\" data-element_type=\"container\" data-settings=\"{&quot;_ha_eqh_enable&quot;:false}\">\n<div class=\"e-con-inner\">\n<div class=\"elementor-element elementor-element-362020f elementor-widget elementor-widget-woocommerce-product-data-tabs\" data-id=\"362020f\" data-element_type=\"widget\" data-widget_type=\"woocommerce-product-data-tabs.default\">\n<div class=\"elementor-widget-container\">\n<div class=\"woocommerce-tabs wc-tabs-wrapper\"><\/div>\n<\/div>\n<\/div>\n<\/div>\n<\/div>","protected":false},"featured_media":2870,"template":"","meta":{"_kad_post_transparent":"default","_kad_post_title":"","_kad_post_layout":"default","_kad_post_sidebar_id":"","_kad_post_content_style":"default","_kad_post_vertical_padding":"default","_kad_post_feature":"","_kad_post_feature_position":"","_kad_post_header":false,"_kad_post_footer":false,"_kad_post_classname":""},"product_brand":[],"product_cat":[19],"product_tag":[24,342,339,65,368,30,374,373],"class_list":{"0":"post-3074","1":"product","2":"type-product","3":"status-publish","4":"has-post-thumbnail","6":"product_cat-textile-rfid-laundry-tag","7":"product_tag-laundry-rfid-tags","8":"product_tag-rfid-laundry-tags","9":"product_tag-rfid-washable-tags","10":"product_tag-textile-rfid-laundry-tags","11":"product_tag-textile-uhf-rfid-tags-labels","12":"product_tag-uhf-rfid-laundry-tag","13":"product_tag-washable-uhf-rfid-labels","14":"product_tag-washable-uhf-rfid-laundry-textile-labels","16":"first","17":"instock","18":"featured","19":"shipping-taxable","20":"product-type-simple","21":"entry","22":"content-bg","23":"loop-entry"},"_links":{"self":[{"href":"https:\/\/rfid-laundry-tag.com\/sv\/wp-json\/wp\/v2\/product\/3074","targetHints":{"allow":["GET"]}}],"collection":[{"href":"https:\/\/rfid-laundry-tag.com\/sv\/wp-json\/wp\/v2\/product"}],"about":[{"href":"https:\/\/rfid-laundry-tag.com\/sv\/wp-json\/wp\/v2\/types\/product"}],"version-history":[{"count":1,"href":"https:\/\/rfid-laundry-tag.com\/sv\/wp-json\/wp\/v2\/product\/3074\/revisions"}],"predecessor-version":[{"id":3075,"href":"https:\/\/rfid-laundry-tag.com\/sv\/wp-json\/wp\/v2\/product\/3074\/revisions\/3075"}],"wp:featuredmedia":[{"embeddable":true,"href":"https:\/\/rfid-laundry-tag.com\/sv\/wp-json\/wp\/v2\/media\/2870"}],"wp:attachment":[{"href":"https:\/\/rfid-laundry-tag.com\/sv\/wp-json\/wp\/v2\/media?parent=3074"}],"wp:term":[{"taxonomy":"product_brand","embeddable":true,"href":"https:\/\/rfid-laundry-tag.com\/sv\/wp-json\/wp\/v2\/product_brand?post=3074"},{"taxonomy":"product_cat","embeddable":true,"href":"https:\/\/rfid-laundry-tag.com\/sv\/wp-json\/wp\/v2\/product_cat?post=3074"},{"taxonomy":"product_tag","embeddable":true,"href":"https:\/\/rfid-laundry-tag.com\/sv\/wp-json\/wp\/v2\/product_tag?post=3074"}],"curies":[{"name":"wp","href":"https:\/\/api.w.org\/{rel}","templated":true}]}}